{"id":4982,"date":"2023-11-05T23:21:39","date_gmt":"2023-11-05T22:21:39","guid":{"rendered":"https:\/\/www.ataunturismoa.eus\/le-dome-dataun\/"},"modified":"2023-11-05T23:21:40","modified_gmt":"2023-11-05T22:21:40","slug":"le-dome-dataun","status":"publish","type":"page","link":"https:\/\/www.ataunturismoa.eus\/fr\/le-dome-dataun\/","title":{"rendered":"Le d\u00f4me d&rsquo;ataun"},"content":{"rendered":"\n<p>Le d\u00f4me d&rsquo;Ataun a une grande r\u00e9f\u00e9rence pour les ataundarrak. Outre sa grande pr\u00e9sence dans notre vie quotidienne, le patrimoine immat\u00e9riel li\u00e9 au D\u00f4me demeure vivant dans notre pays.<\/p>\n\n<p>Cette relation est bas\u00e9e sur les rochers qui forment le D\u00f4me. Le D\u00f4me d&rsquo;Ataun est d\u00e9clar\u00e9 Lieu d&rsquo;Int\u00e9r\u00eat G\u00e9ologique pour \u00eatre une structure aussi curieuse que pr\u00e9cieuse. Gr\u00e2ce aux diff\u00e9rentes ressources offertes, nous vous invitons \u00e0 conna\u00eetre la cr\u00e9ation du D\u00f4me et son patrimoine.<\/p>\n\n<div class=\"wp-block-columns is-layout-flex wp-container-core-columns-is-layout-9d6595d7 wp-block-columns-is-layout-flex\">\n<div class=\"wp-block-column is-layout-flow wp-block-column-is-layout-flow\">\n<figure class=\"wp-block-image size-full\"><a href=\"https:\/\/youtu.be\/DKUYaUYoKYA\" target=\"_blank\" rel=\"noreferrer noopener\"><img loading=\"lazy\" decoding=\"async\" width=\"1000\" height=\"700\" src=\"https:\/\/www.ataunturismoa.eus\/wp-content\/uploads\/2023\/09\/AtaunDomoaPlay.jpg\" alt=\"\" class=\"wp-image-4511\" srcset=\"https:\/\/www.ataunturismoa.eus\/wp-content\/uploads\/2023\/09\/AtaunDomoaPlay.jpg 1000w, https:\/\/www.ataunturismoa.eus\/wp-content\/uploads\/2023\/09\/AtaunDomoaPlay-300x210.jpg 300w, https:\/\/www.ataunturismoa.eus\/wp-content\/uploads\/2023\/09\/AtaunDomoaPlay-768x538.jpg 768w, https:\/\/www.ataunturismoa.eus\/wp-content\/uploads\/2023\/09\/AtaunDomoaPlay-500x350.jpg 500w, https:\/\/www.ataunturismoa.eus\/wp-content\/uploads\/2023\/09\/AtaunDomoaPlay-800x560.jpg 800w\" sizes=\"auto, (max-width: 1000px) 100vw, 1000px\" \/><\/a><\/figure>\n<\/div>\n\n\n\n<div class=\"wp-block-column is-layout-flow wp-block-column-is-layout-flow\">\n<figure class=\"wp-block-image size-full\"><a href=\"https:\/\/www.ataunturismoa.eus\/\/wp-content\/uploads\/2023\/08\/ATAUN-Maqueta-Euskera-final.pdf\" target=\"_blank\" rel=\"noreferrer noopener\"><img loading=\"lazy\" decoding=\"async\" width=\"1000\" height=\"707\" src=\"https:\/\/www.ataunturismoa.eus\/wp-content\/uploads\/2023\/08\/Domo_port_EUS.jpg\" alt=\"\" class=\"wp-image-4022\" srcset=\"https:\/\/www.ataunturismoa.eus\/wp-content\/uploads\/2023\/08\/Domo_port_EUS.jpg 1000w, https:\/\/www.ataunturismoa.eus\/wp-content\/uploads\/2023\/08\/Domo_port_EUS-300x212.jpg 300w, https:\/\/www.ataunturismoa.eus\/wp-content\/uploads\/2023\/08\/Domo_port_EUS-768x543.jpg 768w, https:\/\/www.ataunturismoa.eus\/wp-content\/uploads\/2023\/08\/Domo_port_EUS-500x354.jpg 500w, https:\/\/www.ataunturismoa.eus\/wp-content\/uploads\/2023\/08\/Domo_port_EUS-800x566.jpg 800w\" sizes=\"auto, (max-width: 1000px) 100vw, 1000px\" \/><\/a><\/figure>\n<\/div>\n<\/div>\n<p>[bs-grid type=\u00a0\u00bbdomo-ibilaldiak\u00a0\u00bb post_parent=\u00a0\u00bb0&Prime;]<\/p>\n\n<figure class=\"wp-block-image size-large\"><img loading=\"lazy\" decoding=\"async\" width=\"1024\" height=\"731\" src=\"https:\/\/www.ataunturismoa.eus\/wp-content\/uploads\/2023\/09\/mapa-denak-1024x731.jpg\" alt=\"\" class=\"wp-image-4319\" srcset=\"https:\/\/www.ataunturismoa.eus\/wp-content\/uploads\/2023\/09\/mapa-denak-1024x731.jpg 1024w, https:\/\/www.ataunturismoa.eus\/wp-content\/uploads\/2023\/09\/mapa-denak-300x214.jpg 300w, https:\/\/www.ataunturismoa.eus\/wp-content\/uploads\/2023\/09\/mapa-denak-768x548.jpg 768w, https:\/\/www.ataunturismoa.eus\/wp-content\/uploads\/2023\/09\/mapa-denak-500x357.jpg 500w, https:\/\/www.ataunturismoa.eus\/wp-content\/uploads\/2023\/09\/mapa-denak-800x571.jpg 800w, https:\/\/www.ataunturismoa.eus\/wp-content\/uploads\/2023\/09\/mapa-denak.jpg 1200w\" sizes=\"auto, (max-width: 1024px) 100vw, 1024px\" \/><\/figure>\n\n<div class=\"wp-block-group\"><div class=\"wp-block-group__inner-container is-layout-constrained wp-block-group-is-layout-constrained\">\n<div class=\"wp-block-columns is-layout-flex wp-container-core-columns-is-layout-9d6595d7 wp-block-columns-is-layout-flex\">\n<div class=\"wp-block-column is-layout-flow wp-block-column-is-layout-flow\">\n<figure class=\"wp-block-image size-full\"><img loading=\"lazy\" decoding=\"async\" width=\"400\" height=\"400\" src=\"https:\/\/www.ataunturismoa.eus\/wp-content\/uploads\/2023\/09\/1-ataun.jpg\" alt=\"\" class=\"wp-image-4352\" srcset=\"https:\/\/www.ataunturismoa.eus\/wp-content\/uploads\/2023\/09\/1-ataun.jpg 400w, https:\/\/www.ataunturismoa.eus\/wp-content\/uploads\/2023\/09\/1-ataun-300x300.jpg 300w, https:\/\/www.ataunturismoa.eus\/wp-content\/uploads\/2023\/09\/1-ataun-150x150.jpg 150w\" sizes=\"auto, (max-width: 400px) 100vw, 400px\" \/><\/figure>\n<\/div>\n\n\n\n<div class=\"wp-block-column is-layout-flow wp-block-column-is-layout-flow\">\n<figure class=\"wp-block-image size-full\"><img loading=\"lazy\" decoding=\"async\" width=\"400\" height=\"400\" src=\"https:\/\/www.ataunturismoa.eus\/wp-content\/uploads\/2023\/09\/2-naturtzaindia.jpg\" alt=\"\" class=\"wp-image-4358\" srcset=\"https:\/\/www.ataunturismoa.eus\/wp-content\/uploads\/2023\/09\/2-naturtzaindia.jpg 400w, https:\/\/www.ataunturismoa.eus\/wp-content\/uploads\/2023\/09\/2-naturtzaindia-300x300.jpg 300w, https:\/\/www.ataunturismoa.eus\/wp-content\/uploads\/2023\/09\/2-naturtzaindia-150x150.jpg 150w\" sizes=\"auto, (max-width: 400px) 100vw, 400px\" \/><\/figure>\n<\/div>\n\n\n\n<div class=\"wp-block-column is-layout-flow wp-block-column-is-layout-flow\">\n<figure class=\"wp-block-image size-full\"><img loading=\"lazy\" decoding=\"async\" width=\"400\" height=\"400\" src=\"https:\/\/www.ataunturismoa.eus\/wp-content\/uploads\/2023\/09\/3-EHU.jpg\" alt=\"\" class=\"wp-image-4363\" srcset=\"https:\/\/www.ataunturismoa.eus\/wp-content\/uploads\/2023\/09\/3-EHU.jpg 400w, https:\/\/www.ataunturismoa.eus\/wp-content\/uploads\/2023\/09\/3-EHU-300x300.jpg 300w, https:\/\/www.ataunturismoa.eus\/wp-content\/uploads\/2023\/09\/3-EHU-150x150.jpg 150w\" sizes=\"auto, (max-width: 400px) 100vw, 400px\" \/><\/figure>\n<\/div>\n\n\n\n<div class=\"wp-block-column is-layout-flow wp-block-column-is-layout-flow\">\n<figure class=\"wp-block-image size-full\"><img loading=\"lazy\" decoding=\"async\" width=\"400\" height=\"400\" src=\"https:\/\/www.ataunturismoa.eus\/wp-content\/uploads\/2023\/09\/4-udalsarea.jpg\" alt=\"\" class=\"wp-image-4368\" srcset=\"https:\/\/www.ataunturismoa.eus\/wp-content\/uploads\/2023\/09\/4-udalsarea.jpg 400w, https:\/\/www.ataunturismoa.eus\/wp-content\/uploads\/2023\/09\/4-udalsarea-300x300.jpg 300w, https:\/\/www.ataunturismoa.eus\/wp-content\/uploads\/2023\/09\/4-udalsarea-150x150.jpg 150w\" sizes=\"auto, (max-width: 400px) 100vw, 400px\" \/><\/figure>\n<\/div>\n\n\n\n<div class=\"wp-block-column is-layout-flow wp-block-column-is-layout-flow\">\n<figure class=\"wp-block-image size-full\"><img loading=\"lazy\" decoding=\"async\" width=\"400\" height=\"400\" src=\"https:\/\/www.ataunturismoa.eus\/wp-content\/uploads\/2023\/09\/5-ej.jpg\" alt=\"\" class=\"wp-image-4373\" srcset=\"https:\/\/www.ataunturismoa.eus\/wp-content\/uploads\/2023\/09\/5-ej.jpg 400w, https:\/\/www.ataunturismoa.eus\/wp-content\/uploads\/2023\/09\/5-ej-300x300.jpg 300w, https:\/\/www.ataunturismoa.eus\/wp-content\/uploads\/2023\/09\/5-ej-150x150.jpg 150w\" sizes=\"auto, (max-width: 400px) 100vw, 400px\" \/><\/figure>\n<\/div>\n\n\n\n<div class=\"wp-block-column is-layout-flow wp-block-column-is-layout-flow\">\n<figure class=\"wp-block-image size-full\"><img loading=\"lazy\" decoding=\"async\" width=\"400\" height=\"400\" src=\"https:\/\/www.ataunturismoa.eus\/wp-content\/uploads\/2023\/09\/5-eu.jpg\" alt=\"\" class=\"wp-image-4378\" srcset=\"https:\/\/www.ataunturismoa.eus\/wp-content\/uploads\/2023\/09\/5-eu.jpg 400w, https:\/\/www.ataunturismoa.eus\/wp-content\/uploads\/2023\/09\/5-eu-300x300.jpg 300w, https:\/\/www.ataunturismoa.eus\/wp-content\/uploads\/2023\/09\/5-eu-150x150.jpg 150w\" sizes=\"auto, (max-width: 400px) 100vw, 400px\" \/><\/figure>\n<\/div>\n<\/div>\n<\/div><\/div>\n","protected":false},"excerpt":{"rendered":"<p>Le d\u00f4me d&rsquo;Ataun a une grande r\u00e9f\u00e9rence pour les ataundarrak. Outre sa grande pr\u00e9sence dans notre vie quotidienne, le patrimoine immat\u00e9riel li\u00e9 au D\u00f4me demeure vivant dans notre pays. Cette relation est bas\u00e9e sur les rochers qui forment le D\u00f4me. Le D\u00f4me d&rsquo;Ataun est d\u00e9clar\u00e9 Lieu d&rsquo;Int\u00e9r\u00eat G\u00e9ologique pour \u00eatre une structure aussi curieuse que [&hellip;]<\/p>\n","protected":false},"author":5,"featured_media":0,"parent":0,"menu_order":0,"comment_status":"closed","ping_status":"closed","template":"page-templates\/page-rigth-domoa.php","meta":{"footnotes":""},"class_list":["post-4982","page","type-page","status-publish","hentry"],"acf":[],"yoast_head":"<!-- This site is optimized with the Yoast SEO plugin v27.5 - https:\/\/yoast.com\/product\/yoast-seo-wordpress\/ -->\n<title>Le d\u00f4me d&#039;ataun - Ataun Turismoa<\/title>\n<meta name=\"robots\" content=\"index, follow, max-snippet:-1, max-image-preview:large, max-video-preview:-1\" \/>\n<link rel=\"canonical\" href=\"https:\/\/www.ataunturismoa.eus\/fr\/le-dome-dataun\/\" \/>\n<meta property=\"og:locale\" content=\"fr_FR\" \/>\n<meta property=\"og:type\" content=\"article\" \/>\n<meta property=\"og:title\" content=\"Le d\u00f4me d&#039;ataun - Ataun Turismoa\" \/>\n<meta property=\"og:description\" content=\"Le d\u00f4me d&rsquo;Ataun a une grande r\u00e9f\u00e9rence pour les ataundarrak. Outre sa grande pr\u00e9sence dans notre vie quotidienne, le patrimoine immat\u00e9riel li\u00e9 au D\u00f4me demeure vivant dans notre pays. Cette relation est bas\u00e9e sur les rochers qui forment le D\u00f4me. Le D\u00f4me d&rsquo;Ataun est d\u00e9clar\u00e9 Lieu d&rsquo;Int\u00e9r\u00eat G\u00e9ologique pour \u00eatre une structure aussi curieuse que [&hellip;]\" \/>\n<meta property=\"og:url\" content=\"https:\/\/www.ataunturismoa.eus\/fr\/le-dome-dataun\/\" \/>\n<meta property=\"og:site_name\" content=\"Ataun Turismoa\" \/>\n<meta property=\"article:modified_time\" content=\"2023-11-05T22:21:40+00:00\" \/>\n<meta property=\"og:image\" content=\"https:\/\/www.ataunturismoa.eus\/wp-content\/uploads\/2023\/09\/AtaunDomoaPlay.jpg\" \/>\n<meta name=\"twitter:card\" content=\"summary_large_image\" \/>\n<script type=\"application\/ld+json\" class=\"yoast-schema-graph\">{\"@context\":\"https:\\\/\\\/schema.org\",\"@graph\":[{\"@type\":\"WebPage\",\"@id\":\"https:\\\/\\\/www.ataunturismoa.eus\\\/fr\\\/le-dome-dataun\\\/\",\"url\":\"https:\\\/\\\/www.ataunturismoa.eus\\\/fr\\\/le-dome-dataun\\\/\",\"name\":\"Le d\u00f4me d'ataun - Ataun Turismoa\",\"isPartOf\":{\"@id\":\"https:\\\/\\\/www.ataunturismoa.eus\\\/eu\\\/#website\"},\"primaryImageOfPage\":{\"@id\":\"https:\\\/\\\/www.ataunturismoa.eus\\\/fr\\\/le-dome-dataun\\\/#primaryimage\"},\"image\":{\"@id\":\"https:\\\/\\\/www.ataunturismoa.eus\\\/fr\\\/le-dome-dataun\\\/#primaryimage\"},\"thumbnailUrl\":\"https:\\\/\\\/www.ataunturismoa.eus\\\/wp-content\\\/uploads\\\/2023\\\/09\\\/AtaunDomoaPlay.jpg\",\"datePublished\":\"2023-11-05T22:21:39+00:00\",\"dateModified\":\"2023-11-05T22:21:40+00:00\",\"breadcrumb\":{\"@id\":\"https:\\\/\\\/www.ataunturismoa.eus\\\/fr\\\/le-dome-dataun\\\/#breadcrumb\"},\"inLanguage\":\"fr-FR\",\"potentialAction\":[{\"@type\":\"ReadAction\",\"target\":[\"https:\\\/\\\/www.ataunturismoa.eus\\\/fr\\\/le-dome-dataun\\\/\"]}]},{\"@type\":\"ImageObject\",\"inLanguage\":\"fr-FR\",\"@id\":\"https:\\\/\\\/www.ataunturismoa.eus\\\/fr\\\/le-dome-dataun\\\/#primaryimage\",\"url\":\"https:\\\/\\\/www.ataunturismoa.eus\\\/wp-content\\\/uploads\\\/2023\\\/09\\\/AtaunDomoaPlay.jpg\",\"contentUrl\":\"https:\\\/\\\/www.ataunturismoa.eus\\\/wp-content\\\/uploads\\\/2023\\\/09\\\/AtaunDomoaPlay.jpg\"},{\"@type\":\"BreadcrumbList\",\"@id\":\"https:\\\/\\\/www.ataunturismoa.eus\\\/fr\\\/le-dome-dataun\\\/#breadcrumb\",\"itemListElement\":[{\"@type\":\"ListItem\",\"position\":1,\"name\":\"Inicio\",\"item\":\"https:\\\/\\\/www.ataunturismoa.eus\\\/fr\\\/\"},{\"@type\":\"ListItem\",\"position\":2,\"name\":\"Le d\u00f4me d&rsquo;ataun\"}]},{\"@type\":\"WebSite\",\"@id\":\"https:\\\/\\\/www.ataunturismoa.eus\\\/eu\\\/#website\",\"url\":\"https:\\\/\\\/www.ataunturismoa.eus\\\/eu\\\/\",\"name\":\"Ataun Turismoa\",\"description\":\"\",\"potentialAction\":[{\"@type\":\"SearchAction\",\"target\":{\"@type\":\"EntryPoint\",\"urlTemplate\":\"https:\\\/\\\/www.ataunturismoa.eus\\\/eu\\\/?s={search_term_string}\"},\"query-input\":{\"@type\":\"PropertyValueSpecification\",\"valueRequired\":true,\"valueName\":\"search_term_string\"}}],\"inLanguage\":\"fr-FR\"}]}<\/script>\n<!-- \/ Yoast SEO plugin. -->","yoast_head_json":{"title":"Le d\u00f4me d'ataun - Ataun Turismoa","robots":{"index":"index","follow":"follow","max-snippet":"max-snippet:-1","max-image-preview":"max-image-preview:large","max-video-preview":"max-video-preview:-1"},"canonical":"https:\/\/www.ataunturismoa.eus\/fr\/le-dome-dataun\/","og_locale":"fr_FR","og_type":"article","og_title":"Le d\u00f4me d'ataun - Ataun Turismoa","og_description":"Le d\u00f4me d&rsquo;Ataun a une grande r\u00e9f\u00e9rence pour les ataundarrak. Outre sa grande pr\u00e9sence dans notre vie quotidienne, le patrimoine immat\u00e9riel li\u00e9 au D\u00f4me demeure vivant dans notre pays. Cette relation est bas\u00e9e sur les rochers qui forment le D\u00f4me. Le D\u00f4me d&rsquo;Ataun est d\u00e9clar\u00e9 Lieu d&rsquo;Int\u00e9r\u00eat G\u00e9ologique pour \u00eatre une structure aussi curieuse que [&hellip;]","og_url":"https:\/\/www.ataunturismoa.eus\/fr\/le-dome-dataun\/","og_site_name":"Ataun Turismoa","article_modified_time":"2023-11-05T22:21:40+00:00","og_image":[{"url":"https:\/\/www.ataunturismoa.eus\/wp-content\/uploads\/2023\/09\/AtaunDomoaPlay.jpg","type":"","width":"","height":""}],"twitter_card":"summary_large_image","schema":{"@context":"https:\/\/schema.org","@graph":[{"@type":"WebPage","@id":"https:\/\/www.ataunturismoa.eus\/fr\/le-dome-dataun\/","url":"https:\/\/www.ataunturismoa.eus\/fr\/le-dome-dataun\/","name":"Le d\u00f4me d'ataun - Ataun Turismoa","isPartOf":{"@id":"https:\/\/www.ataunturismoa.eus\/eu\/#website"},"primaryImageOfPage":{"@id":"https:\/\/www.ataunturismoa.eus\/fr\/le-dome-dataun\/#primaryimage"},"image":{"@id":"https:\/\/www.ataunturismoa.eus\/fr\/le-dome-dataun\/#primaryimage"},"thumbnailUrl":"https:\/\/www.ataunturismoa.eus\/wp-content\/uploads\/2023\/09\/AtaunDomoaPlay.jpg","datePublished":"2023-11-05T22:21:39+00:00","dateModified":"2023-11-05T22:21:40+00:00","breadcrumb":{"@id":"https:\/\/www.ataunturismoa.eus\/fr\/le-dome-dataun\/#breadcrumb"},"inLanguage":"fr-FR","potentialAction":[{"@type":"ReadAction","target":["https:\/\/www.ataunturismoa.eus\/fr\/le-dome-dataun\/"]}]},{"@type":"ImageObject","inLanguage":"fr-FR","@id":"https:\/\/www.ataunturismoa.eus\/fr\/le-dome-dataun\/#primaryimage","url":"https:\/\/www.ataunturismoa.eus\/wp-content\/uploads\/2023\/09\/AtaunDomoaPlay.jpg","contentUrl":"https:\/\/www.ataunturismoa.eus\/wp-content\/uploads\/2023\/09\/AtaunDomoaPlay.jpg"},{"@type":"BreadcrumbList","@id":"https:\/\/www.ataunturismoa.eus\/fr\/le-dome-dataun\/#breadcrumb","itemListElement":[{"@type":"ListItem","position":1,"name":"Inicio","item":"https:\/\/www.ataunturismoa.eus\/fr\/"},{"@type":"ListItem","position":2,"name":"Le d\u00f4me d&rsquo;ataun"}]},{"@type":"WebSite","@id":"https:\/\/www.ataunturismoa.eus\/eu\/#website","url":"https:\/\/www.ataunturismoa.eus\/eu\/","name":"Ataun Turismoa","description":"","potentialAction":[{"@type":"SearchAction","target":{"@type":"EntryPoint","urlTemplate":"https:\/\/www.ataunturismoa.eus\/eu\/?s={search_term_string}"},"query-input":{"@type":"PropertyValueSpecification","valueRequired":true,"valueName":"search_term_string"}}],"inLanguage":"fr-FR"}]}},"_links":{"self":[{"href":"https:\/\/www.ataunturismoa.eus\/fr\/wp-json\/wp\/v2\/pages\/4982","targetHints":{"allow":["GET"]}}],"collection":[{"href":"https:\/\/www.ataunturismoa.eus\/fr\/wp-json\/wp\/v2\/pages"}],"about":[{"href":"https:\/\/www.ataunturismoa.eus\/fr\/wp-json\/wp\/v2\/types\/page"}],"author":[{"embeddable":true,"href":"https:\/\/www.ataunturismoa.eus\/fr\/wp-json\/wp\/v2\/users\/5"}],"replies":[{"embeddable":true,"href":"https:\/\/www.ataunturismoa.eus\/fr\/wp-json\/wp\/v2\/comments?post=4982"}],"version-history":[{"count":1,"href":"https:\/\/www.ataunturismoa.eus\/fr\/wp-json\/wp\/v2\/pages\/4982\/revisions"}],"predecessor-version":[{"id":4983,"href":"https:\/\/www.ataunturismoa.eus\/fr\/wp-json\/wp\/v2\/pages\/4982\/revisions\/4983"}],"wp:attachment":[{"href":"https:\/\/www.ataunturismoa.eus\/fr\/wp-json\/wp\/v2\/media?parent=4982"}],"curies":[{"name":"wp","href":"https:\/\/api.w.org\/{rel}","templated":true}]}}