{"id":4948,"date":"2023-11-05T22:32:19","date_gmt":"2023-11-05T21:32:19","guid":{"rendered":"https:\/\/www.ataunturismoa.eus\/centre-dinterpretation-erroipe\/"},"modified":"2023-11-05T22:32:19","modified_gmt":"2023-11-05T21:32:19","slug":"centre-dinterpretation-erroipe","status":"publish","type":"page","link":"https:\/\/www.ataunturismoa.eus\/fr\/musees\/centre-dinterpretation-erroipe\/","title":{"rendered":"Centre d&rsquo;interpr\u00e9tation Erroipe"},"content":{"rendered":"\n<figure class=\"wp-block-embed is-type-video is-provider-youtube wp-block-embed-youtube wp-embed-aspect-16-9 wp-has-aspect-ratio\"><div class=\"wp-block-embed__wrapper\">\r\n<iframe loading=\"lazy\" title=\"ERROIPE INTERPRETAZIO ZENTROA\" width=\"640\" height=\"360\" src=\"https:\/\/www.youtube.com\/embed\/DKdR0XNlBII?feature=oembed\" frameborder=\"0\" allow=\"accelerometer; autoplay; clipboard-write; encrypted-media; gyroscope; picture-in-picture; web-share\" referrerpolicy=\"strict-origin-when-cross-origin\" allowfullscreen><\/iframe>\r\n<\/div><\/figure>\r\n\n<p>Il s&rsquo;agit d&rsquo;un centre d&rsquo;interpr\u00e9tation cr\u00e9\u00e9 \u00e0 l&rsquo;initiative populaire dans le quartier Aia. Lanc\u00e9 en 2023, ce projet vise \u00e0 faire conna\u00eetre les tr\u00e9sors du quartier Aia \u00e0 Ataun. Il offre diverses ressources pour faire conna\u00eetre le patrimoine de la r\u00e9gion.<\/p>\n\n<h3 class=\"wp-block-heading\"><strong>Aia<\/strong><\/h3>\n\n<p>Aia est un quartier calme situ\u00e9 dans une r\u00e9gion montagneuse, le quartier a un paysage spectaculaire. Il fait partie du parc naturel d&rsquo;Aralar, sur le versant sud du Domo d&rsquo;Ataun. Son emplacement fait de Aia un endroit privil\u00e9gi\u00e9, car il est un lieu de grande valeur paysag\u00e8re et de patrimoine naturel. Bien qu&rsquo;il s&rsquo;agisse d&rsquo;un quartier tr\u00e8s peu peupl\u00e9, il conserve un riche patrimoine historique et culturel.<\/p>\n\n<h3 class=\"wp-block-heading\"><strong>Que pouvons-nous voir?<\/strong><\/h3>\n\n<p>Au centre d&rsquo;interpr\u00e9tation, d&rsquo;une part, on fait conna\u00eetre la culture et l&rsquo;histoire d&rsquo;Aia et d&rsquo;Ataun. Il rassemble des informations sur l&rsquo;origine du quartier, l&rsquo;histoire des fermes, l&rsquo;\u00e9volution des anciennes professions, la toponymie du quartier, etc. En ce qui concerne le patrimoine naturel, vous pourrez d\u00e9couvrir \u00e0 la fois les arbres et les arbustes de la r\u00e9gion, ainsi que contempler des images et des vid\u00e9os de la faune sauvage environnante. Vous trouverez \u00e9galement des informations sur les itin\u00e9raires pour conna\u00eetre l&rsquo;endroit.<\/p>\n\n<div class=\"wp-block-columns is-layout-flex wp-container-core-columns-is-layout-9d6595d7 wp-block-columns-is-layout-flex\">\n<div class=\"wp-block-column is-layout-flow wp-block-column-is-layout-flow\">\n<h3 class=\"wp-block-heading\"><strong>Horaire<\/strong><\/h3>\n\n\n\n<p>Du jeudi au samedi de 10h00 \u00e0 14h00. En dehors de ces horaires, les groupes peuvent visiter sur pr\u00e9avis.<\/p>\n<\/div>\n\n\n\n<div class=\"wp-block-column is-layout-flow wp-block-column-is-layout-flow\">\n<h3 class=\"wp-block-heading\"><strong>Contact<\/strong><\/h3>\n\n\n\n<p>T\u00e9l\u00e9phone : 943 06 19 63<\/p>\n\n\n\n<p>Email: <a href=\"mailto:erroipe@ataun.eus\">erroipe@ataun.eus<\/a><\/p>\n\n\n\n<p>Personne de contact: Txema, Coordinador del centro de interpretaci\u00f3n de Aia<\/p>\n<\/div>\n<\/div>\n\n<figure class=\"wp-block-gallery has-nested-images columns-default is-cropped wp-block-gallery-1 is-layout-flex wp-block-gallery-is-layout-flex\">\n<figure class=\"wp-block-image size-large\"><img loading=\"lazy\" decoding=\"async\" width=\"1024\" height=\"766\" data-id=\"3139\" src=\"https:\/\/www.ataunturismoa.eus\/wp-content\/uploads\/2023\/07\/web_1685088507352-1024x766.jpg\" alt=\"\" class=\"wp-image-3139\" srcset=\"https:\/\/www.ataunturismoa.eus\/wp-content\/uploads\/2023\/07\/web_1685088507352-1024x766.jpg 1024w, https:\/\/www.ataunturismoa.eus\/wp-content\/uploads\/2023\/07\/web_1685088507352-300x224.jpg 300w, https:\/\/www.ataunturismoa.eus\/wp-content\/uploads\/2023\/07\/web_1685088507352-768x574.jpg 768w, https:\/\/www.ataunturismoa.eus\/wp-content\/uploads\/2023\/07\/web_1685088507352-500x374.jpg 500w, https:\/\/www.ataunturismoa.eus\/wp-content\/uploads\/2023\/07\/web_1685088507352-800x598.jpg 800w, https:\/\/www.ataunturismoa.eus\/wp-content\/uploads\/2023\/07\/web_1685088507352-1280x957.jpg 1280w, https:\/\/www.ataunturismoa.eus\/wp-content\/uploads\/2023\/07\/web_1685088507352.jpg 1444w\" sizes=\"auto, (max-width: 1024px) 100vw, 1024px\" \/><\/figure>\n\n\n\n<figure class=\"wp-block-image size-large\"><img loading=\"lazy\" decoding=\"async\" width=\"1024\" height=\"766\" data-id=\"3135\" src=\"https:\/\/www.ataunturismoa.eus\/wp-content\/uploads\/2023\/07\/web_1685088582231-1024x766.jpg\" alt=\"\" class=\"wp-image-3135\" srcset=\"https:\/\/www.ataunturismoa.eus\/wp-content\/uploads\/2023\/07\/web_1685088582231-1024x766.jpg 1024w, https:\/\/www.ataunturismoa.eus\/wp-content\/uploads\/2023\/07\/web_1685088582231-300x224.jpg 300w, https:\/\/www.ataunturismoa.eus\/wp-content\/uploads\/2023\/07\/web_1685088582231-768x574.jpg 768w, https:\/\/www.ataunturismoa.eus\/wp-content\/uploads\/2023\/07\/web_1685088582231-500x374.jpg 500w, https:\/\/www.ataunturismoa.eus\/wp-content\/uploads\/2023\/07\/web_1685088582231-800x598.jpg 800w, https:\/\/www.ataunturismoa.eus\/wp-content\/uploads\/2023\/07\/web_1685088582231-1280x957.jpg 1280w, https:\/\/www.ataunturismoa.eus\/wp-content\/uploads\/2023\/07\/web_1685088582231.jpg 1444w\" sizes=\"auto, (max-width: 1024px) 100vw, 1024px\" \/><\/figure>\n\n\n\n<figure class=\"wp-block-image size-large\"><img loading=\"lazy\" decoding=\"async\" width=\"1024\" height=\"766\" data-id=\"3145\" src=\"https:\/\/www.ataunturismoa.eus\/wp-content\/uploads\/2023\/07\/web_1685088631657-1024x766.jpg\" alt=\"\" class=\"wp-image-3145\" srcset=\"https:\/\/www.ataunturismoa.eus\/wp-content\/uploads\/2023\/07\/web_1685088631657-1024x766.jpg 1024w, https:\/\/www.ataunturismoa.eus\/wp-content\/uploads\/2023\/07\/web_1685088631657-300x224.jpg 300w, https:\/\/www.ataunturismoa.eus\/wp-content\/uploads\/2023\/07\/web_1685088631657-768x574.jpg 768w, https:\/\/www.ataunturismoa.eus\/wp-content\/uploads\/2023\/07\/web_1685088631657-500x374.jpg 500w, https:\/\/www.ataunturismoa.eus\/wp-content\/uploads\/2023\/07\/web_1685088631657-800x598.jpg 800w, https:\/\/www.ataunturismoa.eus\/wp-content\/uploads\/2023\/07\/web_1685088631657-1280x957.jpg 1280w, https:\/\/www.ataunturismoa.eus\/wp-content\/uploads\/2023\/07\/web_1685088631657.jpg 1444w\" sizes=\"auto, (max-width: 1024px) 100vw, 1024px\" \/><\/figure>\n\n\n\n<figure class=\"wp-block-image size-large\"><img loading=\"lazy\" decoding=\"async\" width=\"1024\" height=\"766\" data-id=\"3160\" src=\"https:\/\/www.ataunturismoa.eus\/wp-content\/uploads\/2023\/07\/web_1685088692713-1024x766.jpg\" alt=\"\" class=\"wp-image-3160\" srcset=\"https:\/\/www.ataunturismoa.eus\/wp-content\/uploads\/2023\/07\/web_1685088692713-1024x766.jpg 1024w, https:\/\/www.ataunturismoa.eus\/wp-content\/uploads\/2023\/07\/web_1685088692713-300x224.jpg 300w, https:\/\/www.ataunturismoa.eus\/wp-content\/uploads\/2023\/07\/web_1685088692713-768x574.jpg 768w, https:\/\/www.ataunturismoa.eus\/wp-content\/uploads\/2023\/07\/web_1685088692713-500x374.jpg 500w, https:\/\/www.ataunturismoa.eus\/wp-content\/uploads\/2023\/07\/web_1685088692713-800x598.jpg 800w, https:\/\/www.ataunturismoa.eus\/wp-content\/uploads\/2023\/07\/web_1685088692713-1280x957.jpg 1280w, https:\/\/www.ataunturismoa.eus\/wp-content\/uploads\/2023\/07\/web_1685088692713.jpg 1444w\" sizes=\"auto, (max-width: 1024px) 100vw, 1024px\" \/><\/figure>\n\n\n\n<figure class=\"wp-block-image size-large\"><img loading=\"lazy\" decoding=\"async\" width=\"1024\" height=\"766\" data-id=\"3149\" src=\"https:\/\/www.ataunturismoa.eus\/wp-content\/uploads\/2023\/07\/web_1685088731199-1024x766.jpg\" alt=\"\" class=\"wp-image-3149\" srcset=\"https:\/\/www.ataunturismoa.eus\/wp-content\/uploads\/2023\/07\/web_1685088731199-1024x766.jpg 1024w, https:\/\/www.ataunturismoa.eus\/wp-content\/uploads\/2023\/07\/web_1685088731199-300x224.jpg 300w, https:\/\/www.ataunturismoa.eus\/wp-content\/uploads\/2023\/07\/web_1685088731199-768x574.jpg 768w, https:\/\/www.ataunturismoa.eus\/wp-content\/uploads\/2023\/07\/web_1685088731199-500x374.jpg 500w, https:\/\/www.ataunturismoa.eus\/wp-content\/uploads\/2023\/07\/web_1685088731199-800x598.jpg 800w, https:\/\/www.ataunturismoa.eus\/wp-content\/uploads\/2023\/07\/web_1685088731199-1280x957.jpg 1280w, https:\/\/www.ataunturismoa.eus\/wp-content\/uploads\/2023\/07\/web_1685088731199.jpg 1444w\" sizes=\"auto, (max-width: 1024px) 100vw, 1024px\" \/><\/figure>\n\n\n\n<figure class=\"wp-block-image size-large\"><img loading=\"lazy\" decoding=\"async\" width=\"1024\" height=\"766\" data-id=\"3154\" src=\"https:\/\/www.ataunturismoa.eus\/wp-content\/uploads\/2023\/07\/web_1685088763432-1024x766.jpg\" alt=\"\" class=\"wp-image-3154\" srcset=\"https:\/\/www.ataunturismoa.eus\/wp-content\/uploads\/2023\/07\/web_1685088763432-1024x766.jpg 1024w, https:\/\/www.ataunturismoa.eus\/wp-content\/uploads\/2023\/07\/web_1685088763432-300x224.jpg 300w, https:\/\/www.ataunturismoa.eus\/wp-content\/uploads\/2023\/07\/web_1685088763432-768x574.jpg 768w, https:\/\/www.ataunturismoa.eus\/wp-content\/uploads\/2023\/07\/web_1685088763432-500x374.jpg 500w, https:\/\/www.ataunturismoa.eus\/wp-content\/uploads\/2023\/07\/web_1685088763432-800x598.jpg 800w, https:\/\/www.ataunturismoa.eus\/wp-content\/uploads\/2023\/07\/web_1685088763432-1280x957.jpg 1280w, https:\/\/www.ataunturismoa.eus\/wp-content\/uploads\/2023\/07\/web_1685088763432.jpg 1444w\" sizes=\"auto, (max-width: 1024px) 100vw, 1024px\" \/><\/figure>\n\n\n\n<figure class=\"wp-block-image size-large\"><img loading=\"lazy\" decoding=\"async\" width=\"1024\" height=\"766\" data-id=\"3148\" src=\"https:\/\/www.ataunturismoa.eus\/wp-content\/uploads\/2023\/07\/web_1685088814563-1024x766.jpg\" alt=\"\" class=\"wp-image-3148\" srcset=\"https:\/\/www.ataunturismoa.eus\/wp-content\/uploads\/2023\/07\/web_1685088814563-1024x766.jpg 1024w, https:\/\/www.ataunturismoa.eus\/wp-content\/uploads\/2023\/07\/web_1685088814563-300x224.jpg 300w, https:\/\/www.ataunturismoa.eus\/wp-content\/uploads\/2023\/07\/web_1685088814563-768x574.jpg 768w, https:\/\/www.ataunturismoa.eus\/wp-content\/uploads\/2023\/07\/web_1685088814563-500x374.jpg 500w, https:\/\/www.ataunturismoa.eus\/wp-content\/uploads\/2023\/07\/web_1685088814563-800x598.jpg 800w, https:\/\/www.ataunturismoa.eus\/wp-content\/uploads\/2023\/07\/web_1685088814563-1280x957.jpg 1280w, https:\/\/www.ataunturismoa.eus\/wp-content\/uploads\/2023\/07\/web_1685088814563.jpg 1444w\" sizes=\"auto, (max-width: 1024px) 100vw, 1024px\" \/><\/figure>\n\n\n\n<figure class=\"wp-block-image size-large\"><img loading=\"lazy\" decoding=\"async\" width=\"1024\" height=\"766\" data-id=\"3153\" src=\"https:\/\/www.ataunturismoa.eus\/wp-content\/uploads\/2023\/07\/web_1685089141037-1024x766.jpg\" alt=\"\" class=\"wp-image-3153\" srcset=\"https:\/\/www.ataunturismoa.eus\/wp-content\/uploads\/2023\/07\/web_1685089141037-1024x766.jpg 1024w, https:\/\/www.ataunturismoa.eus\/wp-content\/uploads\/2023\/07\/web_1685089141037-300x224.jpg 300w, https:\/\/www.ataunturismoa.eus\/wp-content\/uploads\/2023\/07\/web_1685089141037-768x574.jpg 768w, https:\/\/www.ataunturismoa.eus\/wp-content\/uploads\/2023\/07\/web_1685089141037-500x374.jpg 500w, https:\/\/www.ataunturismoa.eus\/wp-content\/uploads\/2023\/07\/web_1685089141037-800x598.jpg 800w, https:\/\/www.ataunturismoa.eus\/wp-content\/uploads\/2023\/07\/web_1685089141037-1280x957.jpg 1280w, https:\/\/www.ataunturismoa.eus\/wp-content\/uploads\/2023\/07\/web_1685089141037.jpg 1444w\" sizes=\"auto, (max-width: 1024px) 100vw, 1024px\" \/><\/figure>\n<\/figure>\n","protected":false},"excerpt":{"rendered":"<p>Il s&rsquo;agit d&rsquo;un centre d&rsquo;interpr\u00e9tation cr\u00e9\u00e9 \u00e0 l&rsquo;initiative populaire dans le quartier Aia. Lanc\u00e9 en 2023, ce projet vise \u00e0 faire conna\u00eetre les tr\u00e9sors du quartier Aia \u00e0 Ataun. Il offre diverses ressources pour faire conna\u00eetre le patrimoine de la r\u00e9gion. Aia Aia est un quartier calme situ\u00e9 dans une r\u00e9gion montagneuse, le quartier a [&hellip;]<\/p>\n","protected":false},"author":5,"featured_media":2918,"parent":4951,"menu_order":0,"comment_status":"closed","ping_status":"closed","template":"page-templates\/page-rigth-noimage.php","meta":{"footnotes":""},"class_list":["post-4948","page","type-page","status-publish","has-post-thumbnail","hentry"],"acf":[],"yoast_head":"<!-- This site is optimized with the Yoast SEO plugin v27.5 - https:\/\/yoast.com\/product\/yoast-seo-wordpress\/ -->\n<title>Centre d&#039;interpr\u00e9tation Erroipe - Ataun Turismoa<\/title>\n<meta name=\"robots\" content=\"index, follow, max-snippet:-1, max-image-preview:large, max-video-preview:-1\" \/>\n<link rel=\"canonical\" href=\"https:\/\/www.ataunturismoa.eus\/fr\/centre-dinterpretation-erroipe\/\" \/>\n<meta property=\"og:locale\" content=\"fr_FR\" \/>\n<meta property=\"og:type\" content=\"article\" \/>\n<meta property=\"og:title\" content=\"Centre d&#039;interpr\u00e9tation Erroipe - Ataun Turismoa\" \/>\n<meta property=\"og:description\" content=\"Il s&rsquo;agit d&rsquo;un centre d&rsquo;interpr\u00e9tation cr\u00e9\u00e9 \u00e0 l&rsquo;initiative populaire dans le quartier Aia. Lanc\u00e9 en 2023, ce projet vise \u00e0 faire conna\u00eetre les tr\u00e9sors du quartier Aia \u00e0 Ataun. Il offre diverses ressources pour faire conna\u00eetre le patrimoine de la r\u00e9gion. Aia Aia est un quartier calme situ\u00e9 dans une r\u00e9gion montagneuse, le quartier a [&hellip;]\" \/>\n<meta property=\"og:url\" content=\"https:\/\/www.ataunturismoa.eus\/fr\/centre-dinterpretation-erroipe\/\" \/>\n<meta property=\"og:site_name\" content=\"Ataun Turismoa\" \/>\n<meta property=\"og:image\" content=\"https:\/\/www.ataunturismoa.eus\/wp-content\/uploads\/2023\/06\/mod-top-1685088692713.jpg\" \/>\n\t<meta property=\"og:image:width\" content=\"1200\" \/>\n\t<meta property=\"og:image:height\" content=\"898\" \/>\n\t<meta property=\"og:image:type\" content=\"image\/jpeg\" \/>\n<meta name=\"twitter:card\" content=\"summary_large_image\" \/>\n<meta name=\"twitter:label1\" content=\"Dur\u00e9e de lecture estim\u00e9e\" \/>\n\t<meta name=\"twitter:data1\" content=\"1 minute\" \/>\n<script type=\"application\/ld+json\" class=\"yoast-schema-graph\">{\"@context\":\"https:\\\/\\\/schema.org\",\"@graph\":[{\"@type\":\"WebPage\",\"@id\":\"https:\\\/\\\/www.ataunturismoa.eus\\\/fr\\\/centre-dinterpretation-erroipe\\\/\",\"url\":\"https:\\\/\\\/www.ataunturismoa.eus\\\/fr\\\/centre-dinterpretation-erroipe\\\/\",\"name\":\"Centre d'interpr\u00e9tation Erroipe - Ataun Turismoa\",\"isPartOf\":{\"@id\":\"https:\\\/\\\/www.ataunturismoa.eus\\\/eu\\\/#website\"},\"primaryImageOfPage\":{\"@id\":\"https:\\\/\\\/www.ataunturismoa.eus\\\/fr\\\/centre-dinterpretation-erroipe\\\/#primaryimage\"},\"image\":{\"@id\":\"https:\\\/\\\/www.ataunturismoa.eus\\\/fr\\\/centre-dinterpretation-erroipe\\\/#primaryimage\"},\"thumbnailUrl\":\"https:\\\/\\\/www.ataunturismoa.eus\\\/wp-content\\\/uploads\\\/2023\\\/06\\\/mod-top-1685088692713.jpg\",\"datePublished\":\"2023-11-05T21:32:19+00:00\",\"breadcrumb\":{\"@id\":\"https:\\\/\\\/www.ataunturismoa.eus\\\/fr\\\/centre-dinterpretation-erroipe\\\/#breadcrumb\"},\"inLanguage\":\"fr-FR\",\"potentialAction\":[{\"@type\":\"ReadAction\",\"target\":[\"https:\\\/\\\/www.ataunturismoa.eus\\\/fr\\\/centre-dinterpretation-erroipe\\\/\"]}]},{\"@type\":\"ImageObject\",\"inLanguage\":\"fr-FR\",\"@id\":\"https:\\\/\\\/www.ataunturismoa.eus\\\/fr\\\/centre-dinterpretation-erroipe\\\/#primaryimage\",\"url\":\"https:\\\/\\\/www.ataunturismoa.eus\\\/wp-content\\\/uploads\\\/2023\\\/06\\\/mod-top-1685088692713.jpg\",\"contentUrl\":\"https:\\\/\\\/www.ataunturismoa.eus\\\/wp-content\\\/uploads\\\/2023\\\/06\\\/mod-top-1685088692713.jpg\",\"width\":1200,\"height\":898},{\"@type\":\"BreadcrumbList\",\"@id\":\"https:\\\/\\\/www.ataunturismoa.eus\\\/fr\\\/centre-dinterpretation-erroipe\\\/#breadcrumb\",\"itemListElement\":[{\"@type\":\"ListItem\",\"position\":1,\"name\":\"Inicio\",\"item\":\"https:\\\/\\\/www.ataunturismoa.eus\\\/fr\\\/\"},{\"@type\":\"ListItem\",\"position\":2,\"name\":\"Centre d&rsquo;interpr\u00e9tation Erroipe\"}]},{\"@type\":\"WebSite\",\"@id\":\"https:\\\/\\\/www.ataunturismoa.eus\\\/eu\\\/#website\",\"url\":\"https:\\\/\\\/www.ataunturismoa.eus\\\/eu\\\/\",\"name\":\"Ataun Turismoa\",\"description\":\"\",\"potentialAction\":[{\"@type\":\"SearchAction\",\"target\":{\"@type\":\"EntryPoint\",\"urlTemplate\":\"https:\\\/\\\/www.ataunturismoa.eus\\\/eu\\\/?s={search_term_string}\"},\"query-input\":{\"@type\":\"PropertyValueSpecification\",\"valueRequired\":true,\"valueName\":\"search_term_string\"}}],\"inLanguage\":\"fr-FR\"}]}<\/script>\n<!-- \/ Yoast SEO plugin. -->","yoast_head_json":{"title":"Centre d'interpr\u00e9tation Erroipe - Ataun Turismoa","robots":{"index":"index","follow":"follow","max-snippet":"max-snippet:-1","max-image-preview":"max-image-preview:large","max-video-preview":"max-video-preview:-1"},"canonical":"https:\/\/www.ataunturismoa.eus\/fr\/centre-dinterpretation-erroipe\/","og_locale":"fr_FR","og_type":"article","og_title":"Centre d'interpr\u00e9tation Erroipe - Ataun Turismoa","og_description":"Il s&rsquo;agit d&rsquo;un centre d&rsquo;interpr\u00e9tation cr\u00e9\u00e9 \u00e0 l&rsquo;initiative populaire dans le quartier Aia. Lanc\u00e9 en 2023, ce projet vise \u00e0 faire conna\u00eetre les tr\u00e9sors du quartier Aia \u00e0 Ataun. Il offre diverses ressources pour faire conna\u00eetre le patrimoine de la r\u00e9gion. Aia Aia est un quartier calme situ\u00e9 dans une r\u00e9gion montagneuse, le quartier a [&hellip;]","og_url":"https:\/\/www.ataunturismoa.eus\/fr\/centre-dinterpretation-erroipe\/","og_site_name":"Ataun Turismoa","og_image":[{"width":1200,"height":898,"url":"https:\/\/www.ataunturismoa.eus\/wp-content\/uploads\/2023\/06\/mod-top-1685088692713.jpg","type":"image\/jpeg"}],"twitter_card":"summary_large_image","twitter_misc":{"Dur\u00e9e de lecture estim\u00e9e":"1 minute"},"schema":{"@context":"https:\/\/schema.org","@graph":[{"@type":"WebPage","@id":"https:\/\/www.ataunturismoa.eus\/fr\/centre-dinterpretation-erroipe\/","url":"https:\/\/www.ataunturismoa.eus\/fr\/centre-dinterpretation-erroipe\/","name":"Centre d'interpr\u00e9tation Erroipe - Ataun Turismoa","isPartOf":{"@id":"https:\/\/www.ataunturismoa.eus\/eu\/#website"},"primaryImageOfPage":{"@id":"https:\/\/www.ataunturismoa.eus\/fr\/centre-dinterpretation-erroipe\/#primaryimage"},"image":{"@id":"https:\/\/www.ataunturismoa.eus\/fr\/centre-dinterpretation-erroipe\/#primaryimage"},"thumbnailUrl":"https:\/\/www.ataunturismoa.eus\/wp-content\/uploads\/2023\/06\/mod-top-1685088692713.jpg","datePublished":"2023-11-05T21:32:19+00:00","breadcrumb":{"@id":"https:\/\/www.ataunturismoa.eus\/fr\/centre-dinterpretation-erroipe\/#breadcrumb"},"inLanguage":"fr-FR","potentialAction":[{"@type":"ReadAction","target":["https:\/\/www.ataunturismoa.eus\/fr\/centre-dinterpretation-erroipe\/"]}]},{"@type":"ImageObject","inLanguage":"fr-FR","@id":"https:\/\/www.ataunturismoa.eus\/fr\/centre-dinterpretation-erroipe\/#primaryimage","url":"https:\/\/www.ataunturismoa.eus\/wp-content\/uploads\/2023\/06\/mod-top-1685088692713.jpg","contentUrl":"https:\/\/www.ataunturismoa.eus\/wp-content\/uploads\/2023\/06\/mod-top-1685088692713.jpg","width":1200,"height":898},{"@type":"BreadcrumbList","@id":"https:\/\/www.ataunturismoa.eus\/fr\/centre-dinterpretation-erroipe\/#breadcrumb","itemListElement":[{"@type":"ListItem","position":1,"name":"Inicio","item":"https:\/\/www.ataunturismoa.eus\/fr\/"},{"@type":"ListItem","position":2,"name":"Centre d&rsquo;interpr\u00e9tation Erroipe"}]},{"@type":"WebSite","@id":"https:\/\/www.ataunturismoa.eus\/eu\/#website","url":"https:\/\/www.ataunturismoa.eus\/eu\/","name":"Ataun Turismoa","description":"","potentialAction":[{"@type":"SearchAction","target":{"@type":"EntryPoint","urlTemplate":"https:\/\/www.ataunturismoa.eus\/eu\/?s={search_term_string}"},"query-input":{"@type":"PropertyValueSpecification","valueRequired":true,"valueName":"search_term_string"}}],"inLanguage":"fr-FR"}]}},"_links":{"self":[{"href":"https:\/\/www.ataunturismoa.eus\/fr\/wp-json\/wp\/v2\/pages\/4948","targetHints":{"allow":["GET"]}}],"collection":[{"href":"https:\/\/www.ataunturismoa.eus\/fr\/wp-json\/wp\/v2\/pages"}],"about":[{"href":"https:\/\/www.ataunturismoa.eus\/fr\/wp-json\/wp\/v2\/types\/page"}],"author":[{"embeddable":true,"href":"https:\/\/www.ataunturismoa.eus\/fr\/wp-json\/wp\/v2\/users\/5"}],"replies":[{"embeddable":true,"href":"https:\/\/www.ataunturismoa.eus\/fr\/wp-json\/wp\/v2\/comments?post=4948"}],"version-history":[{"count":1,"href":"https:\/\/www.ataunturismoa.eus\/fr\/wp-json\/wp\/v2\/pages\/4948\/revisions"}],"predecessor-version":[{"id":4949,"href":"https:\/\/www.ataunturismoa.eus\/fr\/wp-json\/wp\/v2\/pages\/4948\/revisions\/4949"}],"up":[{"embeddable":true,"href":"https:\/\/www.ataunturismoa.eus\/fr\/wp-json\/wp\/v2\/pages\/4951"}],"wp:featuredmedia":[{"embeddable":true,"href":"https:\/\/www.ataunturismoa.eus\/fr\/wp-json\/wp\/v2\/media\/2918"}],"wp:attachment":[{"href":"https:\/\/www.ataunturismoa.eus\/fr\/wp-json\/wp\/v2\/media?parent=4948"}],"curies":[{"name":"wp","href":"https:\/\/api.w.org\/{rel}","templated":true}]}}