{"id":4930,"date":"2023-11-05T21:34:31","date_gmt":"2023-11-05T20:34:31","guid":{"rendered":"https:\/\/www.ataunturismoa.eus\/patrimoine\/patrimoine-natural\/eau\/"},"modified":"2023-11-05T21:34:31","modified_gmt":"2023-11-05T20:34:31","slug":"eau","status":"publish","type":"page","link":"https:\/\/www.ataunturismoa.eus\/fr\/patrimoine\/patrimoine-natural\/eau\/","title":{"rendered":"Eau"},"content":{"rendered":"\n<p>La rivi\u00e8re Agauntza, na\u00eet \u00e0 Ataun et verse ses eaux \u00e0 la rivi\u00e8re Oria \u00e0 Beasain. Cette rivi\u00e8re, qui na\u00eet dans la r\u00e9gion de Lizarrusti et traverse les quinze kilom\u00e8tres qui longent le territoire d&rsquo;Ataun, recueille les eaux de nombreux ruisseaux et r\u00e9gates.<\/p>\n\n<p>En ce qui concerne l&rsquo;eau, outre l&rsquo;importance des aquif\u00e8res du dome d&rsquo;Ataun, il faut mentionner les aquif\u00e8res d&rsquo;autres zones d&rsquo;Aralar. En effet, \u00e0 Aiaiaiturrieta, la source la plus importante d&rsquo;Ataun, affleurent \u00e0 la fois les eaux au sud du D\u00f4me et les eaux du sud de la sierra d&rsquo;Aralar. Il convient de noter qu&rsquo;une partie des eaux d&rsquo;Aiaiturrieta est destin\u00e9e \u00e0 l&rsquo;approvisionnement humain.<\/p>\n\n<p>Le r\u00e9servoir de Lareo est \u00e9galement remarquable. Bien qu&rsquo;il soit situ\u00e9 sur des terrains de la Communaut\u00e9 d&rsquo;Enirio-Aralar, l&rsquo;acc\u00e8s \u00e0 celui-ci et le d\u00e9bit de ses d\u00e9bits communiquent directement avec Ataun.<\/p>\n\n<p>En outre, il y a d&rsquo;autres ruisseaux d&rsquo;une grande importance \u00e0 Ataun. Comme ceux d\u00e9j\u00e0 mentionn\u00e9s Aitzarte et Kobatxo qui traversent le bord du Domo ou le ruisseau Lauztierreka qui s&rsquo;\u00e9tend \u00e0 l&rsquo;ouest du quartier de San Gregorio.<\/p>\n","protected":false},"excerpt":{"rendered":"<p>La rivi\u00e8re Agauntza, na\u00eet \u00e0 Ataun et verse ses eaux \u00e0 la rivi\u00e8re Oria \u00e0 Beasain. Cette rivi\u00e8re, qui na\u00eet dans la r\u00e9gion de Lizarrusti et traverse les quinze kilom\u00e8tres qui longent le territoire d&rsquo;Ataun, recueille les eaux de nombreux ruisseaux et r\u00e9gates. En ce qui concerne l&rsquo;eau, outre l&rsquo;importance des aquif\u00e8res du dome d&rsquo;Ataun, [&hellip;]<\/p>\n","protected":false},"author":5,"featured_media":3595,"parent":2053,"menu_order":0,"comment_status":"closed","ping_status":"closed","template":"page-templates\/page-rigth.php","meta":{"footnotes":""},"class_list":["post-4930","page","type-page","status-publish","has-post-thumbnail","hentry"],"acf":[],"yoast_head":"<!-- This site is optimized with the Yoast SEO plugin v27.6 - https:\/\/yoast.com\/product\/yoast-seo-wordpress\/ -->\n<title>Eau - Ataun Turismoa<\/title>\n<meta name=\"robots\" content=\"index, follow, max-snippet:-1, max-image-preview:large, max-video-preview:-1\" \/>\n<link rel=\"canonical\" href=\"https:\/\/www.ataunturismoa.eus\/fr\/patrimoine\/patrimoine-natural\/eau\/\" \/>\n<meta property=\"og:locale\" content=\"fr_FR\" \/>\n<meta property=\"og:type\" content=\"article\" \/>\n<meta property=\"og:title\" content=\"Eau - Ataun Turismoa\" \/>\n<meta property=\"og:description\" content=\"La rivi\u00e8re Agauntza, na\u00eet \u00e0 Ataun et verse ses eaux \u00e0 la rivi\u00e8re Oria \u00e0 Beasain. Cette rivi\u00e8re, qui na\u00eet dans la r\u00e9gion de Lizarrusti et traverse les quinze kilom\u00e8tres qui longent le territoire d&rsquo;Ataun, recueille les eaux de nombreux ruisseaux et r\u00e9gates. En ce qui concerne l&rsquo;eau, outre l&rsquo;importance des aquif\u00e8res du dome d&rsquo;Ataun, [&hellip;]\" \/>\n<meta property=\"og:url\" content=\"https:\/\/www.ataunturismoa.eus\/fr\/patrimoine\/patrimoine-natural\/eau\/\" \/>\n<meta property=\"og:site_name\" content=\"Ataun Turismoa\" \/>\n<meta property=\"og:image\" content=\"https:\/\/www.ataunturismoa.eus\/wp-content\/uploads\/2023\/08\/ura.jpeg\" \/>\n\t<meta property=\"og:image:width\" content=\"1200\" \/>\n\t<meta property=\"og:image:height\" content=\"675\" \/>\n\t<meta property=\"og:image:type\" content=\"image\/jpeg\" \/>\n<meta name=\"twitter:card\" content=\"summary_large_image\" \/>\n<meta name=\"twitter:label1\" content=\"Dur\u00e9e de lecture estim\u00e9e\" \/>\n\t<meta name=\"twitter:data1\" content=\"1 minute\" \/>\n<script type=\"application\/ld+json\" class=\"yoast-schema-graph\">{\"@context\":\"https:\\\/\\\/schema.org\",\"@graph\":[{\"@type\":\"WebPage\",\"@id\":\"https:\\\/\\\/www.ataunturismoa.eus\\\/fr\\\/patrimoine\\\/patrimoine-natural\\\/eau\\\/\",\"url\":\"https:\\\/\\\/www.ataunturismoa.eus\\\/fr\\\/patrimoine\\\/patrimoine-natural\\\/eau\\\/\",\"name\":\"Eau - Ataun Turismoa\",\"isPartOf\":{\"@id\":\"https:\\\/\\\/www.ataunturismoa.eus\\\/eu\\\/#website\"},\"primaryImageOfPage\":{\"@id\":\"https:\\\/\\\/www.ataunturismoa.eus\\\/fr\\\/patrimoine\\\/patrimoine-natural\\\/eau\\\/#primaryimage\"},\"image\":{\"@id\":\"https:\\\/\\\/www.ataunturismoa.eus\\\/fr\\\/patrimoine\\\/patrimoine-natural\\\/eau\\\/#primaryimage\"},\"thumbnailUrl\":\"https:\\\/\\\/www.ataunturismoa.eus\\\/wp-content\\\/uploads\\\/2023\\\/08\\\/ura.jpeg\",\"datePublished\":\"2023-11-05T20:34:31+00:00\",\"breadcrumb\":{\"@id\":\"https:\\\/\\\/www.ataunturismoa.eus\\\/fr\\\/patrimoine\\\/patrimoine-natural\\\/eau\\\/#breadcrumb\"},\"inLanguage\":\"fr-FR\",\"potentialAction\":[{\"@type\":\"ReadAction\",\"target\":[\"https:\\\/\\\/www.ataunturismoa.eus\\\/fr\\\/patrimoine\\\/patrimoine-natural\\\/eau\\\/\"]}]},{\"@type\":\"ImageObject\",\"inLanguage\":\"fr-FR\",\"@id\":\"https:\\\/\\\/www.ataunturismoa.eus\\\/fr\\\/patrimoine\\\/patrimoine-natural\\\/eau\\\/#primaryimage\",\"url\":\"https:\\\/\\\/www.ataunturismoa.eus\\\/wp-content\\\/uploads\\\/2023\\\/08\\\/ura.jpeg\",\"contentUrl\":\"https:\\\/\\\/www.ataunturismoa.eus\\\/wp-content\\\/uploads\\\/2023\\\/08\\\/ura.jpeg\",\"width\":1200,\"height\":675},{\"@type\":\"BreadcrumbList\",\"@id\":\"https:\\\/\\\/www.ataunturismoa.eus\\\/fr\\\/patrimoine\\\/patrimoine-natural\\\/eau\\\/#breadcrumb\",\"itemListElement\":[{\"@type\":\"ListItem\",\"position\":1,\"name\":\"Inicio\",\"item\":\"https:\\\/\\\/www.ataunturismoa.eus\\\/fr\\\/\"},{\"@type\":\"ListItem\",\"position\":2,\"name\":\"Patrimoine\",\"item\":\"https:\\\/\\\/www.ataunturismoa.eus\\\/fr\\\/patrimoine\\\/\"},{\"@type\":\"ListItem\",\"position\":3,\"name\":\"Patrimoine natural\",\"item\":\"https:\\\/\\\/www.ataunturismoa.eus\\\/eu\\\/ondarea\\\/ondare-naturala\\\/\"},{\"@type\":\"ListItem\",\"position\":4,\"name\":\"Eau\"}]},{\"@type\":\"WebSite\",\"@id\":\"https:\\\/\\\/www.ataunturismoa.eus\\\/eu\\\/#website\",\"url\":\"https:\\\/\\\/www.ataunturismoa.eus\\\/eu\\\/\",\"name\":\"Ataun Turismoa\",\"description\":\"\",\"potentialAction\":[{\"@type\":\"SearchAction\",\"target\":{\"@type\":\"EntryPoint\",\"urlTemplate\":\"https:\\\/\\\/www.ataunturismoa.eus\\\/eu\\\/?s={search_term_string}\"},\"query-input\":{\"@type\":\"PropertyValueSpecification\",\"valueRequired\":true,\"valueName\":\"search_term_string\"}}],\"inLanguage\":\"fr-FR\"}]}<\/script>\n<!-- \/ Yoast SEO plugin. -->","yoast_head_json":{"title":"Eau - Ataun Turismoa","robots":{"index":"index","follow":"follow","max-snippet":"max-snippet:-1","max-image-preview":"max-image-preview:large","max-video-preview":"max-video-preview:-1"},"canonical":"https:\/\/www.ataunturismoa.eus\/fr\/patrimoine\/patrimoine-natural\/eau\/","og_locale":"fr_FR","og_type":"article","og_title":"Eau - Ataun Turismoa","og_description":"La rivi\u00e8re Agauntza, na\u00eet \u00e0 Ataun et verse ses eaux \u00e0 la rivi\u00e8re Oria \u00e0 Beasain. Cette rivi\u00e8re, qui na\u00eet dans la r\u00e9gion de Lizarrusti et traverse les quinze kilom\u00e8tres qui longent le territoire d&rsquo;Ataun, recueille les eaux de nombreux ruisseaux et r\u00e9gates. En ce qui concerne l&rsquo;eau, outre l&rsquo;importance des aquif\u00e8res du dome d&rsquo;Ataun, [&hellip;]","og_url":"https:\/\/www.ataunturismoa.eus\/fr\/patrimoine\/patrimoine-natural\/eau\/","og_site_name":"Ataun Turismoa","og_image":[{"width":1200,"height":675,"url":"https:\/\/www.ataunturismoa.eus\/wp-content\/uploads\/2023\/08\/ura.jpeg","type":"image\/jpeg"}],"twitter_card":"summary_large_image","twitter_misc":{"Dur\u00e9e de lecture estim\u00e9e":"1 minute"},"schema":{"@context":"https:\/\/schema.org","@graph":[{"@type":"WebPage","@id":"https:\/\/www.ataunturismoa.eus\/fr\/patrimoine\/patrimoine-natural\/eau\/","url":"https:\/\/www.ataunturismoa.eus\/fr\/patrimoine\/patrimoine-natural\/eau\/","name":"Eau - Ataun Turismoa","isPartOf":{"@id":"https:\/\/www.ataunturismoa.eus\/eu\/#website"},"primaryImageOfPage":{"@id":"https:\/\/www.ataunturismoa.eus\/fr\/patrimoine\/patrimoine-natural\/eau\/#primaryimage"},"image":{"@id":"https:\/\/www.ataunturismoa.eus\/fr\/patrimoine\/patrimoine-natural\/eau\/#primaryimage"},"thumbnailUrl":"https:\/\/www.ataunturismoa.eus\/wp-content\/uploads\/2023\/08\/ura.jpeg","datePublished":"2023-11-05T20:34:31+00:00","breadcrumb":{"@id":"https:\/\/www.ataunturismoa.eus\/fr\/patrimoine\/patrimoine-natural\/eau\/#breadcrumb"},"inLanguage":"fr-FR","potentialAction":[{"@type":"ReadAction","target":["https:\/\/www.ataunturismoa.eus\/fr\/patrimoine\/patrimoine-natural\/eau\/"]}]},{"@type":"ImageObject","inLanguage":"fr-FR","@id":"https:\/\/www.ataunturismoa.eus\/fr\/patrimoine\/patrimoine-natural\/eau\/#primaryimage","url":"https:\/\/www.ataunturismoa.eus\/wp-content\/uploads\/2023\/08\/ura.jpeg","contentUrl":"https:\/\/www.ataunturismoa.eus\/wp-content\/uploads\/2023\/08\/ura.jpeg","width":1200,"height":675},{"@type":"BreadcrumbList","@id":"https:\/\/www.ataunturismoa.eus\/fr\/patrimoine\/patrimoine-natural\/eau\/#breadcrumb","itemListElement":[{"@type":"ListItem","position":1,"name":"Inicio","item":"https:\/\/www.ataunturismoa.eus\/fr\/"},{"@type":"ListItem","position":2,"name":"Patrimoine","item":"https:\/\/www.ataunturismoa.eus\/fr\/patrimoine\/"},{"@type":"ListItem","position":3,"name":"Patrimoine natural","item":"https:\/\/www.ataunturismoa.eus\/eu\/ondarea\/ondare-naturala\/"},{"@type":"ListItem","position":4,"name":"Eau"}]},{"@type":"WebSite","@id":"https:\/\/www.ataunturismoa.eus\/eu\/#website","url":"https:\/\/www.ataunturismoa.eus\/eu\/","name":"Ataun Turismoa","description":"","potentialAction":[{"@type":"SearchAction","target":{"@type":"EntryPoint","urlTemplate":"https:\/\/www.ataunturismoa.eus\/eu\/?s={search_term_string}"},"query-input":{"@type":"PropertyValueSpecification","valueRequired":true,"valueName":"search_term_string"}}],"inLanguage":"fr-FR"}]}},"_links":{"self":[{"href":"https:\/\/www.ataunturismoa.eus\/fr\/wp-json\/wp\/v2\/pages\/4930","targetHints":{"allow":["GET"]}}],"collection":[{"href":"https:\/\/www.ataunturismoa.eus\/fr\/wp-json\/wp\/v2\/pages"}],"about":[{"href":"https:\/\/www.ataunturismoa.eus\/fr\/wp-json\/wp\/v2\/types\/page"}],"author":[{"embeddable":true,"href":"https:\/\/www.ataunturismoa.eus\/fr\/wp-json\/wp\/v2\/users\/5"}],"replies":[{"embeddable":true,"href":"https:\/\/www.ataunturismoa.eus\/fr\/wp-json\/wp\/v2\/comments?post=4930"}],"version-history":[{"count":1,"href":"https:\/\/www.ataunturismoa.eus\/fr\/wp-json\/wp\/v2\/pages\/4930\/revisions"}],"predecessor-version":[{"id":4931,"href":"https:\/\/www.ataunturismoa.eus\/fr\/wp-json\/wp\/v2\/pages\/4930\/revisions\/4931"}],"up":[{"embeddable":true,"href":"https:\/\/www.ataunturismoa.eus\/fr\/wp-json\/wp\/v2\/pages\/2053"}],"wp:featuredmedia":[{"embeddable":true,"href":"https:\/\/www.ataunturismoa.eus\/fr\/wp-json\/wp\/v2\/media\/3595"}],"wp:attachment":[{"href":"https:\/\/www.ataunturismoa.eus\/fr\/wp-json\/wp\/v2\/media?parent=4930"}],"curies":[{"name":"wp","href":"https:\/\/api.w.org\/{rel}","templated":true}]}}