{"id":4928,"date":"2023-11-05T21:33:40","date_gmt":"2023-11-05T20:33:40","guid":{"rendered":"https:\/\/www.ataunturismoa.eus\/patrimoine\/patrimoine-natural\/paysage\/"},"modified":"2023-11-05T21:33:40","modified_gmt":"2023-11-05T20:33:40","slug":"paysage","status":"publish","type":"page","link":"https:\/\/www.ataunturismoa.eus\/fr\/patrimoine\/patrimoine-natural\/paysage\/","title":{"rendered":"Paysage"},"content":{"rendered":"\n<p>L&rsquo;\u00e9tendue et l&rsquo;orographie de pr\u00e8s de 60 km2 sont tr\u00e8s riches et ont des zones \u00e0 haute valeur paysag\u00e8re. Comme la municipalit\u00e9 d&rsquo;Ataun s&rsquo;\u00e9tend entre 180 et pr\u00e8s de 1000 m\u00e8tres d&rsquo;altitude, les zones de haute montagne sont combin\u00e9es avec le paysage rural. Nous pouvons trouver de vastes zones foresti\u00e8res, des p\u00e2turages ouverts, ainsi que des canyons et des rivi\u00e8res.<\/p>\n\n<p>Comme il s&rsquo;agit d&rsquo;une localit\u00e9 avec une faible superficie urbanis\u00e9e, Ataun offre la possibilit\u00e9 de profiter d&rsquo;une belle mosa\u00efque de paysages naturels et semi-naturels comme peu dans Gipuzkoa.<\/p>\n\n<p>Depuis quelques sommets d&rsquo;Ataun, vous pouvez \u00e9galement observer les sommets d&rsquo;Aralar, comme Aizkorri ou Beriain. Cela donne une grandeur suppl\u00e9mentaire \u00e0 la beaut\u00e9 naturelle de votre paysage.<\/p>\n","protected":false},"excerpt":{"rendered":"<p>L&rsquo;\u00e9tendue et l&rsquo;orographie de pr\u00e8s de 60 km2 sont tr\u00e8s riches et ont des zones \u00e0 haute valeur paysag\u00e8re. Comme la municipalit\u00e9 d&rsquo;Ataun s&rsquo;\u00e9tend entre 180 et pr\u00e8s de 1000 m\u00e8tres d&rsquo;altitude, les zones de haute montagne sont combin\u00e9es avec le paysage rural. Nous pouvons trouver de vastes zones foresti\u00e8res, des p\u00e2turages ouverts, ainsi que [&hellip;]<\/p>\n","protected":false},"author":5,"featured_media":3728,"parent":2053,"menu_order":0,"comment_status":"closed","ping_status":"closed","template":"page-templates\/page-rigth.php","meta":{"footnotes":""},"class_list":["post-4928","page","type-page","status-publish","has-post-thumbnail","hentry"],"acf":[],"yoast_head":"<!-- This site is optimized with the Yoast SEO plugin v27.6 - https:\/\/yoast.com\/product\/yoast-seo-wordpress\/ -->\n<title>Paysage - Ataun Turismoa<\/title>\n<meta name=\"robots\" content=\"index, follow, max-snippet:-1, max-image-preview:large, max-video-preview:-1\" \/>\n<link rel=\"canonical\" href=\"https:\/\/www.ataunturismoa.eus\/fr\/patrimoine\/patrimoine-natural\/paysage\/\" \/>\n<meta property=\"og:locale\" content=\"fr_FR\" \/>\n<meta property=\"og:type\" content=\"article\" \/>\n<meta property=\"og:title\" content=\"Paysage - Ataun Turismoa\" \/>\n<meta property=\"og:description\" content=\"L&rsquo;\u00e9tendue et l&rsquo;orographie de pr\u00e8s de 60 km2 sont tr\u00e8s riches et ont des zones \u00e0 haute valeur paysag\u00e8re. Comme la municipalit\u00e9 d&rsquo;Ataun s&rsquo;\u00e9tend entre 180 et pr\u00e8s de 1000 m\u00e8tres d&rsquo;altitude, les zones de haute montagne sont combin\u00e9es avec le paysage rural. Nous pouvons trouver de vastes zones foresti\u00e8res, des p\u00e2turages ouverts, ainsi que [&hellip;]\" \/>\n<meta property=\"og:url\" content=\"https:\/\/www.ataunturismoa.eus\/fr\/patrimoine\/patrimoine-natural\/paysage\/\" \/>\n<meta property=\"og:site_name\" content=\"Ataun Turismoa\" \/>\n<meta property=\"og:image\" content=\"https:\/\/www.ataunturismoa.eus\/wp-content\/uploads\/2023\/08\/paisaia.jpg\" \/>\n\t<meta property=\"og:image:width\" content=\"1200\" \/>\n\t<meta property=\"og:image:height\" content=\"675\" \/>\n\t<meta property=\"og:image:type\" content=\"image\/jpeg\" \/>\n<meta name=\"twitter:card\" content=\"summary_large_image\" \/>\n<meta name=\"twitter:label1\" content=\"Dur\u00e9e de lecture estim\u00e9e\" \/>\n\t<meta name=\"twitter:data1\" content=\"1 minute\" \/>\n<script type=\"application\/ld+json\" class=\"yoast-schema-graph\">{\"@context\":\"https:\\\/\\\/schema.org\",\"@graph\":[{\"@type\":\"WebPage\",\"@id\":\"https:\\\/\\\/www.ataunturismoa.eus\\\/fr\\\/patrimoine\\\/patrimoine-natural\\\/paysage\\\/\",\"url\":\"https:\\\/\\\/www.ataunturismoa.eus\\\/fr\\\/patrimoine\\\/patrimoine-natural\\\/paysage\\\/\",\"name\":\"Paysage - Ataun Turismoa\",\"isPartOf\":{\"@id\":\"https:\\\/\\\/www.ataunturismoa.eus\\\/eu\\\/#website\"},\"primaryImageOfPage\":{\"@id\":\"https:\\\/\\\/www.ataunturismoa.eus\\\/fr\\\/patrimoine\\\/patrimoine-natural\\\/paysage\\\/#primaryimage\"},\"image\":{\"@id\":\"https:\\\/\\\/www.ataunturismoa.eus\\\/fr\\\/patrimoine\\\/patrimoine-natural\\\/paysage\\\/#primaryimage\"},\"thumbnailUrl\":\"https:\\\/\\\/www.ataunturismoa.eus\\\/wp-content\\\/uploads\\\/2023\\\/08\\\/paisaia.jpg\",\"datePublished\":\"2023-11-05T20:33:40+00:00\",\"breadcrumb\":{\"@id\":\"https:\\\/\\\/www.ataunturismoa.eus\\\/fr\\\/patrimoine\\\/patrimoine-natural\\\/paysage\\\/#breadcrumb\"},\"inLanguage\":\"fr-FR\",\"potentialAction\":[{\"@type\":\"ReadAction\",\"target\":[\"https:\\\/\\\/www.ataunturismoa.eus\\\/fr\\\/patrimoine\\\/patrimoine-natural\\\/paysage\\\/\"]}]},{\"@type\":\"ImageObject\",\"inLanguage\":\"fr-FR\",\"@id\":\"https:\\\/\\\/www.ataunturismoa.eus\\\/fr\\\/patrimoine\\\/patrimoine-natural\\\/paysage\\\/#primaryimage\",\"url\":\"https:\\\/\\\/www.ataunturismoa.eus\\\/wp-content\\\/uploads\\\/2023\\\/08\\\/paisaia.jpg\",\"contentUrl\":\"https:\\\/\\\/www.ataunturismoa.eus\\\/wp-content\\\/uploads\\\/2023\\\/08\\\/paisaia.jpg\",\"width\":1200,\"height\":675},{\"@type\":\"BreadcrumbList\",\"@id\":\"https:\\\/\\\/www.ataunturismoa.eus\\\/fr\\\/patrimoine\\\/patrimoine-natural\\\/paysage\\\/#breadcrumb\",\"itemListElement\":[{\"@type\":\"ListItem\",\"position\":1,\"name\":\"Inicio\",\"item\":\"https:\\\/\\\/www.ataunturismoa.eus\\\/fr\\\/\"},{\"@type\":\"ListItem\",\"position\":2,\"name\":\"Patrimoine\",\"item\":\"https:\\\/\\\/www.ataunturismoa.eus\\\/fr\\\/patrimoine\\\/\"},{\"@type\":\"ListItem\",\"position\":3,\"name\":\"Patrimoine natural\",\"item\":\"https:\\\/\\\/www.ataunturismoa.eus\\\/eu\\\/ondarea\\\/ondare-naturala\\\/\"},{\"@type\":\"ListItem\",\"position\":4,\"name\":\"Paysage\"}]},{\"@type\":\"WebSite\",\"@id\":\"https:\\\/\\\/www.ataunturismoa.eus\\\/eu\\\/#website\",\"url\":\"https:\\\/\\\/www.ataunturismoa.eus\\\/eu\\\/\",\"name\":\"Ataun Turismoa\",\"description\":\"\",\"potentialAction\":[{\"@type\":\"SearchAction\",\"target\":{\"@type\":\"EntryPoint\",\"urlTemplate\":\"https:\\\/\\\/www.ataunturismoa.eus\\\/eu\\\/?s={search_term_string}\"},\"query-input\":{\"@type\":\"PropertyValueSpecification\",\"valueRequired\":true,\"valueName\":\"search_term_string\"}}],\"inLanguage\":\"fr-FR\"}]}<\/script>\n<!-- \/ Yoast SEO plugin. -->","yoast_head_json":{"title":"Paysage - Ataun Turismoa","robots":{"index":"index","follow":"follow","max-snippet":"max-snippet:-1","max-image-preview":"max-image-preview:large","max-video-preview":"max-video-preview:-1"},"canonical":"https:\/\/www.ataunturismoa.eus\/fr\/patrimoine\/patrimoine-natural\/paysage\/","og_locale":"fr_FR","og_type":"article","og_title":"Paysage - Ataun Turismoa","og_description":"L&rsquo;\u00e9tendue et l&rsquo;orographie de pr\u00e8s de 60 km2 sont tr\u00e8s riches et ont des zones \u00e0 haute valeur paysag\u00e8re. Comme la municipalit\u00e9 d&rsquo;Ataun s&rsquo;\u00e9tend entre 180 et pr\u00e8s de 1000 m\u00e8tres d&rsquo;altitude, les zones de haute montagne sont combin\u00e9es avec le paysage rural. Nous pouvons trouver de vastes zones foresti\u00e8res, des p\u00e2turages ouverts, ainsi que [&hellip;]","og_url":"https:\/\/www.ataunturismoa.eus\/fr\/patrimoine\/patrimoine-natural\/paysage\/","og_site_name":"Ataun Turismoa","og_image":[{"width":1200,"height":675,"url":"https:\/\/www.ataunturismoa.eus\/wp-content\/uploads\/2023\/08\/paisaia.jpg","type":"image\/jpeg"}],"twitter_card":"summary_large_image","twitter_misc":{"Dur\u00e9e de lecture estim\u00e9e":"1 minute"},"schema":{"@context":"https:\/\/schema.org","@graph":[{"@type":"WebPage","@id":"https:\/\/www.ataunturismoa.eus\/fr\/patrimoine\/patrimoine-natural\/paysage\/","url":"https:\/\/www.ataunturismoa.eus\/fr\/patrimoine\/patrimoine-natural\/paysage\/","name":"Paysage - Ataun Turismoa","isPartOf":{"@id":"https:\/\/www.ataunturismoa.eus\/eu\/#website"},"primaryImageOfPage":{"@id":"https:\/\/www.ataunturismoa.eus\/fr\/patrimoine\/patrimoine-natural\/paysage\/#primaryimage"},"image":{"@id":"https:\/\/www.ataunturismoa.eus\/fr\/patrimoine\/patrimoine-natural\/paysage\/#primaryimage"},"thumbnailUrl":"https:\/\/www.ataunturismoa.eus\/wp-content\/uploads\/2023\/08\/paisaia.jpg","datePublished":"2023-11-05T20:33:40+00:00","breadcrumb":{"@id":"https:\/\/www.ataunturismoa.eus\/fr\/patrimoine\/patrimoine-natural\/paysage\/#breadcrumb"},"inLanguage":"fr-FR","potentialAction":[{"@type":"ReadAction","target":["https:\/\/www.ataunturismoa.eus\/fr\/patrimoine\/patrimoine-natural\/paysage\/"]}]},{"@type":"ImageObject","inLanguage":"fr-FR","@id":"https:\/\/www.ataunturismoa.eus\/fr\/patrimoine\/patrimoine-natural\/paysage\/#primaryimage","url":"https:\/\/www.ataunturismoa.eus\/wp-content\/uploads\/2023\/08\/paisaia.jpg","contentUrl":"https:\/\/www.ataunturismoa.eus\/wp-content\/uploads\/2023\/08\/paisaia.jpg","width":1200,"height":675},{"@type":"BreadcrumbList","@id":"https:\/\/www.ataunturismoa.eus\/fr\/patrimoine\/patrimoine-natural\/paysage\/#breadcrumb","itemListElement":[{"@type":"ListItem","position":1,"name":"Inicio","item":"https:\/\/www.ataunturismoa.eus\/fr\/"},{"@type":"ListItem","position":2,"name":"Patrimoine","item":"https:\/\/www.ataunturismoa.eus\/fr\/patrimoine\/"},{"@type":"ListItem","position":3,"name":"Patrimoine natural","item":"https:\/\/www.ataunturismoa.eus\/eu\/ondarea\/ondare-naturala\/"},{"@type":"ListItem","position":4,"name":"Paysage"}]},{"@type":"WebSite","@id":"https:\/\/www.ataunturismoa.eus\/eu\/#website","url":"https:\/\/www.ataunturismoa.eus\/eu\/","name":"Ataun Turismoa","description":"","potentialAction":[{"@type":"SearchAction","target":{"@type":"EntryPoint","urlTemplate":"https:\/\/www.ataunturismoa.eus\/eu\/?s={search_term_string}"},"query-input":{"@type":"PropertyValueSpecification","valueRequired":true,"valueName":"search_term_string"}}],"inLanguage":"fr-FR"}]}},"_links":{"self":[{"href":"https:\/\/www.ataunturismoa.eus\/fr\/wp-json\/wp\/v2\/pages\/4928","targetHints":{"allow":["GET"]}}],"collection":[{"href":"https:\/\/www.ataunturismoa.eus\/fr\/wp-json\/wp\/v2\/pages"}],"about":[{"href":"https:\/\/www.ataunturismoa.eus\/fr\/wp-json\/wp\/v2\/types\/page"}],"author":[{"embeddable":true,"href":"https:\/\/www.ataunturismoa.eus\/fr\/wp-json\/wp\/v2\/users\/5"}],"replies":[{"embeddable":true,"href":"https:\/\/www.ataunturismoa.eus\/fr\/wp-json\/wp\/v2\/comments?post=4928"}],"version-history":[{"count":1,"href":"https:\/\/www.ataunturismoa.eus\/fr\/wp-json\/wp\/v2\/pages\/4928\/revisions"}],"predecessor-version":[{"id":4929,"href":"https:\/\/www.ataunturismoa.eus\/fr\/wp-json\/wp\/v2\/pages\/4928\/revisions\/4929"}],"up":[{"embeddable":true,"href":"https:\/\/www.ataunturismoa.eus\/fr\/wp-json\/wp\/v2\/pages\/2053"}],"wp:featuredmedia":[{"embeddable":true,"href":"https:\/\/www.ataunturismoa.eus\/fr\/wp-json\/wp\/v2\/media\/3728"}],"wp:attachment":[{"href":"https:\/\/www.ataunturismoa.eus\/fr\/wp-json\/wp\/v2\/media?parent=4928"}],"curies":[{"name":"wp","href":"https:\/\/api.w.org\/{rel}","templated":true}]}}