{"id":4924,"date":"2023-11-05T21:32:38","date_gmt":"2023-11-05T20:32:38","guid":{"rendered":"https:\/\/www.ataunturismoa.eus\/patrimoine\/patrimoine-natural\/flore-et-faune\/"},"modified":"2023-11-05T21:32:39","modified_gmt":"2023-11-05T20:32:39","slug":"flore-et-faune","status":"publish","type":"page","link":"https:\/\/www.ataunturismoa.eus\/fr\/patrimoine\/patrimoine-natural\/flore-et-faune\/","title":{"rendered":"Flore et faune"},"content":{"rendered":"\n<p>Les esp\u00e8ces de faune et de flore qui se trouvent dans ce relief accident\u00e9, rempli de contrastes, abondent.<\/p>\n\n<p>Quant \u00e0 la v\u00e9g\u00e9tation, les h\u00eatres sont les for\u00eats les plus \u00e9tendues \u00e0 Ataun. Entre certaines zones du Domo, dans la r\u00e9gion de Marumendi et dans la zone qui va de Lizarrusti au mont Aitxu, on atteint 36 % de la municipalit\u00e9. Le h\u00eatre (Fagus sylvatica) pr\u00e9domine dans ces for\u00eats, bien que les teintures (Taxus baccata) et les ac\u00e9bos (Ilex aquifolium) soient \u00e9galement altern\u00e9es. \u00c9tant donn\u00e9 qu\u2019une grande partie de ces h\u00eatres sont situ\u00e9s dans des terres acides qui fournissent des gr\u00e8s, ils sont consid\u00e9r\u00e9s comme des habitats d\u2019int\u00e9r\u00eat europ\u00e9en (h\u00eatres acidophiles atlantiques).<\/p>\n\n<p>De m\u00eame, l\u2019enrubannage cantabrique que l\u2019on peut trouver aussi bien dans les marges du D\u00f4me que dans certaines zones voisines est un habitat d\u2019int\u00e9r\u00eat europ\u00e9en. Ces for\u00eats domin\u00e9es par le ch\u00eane (Quercus ilex) ne sont pas caract\u00e9ristiques du versant cantabrique, car le ch\u00eane est une sorte de for\u00eat m\u00e9diterran\u00e9enne.<\/p>\n\n<p>En outre, il y a aussi des auvents, des ch\u00eanes-li\u00e8ges et des for\u00eats mixtes entre zones rurales et zones de haute altitude. On y trouve de nombreuses esp\u00e8ces herbac\u00e9es, arbustives et arborescentes: argousier blanc (Crataegus monogyna), argousier noir (Prunus spinosa), tilleul (Tilia platyphyllo), noisette (Corylus avellana), cerisier (Prunus spinosa), fr\u00eane (Fraxo, Excel), etc.<\/p>\n\n<p>Par ailleurs, la valeur des p\u00e2turages, des herbages et des langoustines situ\u00e9s \u00e0 la fois dans la r\u00e9gion montagneuse et dans les vall\u00e9es basses, o\u00f9 l\u2019on peut trouver une grande diversit\u00e9 de flore, est \u00e9galement remarquable. Par exemple, les narcisses (Narcissus asturiensis) qui poussent dans des prairies de haute montagne ou des orchid\u00e9es de prairies de moisson comme Anacamptis pyramidalis sont spectaculaires.<\/p>\n\n<p>La diversit\u00e9 des vert\u00e9br\u00e9s et des invert\u00e9br\u00e9s est \u00e9galement importante. En raison de leur niveau de protection, les oiseaux et les chauves-souris constituent les groupes les plus importants. Les roquettes du Domo offrent une excellente protection pour les pr\u00e9dateurs et les carrossiers comme l&rsquo;alimoche (Neophron percnopterus), le hibou royal (Bubo bubo), le faucon p\u00e8lerin (Falco peregrinus) et le vautre l\u00e9on\u00e9 (Gyps fulvus). D&rsquo;autre part, tant en milieu rural qu&rsquo;\u00e0 proximit\u00e9 des cours d&rsquo;eau, il est courant de voir des esp\u00e8ces comme le milano rouge (Milvus milvus), la griffe (Ardea cinerea) ou le myrtille aquatique (Cinclus cinclus).<\/p>\n\n<p>Les chauves-souris qui se cachent dans les grottes d&rsquo;Ataun, dans les fentes des rochers et des arbres, et dans les b\u00e2timents m\u00e9ritent \u00e9galement une mention sp\u00e9ciale. Sur les 27 esp\u00e8ces de chauves-souris du Pays Basque, au moins 16 esp\u00e8ces peuvent \u00eatre trouv\u00e9es \u00e0 diff\u00e9rentes \u00e9poques de l&rsquo;ann\u00e9e \u00e0 Ataun. Les plus connus sont la grande chauve-souris de fer \u00e0 cheval des grottes (Rhinolophus ferrumequinum) et le petit (Rhinolophus hipposidero), mais vous pouvez \u00e9galement trouver la chauve-souris de for\u00eat (Barbastella barbastellus) qui est en danger d&rsquo;extinction et qui habite dans les for\u00eats luxuriantes d&rsquo;Ataun.<\/p>\n\n<p>La rivi\u00e8re Agauntza qui traverse la localit\u00e9 est un lieu de grande valeur pour la biodiversit\u00e9. \u00c9tant donn\u00e9 que les stocks de vison europ\u00e9en (Mustela lutreola) et de d\u00e9man (Galemys pyrenaicus) ont \u00e9t\u00e9 perdus au cours des derni\u00e8res d\u00e9cennies, la protection et l\u2019am\u00e9lioration de la rivi\u00e8re sont essentielles \u00e0 la fois pour la r\u00e9cup\u00e9ration de ces esp\u00e8ces et pour la protection d\u2019autres \u00eatres vivants associ\u00e9s \u00e0 ces habitats comme la truite (Salmo trutta).&#13;\n<\/p>\n","protected":false},"excerpt":{"rendered":"<p>Les esp\u00e8ces de faune et de flore qui se trouvent dans ce relief accident\u00e9, rempli de contrastes, abondent. Quant \u00e0 la v\u00e9g\u00e9tation, les h\u00eatres sont les for\u00eats les plus \u00e9tendues \u00e0 Ataun. Entre certaines zones du Domo, dans la r\u00e9gion de Marumendi et dans la zone qui va de Lizarrusti au mont Aitxu, on atteint [&hellip;]<\/p>\n","protected":false},"author":5,"featured_media":3590,"parent":2053,"menu_order":0,"comment_status":"closed","ping_status":"closed","template":"page-templates\/page-rigth.php","meta":{"footnotes":""},"class_list":["post-4924","page","type-page","status-publish","has-post-thumbnail","hentry"],"acf":[],"yoast_head":"<!-- This site is optimized with the Yoast SEO plugin v27.5 - https:\/\/yoast.com\/product\/yoast-seo-wordpress\/ -->\n<title>Flore et faune - Ataun Turismoa<\/title>\n<meta name=\"robots\" content=\"index, follow, max-snippet:-1, max-image-preview:large, max-video-preview:-1\" \/>\n<link rel=\"canonical\" href=\"https:\/\/www.ataunturismoa.eus\/fr\/patrimoine\/patrimoine-natural\/flore-et-faune\/\" \/>\n<meta property=\"og:locale\" content=\"fr_FR\" \/>\n<meta property=\"og:type\" content=\"article\" \/>\n<meta property=\"og:title\" content=\"Flore et faune - Ataun Turismoa\" \/>\n<meta property=\"og:description\" content=\"Les esp\u00e8ces de faune et de flore qui se trouvent dans ce relief accident\u00e9, rempli de contrastes, abondent. Quant \u00e0 la v\u00e9g\u00e9tation, les h\u00eatres sont les for\u00eats les plus \u00e9tendues \u00e0 Ataun. Entre certaines zones du Domo, dans la r\u00e9gion de Marumendi et dans la zone qui va de Lizarrusti au mont Aitxu, on atteint [&hellip;]\" \/>\n<meta property=\"og:url\" content=\"https:\/\/www.ataunturismoa.eus\/fr\/patrimoine\/patrimoine-natural\/flore-et-faune\/\" \/>\n<meta property=\"og:site_name\" content=\"Ataun Turismoa\" \/>\n<meta property=\"article:modified_time\" content=\"2023-11-05T20:32:39+00:00\" \/>\n<meta property=\"og:image\" content=\"https:\/\/www.ataunturismoa.eus\/wp-content\/uploads\/2023\/08\/flora.jpeg\" \/>\n\t<meta property=\"og:image:width\" content=\"1200\" \/>\n\t<meta property=\"og:image:height\" content=\"675\" \/>\n\t<meta property=\"og:image:type\" content=\"image\/jpeg\" \/>\n<meta name=\"twitter:card\" content=\"summary_large_image\" \/>\n<meta name=\"twitter:label1\" content=\"Dur\u00e9e de lecture estim\u00e9e\" \/>\n\t<meta name=\"twitter:data1\" content=\"3 minutes\" \/>\n<script type=\"application\/ld+json\" class=\"yoast-schema-graph\">{\"@context\":\"https:\\\/\\\/schema.org\",\"@graph\":[{\"@type\":\"WebPage\",\"@id\":\"https:\\\/\\\/www.ataunturismoa.eus\\\/fr\\\/patrimoine\\\/patrimoine-natural\\\/flore-et-faune\\\/\",\"url\":\"https:\\\/\\\/www.ataunturismoa.eus\\\/fr\\\/patrimoine\\\/patrimoine-natural\\\/flore-et-faune\\\/\",\"name\":\"Flore et faune - Ataun Turismoa\",\"isPartOf\":{\"@id\":\"https:\\\/\\\/www.ataunturismoa.eus\\\/eu\\\/#website\"},\"primaryImageOfPage\":{\"@id\":\"https:\\\/\\\/www.ataunturismoa.eus\\\/fr\\\/patrimoine\\\/patrimoine-natural\\\/flore-et-faune\\\/#primaryimage\"},\"image\":{\"@id\":\"https:\\\/\\\/www.ataunturismoa.eus\\\/fr\\\/patrimoine\\\/patrimoine-natural\\\/flore-et-faune\\\/#primaryimage\"},\"thumbnailUrl\":\"https:\\\/\\\/www.ataunturismoa.eus\\\/wp-content\\\/uploads\\\/2023\\\/08\\\/flora.jpeg\",\"datePublished\":\"2023-11-05T20:32:38+00:00\",\"dateModified\":\"2023-11-05T20:32:39+00:00\",\"breadcrumb\":{\"@id\":\"https:\\\/\\\/www.ataunturismoa.eus\\\/fr\\\/patrimoine\\\/patrimoine-natural\\\/flore-et-faune\\\/#breadcrumb\"},\"inLanguage\":\"fr-FR\",\"potentialAction\":[{\"@type\":\"ReadAction\",\"target\":[\"https:\\\/\\\/www.ataunturismoa.eus\\\/fr\\\/patrimoine\\\/patrimoine-natural\\\/flore-et-faune\\\/\"]}]},{\"@type\":\"ImageObject\",\"inLanguage\":\"fr-FR\",\"@id\":\"https:\\\/\\\/www.ataunturismoa.eus\\\/fr\\\/patrimoine\\\/patrimoine-natural\\\/flore-et-faune\\\/#primaryimage\",\"url\":\"https:\\\/\\\/www.ataunturismoa.eus\\\/wp-content\\\/uploads\\\/2023\\\/08\\\/flora.jpeg\",\"contentUrl\":\"https:\\\/\\\/www.ataunturismoa.eus\\\/wp-content\\\/uploads\\\/2023\\\/08\\\/flora.jpeg\",\"width\":1200,\"height\":675},{\"@type\":\"BreadcrumbList\",\"@id\":\"https:\\\/\\\/www.ataunturismoa.eus\\\/fr\\\/patrimoine\\\/patrimoine-natural\\\/flore-et-faune\\\/#breadcrumb\",\"itemListElement\":[{\"@type\":\"ListItem\",\"position\":1,\"name\":\"Inicio\",\"item\":\"https:\\\/\\\/www.ataunturismoa.eus\\\/fr\\\/\"},{\"@type\":\"ListItem\",\"position\":2,\"name\":\"Patrimoine\",\"item\":\"https:\\\/\\\/www.ataunturismoa.eus\\\/fr\\\/patrimoine\\\/\"},{\"@type\":\"ListItem\",\"position\":3,\"name\":\"Patrimoine natural\",\"item\":\"https:\\\/\\\/www.ataunturismoa.eus\\\/eu\\\/ondarea\\\/ondare-naturala\\\/\"},{\"@type\":\"ListItem\",\"position\":4,\"name\":\"Flore et faune\"}]},{\"@type\":\"WebSite\",\"@id\":\"https:\\\/\\\/www.ataunturismoa.eus\\\/eu\\\/#website\",\"url\":\"https:\\\/\\\/www.ataunturismoa.eus\\\/eu\\\/\",\"name\":\"Ataun Turismoa\",\"description\":\"\",\"potentialAction\":[{\"@type\":\"SearchAction\",\"target\":{\"@type\":\"EntryPoint\",\"urlTemplate\":\"https:\\\/\\\/www.ataunturismoa.eus\\\/eu\\\/?s={search_term_string}\"},\"query-input\":{\"@type\":\"PropertyValueSpecification\",\"valueRequired\":true,\"valueName\":\"search_term_string\"}}],\"inLanguage\":\"fr-FR\"}]}<\/script>\n<!-- \/ Yoast SEO plugin. -->","yoast_head_json":{"title":"Flore et faune - Ataun Turismoa","robots":{"index":"index","follow":"follow","max-snippet":"max-snippet:-1","max-image-preview":"max-image-preview:large","max-video-preview":"max-video-preview:-1"},"canonical":"https:\/\/www.ataunturismoa.eus\/fr\/patrimoine\/patrimoine-natural\/flore-et-faune\/","og_locale":"fr_FR","og_type":"article","og_title":"Flore et faune - Ataun Turismoa","og_description":"Les esp\u00e8ces de faune et de flore qui se trouvent dans ce relief accident\u00e9, rempli de contrastes, abondent. Quant \u00e0 la v\u00e9g\u00e9tation, les h\u00eatres sont les for\u00eats les plus \u00e9tendues \u00e0 Ataun. Entre certaines zones du Domo, dans la r\u00e9gion de Marumendi et dans la zone qui va de Lizarrusti au mont Aitxu, on atteint [&hellip;]","og_url":"https:\/\/www.ataunturismoa.eus\/fr\/patrimoine\/patrimoine-natural\/flore-et-faune\/","og_site_name":"Ataun Turismoa","article_modified_time":"2023-11-05T20:32:39+00:00","og_image":[{"width":1200,"height":675,"url":"https:\/\/www.ataunturismoa.eus\/wp-content\/uploads\/2023\/08\/flora.jpeg","type":"image\/jpeg"}],"twitter_card":"summary_large_image","twitter_misc":{"Dur\u00e9e de lecture estim\u00e9e":"3 minutes"},"schema":{"@context":"https:\/\/schema.org","@graph":[{"@type":"WebPage","@id":"https:\/\/www.ataunturismoa.eus\/fr\/patrimoine\/patrimoine-natural\/flore-et-faune\/","url":"https:\/\/www.ataunturismoa.eus\/fr\/patrimoine\/patrimoine-natural\/flore-et-faune\/","name":"Flore et faune - Ataun Turismoa","isPartOf":{"@id":"https:\/\/www.ataunturismoa.eus\/eu\/#website"},"primaryImageOfPage":{"@id":"https:\/\/www.ataunturismoa.eus\/fr\/patrimoine\/patrimoine-natural\/flore-et-faune\/#primaryimage"},"image":{"@id":"https:\/\/www.ataunturismoa.eus\/fr\/patrimoine\/patrimoine-natural\/flore-et-faune\/#primaryimage"},"thumbnailUrl":"https:\/\/www.ataunturismoa.eus\/wp-content\/uploads\/2023\/08\/flora.jpeg","datePublished":"2023-11-05T20:32:38+00:00","dateModified":"2023-11-05T20:32:39+00:00","breadcrumb":{"@id":"https:\/\/www.ataunturismoa.eus\/fr\/patrimoine\/patrimoine-natural\/flore-et-faune\/#breadcrumb"},"inLanguage":"fr-FR","potentialAction":[{"@type":"ReadAction","target":["https:\/\/www.ataunturismoa.eus\/fr\/patrimoine\/patrimoine-natural\/flore-et-faune\/"]}]},{"@type":"ImageObject","inLanguage":"fr-FR","@id":"https:\/\/www.ataunturismoa.eus\/fr\/patrimoine\/patrimoine-natural\/flore-et-faune\/#primaryimage","url":"https:\/\/www.ataunturismoa.eus\/wp-content\/uploads\/2023\/08\/flora.jpeg","contentUrl":"https:\/\/www.ataunturismoa.eus\/wp-content\/uploads\/2023\/08\/flora.jpeg","width":1200,"height":675},{"@type":"BreadcrumbList","@id":"https:\/\/www.ataunturismoa.eus\/fr\/patrimoine\/patrimoine-natural\/flore-et-faune\/#breadcrumb","itemListElement":[{"@type":"ListItem","position":1,"name":"Inicio","item":"https:\/\/www.ataunturismoa.eus\/fr\/"},{"@type":"ListItem","position":2,"name":"Patrimoine","item":"https:\/\/www.ataunturismoa.eus\/fr\/patrimoine\/"},{"@type":"ListItem","position":3,"name":"Patrimoine natural","item":"https:\/\/www.ataunturismoa.eus\/eu\/ondarea\/ondare-naturala\/"},{"@type":"ListItem","position":4,"name":"Flore et faune"}]},{"@type":"WebSite","@id":"https:\/\/www.ataunturismoa.eus\/eu\/#website","url":"https:\/\/www.ataunturismoa.eus\/eu\/","name":"Ataun Turismoa","description":"","potentialAction":[{"@type":"SearchAction","target":{"@type":"EntryPoint","urlTemplate":"https:\/\/www.ataunturismoa.eus\/eu\/?s={search_term_string}"},"query-input":{"@type":"PropertyValueSpecification","valueRequired":true,"valueName":"search_term_string"}}],"inLanguage":"fr-FR"}]}},"_links":{"self":[{"href":"https:\/\/www.ataunturismoa.eus\/fr\/wp-json\/wp\/v2\/pages\/4924","targetHints":{"allow":["GET"]}}],"collection":[{"href":"https:\/\/www.ataunturismoa.eus\/fr\/wp-json\/wp\/v2\/pages"}],"about":[{"href":"https:\/\/www.ataunturismoa.eus\/fr\/wp-json\/wp\/v2\/types\/page"}],"author":[{"embeddable":true,"href":"https:\/\/www.ataunturismoa.eus\/fr\/wp-json\/wp\/v2\/users\/5"}],"replies":[{"embeddable":true,"href":"https:\/\/www.ataunturismoa.eus\/fr\/wp-json\/wp\/v2\/comments?post=4924"}],"version-history":[{"count":1,"href":"https:\/\/www.ataunturismoa.eus\/fr\/wp-json\/wp\/v2\/pages\/4924\/revisions"}],"predecessor-version":[{"id":4925,"href":"https:\/\/www.ataunturismoa.eus\/fr\/wp-json\/wp\/v2\/pages\/4924\/revisions\/4925"}],"up":[{"embeddable":true,"href":"https:\/\/www.ataunturismoa.eus\/fr\/wp-json\/wp\/v2\/pages\/2053"}],"wp:featuredmedia":[{"embeddable":true,"href":"https:\/\/www.ataunturismoa.eus\/fr\/wp-json\/wp\/v2\/media\/3590"}],"wp:attachment":[{"href":"https:\/\/www.ataunturismoa.eus\/fr\/wp-json\/wp\/v2\/media?parent=4924"}],"curies":[{"name":"wp","href":"https:\/\/api.w.org\/{rel}","templated":true}]}}