{"id":4922,"date":"2023-11-05T21:30:48","date_gmt":"2023-11-05T20:30:48","guid":{"rendered":"https:\/\/www.ataunturismoa.eus\/patrimoine\/patrimoine-natural\/le-dome-dataun\/"},"modified":"2023-11-05T21:30:48","modified_gmt":"2023-11-05T20:30:48","slug":"le-dome-dataun","status":"publish","type":"page","link":"https:\/\/www.ataunturismoa.eus\/fr\/patrimoine\/patrimoine-natural\/le-dome-dataun\/","title":{"rendered":"Le dome d&rsquo;Ataun"},"content":{"rendered":"\n<p>Le dome d&rsquo;Ataun est l&rsquo;une des structures les plus singuli\u00e8res du point de vue g\u00e9ologique. L&rsquo;accumulation de diff\u00e9rents mat\u00e9riaux dans la mer tropicale il y a des millions d&rsquo;ann\u00e9es a provoqu\u00e9 l&rsquo;accumulation de roches calcaires entre les rochers argileux. Lorsque la plaque ib\u00e9rique a heurt\u00e9 la plaque europ\u00e9enne, tous ces mat\u00e9riaux ont commenc\u00e9 \u00e0 se d\u00e9former et \u00e0 s&rsquo;\u00e9lever. Dans le cas du dome d&rsquo;Ataun, il y a eu une interf\u00e9rence entre deux plis, d\u00e9formant les rochers en forme de d\u00f4me. En raison d&rsquo;un long processus d&rsquo;\u00e9rosion qui a dur\u00e9 jusqu&rsquo;\u00e0 pr\u00e9sent, ces mat\u00e9riaux ont \u00e9t\u00e9 transform\u00e9s pour atteindre le relief actuel. Les mat\u00e9riaux argileux sont plus souples, ce qui fait ressortir les calcaires dans le paysage, en particulier dans les rochers du bord du D\u00f4me.<\/p>\n\n<p>La zone connue dans la localit\u00e9 comme Aitzarte, comme son nom l&rsquo;indique, d\u00e9signe les terrains qui s&rsquo;\u00e9tendent \u00e0 l&rsquo;int\u00e9rieur des rochers de Domo. Autour de vous, nous pouvons identifier les principaux sommets de la couronne du D\u00f4me: Jentilbaratza, Aizkoate, Intzartzu, Arastortz, Agautz, Leizadi, Asundi et les Mallos de Loibe, entre autres. Les ruisseaux qui naissent \u00e0 Aitzarte et qui ont \u00e9rod\u00e9 le bord du D\u00f4me en deux points formant les canyons d&rsquo;Aitzarte et de Kobatxo.<\/p>\n\n<p>L&rsquo;\u00e9rosion par dissolution de l&rsquo;eau dans ces rochers calcaires a g\u00e9n\u00e9r\u00e9 un \u00e9norme r\u00e9seau de cavit\u00e9s. C\u2019est pourquoi plus de 200 grottes et simas ont d\u00e9j\u00e0 \u00e9t\u00e9 identifi\u00e9s dans le D\u00f4me. Ces cavit\u00e9s forment un \u00e9norme r\u00e9seau de galeries de milliers de m\u00e8tres dans le sous-sol. Les aquif\u00e8res existants sont \u00e9galement d&rsquo;une grande importance en raison de l&rsquo;approvisionnement de nombreux cours d&rsquo;eau et sources de la municipalit\u00e9.<\/p>\n","protected":false},"excerpt":{"rendered":"<p>Le dome d&rsquo;Ataun est l&rsquo;une des structures les plus singuli\u00e8res du point de vue g\u00e9ologique. L&rsquo;accumulation de diff\u00e9rents mat\u00e9riaux dans la mer tropicale il y a des millions d&rsquo;ann\u00e9es a provoqu\u00e9 l&rsquo;accumulation de roches calcaires entre les rochers argileux. Lorsque la plaque ib\u00e9rique a heurt\u00e9 la plaque europ\u00e9enne, tous ces mat\u00e9riaux ont commenc\u00e9 \u00e0 se [&hellip;]<\/p>\n","protected":false},"author":5,"featured_media":3580,"parent":2053,"menu_order":0,"comment_status":"closed","ping_status":"closed","template":"page-templates\/page-rigth.php","meta":{"footnotes":""},"class_list":["post-4922","page","type-page","status-publish","has-post-thumbnail","hentry"],"acf":[],"yoast_head":"<!-- This site is optimized with the Yoast SEO plugin v27.5 - https:\/\/yoast.com\/product\/yoast-seo-wordpress\/ -->\n<title>Le dome d&#039;Ataun - Ataun Turismoa<\/title>\n<meta name=\"robots\" content=\"index, follow, max-snippet:-1, max-image-preview:large, max-video-preview:-1\" \/>\n<link rel=\"canonical\" href=\"https:\/\/www.ataunturismoa.eus\/fr\/patrimoine\/patrimoine-natural\/le-dome-dataun\/\" \/>\n<meta property=\"og:locale\" content=\"fr_FR\" \/>\n<meta property=\"og:type\" content=\"article\" \/>\n<meta property=\"og:title\" content=\"Le dome d&#039;Ataun - Ataun Turismoa\" \/>\n<meta property=\"og:description\" content=\"Le dome d&rsquo;Ataun est l&rsquo;une des structures les plus singuli\u00e8res du point de vue g\u00e9ologique. L&rsquo;accumulation de diff\u00e9rents mat\u00e9riaux dans la mer tropicale il y a des millions d&rsquo;ann\u00e9es a provoqu\u00e9 l&rsquo;accumulation de roches calcaires entre les rochers argileux. Lorsque la plaque ib\u00e9rique a heurt\u00e9 la plaque europ\u00e9enne, tous ces mat\u00e9riaux ont commenc\u00e9 \u00e0 se [&hellip;]\" \/>\n<meta property=\"og:url\" content=\"https:\/\/www.ataunturismoa.eus\/fr\/patrimoine\/patrimoine-natural\/le-dome-dataun\/\" \/>\n<meta property=\"og:site_name\" content=\"Ataun Turismoa\" \/>\n<meta property=\"og:image\" content=\"https:\/\/www.ataunturismoa.eus\/wp-content\/uploads\/2023\/08\/domoa.jpeg\" \/>\n\t<meta property=\"og:image:width\" content=\"1200\" \/>\n\t<meta property=\"og:image:height\" content=\"675\" \/>\n\t<meta property=\"og:image:type\" content=\"image\/jpeg\" \/>\n<meta name=\"twitter:card\" content=\"summary_large_image\" \/>\n<meta name=\"twitter:label1\" content=\"Dur\u00e9e de lecture estim\u00e9e\" \/>\n\t<meta name=\"twitter:data1\" content=\"2 minutes\" \/>\n<script type=\"application\/ld+json\" class=\"yoast-schema-graph\">{\"@context\":\"https:\\\/\\\/schema.org\",\"@graph\":[{\"@type\":\"WebPage\",\"@id\":\"https:\\\/\\\/www.ataunturismoa.eus\\\/fr\\\/patrimoine\\\/patrimoine-natural\\\/le-dome-dataun\\\/\",\"url\":\"https:\\\/\\\/www.ataunturismoa.eus\\\/fr\\\/patrimoine\\\/patrimoine-natural\\\/le-dome-dataun\\\/\",\"name\":\"Le dome d'Ataun - Ataun Turismoa\",\"isPartOf\":{\"@id\":\"https:\\\/\\\/www.ataunturismoa.eus\\\/eu\\\/#website\"},\"primaryImageOfPage\":{\"@id\":\"https:\\\/\\\/www.ataunturismoa.eus\\\/fr\\\/patrimoine\\\/patrimoine-natural\\\/le-dome-dataun\\\/#primaryimage\"},\"image\":{\"@id\":\"https:\\\/\\\/www.ataunturismoa.eus\\\/fr\\\/patrimoine\\\/patrimoine-natural\\\/le-dome-dataun\\\/#primaryimage\"},\"thumbnailUrl\":\"https:\\\/\\\/www.ataunturismoa.eus\\\/wp-content\\\/uploads\\\/2023\\\/08\\\/domoa.jpeg\",\"datePublished\":\"2023-11-05T20:30:48+00:00\",\"breadcrumb\":{\"@id\":\"https:\\\/\\\/www.ataunturismoa.eus\\\/fr\\\/patrimoine\\\/patrimoine-natural\\\/le-dome-dataun\\\/#breadcrumb\"},\"inLanguage\":\"fr-FR\",\"potentialAction\":[{\"@type\":\"ReadAction\",\"target\":[\"https:\\\/\\\/www.ataunturismoa.eus\\\/fr\\\/patrimoine\\\/patrimoine-natural\\\/le-dome-dataun\\\/\"]}]},{\"@type\":\"ImageObject\",\"inLanguage\":\"fr-FR\",\"@id\":\"https:\\\/\\\/www.ataunturismoa.eus\\\/fr\\\/patrimoine\\\/patrimoine-natural\\\/le-dome-dataun\\\/#primaryimage\",\"url\":\"https:\\\/\\\/www.ataunturismoa.eus\\\/wp-content\\\/uploads\\\/2023\\\/08\\\/domoa.jpeg\",\"contentUrl\":\"https:\\\/\\\/www.ataunturismoa.eus\\\/wp-content\\\/uploads\\\/2023\\\/08\\\/domoa.jpeg\",\"width\":1200,\"height\":675},{\"@type\":\"BreadcrumbList\",\"@id\":\"https:\\\/\\\/www.ataunturismoa.eus\\\/fr\\\/patrimoine\\\/patrimoine-natural\\\/le-dome-dataun\\\/#breadcrumb\",\"itemListElement\":[{\"@type\":\"ListItem\",\"position\":1,\"name\":\"Inicio\",\"item\":\"https:\\\/\\\/www.ataunturismoa.eus\\\/fr\\\/\"},{\"@type\":\"ListItem\",\"position\":2,\"name\":\"Patrimoine\",\"item\":\"https:\\\/\\\/www.ataunturismoa.eus\\\/fr\\\/patrimoine\\\/\"},{\"@type\":\"ListItem\",\"position\":3,\"name\":\"Patrimoine natural\",\"item\":\"https:\\\/\\\/www.ataunturismoa.eus\\\/eu\\\/ondarea\\\/ondare-naturala\\\/\"},{\"@type\":\"ListItem\",\"position\":4,\"name\":\"Le dome d&rsquo;Ataun\"}]},{\"@type\":\"WebSite\",\"@id\":\"https:\\\/\\\/www.ataunturismoa.eus\\\/eu\\\/#website\",\"url\":\"https:\\\/\\\/www.ataunturismoa.eus\\\/eu\\\/\",\"name\":\"Ataun Turismoa\",\"description\":\"\",\"potentialAction\":[{\"@type\":\"SearchAction\",\"target\":{\"@type\":\"EntryPoint\",\"urlTemplate\":\"https:\\\/\\\/www.ataunturismoa.eus\\\/eu\\\/?s={search_term_string}\"},\"query-input\":{\"@type\":\"PropertyValueSpecification\",\"valueRequired\":true,\"valueName\":\"search_term_string\"}}],\"inLanguage\":\"fr-FR\"}]}<\/script>\n<!-- \/ Yoast SEO plugin. -->","yoast_head_json":{"title":"Le dome d'Ataun - Ataun Turismoa","robots":{"index":"index","follow":"follow","max-snippet":"max-snippet:-1","max-image-preview":"max-image-preview:large","max-video-preview":"max-video-preview:-1"},"canonical":"https:\/\/www.ataunturismoa.eus\/fr\/patrimoine\/patrimoine-natural\/le-dome-dataun\/","og_locale":"fr_FR","og_type":"article","og_title":"Le dome d'Ataun - Ataun Turismoa","og_description":"Le dome d&rsquo;Ataun est l&rsquo;une des structures les plus singuli\u00e8res du point de vue g\u00e9ologique. L&rsquo;accumulation de diff\u00e9rents mat\u00e9riaux dans la mer tropicale il y a des millions d&rsquo;ann\u00e9es a provoqu\u00e9 l&rsquo;accumulation de roches calcaires entre les rochers argileux. Lorsque la plaque ib\u00e9rique a heurt\u00e9 la plaque europ\u00e9enne, tous ces mat\u00e9riaux ont commenc\u00e9 \u00e0 se [&hellip;]","og_url":"https:\/\/www.ataunturismoa.eus\/fr\/patrimoine\/patrimoine-natural\/le-dome-dataun\/","og_site_name":"Ataun Turismoa","og_image":[{"width":1200,"height":675,"url":"https:\/\/www.ataunturismoa.eus\/wp-content\/uploads\/2023\/08\/domoa.jpeg","type":"image\/jpeg"}],"twitter_card":"summary_large_image","twitter_misc":{"Dur\u00e9e de lecture estim\u00e9e":"2 minutes"},"schema":{"@context":"https:\/\/schema.org","@graph":[{"@type":"WebPage","@id":"https:\/\/www.ataunturismoa.eus\/fr\/patrimoine\/patrimoine-natural\/le-dome-dataun\/","url":"https:\/\/www.ataunturismoa.eus\/fr\/patrimoine\/patrimoine-natural\/le-dome-dataun\/","name":"Le dome d'Ataun - Ataun Turismoa","isPartOf":{"@id":"https:\/\/www.ataunturismoa.eus\/eu\/#website"},"primaryImageOfPage":{"@id":"https:\/\/www.ataunturismoa.eus\/fr\/patrimoine\/patrimoine-natural\/le-dome-dataun\/#primaryimage"},"image":{"@id":"https:\/\/www.ataunturismoa.eus\/fr\/patrimoine\/patrimoine-natural\/le-dome-dataun\/#primaryimage"},"thumbnailUrl":"https:\/\/www.ataunturismoa.eus\/wp-content\/uploads\/2023\/08\/domoa.jpeg","datePublished":"2023-11-05T20:30:48+00:00","breadcrumb":{"@id":"https:\/\/www.ataunturismoa.eus\/fr\/patrimoine\/patrimoine-natural\/le-dome-dataun\/#breadcrumb"},"inLanguage":"fr-FR","potentialAction":[{"@type":"ReadAction","target":["https:\/\/www.ataunturismoa.eus\/fr\/patrimoine\/patrimoine-natural\/le-dome-dataun\/"]}]},{"@type":"ImageObject","inLanguage":"fr-FR","@id":"https:\/\/www.ataunturismoa.eus\/fr\/patrimoine\/patrimoine-natural\/le-dome-dataun\/#primaryimage","url":"https:\/\/www.ataunturismoa.eus\/wp-content\/uploads\/2023\/08\/domoa.jpeg","contentUrl":"https:\/\/www.ataunturismoa.eus\/wp-content\/uploads\/2023\/08\/domoa.jpeg","width":1200,"height":675},{"@type":"BreadcrumbList","@id":"https:\/\/www.ataunturismoa.eus\/fr\/patrimoine\/patrimoine-natural\/le-dome-dataun\/#breadcrumb","itemListElement":[{"@type":"ListItem","position":1,"name":"Inicio","item":"https:\/\/www.ataunturismoa.eus\/fr\/"},{"@type":"ListItem","position":2,"name":"Patrimoine","item":"https:\/\/www.ataunturismoa.eus\/fr\/patrimoine\/"},{"@type":"ListItem","position":3,"name":"Patrimoine natural","item":"https:\/\/www.ataunturismoa.eus\/eu\/ondarea\/ondare-naturala\/"},{"@type":"ListItem","position":4,"name":"Le dome d&rsquo;Ataun"}]},{"@type":"WebSite","@id":"https:\/\/www.ataunturismoa.eus\/eu\/#website","url":"https:\/\/www.ataunturismoa.eus\/eu\/","name":"Ataun Turismoa","description":"","potentialAction":[{"@type":"SearchAction","target":{"@type":"EntryPoint","urlTemplate":"https:\/\/www.ataunturismoa.eus\/eu\/?s={search_term_string}"},"query-input":{"@type":"PropertyValueSpecification","valueRequired":true,"valueName":"search_term_string"}}],"inLanguage":"fr-FR"}]}},"_links":{"self":[{"href":"https:\/\/www.ataunturismoa.eus\/fr\/wp-json\/wp\/v2\/pages\/4922","targetHints":{"allow":["GET"]}}],"collection":[{"href":"https:\/\/www.ataunturismoa.eus\/fr\/wp-json\/wp\/v2\/pages"}],"about":[{"href":"https:\/\/www.ataunturismoa.eus\/fr\/wp-json\/wp\/v2\/types\/page"}],"author":[{"embeddable":true,"href":"https:\/\/www.ataunturismoa.eus\/fr\/wp-json\/wp\/v2\/users\/5"}],"replies":[{"embeddable":true,"href":"https:\/\/www.ataunturismoa.eus\/fr\/wp-json\/wp\/v2\/comments?post=4922"}],"version-history":[{"count":1,"href":"https:\/\/www.ataunturismoa.eus\/fr\/wp-json\/wp\/v2\/pages\/4922\/revisions"}],"predecessor-version":[{"id":4923,"href":"https:\/\/www.ataunturismoa.eus\/fr\/wp-json\/wp\/v2\/pages\/4922\/revisions\/4923"}],"up":[{"embeddable":true,"href":"https:\/\/www.ataunturismoa.eus\/fr\/wp-json\/wp\/v2\/pages\/2053"}],"wp:featuredmedia":[{"embeddable":true,"href":"https:\/\/www.ataunturismoa.eus\/fr\/wp-json\/wp\/v2\/media\/3580"}],"wp:attachment":[{"href":"https:\/\/www.ataunturismoa.eus\/fr\/wp-json\/wp\/v2\/media?parent=4922"}],"curies":[{"name":"wp","href":"https:\/\/api.w.org\/{rel}","templated":true}]}}