{"id":4920,"date":"2023-11-05T21:30:08","date_gmt":"2023-11-05T20:30:08","guid":{"rendered":"https:\/\/www.ataunturismoa.eus\/patrimoine\/patrimoine-natural\/parc-naturel-daralar\/"},"modified":"2023-11-05T21:30:09","modified_gmt":"2023-11-05T20:30:09","slug":"parc-naturel-daralar","status":"publish","type":"page","link":"https:\/\/www.ataunturismoa.eus\/fr\/patrimoine\/patrimoine-natural\/parc-naturel-daralar\/","title":{"rendered":"Parc naturel d&rsquo;Aralar"},"content":{"rendered":"\n<p>Ataun est une grande village avec une orographie montagneuse. Compte tenu de l&rsquo;importance de son patrimoine naturel, 75% de l&rsquo;\u00e9tendue totale de 58,4 km2 d&rsquo;Ataun est situ\u00e9e dans le parc naturel d&rsquo;Aralar, d\u00e9clar\u00e9e zone de conservation sp\u00e9ciale du r\u00e9seau Natura 2000.<\/p>\n\n<p>La riche orographie de la municipalit\u00e9 d&rsquo;Ataun permet l&rsquo;existence d&rsquo;habitats vari\u00e9s de diff\u00e9rentes caract\u00e9ristiques qui se refl\u00e8tent dans la richesse de la biodiversit\u00e9. C\u2019est pourquoi de nombreux habitats et esp\u00e8ces d\u2019int\u00e9r\u00eat particulier peuvent \u00eatre trouv\u00e9s \u00e0 Ataun.<\/p>\n\n<p>Lizarrusti Parketxea est l&rsquo;une des principales entr\u00e9es du parc naturel d&rsquo;Aralar. Le centre d&rsquo;interpr\u00e9tation du parc, situ\u00e9 \u00e0 Lizarrusti, sert d&rsquo;auberge et de bar.&#13;\n<\/p>\n","protected":false},"excerpt":{"rendered":"<p>Ataun est une grande village avec une orographie montagneuse. Compte tenu de l&rsquo;importance de son patrimoine naturel, 75% de l&rsquo;\u00e9tendue totale de 58,4 km2 d&rsquo;Ataun est situ\u00e9e dans le parc naturel d&rsquo;Aralar, d\u00e9clar\u00e9e zone de conservation sp\u00e9ciale du r\u00e9seau Natura 2000. La riche orographie de la municipalit\u00e9 d&rsquo;Ataun permet l&rsquo;existence d&rsquo;habitats vari\u00e9s de diff\u00e9rentes caract\u00e9ristiques [&hellip;]<\/p>\n","protected":false},"author":5,"featured_media":3575,"parent":2053,"menu_order":0,"comment_status":"closed","ping_status":"closed","template":"page-templates\/page-rigth.php","meta":{"footnotes":""},"class_list":["post-4920","page","type-page","status-publish","has-post-thumbnail","hentry"],"acf":[],"yoast_head":"<!-- This site is optimized with the Yoast SEO plugin v27.6 - https:\/\/yoast.com\/product\/yoast-seo-wordpress\/ -->\n<title>Parc naturel d&#039;Aralar - Ataun Turismoa<\/title>\n<meta name=\"robots\" content=\"index, follow, max-snippet:-1, max-image-preview:large, max-video-preview:-1\" \/>\n<link rel=\"canonical\" href=\"https:\/\/www.ataunturismoa.eus\/fr\/patrimoine\/patrimoine-natural\/parc-naturel-daralar\/\" \/>\n<meta property=\"og:locale\" content=\"fr_FR\" \/>\n<meta property=\"og:type\" content=\"article\" \/>\n<meta property=\"og:title\" content=\"Parc naturel d&#039;Aralar - Ataun Turismoa\" \/>\n<meta property=\"og:description\" content=\"Ataun est une grande village avec une orographie montagneuse. Compte tenu de l&rsquo;importance de son patrimoine naturel, 75% de l&rsquo;\u00e9tendue totale de 58,4 km2 d&rsquo;Ataun est situ\u00e9e dans le parc naturel d&rsquo;Aralar, d\u00e9clar\u00e9e zone de conservation sp\u00e9ciale du r\u00e9seau Natura 2000. La riche orographie de la municipalit\u00e9 d&rsquo;Ataun permet l&rsquo;existence d&rsquo;habitats vari\u00e9s de diff\u00e9rentes caract\u00e9ristiques [&hellip;]\" \/>\n<meta property=\"og:url\" content=\"https:\/\/www.ataunturismoa.eus\/fr\/patrimoine\/patrimoine-natural\/parc-naturel-daralar\/\" \/>\n<meta property=\"og:site_name\" content=\"Ataun Turismoa\" \/>\n<meta property=\"article:modified_time\" content=\"2023-11-05T20:30:09+00:00\" \/>\n<meta property=\"og:image\" content=\"https:\/\/www.ataunturismoa.eus\/wp-content\/uploads\/2023\/08\/aralar.jpeg\" \/>\n\t<meta property=\"og:image:width\" content=\"1200\" \/>\n\t<meta property=\"og:image:height\" content=\"675\" \/>\n\t<meta property=\"og:image:type\" content=\"image\/jpeg\" \/>\n<meta name=\"twitter:card\" content=\"summary_large_image\" \/>\n<meta name=\"twitter:label1\" content=\"Dur\u00e9e de lecture estim\u00e9e\" \/>\n\t<meta name=\"twitter:data1\" content=\"1 minute\" \/>\n<script type=\"application\/ld+json\" class=\"yoast-schema-graph\">{\"@context\":\"https:\\\/\\\/schema.org\",\"@graph\":[{\"@type\":\"WebPage\",\"@id\":\"https:\\\/\\\/www.ataunturismoa.eus\\\/fr\\\/patrimoine\\\/patrimoine-natural\\\/parc-naturel-daralar\\\/\",\"url\":\"https:\\\/\\\/www.ataunturismoa.eus\\\/fr\\\/patrimoine\\\/patrimoine-natural\\\/parc-naturel-daralar\\\/\",\"name\":\"Parc naturel d'Aralar - Ataun Turismoa\",\"isPartOf\":{\"@id\":\"https:\\\/\\\/www.ataunturismoa.eus\\\/eu\\\/#website\"},\"primaryImageOfPage\":{\"@id\":\"https:\\\/\\\/www.ataunturismoa.eus\\\/fr\\\/patrimoine\\\/patrimoine-natural\\\/parc-naturel-daralar\\\/#primaryimage\"},\"image\":{\"@id\":\"https:\\\/\\\/www.ataunturismoa.eus\\\/fr\\\/patrimoine\\\/patrimoine-natural\\\/parc-naturel-daralar\\\/#primaryimage\"},\"thumbnailUrl\":\"https:\\\/\\\/www.ataunturismoa.eus\\\/wp-content\\\/uploads\\\/2023\\\/08\\\/aralar.jpeg\",\"datePublished\":\"2023-11-05T20:30:08+00:00\",\"dateModified\":\"2023-11-05T20:30:09+00:00\",\"breadcrumb\":{\"@id\":\"https:\\\/\\\/www.ataunturismoa.eus\\\/fr\\\/patrimoine\\\/patrimoine-natural\\\/parc-naturel-daralar\\\/#breadcrumb\"},\"inLanguage\":\"fr-FR\",\"potentialAction\":[{\"@type\":\"ReadAction\",\"target\":[\"https:\\\/\\\/www.ataunturismoa.eus\\\/fr\\\/patrimoine\\\/patrimoine-natural\\\/parc-naturel-daralar\\\/\"]}]},{\"@type\":\"ImageObject\",\"inLanguage\":\"fr-FR\",\"@id\":\"https:\\\/\\\/www.ataunturismoa.eus\\\/fr\\\/patrimoine\\\/patrimoine-natural\\\/parc-naturel-daralar\\\/#primaryimage\",\"url\":\"https:\\\/\\\/www.ataunturismoa.eus\\\/wp-content\\\/uploads\\\/2023\\\/08\\\/aralar.jpeg\",\"contentUrl\":\"https:\\\/\\\/www.ataunturismoa.eus\\\/wp-content\\\/uploads\\\/2023\\\/08\\\/aralar.jpeg\",\"width\":1200,\"height\":675},{\"@type\":\"BreadcrumbList\",\"@id\":\"https:\\\/\\\/www.ataunturismoa.eus\\\/fr\\\/patrimoine\\\/patrimoine-natural\\\/parc-naturel-daralar\\\/#breadcrumb\",\"itemListElement\":[{\"@type\":\"ListItem\",\"position\":1,\"name\":\"Inicio\",\"item\":\"https:\\\/\\\/www.ataunturismoa.eus\\\/fr\\\/\"},{\"@type\":\"ListItem\",\"position\":2,\"name\":\"Patrimoine\",\"item\":\"https:\\\/\\\/www.ataunturismoa.eus\\\/fr\\\/patrimoine\\\/\"},{\"@type\":\"ListItem\",\"position\":3,\"name\":\"Patrimoine natural\",\"item\":\"https:\\\/\\\/www.ataunturismoa.eus\\\/eu\\\/ondarea\\\/ondare-naturala\\\/\"},{\"@type\":\"ListItem\",\"position\":4,\"name\":\"Parc naturel d&rsquo;Aralar\"}]},{\"@type\":\"WebSite\",\"@id\":\"https:\\\/\\\/www.ataunturismoa.eus\\\/eu\\\/#website\",\"url\":\"https:\\\/\\\/www.ataunturismoa.eus\\\/eu\\\/\",\"name\":\"Ataun Turismoa\",\"description\":\"\",\"potentialAction\":[{\"@type\":\"SearchAction\",\"target\":{\"@type\":\"EntryPoint\",\"urlTemplate\":\"https:\\\/\\\/www.ataunturismoa.eus\\\/eu\\\/?s={search_term_string}\"},\"query-input\":{\"@type\":\"PropertyValueSpecification\",\"valueRequired\":true,\"valueName\":\"search_term_string\"}}],\"inLanguage\":\"fr-FR\"}]}<\/script>\n<!-- \/ Yoast SEO plugin. -->","yoast_head_json":{"title":"Parc naturel d'Aralar - Ataun Turismoa","robots":{"index":"index","follow":"follow","max-snippet":"max-snippet:-1","max-image-preview":"max-image-preview:large","max-video-preview":"max-video-preview:-1"},"canonical":"https:\/\/www.ataunturismoa.eus\/fr\/patrimoine\/patrimoine-natural\/parc-naturel-daralar\/","og_locale":"fr_FR","og_type":"article","og_title":"Parc naturel d'Aralar - Ataun Turismoa","og_description":"Ataun est une grande village avec une orographie montagneuse. Compte tenu de l&rsquo;importance de son patrimoine naturel, 75% de l&rsquo;\u00e9tendue totale de 58,4 km2 d&rsquo;Ataun est situ\u00e9e dans le parc naturel d&rsquo;Aralar, d\u00e9clar\u00e9e zone de conservation sp\u00e9ciale du r\u00e9seau Natura 2000. La riche orographie de la municipalit\u00e9 d&rsquo;Ataun permet l&rsquo;existence d&rsquo;habitats vari\u00e9s de diff\u00e9rentes caract\u00e9ristiques [&hellip;]","og_url":"https:\/\/www.ataunturismoa.eus\/fr\/patrimoine\/patrimoine-natural\/parc-naturel-daralar\/","og_site_name":"Ataun Turismoa","article_modified_time":"2023-11-05T20:30:09+00:00","og_image":[{"width":1200,"height":675,"url":"https:\/\/www.ataunturismoa.eus\/wp-content\/uploads\/2023\/08\/aralar.jpeg","type":"image\/jpeg"}],"twitter_card":"summary_large_image","twitter_misc":{"Dur\u00e9e de lecture estim\u00e9e":"1 minute"},"schema":{"@context":"https:\/\/schema.org","@graph":[{"@type":"WebPage","@id":"https:\/\/www.ataunturismoa.eus\/fr\/patrimoine\/patrimoine-natural\/parc-naturel-daralar\/","url":"https:\/\/www.ataunturismoa.eus\/fr\/patrimoine\/patrimoine-natural\/parc-naturel-daralar\/","name":"Parc naturel d'Aralar - Ataun Turismoa","isPartOf":{"@id":"https:\/\/www.ataunturismoa.eus\/eu\/#website"},"primaryImageOfPage":{"@id":"https:\/\/www.ataunturismoa.eus\/fr\/patrimoine\/patrimoine-natural\/parc-naturel-daralar\/#primaryimage"},"image":{"@id":"https:\/\/www.ataunturismoa.eus\/fr\/patrimoine\/patrimoine-natural\/parc-naturel-daralar\/#primaryimage"},"thumbnailUrl":"https:\/\/www.ataunturismoa.eus\/wp-content\/uploads\/2023\/08\/aralar.jpeg","datePublished":"2023-11-05T20:30:08+00:00","dateModified":"2023-11-05T20:30:09+00:00","breadcrumb":{"@id":"https:\/\/www.ataunturismoa.eus\/fr\/patrimoine\/patrimoine-natural\/parc-naturel-daralar\/#breadcrumb"},"inLanguage":"fr-FR","potentialAction":[{"@type":"ReadAction","target":["https:\/\/www.ataunturismoa.eus\/fr\/patrimoine\/patrimoine-natural\/parc-naturel-daralar\/"]}]},{"@type":"ImageObject","inLanguage":"fr-FR","@id":"https:\/\/www.ataunturismoa.eus\/fr\/patrimoine\/patrimoine-natural\/parc-naturel-daralar\/#primaryimage","url":"https:\/\/www.ataunturismoa.eus\/wp-content\/uploads\/2023\/08\/aralar.jpeg","contentUrl":"https:\/\/www.ataunturismoa.eus\/wp-content\/uploads\/2023\/08\/aralar.jpeg","width":1200,"height":675},{"@type":"BreadcrumbList","@id":"https:\/\/www.ataunturismoa.eus\/fr\/patrimoine\/patrimoine-natural\/parc-naturel-daralar\/#breadcrumb","itemListElement":[{"@type":"ListItem","position":1,"name":"Inicio","item":"https:\/\/www.ataunturismoa.eus\/fr\/"},{"@type":"ListItem","position":2,"name":"Patrimoine","item":"https:\/\/www.ataunturismoa.eus\/fr\/patrimoine\/"},{"@type":"ListItem","position":3,"name":"Patrimoine natural","item":"https:\/\/www.ataunturismoa.eus\/eu\/ondarea\/ondare-naturala\/"},{"@type":"ListItem","position":4,"name":"Parc naturel d&rsquo;Aralar"}]},{"@type":"WebSite","@id":"https:\/\/www.ataunturismoa.eus\/eu\/#website","url":"https:\/\/www.ataunturismoa.eus\/eu\/","name":"Ataun Turismoa","description":"","potentialAction":[{"@type":"SearchAction","target":{"@type":"EntryPoint","urlTemplate":"https:\/\/www.ataunturismoa.eus\/eu\/?s={search_term_string}"},"query-input":{"@type":"PropertyValueSpecification","valueRequired":true,"valueName":"search_term_string"}}],"inLanguage":"fr-FR"}]}},"_links":{"self":[{"href":"https:\/\/www.ataunturismoa.eus\/fr\/wp-json\/wp\/v2\/pages\/4920","targetHints":{"allow":["GET"]}}],"collection":[{"href":"https:\/\/www.ataunturismoa.eus\/fr\/wp-json\/wp\/v2\/pages"}],"about":[{"href":"https:\/\/www.ataunturismoa.eus\/fr\/wp-json\/wp\/v2\/types\/page"}],"author":[{"embeddable":true,"href":"https:\/\/www.ataunturismoa.eus\/fr\/wp-json\/wp\/v2\/users\/5"}],"replies":[{"embeddable":true,"href":"https:\/\/www.ataunturismoa.eus\/fr\/wp-json\/wp\/v2\/comments?post=4920"}],"version-history":[{"count":1,"href":"https:\/\/www.ataunturismoa.eus\/fr\/wp-json\/wp\/v2\/pages\/4920\/revisions"}],"predecessor-version":[{"id":4921,"href":"https:\/\/www.ataunturismoa.eus\/fr\/wp-json\/wp\/v2\/pages\/4920\/revisions\/4921"}],"up":[{"embeddable":true,"href":"https:\/\/www.ataunturismoa.eus\/fr\/wp-json\/wp\/v2\/pages\/2053"}],"wp:featuredmedia":[{"embeddable":true,"href":"https:\/\/www.ataunturismoa.eus\/fr\/wp-json\/wp\/v2\/media\/3575"}],"wp:attachment":[{"href":"https:\/\/www.ataunturismoa.eus\/fr\/wp-json\/wp\/v2\/media?parent=4920"}],"curies":[{"name":"wp","href":"https:\/\/api.w.org\/{rel}","templated":true}]}}