{"id":4876,"date":"2023-11-05T18:34:00","date_gmt":"2023-11-05T17:34:00","guid":{"rendered":"https:\/\/www.ataunturismoa.eus\/speleology\/"},"modified":"2023-11-05T18:37:15","modified_gmt":"2023-11-05T17:37:15","slug":"speleology","status":"publish","type":"page","link":"https:\/\/www.ataunturismoa.eus\/fr\/speleology\/","title":{"rendered":"Espeleologie"},"content":{"rendered":"\n<p>La municipalit\u00e9 offre de grandes possibilit\u00e9s pour les amateurs de sp\u00e9l\u00e9ologie, car il existe de nombreuses simas et grottes catalogu\u00e9es \u00e0 Ataun. Il peut s&rsquo;agir de deux types de syst\u00e8mes karstiques: actifs ou inactifs. Les actifs sont ceux qui font partie des syst\u00e8mes fluviaux. C&rsquo;est le cas de Marumendi, Malkorburu et la plupart des grottes et des simas autour d&rsquo;Alleku, y compris dans ce groupe la grotte d&rsquo;Ubegi et celle de Malkorburu. Les inactifs, au contraire, sont issus du processus de karstification et sont des syst\u00e8mes qui sont actuellement remplis de stalactites et de stalagmites. De ce dernier type sont la plupart des cavit\u00e9s du dome d&rsquo;Ataun.<\/p>\n\n<p>Ataun est rempli de grottes et de simas, parmi lesquelles abondent les restes humains d&rsquo;il y a 5000 ans: Usategi, Limurita (disparue lors de l&rsquo;exploitation de la carri\u00e8re), Pikandita, Kobazar, Armontaitz, etc.<\/p>\n\n<figure class=\"wp-block-image size-large\"><img loading=\"lazy\" decoding=\"async\" width=\"1024\" height=\"768\" src=\"https:\/\/www.ataunturismoa.eus\/wp-content\/uploads\/2023\/08\/espe1-1024x768.jpg\" alt=\"\" class=\"wp-image-3779\" srcset=\"https:\/\/www.ataunturismoa.eus\/wp-content\/uploads\/2023\/08\/espe1-1024x768.jpg 1024w, https:\/\/www.ataunturismoa.eus\/wp-content\/uploads\/2023\/08\/espe1-300x225.jpg 300w, https:\/\/www.ataunturismoa.eus\/wp-content\/uploads\/2023\/08\/espe1-768x576.jpg 768w, https:\/\/www.ataunturismoa.eus\/wp-content\/uploads\/2023\/08\/espe1-500x375.jpg 500w, https:\/\/www.ataunturismoa.eus\/wp-content\/uploads\/2023\/08\/espe1-800x600.jpg 800w, https:\/\/www.ataunturismoa.eus\/wp-content\/uploads\/2023\/08\/espe1.jpg 1200w\" sizes=\"auto, (max-width: 1024px) 100vw, 1024px\" \/><\/figure>\n\n<p>La grotte de Troskaeta est l&rsquo;une des grottes les plus connues d&rsquo;Ataun. Il a une longueur d&rsquo;un kilom\u00e8tre et finalement un beau puits d&rsquo;eau. Cette grotte semble avoir \u00e9t\u00e9 le refuge d&rsquo;ours de l&rsquo;esp\u00e8ce Ursus spelaeus il y a 20 000 ans. Des milliers d&rsquo;os de cette esp\u00e8ce ont \u00e9t\u00e9 trouv\u00e9s.<\/p>\n\n<figure class=\"wp-block-image size-large\"><img loading=\"lazy\" decoding=\"async\" width=\"1024\" height=\"768\" src=\"https:\/\/www.ataunturismoa.eus\/wp-content\/uploads\/2023\/08\/espe2-1024x768.jpeg\" alt=\"\" class=\"wp-image-3784\" srcset=\"https:\/\/www.ataunturismoa.eus\/wp-content\/uploads\/2023\/08\/espe2-1024x768.jpeg 1024w, https:\/\/www.ataunturismoa.eus\/wp-content\/uploads\/2023\/08\/espe2-300x225.jpeg 300w, https:\/\/www.ataunturismoa.eus\/wp-content\/uploads\/2023\/08\/espe2-768x576.jpeg 768w, https:\/\/www.ataunturismoa.eus\/wp-content\/uploads\/2023\/08\/espe2-500x375.jpeg 500w, https:\/\/www.ataunturismoa.eus\/wp-content\/uploads\/2023\/08\/espe2-800x600.jpeg 800w, https:\/\/www.ataunturismoa.eus\/wp-content\/uploads\/2023\/08\/espe2.jpeg 1200w\" sizes=\"auto, (max-width: 1024px) 100vw, 1024px\" \/><\/figure>\n\n<p>\u00c9tant donn\u00e9 que la pratique de la sp\u00e9l\u00e9ologie est une activit\u00e9 d&rsquo;\u00e9quipe, il est recommand\u00e9 qu&rsquo;elle soit r\u00e9alis\u00e9e en groupe, avec toutes les mesures de s\u00e9curit\u00e9 et avec le mat\u00e9riel appropri\u00e9.<\/p>\n\n<figure class=\"wp-block-image size-large\"><img loading=\"lazy\" decoding=\"async\" width=\"1024\" height=\"768\" src=\"https:\/\/www.ataunturismoa.eus\/wp-content\/uploads\/2023\/08\/espe3-1024x768.jpg\" alt=\"\" class=\"wp-image-3789\" srcset=\"https:\/\/www.ataunturismoa.eus\/wp-content\/uploads\/2023\/08\/espe3-1024x768.jpg 1024w, https:\/\/www.ataunturismoa.eus\/wp-content\/uploads\/2023\/08\/espe3-300x225.jpg 300w, https:\/\/www.ataunturismoa.eus\/wp-content\/uploads\/2023\/08\/espe3-768x576.jpg 768w, https:\/\/www.ataunturismoa.eus\/wp-content\/uploads\/2023\/08\/espe3-500x375.jpg 500w, https:\/\/www.ataunturismoa.eus\/wp-content\/uploads\/2023\/08\/espe3-800x600.jpg 800w, https:\/\/www.ataunturismoa.eus\/wp-content\/uploads\/2023\/08\/espe3.jpg 1200w\" sizes=\"auto, (max-width: 1024px) 100vw, 1024px\" \/><\/figure>\n\n<p><strong>REMARQUE: Les cavit\u00e9s sont des habitats naturels de faune prot\u00e9g\u00e9e. On demande toujours respect et silence et on recommande d&rsquo;\u00e9viter les visites des grottes entre novembre et juillet.&#13;\n<\/strong><\/p>\n","protected":false},"excerpt":{"rendered":"<p>La municipalit\u00e9 offre de grandes possibilit\u00e9s pour les amateurs de sp\u00e9l\u00e9ologie, car il existe de nombreuses simas et grottes catalogu\u00e9es \u00e0 Ataun. Il peut s&rsquo;agir de deux types de syst\u00e8mes karstiques: actifs ou inactifs. Les actifs sont ceux qui font partie des syst\u00e8mes fluviaux. C&rsquo;est le cas de Marumendi, Malkorburu et la plupart des grottes [&hellip;]<\/p>\n","protected":false},"author":5,"featured_media":0,"parent":0,"menu_order":0,"comment_status":"closed","ping_status":"closed","template":"page-templates\/page-rigth-aisialdia.php","meta":{"footnotes":""},"class_list":["post-4876","page","type-page","status-publish","hentry"],"acf":[],"yoast_head":"<!-- This site is optimized with the Yoast SEO plugin v27.5 - https:\/\/yoast.com\/product\/yoast-seo-wordpress\/ -->\n<title>Espeleologie - Ataun Turismoa<\/title>\n<meta name=\"robots\" content=\"index, follow, max-snippet:-1, max-image-preview:large, max-video-preview:-1\" \/>\n<link rel=\"canonical\" href=\"https:\/\/www.ataunturismoa.eus\/fr\/speleology\/\" \/>\n<meta property=\"og:locale\" content=\"fr_FR\" \/>\n<meta property=\"og:type\" content=\"article\" \/>\n<meta property=\"og:title\" content=\"Espeleologie - Ataun Turismoa\" \/>\n<meta property=\"og:description\" content=\"La municipalit\u00e9 offre de grandes possibilit\u00e9s pour les amateurs de sp\u00e9l\u00e9ologie, car il existe de nombreuses simas et grottes catalogu\u00e9es \u00e0 Ataun. Il peut s&rsquo;agir de deux types de syst\u00e8mes karstiques: actifs ou inactifs. Les actifs sont ceux qui font partie des syst\u00e8mes fluviaux. C&rsquo;est le cas de Marumendi, Malkorburu et la plupart des grottes [&hellip;]\" \/>\n<meta property=\"og:url\" content=\"https:\/\/www.ataunturismoa.eus\/fr\/speleology\/\" \/>\n<meta property=\"og:site_name\" content=\"Ataun Turismoa\" \/>\n<meta property=\"article:modified_time\" content=\"2023-11-05T17:37:15+00:00\" \/>\n<meta property=\"og:image\" content=\"https:\/\/www.ataunturismoa.eus\/wp-content\/uploads\/2023\/08\/espe1-1024x768.jpg\" \/>\n<meta name=\"twitter:card\" content=\"summary_large_image\" \/>\n<meta name=\"twitter:label1\" content=\"Dur\u00e9e de lecture estim\u00e9e\" \/>\n\t<meta name=\"twitter:data1\" content=\"1 minute\" \/>\n<script type=\"application\/ld+json\" class=\"yoast-schema-graph\">{\"@context\":\"https:\\\/\\\/schema.org\",\"@graph\":[{\"@type\":\"WebPage\",\"@id\":\"https:\\\/\\\/www.ataunturismoa.eus\\\/fr\\\/speleology\\\/\",\"url\":\"https:\\\/\\\/www.ataunturismoa.eus\\\/fr\\\/speleology\\\/\",\"name\":\"Espeleologie - Ataun Turismoa\",\"isPartOf\":{\"@id\":\"https:\\\/\\\/www.ataunturismoa.eus\\\/eu\\\/#website\"},\"primaryImageOfPage\":{\"@id\":\"https:\\\/\\\/www.ataunturismoa.eus\\\/fr\\\/speleology\\\/#primaryimage\"},\"image\":{\"@id\":\"https:\\\/\\\/www.ataunturismoa.eus\\\/fr\\\/speleology\\\/#primaryimage\"},\"thumbnailUrl\":\"https:\\\/\\\/www.ataunturismoa.eus\\\/wp-content\\\/uploads\\\/2023\\\/08\\\/espe1-1024x768.jpg\",\"datePublished\":\"2023-11-05T17:34:00+00:00\",\"dateModified\":\"2023-11-05T17:37:15+00:00\",\"breadcrumb\":{\"@id\":\"https:\\\/\\\/www.ataunturismoa.eus\\\/fr\\\/speleology\\\/#breadcrumb\"},\"inLanguage\":\"fr-FR\",\"potentialAction\":[{\"@type\":\"ReadAction\",\"target\":[\"https:\\\/\\\/www.ataunturismoa.eus\\\/fr\\\/speleology\\\/\"]}]},{\"@type\":\"ImageObject\",\"inLanguage\":\"fr-FR\",\"@id\":\"https:\\\/\\\/www.ataunturismoa.eus\\\/fr\\\/speleology\\\/#primaryimage\",\"url\":\"https:\\\/\\\/www.ataunturismoa.eus\\\/wp-content\\\/uploads\\\/2023\\\/08\\\/espe1-1024x768.jpg\",\"contentUrl\":\"https:\\\/\\\/www.ataunturismoa.eus\\\/wp-content\\\/uploads\\\/2023\\\/08\\\/espe1-1024x768.jpg\"},{\"@type\":\"BreadcrumbList\",\"@id\":\"https:\\\/\\\/www.ataunturismoa.eus\\\/fr\\\/speleology\\\/#breadcrumb\",\"itemListElement\":[{\"@type\":\"ListItem\",\"position\":1,\"name\":\"Inicio\",\"item\":\"https:\\\/\\\/www.ataunturismoa.eus\\\/fr\\\/\"},{\"@type\":\"ListItem\",\"position\":2,\"name\":\"Espeleologie\"}]},{\"@type\":\"WebSite\",\"@id\":\"https:\\\/\\\/www.ataunturismoa.eus\\\/eu\\\/#website\",\"url\":\"https:\\\/\\\/www.ataunturismoa.eus\\\/eu\\\/\",\"name\":\"Ataun Turismoa\",\"description\":\"\",\"potentialAction\":[{\"@type\":\"SearchAction\",\"target\":{\"@type\":\"EntryPoint\",\"urlTemplate\":\"https:\\\/\\\/www.ataunturismoa.eus\\\/eu\\\/?s={search_term_string}\"},\"query-input\":{\"@type\":\"PropertyValueSpecification\",\"valueRequired\":true,\"valueName\":\"search_term_string\"}}],\"inLanguage\":\"fr-FR\"}]}<\/script>\n<!-- \/ Yoast SEO plugin. -->","yoast_head_json":{"title":"Espeleologie - Ataun Turismoa","robots":{"index":"index","follow":"follow","max-snippet":"max-snippet:-1","max-image-preview":"max-image-preview:large","max-video-preview":"max-video-preview:-1"},"canonical":"https:\/\/www.ataunturismoa.eus\/fr\/speleology\/","og_locale":"fr_FR","og_type":"article","og_title":"Espeleologie - Ataun Turismoa","og_description":"La municipalit\u00e9 offre de grandes possibilit\u00e9s pour les amateurs de sp\u00e9l\u00e9ologie, car il existe de nombreuses simas et grottes catalogu\u00e9es \u00e0 Ataun. Il peut s&rsquo;agir de deux types de syst\u00e8mes karstiques: actifs ou inactifs. Les actifs sont ceux qui font partie des syst\u00e8mes fluviaux. C&rsquo;est le cas de Marumendi, Malkorburu et la plupart des grottes [&hellip;]","og_url":"https:\/\/www.ataunturismoa.eus\/fr\/speleology\/","og_site_name":"Ataun Turismoa","article_modified_time":"2023-11-05T17:37:15+00:00","og_image":[{"url":"https:\/\/www.ataunturismoa.eus\/wp-content\/uploads\/2023\/08\/espe1-1024x768.jpg","type":"","width":"","height":""}],"twitter_card":"summary_large_image","twitter_misc":{"Dur\u00e9e de lecture estim\u00e9e":"1 minute"},"schema":{"@context":"https:\/\/schema.org","@graph":[{"@type":"WebPage","@id":"https:\/\/www.ataunturismoa.eus\/fr\/speleology\/","url":"https:\/\/www.ataunturismoa.eus\/fr\/speleology\/","name":"Espeleologie - Ataun Turismoa","isPartOf":{"@id":"https:\/\/www.ataunturismoa.eus\/eu\/#website"},"primaryImageOfPage":{"@id":"https:\/\/www.ataunturismoa.eus\/fr\/speleology\/#primaryimage"},"image":{"@id":"https:\/\/www.ataunturismoa.eus\/fr\/speleology\/#primaryimage"},"thumbnailUrl":"https:\/\/www.ataunturismoa.eus\/wp-content\/uploads\/2023\/08\/espe1-1024x768.jpg","datePublished":"2023-11-05T17:34:00+00:00","dateModified":"2023-11-05T17:37:15+00:00","breadcrumb":{"@id":"https:\/\/www.ataunturismoa.eus\/fr\/speleology\/#breadcrumb"},"inLanguage":"fr-FR","potentialAction":[{"@type":"ReadAction","target":["https:\/\/www.ataunturismoa.eus\/fr\/speleology\/"]}]},{"@type":"ImageObject","inLanguage":"fr-FR","@id":"https:\/\/www.ataunturismoa.eus\/fr\/speleology\/#primaryimage","url":"https:\/\/www.ataunturismoa.eus\/wp-content\/uploads\/2023\/08\/espe1-1024x768.jpg","contentUrl":"https:\/\/www.ataunturismoa.eus\/wp-content\/uploads\/2023\/08\/espe1-1024x768.jpg"},{"@type":"BreadcrumbList","@id":"https:\/\/www.ataunturismoa.eus\/fr\/speleology\/#breadcrumb","itemListElement":[{"@type":"ListItem","position":1,"name":"Inicio","item":"https:\/\/www.ataunturismoa.eus\/fr\/"},{"@type":"ListItem","position":2,"name":"Espeleologie"}]},{"@type":"WebSite","@id":"https:\/\/www.ataunturismoa.eus\/eu\/#website","url":"https:\/\/www.ataunturismoa.eus\/eu\/","name":"Ataun Turismoa","description":"","potentialAction":[{"@type":"SearchAction","target":{"@type":"EntryPoint","urlTemplate":"https:\/\/www.ataunturismoa.eus\/eu\/?s={search_term_string}"},"query-input":{"@type":"PropertyValueSpecification","valueRequired":true,"valueName":"search_term_string"}}],"inLanguage":"fr-FR"}]}},"_links":{"self":[{"href":"https:\/\/www.ataunturismoa.eus\/fr\/wp-json\/wp\/v2\/pages\/4876","targetHints":{"allow":["GET"]}}],"collection":[{"href":"https:\/\/www.ataunturismoa.eus\/fr\/wp-json\/wp\/v2\/pages"}],"about":[{"href":"https:\/\/www.ataunturismoa.eus\/fr\/wp-json\/wp\/v2\/types\/page"}],"author":[{"embeddable":true,"href":"https:\/\/www.ataunturismoa.eus\/fr\/wp-json\/wp\/v2\/users\/5"}],"replies":[{"embeddable":true,"href":"https:\/\/www.ataunturismoa.eus\/fr\/wp-json\/wp\/v2\/comments?post=4876"}],"version-history":[{"count":3,"href":"https:\/\/www.ataunturismoa.eus\/fr\/wp-json\/wp\/v2\/pages\/4876\/revisions"}],"predecessor-version":[{"id":4881,"href":"https:\/\/www.ataunturismoa.eus\/fr\/wp-json\/wp\/v2\/pages\/4876\/revisions\/4881"}],"wp:attachment":[{"href":"https:\/\/www.ataunturismoa.eus\/fr\/wp-json\/wp\/v2\/media?parent=4876"}],"curies":[{"name":"wp","href":"https:\/\/api.w.org\/{rel}","templated":true}]}}