{"id":4874,"date":"2023-06-21T16:28:16","date_gmt":"2023-06-21T14:28:16","guid":{"rendered":"https:\/\/www.ataunturismoa.eus\/eskalada\/"},"modified":"2023-11-05T18:35:10","modified_gmt":"2023-11-05T17:35:10","slug":"eskalada","status":"publish","type":"page","link":"https:\/\/www.ataunturismoa.eus\/fr\/eskalada\/","title":{"rendered":"Escalade"},"content":{"rendered":"\n<p>\u00c0 Ataun, vous trouverez de bonnes roches pour pratiquer ce sport, mais afin de prot\u00e9ger la faune et la v\u00e9g\u00e9tation de ces rochers, certaines zones d&rsquo;escalade sont actuellement ferm\u00e9es. Sur les murs de Sarastarri, par exemple, l&rsquo;escalade est interdite, m\u00eame au bord du dome d&rsquo;Ataun, sauf dans la zone de l&rsquo;\u00e9cole d&rsquo;escalade Jentilbaratza. Dans cet espace de grande histoire populaire, vous trouverez des murs de III+ \u00e0 8a, c&rsquo;est-\u00e0-dire celui de Jentilbaratza est un endroit id\u00e9al pour les d\u00e9butants comme pour les grimpeurs exp\u00e9riment\u00e9s. Vous trouverez ci-dessous le PDF et la fiche technique de l&rsquo;\u00e9cole (F\u00e9d\u00e9ration Guipuzcoana de Montagne).<\/p>\n\n\n\n<figure class=\"wp-block-image size-large\"><img loading=\"lazy\" decoding=\"async\" width=\"1024\" height=\"512\" src=\"https:\/\/www.ataunturismoa.eus\/wp-content\/uploads\/2023\/08\/Eskaladaguneak_Jentilbaratza-1024x512.jpg\" alt=\"\" class=\"wp-image-3767\" srcset=\"https:\/\/www.ataunturismoa.eus\/wp-content\/uploads\/2023\/08\/Eskaladaguneak_Jentilbaratza-1024x512.jpg 1024w, https:\/\/www.ataunturismoa.eus\/wp-content\/uploads\/2023\/08\/Eskaladaguneak_Jentilbaratza-300x150.jpg 300w, https:\/\/www.ataunturismoa.eus\/wp-content\/uploads\/2023\/08\/Eskaladaguneak_Jentilbaratza-768x384.jpg 768w, https:\/\/www.ataunturismoa.eus\/wp-content\/uploads\/2023\/08\/Eskaladaguneak_Jentilbaratza-500x250.jpg 500w, https:\/\/www.ataunturismoa.eus\/wp-content\/uploads\/2023\/08\/Eskaladaguneak_Jentilbaratza-800x400.jpg 800w, https:\/\/www.ataunturismoa.eus\/wp-content\/uploads\/2023\/08\/Eskaladaguneak_Jentilbaratza.jpg 1200w\" sizes=\"auto, (max-width: 1024px) 100vw, 1024px\" \/><\/figure>\n\n\n\n<h3 class=\"wp-block-heading\"><br>Fiche technique<\/h3>\n\n\n\n<p><strong>Type de roche<\/strong>: Calcaire<br><strong>Type d&rsquo;\u00e9quipement<\/strong>: Produits chimiques et parabolts<br><strong>Nombre de voies<\/strong>: 118<br><strong>Hauteur maximale et minimale<\/strong> 20 &#8211; 100 m<br><strong>Difficult\u00e9 maximale et minimale<\/strong>: III+ \/ 8a<br><strong>Descente<\/strong>: D\u00e9couvre, rapel et \u00e0 pied.<br><strong>Orientation<\/strong>: Sud, Est<br><strong>Coordonn\u00e9es<\/strong> UTM 30N ETRS89 X: 567691 Y: 4761306<br><strong>Remarques<\/strong>: La proximit\u00e9 de la carri\u00e8re n&rsquo;affecte pas la beaut\u00e9 de la r\u00e9gion. On peut escalader des voies longues.<\/p>\n\n\n\n<p>Pr\u00e8s du c\u00e9l\u00e8bre mur de Jentilbaratza, au-dessus de l\u2019ancienne carri\u00e8re, se trouve une petite \u00e9cole appel\u00e9e \u00ab kantera \u00bb. Sur ce site, vous trouverez les longs plus simples.<\/p>\n\n\n\n<figure class=\"wp-block-image size-large\"><img loading=\"lazy\" decoding=\"async\" width=\"1024\" height=\"512\" src=\"https:\/\/www.ataunturismoa.eus\/wp-content\/uploads\/2023\/08\/Eskaladaguneak_Jentilbaratza_Kantera-1024x512.jpg\" alt=\"\" class=\"wp-image-3772\" srcset=\"https:\/\/www.ataunturismoa.eus\/wp-content\/uploads\/2023\/08\/Eskaladaguneak_Jentilbaratza_Kantera-1024x512.jpg 1024w, https:\/\/www.ataunturismoa.eus\/wp-content\/uploads\/2023\/08\/Eskaladaguneak_Jentilbaratza_Kantera-300x150.jpg 300w, https:\/\/www.ataunturismoa.eus\/wp-content\/uploads\/2023\/08\/Eskaladaguneak_Jentilbaratza_Kantera-768x384.jpg 768w, https:\/\/www.ataunturismoa.eus\/wp-content\/uploads\/2023\/08\/Eskaladaguneak_Jentilbaratza_Kantera-500x250.jpg 500w, https:\/\/www.ataunturismoa.eus\/wp-content\/uploads\/2023\/08\/Eskaladaguneak_Jentilbaratza_Kantera-800x400.jpg 800w, https:\/\/www.ataunturismoa.eus\/wp-content\/uploads\/2023\/08\/Eskaladaguneak_Jentilbaratza_Kantera.jpg 1200w\" sizes=\"auto, (max-width: 1024px) 100vw, 1024px\" \/><\/figure>\n\n\n\n<p>Une autre option serait d&rsquo;escalader l&rsquo;ar\u00eate de Jentilbaratza. C&rsquo;est une ar\u00eate attrayante avec une difficult\u00e9 maximale en V degr\u00e9, sans doute l&rsquo;une des plus connues d&rsquo;Euskal Herria.<\/p>\n","protected":false},"excerpt":{"rendered":"<p>\u00c0 Ataun, vous trouverez de bonnes roches pour pratiquer ce sport, mais afin de prot\u00e9ger la faune et la v\u00e9g\u00e9tation de ces rochers, certaines zones d&rsquo;escalade sont actuellement ferm\u00e9es. Sur les murs de Sarastarri, par exemple, l&rsquo;escalade est interdite, m\u00eame au bord du dome d&rsquo;Ataun, sauf dans la zone de l&rsquo;\u00e9cole d&rsquo;escalade Jentilbaratza. Dans cet [&hellip;]<\/p>\n","protected":false},"author":5,"featured_media":0,"parent":0,"menu_order":0,"comment_status":"closed","ping_status":"closed","template":"page-templates\/page-rigth-aisialdia.php","meta":{"footnotes":""},"class_list":["post-4874","page","type-page","status-publish","hentry"],"acf":[],"yoast_head":"<!-- This site is optimized with the Yoast SEO plugin v27.3 - https:\/\/yoast.com\/product\/yoast-seo-wordpress\/ -->\n<title>Escalade - Ataun Turismoa<\/title>\n<meta name=\"robots\" content=\"index, follow, max-snippet:-1, max-image-preview:large, max-video-preview:-1\" \/>\n<link rel=\"canonical\" href=\"https:\/\/www.ataunturismoa.eus\/fr\/eskalada\/\" \/>\n<meta property=\"og:locale\" content=\"fr_FR\" \/>\n<meta property=\"og:type\" content=\"article\" \/>\n<meta property=\"og:title\" content=\"Escalade - Ataun Turismoa\" \/>\n<meta property=\"og:description\" content=\"\u00c0 Ataun, vous trouverez de bonnes roches pour pratiquer ce sport, mais afin de prot\u00e9ger la faune et la v\u00e9g\u00e9tation de ces rochers, certaines zones d&rsquo;escalade sont actuellement ferm\u00e9es. Sur les murs de Sarastarri, par exemple, l&rsquo;escalade est interdite, m\u00eame au bord du dome d&rsquo;Ataun, sauf dans la zone de l&rsquo;\u00e9cole d&rsquo;escalade Jentilbaratza. Dans cet [&hellip;]\" \/>\n<meta property=\"og:url\" content=\"https:\/\/www.ataunturismoa.eus\/fr\/eskalada\/\" \/>\n<meta property=\"og:site_name\" content=\"Ataun Turismoa\" \/>\n<meta property=\"article:modified_time\" content=\"2023-11-05T17:35:10+00:00\" \/>\n<meta property=\"og:image\" content=\"https:\/\/www.ataunturismoa.eus\/wp-content\/uploads\/2023\/08\/Eskaladaguneak_Jentilbaratza-1024x512.jpg\" \/>\n<meta name=\"twitter:card\" content=\"summary_large_image\" \/>\n<meta name=\"twitter:label1\" content=\"Dur\u00e9e de lecture estim\u00e9e\" \/>\n\t<meta name=\"twitter:data1\" content=\"2 minutes\" \/>\n<script type=\"application\/ld+json\" class=\"yoast-schema-graph\">{\"@context\":\"https:\\\/\\\/schema.org\",\"@graph\":[{\"@type\":\"WebPage\",\"@id\":\"https:\\\/\\\/www.ataunturismoa.eus\\\/fr\\\/eskalada\\\/\",\"url\":\"https:\\\/\\\/www.ataunturismoa.eus\\\/fr\\\/eskalada\\\/\",\"name\":\"Escalade - Ataun Turismoa\",\"isPartOf\":{\"@id\":\"https:\\\/\\\/www.ataunturismoa.eus\\\/eu\\\/#website\"},\"primaryImageOfPage\":{\"@id\":\"https:\\\/\\\/www.ataunturismoa.eus\\\/fr\\\/eskalada\\\/#primaryimage\"},\"image\":{\"@id\":\"https:\\\/\\\/www.ataunturismoa.eus\\\/fr\\\/eskalada\\\/#primaryimage\"},\"thumbnailUrl\":\"https:\\\/\\\/www.ataunturismoa.eus\\\/wp-content\\\/uploads\\\/2023\\\/08\\\/Eskaladaguneak_Jentilbaratza-1024x512.jpg\",\"datePublished\":\"2023-06-21T14:28:16+00:00\",\"dateModified\":\"2023-11-05T17:35:10+00:00\",\"breadcrumb\":{\"@id\":\"https:\\\/\\\/www.ataunturismoa.eus\\\/fr\\\/eskalada\\\/#breadcrumb\"},\"inLanguage\":\"fr-FR\",\"potentialAction\":[{\"@type\":\"ReadAction\",\"target\":[\"https:\\\/\\\/www.ataunturismoa.eus\\\/fr\\\/eskalada\\\/\"]}]},{\"@type\":\"ImageObject\",\"inLanguage\":\"fr-FR\",\"@id\":\"https:\\\/\\\/www.ataunturismoa.eus\\\/fr\\\/eskalada\\\/#primaryimage\",\"url\":\"https:\\\/\\\/www.ataunturismoa.eus\\\/wp-content\\\/uploads\\\/2023\\\/08\\\/Eskaladaguneak_Jentilbaratza-1024x512.jpg\",\"contentUrl\":\"https:\\\/\\\/www.ataunturismoa.eus\\\/wp-content\\\/uploads\\\/2023\\\/08\\\/Eskaladaguneak_Jentilbaratza-1024x512.jpg\"},{\"@type\":\"BreadcrumbList\",\"@id\":\"https:\\\/\\\/www.ataunturismoa.eus\\\/fr\\\/eskalada\\\/#breadcrumb\",\"itemListElement\":[{\"@type\":\"ListItem\",\"position\":1,\"name\":\"Inicio\",\"item\":\"https:\\\/\\\/www.ataunturismoa.eus\\\/fr\\\/\"},{\"@type\":\"ListItem\",\"position\":2,\"name\":\"Escalade\"}]},{\"@type\":\"WebSite\",\"@id\":\"https:\\\/\\\/www.ataunturismoa.eus\\\/eu\\\/#website\",\"url\":\"https:\\\/\\\/www.ataunturismoa.eus\\\/eu\\\/\",\"name\":\"Ataun Turismoa\",\"description\":\"\",\"potentialAction\":[{\"@type\":\"SearchAction\",\"target\":{\"@type\":\"EntryPoint\",\"urlTemplate\":\"https:\\\/\\\/www.ataunturismoa.eus\\\/eu\\\/?s={search_term_string}\"},\"query-input\":{\"@type\":\"PropertyValueSpecification\",\"valueRequired\":true,\"valueName\":\"search_term_string\"}}],\"inLanguage\":\"fr-FR\"}]}<\/script>\n<!-- \/ Yoast SEO plugin. -->","yoast_head_json":{"title":"Escalade - Ataun Turismoa","robots":{"index":"index","follow":"follow","max-snippet":"max-snippet:-1","max-image-preview":"max-image-preview:large","max-video-preview":"max-video-preview:-1"},"canonical":"https:\/\/www.ataunturismoa.eus\/fr\/eskalada\/","og_locale":"fr_FR","og_type":"article","og_title":"Escalade - Ataun Turismoa","og_description":"\u00c0 Ataun, vous trouverez de bonnes roches pour pratiquer ce sport, mais afin de prot\u00e9ger la faune et la v\u00e9g\u00e9tation de ces rochers, certaines zones d&rsquo;escalade sont actuellement ferm\u00e9es. Sur les murs de Sarastarri, par exemple, l&rsquo;escalade est interdite, m\u00eame au bord du dome d&rsquo;Ataun, sauf dans la zone de l&rsquo;\u00e9cole d&rsquo;escalade Jentilbaratza. Dans cet [&hellip;]","og_url":"https:\/\/www.ataunturismoa.eus\/fr\/eskalada\/","og_site_name":"Ataun Turismoa","article_modified_time":"2023-11-05T17:35:10+00:00","og_image":[{"url":"https:\/\/www.ataunturismoa.eus\/wp-content\/uploads\/2023\/08\/Eskaladaguneak_Jentilbaratza-1024x512.jpg","type":"","width":"","height":""}],"twitter_card":"summary_large_image","twitter_misc":{"Dur\u00e9e de lecture estim\u00e9e":"2 minutes"},"schema":{"@context":"https:\/\/schema.org","@graph":[{"@type":"WebPage","@id":"https:\/\/www.ataunturismoa.eus\/fr\/eskalada\/","url":"https:\/\/www.ataunturismoa.eus\/fr\/eskalada\/","name":"Escalade - Ataun Turismoa","isPartOf":{"@id":"https:\/\/www.ataunturismoa.eus\/eu\/#website"},"primaryImageOfPage":{"@id":"https:\/\/www.ataunturismoa.eus\/fr\/eskalada\/#primaryimage"},"image":{"@id":"https:\/\/www.ataunturismoa.eus\/fr\/eskalada\/#primaryimage"},"thumbnailUrl":"https:\/\/www.ataunturismoa.eus\/wp-content\/uploads\/2023\/08\/Eskaladaguneak_Jentilbaratza-1024x512.jpg","datePublished":"2023-06-21T14:28:16+00:00","dateModified":"2023-11-05T17:35:10+00:00","breadcrumb":{"@id":"https:\/\/www.ataunturismoa.eus\/fr\/eskalada\/#breadcrumb"},"inLanguage":"fr-FR","potentialAction":[{"@type":"ReadAction","target":["https:\/\/www.ataunturismoa.eus\/fr\/eskalada\/"]}]},{"@type":"ImageObject","inLanguage":"fr-FR","@id":"https:\/\/www.ataunturismoa.eus\/fr\/eskalada\/#primaryimage","url":"https:\/\/www.ataunturismoa.eus\/wp-content\/uploads\/2023\/08\/Eskaladaguneak_Jentilbaratza-1024x512.jpg","contentUrl":"https:\/\/www.ataunturismoa.eus\/wp-content\/uploads\/2023\/08\/Eskaladaguneak_Jentilbaratza-1024x512.jpg"},{"@type":"BreadcrumbList","@id":"https:\/\/www.ataunturismoa.eus\/fr\/eskalada\/#breadcrumb","itemListElement":[{"@type":"ListItem","position":1,"name":"Inicio","item":"https:\/\/www.ataunturismoa.eus\/fr\/"},{"@type":"ListItem","position":2,"name":"Escalade"}]},{"@type":"WebSite","@id":"https:\/\/www.ataunturismoa.eus\/eu\/#website","url":"https:\/\/www.ataunturismoa.eus\/eu\/","name":"Ataun Turismoa","description":"","potentialAction":[{"@type":"SearchAction","target":{"@type":"EntryPoint","urlTemplate":"https:\/\/www.ataunturismoa.eus\/eu\/?s={search_term_string}"},"query-input":{"@type":"PropertyValueSpecification","valueRequired":true,"valueName":"search_term_string"}}],"inLanguage":"fr-FR"}]}},"_links":{"self":[{"href":"https:\/\/www.ataunturismoa.eus\/fr\/wp-json\/wp\/v2\/pages\/4874","targetHints":{"allow":["GET"]}}],"collection":[{"href":"https:\/\/www.ataunturismoa.eus\/fr\/wp-json\/wp\/v2\/pages"}],"about":[{"href":"https:\/\/www.ataunturismoa.eus\/fr\/wp-json\/wp\/v2\/types\/page"}],"author":[{"embeddable":true,"href":"https:\/\/www.ataunturismoa.eus\/fr\/wp-json\/wp\/v2\/users\/5"}],"replies":[{"embeddable":true,"href":"https:\/\/www.ataunturismoa.eus\/fr\/wp-json\/wp\/v2\/comments?post=4874"}],"version-history":[{"count":2,"href":"https:\/\/www.ataunturismoa.eus\/fr\/wp-json\/wp\/v2\/pages\/4874\/revisions"}],"predecessor-version":[{"id":4878,"href":"https:\/\/www.ataunturismoa.eus\/fr\/wp-json\/wp\/v2\/pages\/4874\/revisions\/4878"}],"wp:attachment":[{"href":"https:\/\/www.ataunturismoa.eus\/fr\/wp-json\/wp\/v2\/media?parent=4874"}],"curies":[{"name":"wp","href":"https:\/\/api.w.org\/{rel}","templated":true}]}}