{"id":4839,"date":"2023-11-05T16:43:36","date_gmt":"2023-11-05T15:43:36","guid":{"rendered":"https:\/\/www.ataunturismoa.eus\/hasiera\/"},"modified":"2023-11-15T09:40:12","modified_gmt":"2023-11-15T08:40:12","slug":"hasiera","status":"publish","type":"page","link":"https:\/\/www.ataunturismoa.eus\/fr\/","title":{"rendered":"Accueil"},"content":{"rendered":"\n<div class=\"wp-block-group container homemorea\"><div class=\"wp-block-group__inner-container is-layout-constrained wp-block-group-is-layout-constrained\">\n<div class=\"wp-block-columns ezgap is-layout-flex wp-container-core-columns-is-layout-9d6595d7 wp-block-columns-is-layout-flex\">\n<div class=\"wp-block-column borderright is-layout-flow wp-block-column-is-layout-flow\">\n<p class=\"has-text-align-center\"><a class=\"btn btn-home\" href=\"https:\/\/www.ataunturismoa.eus\/fr\/parcours\/\">Profiter de la nature<\/a><\/p>\n<\/div>\n\n\n\n<div class=\"wp-block-column borderright is-layout-flow wp-block-column-is-layout-flow\">\n<p class=\"has-text-align-center\"><a class=\"btn btn-home\" href=\"https:\/\/www.ataunturismoa.eus\/fr\/evenements-principaux\/\">Que voir<\/a><\/p>\n<\/div>\n\n\n\n<div class=\"wp-block-column borderright is-layout-flow wp-block-column-is-layout-flow\">\n<p class=\"has-text-align-center\"><a class=\"btn btn-home\" href=\"https:\/\/www.ataunturismoa.eus\/fr\/services\/manger-et-boire\/\">Manger et boire<\/a><\/p>\n<\/div>\n\n\n\n<div class=\"wp-block-column is-layout-flow wp-block-column-is-layout-flow\">\n<p class=\"has-text-align-center\"><a class=\"btn btn-home\" href=\"https:\/\/www.ataunturismoa.eus\/fr\/services\/dormir\/\"><i class=\"fas fa-bed\"><\/i> Dormir<\/a><\/p>\n<\/div>\n<\/div>\n<\/div><\/div>\n\n\n\n<div class=\"wp-block-group zabalaLaranja\"><div class=\"wp-block-group__inner-container is-layout-constrained wp-block-group-is-layout-constrained\">\n<h2 class=\"wp-block-heading\">NOUS SOMMES PASS\u00c9S, NOUS SOMMES PR\u00c9SENTS<\/h2>\n\n\n\n<h3 class=\"wp-block-heading\">NOUS SOMMES PATRIMOINE. PRENONS GARDE<\/h3>\n<\/div><\/div>\n\n\n\n<div class=\"wp-block-group backLaranja\"><div class=\"wp-block-group__inner-container is-layout-constrained wp-block-group-is-layout-constrained\">\n<div class=\"wp-block-group container\"><div class=\"wp-block-group__inner-container is-layout-constrained wp-block-group-is-layout-constrained\">\n<div class=\"wp-block-columns is-layout-flex wp-container-core-columns-is-layout-9d6595d7 wp-block-columns-is-layout-flex\">\n<div class=\"wp-block-column is-layout-flow wp-block-column-is-layout-flow\">\n<figure class=\"wp-block-image size-full  zabaleraOsoa\"><a href=\"https:\/\/www.ataunturismoa.eus\/eu\/ondarea\/ataungo-organoa\/ataungo-organoa-barrokoa-sarrera\/\"><img loading=\"lazy\" decoding=\"async\" width=\"315\" height=\"186\" src=\"https:\/\/www.ataunturismoa.eus\/wp-content\/uploads\/2023\/03\/g302.png\" alt=\"\" class=\"wp-image-2699\" srcset=\"https:\/\/www.ataunturismoa.eus\/wp-content\/uploads\/2023\/03\/g302.png 315w, https:\/\/www.ataunturismoa.eus\/wp-content\/uploads\/2023\/03\/g302-300x177.png 300w\" sizes=\"auto, (max-width: 315px) 100vw, 315px\" \/><\/a><\/figure>\n<\/div>\n\n\n\n<div class=\"wp-block-column is-layout-flow wp-block-column-is-layout-flow\">\n<h2 class=\"wp-block-heading\">ORGANE BAROQUE<\/h2>\n\n\n\n<h3 class=\"wp-block-heading\">D\u2019ATAUN<\/h3>\n\n\n\n<p>D\u00e8s que vous entrez dans l&rsquo;\u00e9glise de Saint-Martin, la beaut\u00e9 de l&rsquo;orgue est in\u00e9vitable.<\/p>\n\n\n\n<p>L&rsquo;instrument, situ\u00e9 dans le ch\u0153ur de l&rsquo;\u00e9glise, est de style baroque et dans ce style, de type ib\u00e9rique. Dans toute Gipuzkoa, il y a sept organes de ce type, dont celui d&rsquo;Ataun est l&rsquo;un des plus importants, un magnifique exemple du moment sonore le plus \u00e9lev\u00e9 de l&rsquo;\u00e9poque.<\/p>\n\n\n\n<p>Depuis 1761, chaque dimanche (avec des pauses courtes) a rempli avec son son l&rsquo;\u00e9glise de Saint-Martin. Et ils sont plus de 260 ans!<\/p>\n<\/div>\n<\/div>\n\n\n\n<div class=\"wp-block-buttons is-content-justification-center is-layout-flex wp-container-core-buttons-is-layout-16018d1d wp-block-buttons-is-layout-flex\">\n<div class=\"wp-block-button btnLaranja\"><a class=\"wp-block-button__link wp-element-button\" href=\"https:\/\/www.ataunturismoa.eus\/fr\/patrimoine\/orgue-dataun-2\/orgue-dataun-introduction\/\">+ info<\/a><\/div>\n<\/div>\n\n\n\n<div style=\"height:48px\" aria-hidden=\"true\" class=\"wp-block-spacer\"><\/div>\n<\/div><\/div>\n<\/div><\/div>\n\n\n\n<div class=\"wp-block-group zabalaBerdea\"><div class=\"wp-block-group__inner-container is-layout-constrained wp-block-group-is-layout-constrained\">\n<h2 class=\"wp-block-heading\">ENVIRONNEMENT<\/h2>\n<\/div><\/div>\n\n\n\n<div class=\"wp-block-group domoahome container\"><div class=\"wp-block-group__inner-container is-layout-constrained wp-block-group-is-layout-constrained\">\n<div class=\"wp-block-columns domoColums is-layout-flex wp-container-core-columns-is-layout-9d6595d7 wp-block-columns-is-layout-flex\">\n<div class=\"wp-block-column is-layout-flow wp-block-column-is-layout-flow\" style=\"flex-basis:60%\">\n<figure class=\"wp-block-image size-large zabaleraOsoa\"><a href=\"https:\/\/www.ataunturismoa.eus\/eu\/ataungo-domoa\/\"><img loading=\"lazy\" decoding=\"async\" width=\"1024\" height=\"724\" src=\"https:\/\/www.ataunturismoa.eus\/wp-content\/uploads\/2023\/09\/Domoaren-Marrazkia-1024x724.jpg\" alt=\"\" class=\"wp-image-4503\" srcset=\"https:\/\/www.ataunturismoa.eus\/wp-content\/uploads\/2023\/09\/Domoaren-Marrazkia-1024x724.jpg 1024w, https:\/\/www.ataunturismoa.eus\/wp-content\/uploads\/2023\/09\/Domoaren-Marrazkia-300x212.jpg 300w, https:\/\/www.ataunturismoa.eus\/wp-content\/uploads\/2023\/09\/Domoaren-Marrazkia-768x543.jpg 768w, https:\/\/www.ataunturismoa.eus\/wp-content\/uploads\/2023\/09\/Domoaren-Marrazkia-500x353.jpg 500w, https:\/\/www.ataunturismoa.eus\/wp-content\/uploads\/2023\/09\/Domoaren-Marrazkia-800x565.jpg 800w, https:\/\/www.ataunturismoa.eus\/wp-content\/uploads\/2023\/09\/Domoaren-Marrazkia.jpg 1200w\" sizes=\"auto, (max-width: 1024px) 100vw, 1024px\" \/><\/a><\/figure>\n<\/div>\n\n\n\n<div class=\"wp-block-column is-layout-flow wp-block-column-is-layout-flow\" style=\"flex-basis:40%\">\n<p>Le d\u00f4me d&rsquo;Ataun a une grande r\u00e9f\u00e9rence pour les ataundarrak. En plus de sa grande pr\u00e9sence dans notre vie quotidienne, le patrimoine immat\u00e9riel li\u00e9 au D\u00f4me reste vivant dans notre localit\u00e9.<\/p>\n\n\n\n<p>Cette relation est bas\u00e9e sur les rochers qui forment le D\u00f4me. Le D\u00f4me d&rsquo;Ataun est d\u00e9clar\u00e9 Lieu d&rsquo;Int\u00e9r\u00eat G\u00e9ologique pour \u00eatre une structure aussi curieuse que pr\u00e9cieuse. Gr\u00e2ce aux diff\u00e9rentes ressources offertes dans cette section, nous vous invitons \u00e0 conna\u00eetre la formation du D\u00f4me et de son patrimoine.<\/p>\n<\/div>\n<\/div>\n<\/div><\/div>\n\n\n\n<div class=\"wp-block-group zabalaMorea\"><div class=\"wp-block-group__inner-container is-layout-constrained wp-block-group-is-layout-constrained\">\n<h2 class=\"wp-block-heading\">ATAUN EST VIE, \u00e9v\u00e9nements<\/h2>\n<\/div><\/div>\n\n\n\n<div class=\"wp-block-group container backmorea\"><div class=\"wp-block-group__inner-container is-layout-constrained wp-block-group-is-layout-constrained\">\n<p>Les activit\u00e9s culturelles et sportives organis\u00e9es par les associations d&rsquo;Ataun avec le soutien de la municipalit\u00e9 sont nombreuses tout au long de l&rsquo;ann\u00e9e. Vous serez au courant des \u00e9v\u00e9nements \u00e0 venir \u00e0 l&rsquo;agenda d&rsquo;Ataun. Voici la liste des activit\u00e9s qui se r\u00e9p\u00e8tent chaque ann\u00e9e ou tous les deux ans :<\/p>\n\n\n\n<div class=\"wp-block-buttons is-content-justification-center is-layout-flex wp-container-core-buttons-is-layout-16018d1d wp-block-buttons-is-layout-flex\">\n<div class=\"wp-block-button btnMorea\"><a class=\"wp-block-button__link wp-element-button\" href=\"https:\/\/www.ataunturismoa.eus\/fr\/evenements-principaux\/\">+ info<\/a><\/div>\n<\/div>\n<\/div><\/div>\n\n\n\n<p><\/p>\n","protected":false},"excerpt":{"rendered":"<p>Profiter de la nature Que voir Manger et boire Dormir NOUS SOMMES PASS\u00c9S, NOUS SOMMES PR\u00c9SENTS NOUS SOMMES PATRIMOINE. PRENONS GARDE ORGANE BAROQUE D\u2019ATAUN D\u00e8s que vous entrez dans l&rsquo;\u00e9glise de Saint-Martin, la beaut\u00e9 de l&rsquo;orgue est in\u00e9vitable. L&rsquo;instrument, situ\u00e9 dans le ch\u0153ur de l&rsquo;\u00e9glise, est de style baroque et dans ce style, de type [&hellip;]<\/p>\n","protected":false},"author":5,"featured_media":0,"parent":0,"menu_order":0,"comment_status":"closed","ping_status":"closed","template":"page-hasiera.php","meta":{"footnotes":""},"class_list":["post-4839","page","type-page","status-publish","hentry"],"acf":[],"yoast_head":"<!-- This site is optimized with the Yoast SEO plugin v27.3 - https:\/\/yoast.com\/product\/yoast-seo-wordpress\/ -->\n<title>Accueil - Ataun Turismoa<\/title>\n<meta name=\"robots\" content=\"index, follow, max-snippet:-1, max-image-preview:large, max-video-preview:-1\" \/>\n<link rel=\"canonical\" href=\"https:\/\/www.ataunturismoa.eus\/fr\/\" \/>\n<meta property=\"og:locale\" content=\"fr_FR\" \/>\n<meta property=\"og:type\" content=\"article\" \/>\n<meta property=\"og:title\" content=\"Accueil - Ataun Turismoa\" \/>\n<meta property=\"og:description\" content=\"Profiter de la nature Que voir Manger et boire Dormir NOUS SOMMES PASS\u00c9S, NOUS SOMMES PR\u00c9SENTS NOUS SOMMES PATRIMOINE. PRENONS GARDE ORGANE BAROQUE D\u2019ATAUN D\u00e8s que vous entrez dans l&rsquo;\u00e9glise de Saint-Martin, la beaut\u00e9 de l&rsquo;orgue est in\u00e9vitable. L&rsquo;instrument, situ\u00e9 dans le ch\u0153ur de l&rsquo;\u00e9glise, est de style baroque et dans ce style, de type [&hellip;]\" \/>\n<meta property=\"og:url\" content=\"https:\/\/www.ataunturismoa.eus\/fr\/\" \/>\n<meta property=\"og:site_name\" content=\"Ataun Turismoa\" \/>\n<meta property=\"article:modified_time\" content=\"2023-11-15T08:40:12+00:00\" \/>\n<meta property=\"og:image\" content=\"https:\/\/www.ataunturismoa.eus\/wp-content\/uploads\/2023\/03\/g302.png\" \/>\n<meta name=\"twitter:card\" content=\"summary_large_image\" \/>\n<meta name=\"twitter:label1\" content=\"Dur\u00e9e de lecture estim\u00e9e\" \/>\n\t<meta name=\"twitter:data1\" content=\"2 minutes\" \/>\n<script type=\"application\/ld+json\" class=\"yoast-schema-graph\">{\"@context\":\"https:\\\/\\\/schema.org\",\"@graph\":[{\"@type\":\"WebPage\",\"@id\":\"https:\\\/\\\/www.ataunturismoa.eus\\\/fr\\\/\",\"url\":\"https:\\\/\\\/www.ataunturismoa.eus\\\/fr\\\/\",\"name\":\"Accueil - Ataun Turismoa\",\"isPartOf\":{\"@id\":\"https:\\\/\\\/www.ataunturismoa.eus\\\/eu\\\/#website\"},\"primaryImageOfPage\":{\"@id\":\"https:\\\/\\\/www.ataunturismoa.eus\\\/fr\\\/#primaryimage\"},\"image\":{\"@id\":\"https:\\\/\\\/www.ataunturismoa.eus\\\/fr\\\/#primaryimage\"},\"thumbnailUrl\":\"https:\\\/\\\/www.ataunturismoa.eus\\\/wp-content\\\/uploads\\\/2023\\\/03\\\/g302.png\",\"datePublished\":\"2023-11-05T15:43:36+00:00\",\"dateModified\":\"2023-11-15T08:40:12+00:00\",\"breadcrumb\":{\"@id\":\"https:\\\/\\\/www.ataunturismoa.eus\\\/fr\\\/#breadcrumb\"},\"inLanguage\":\"fr-FR\",\"potentialAction\":[{\"@type\":\"ReadAction\",\"target\":[\"https:\\\/\\\/www.ataunturismoa.eus\\\/fr\\\/\"]}]},{\"@type\":\"ImageObject\",\"inLanguage\":\"fr-FR\",\"@id\":\"https:\\\/\\\/www.ataunturismoa.eus\\\/fr\\\/#primaryimage\",\"url\":\"https:\\\/\\\/www.ataunturismoa.eus\\\/wp-content\\\/uploads\\\/2023\\\/03\\\/g302.png\",\"contentUrl\":\"https:\\\/\\\/www.ataunturismoa.eus\\\/wp-content\\\/uploads\\\/2023\\\/03\\\/g302.png\"},{\"@type\":\"BreadcrumbList\",\"@id\":\"https:\\\/\\\/www.ataunturismoa.eus\\\/fr\\\/#breadcrumb\",\"itemListElement\":[{\"@type\":\"ListItem\",\"position\":1,\"name\":\"Inicio\",\"item\":\"https:\\\/\\\/www.ataunturismoa.eus\\\/fr\\\/\"},{\"@type\":\"ListItem\",\"position\":2,\"name\":\"Accueil\"}]},{\"@type\":\"WebSite\",\"@id\":\"https:\\\/\\\/www.ataunturismoa.eus\\\/eu\\\/#website\",\"url\":\"https:\\\/\\\/www.ataunturismoa.eus\\\/eu\\\/\",\"name\":\"Ataun Turismoa\",\"description\":\"\",\"potentialAction\":[{\"@type\":\"SearchAction\",\"target\":{\"@type\":\"EntryPoint\",\"urlTemplate\":\"https:\\\/\\\/www.ataunturismoa.eus\\\/eu\\\/?s={search_term_string}\"},\"query-input\":{\"@type\":\"PropertyValueSpecification\",\"valueRequired\":true,\"valueName\":\"search_term_string\"}}],\"inLanguage\":\"fr-FR\"}]}<\/script>\n<!-- \/ Yoast SEO plugin. -->","yoast_head_json":{"title":"Accueil - Ataun Turismoa","robots":{"index":"index","follow":"follow","max-snippet":"max-snippet:-1","max-image-preview":"max-image-preview:large","max-video-preview":"max-video-preview:-1"},"canonical":"https:\/\/www.ataunturismoa.eus\/fr\/","og_locale":"fr_FR","og_type":"article","og_title":"Accueil - Ataun Turismoa","og_description":"Profiter de la nature Que voir Manger et boire Dormir NOUS SOMMES PASS\u00c9S, NOUS SOMMES PR\u00c9SENTS NOUS SOMMES PATRIMOINE. PRENONS GARDE ORGANE BAROQUE D\u2019ATAUN D\u00e8s que vous entrez dans l&rsquo;\u00e9glise de Saint-Martin, la beaut\u00e9 de l&rsquo;orgue est in\u00e9vitable. L&rsquo;instrument, situ\u00e9 dans le ch\u0153ur de l&rsquo;\u00e9glise, est de style baroque et dans ce style, de type [&hellip;]","og_url":"https:\/\/www.ataunturismoa.eus\/fr\/","og_site_name":"Ataun Turismoa","article_modified_time":"2023-11-15T08:40:12+00:00","og_image":[{"url":"https:\/\/www.ataunturismoa.eus\/wp-content\/uploads\/2023\/03\/g302.png","type":"","width":"","height":""}],"twitter_card":"summary_large_image","twitter_misc":{"Dur\u00e9e de lecture estim\u00e9e":"2 minutes"},"schema":{"@context":"https:\/\/schema.org","@graph":[{"@type":"WebPage","@id":"https:\/\/www.ataunturismoa.eus\/fr\/","url":"https:\/\/www.ataunturismoa.eus\/fr\/","name":"Accueil - Ataun Turismoa","isPartOf":{"@id":"https:\/\/www.ataunturismoa.eus\/eu\/#website"},"primaryImageOfPage":{"@id":"https:\/\/www.ataunturismoa.eus\/fr\/#primaryimage"},"image":{"@id":"https:\/\/www.ataunturismoa.eus\/fr\/#primaryimage"},"thumbnailUrl":"https:\/\/www.ataunturismoa.eus\/wp-content\/uploads\/2023\/03\/g302.png","datePublished":"2023-11-05T15:43:36+00:00","dateModified":"2023-11-15T08:40:12+00:00","breadcrumb":{"@id":"https:\/\/www.ataunturismoa.eus\/fr\/#breadcrumb"},"inLanguage":"fr-FR","potentialAction":[{"@type":"ReadAction","target":["https:\/\/www.ataunturismoa.eus\/fr\/"]}]},{"@type":"ImageObject","inLanguage":"fr-FR","@id":"https:\/\/www.ataunturismoa.eus\/fr\/#primaryimage","url":"https:\/\/www.ataunturismoa.eus\/wp-content\/uploads\/2023\/03\/g302.png","contentUrl":"https:\/\/www.ataunturismoa.eus\/wp-content\/uploads\/2023\/03\/g302.png"},{"@type":"BreadcrumbList","@id":"https:\/\/www.ataunturismoa.eus\/fr\/#breadcrumb","itemListElement":[{"@type":"ListItem","position":1,"name":"Inicio","item":"https:\/\/www.ataunturismoa.eus\/fr\/"},{"@type":"ListItem","position":2,"name":"Accueil"}]},{"@type":"WebSite","@id":"https:\/\/www.ataunturismoa.eus\/eu\/#website","url":"https:\/\/www.ataunturismoa.eus\/eu\/","name":"Ataun Turismoa","description":"","potentialAction":[{"@type":"SearchAction","target":{"@type":"EntryPoint","urlTemplate":"https:\/\/www.ataunturismoa.eus\/eu\/?s={search_term_string}"},"query-input":{"@type":"PropertyValueSpecification","valueRequired":true,"valueName":"search_term_string"}}],"inLanguage":"fr-FR"}]}},"_links":{"self":[{"href":"https:\/\/www.ataunturismoa.eus\/fr\/wp-json\/wp\/v2\/pages\/4839","targetHints":{"allow":["GET"]}}],"collection":[{"href":"https:\/\/www.ataunturismoa.eus\/fr\/wp-json\/wp\/v2\/pages"}],"about":[{"href":"https:\/\/www.ataunturismoa.eus\/fr\/wp-json\/wp\/v2\/types\/page"}],"author":[{"embeddable":true,"href":"https:\/\/www.ataunturismoa.eus\/fr\/wp-json\/wp\/v2\/users\/5"}],"replies":[{"embeddable":true,"href":"https:\/\/www.ataunturismoa.eus\/fr\/wp-json\/wp\/v2\/comments?post=4839"}],"version-history":[{"count":10,"href":"https:\/\/www.ataunturismoa.eus\/fr\/wp-json\/wp\/v2\/pages\/4839\/revisions"}],"predecessor-version":[{"id":5015,"href":"https:\/\/www.ataunturismoa.eus\/fr\/wp-json\/wp\/v2\/pages\/4839\/revisions\/5015"}],"wp:attachment":[{"href":"https:\/\/www.ataunturismoa.eus\/fr\/wp-json\/wp\/v2\/media?parent=4839"}],"curies":[{"name":"wp","href":"https:\/\/api.w.org\/{rel}","templated":true}]}}