{"id":3032,"date":"2023-11-15T09:33:25","date_gmt":"2023-11-15T08:33:25","guid":{"rendered":"https:\/\/www.lanketan.net\/ataun\/?page_id=3032"},"modified":"2023-11-15T09:33:25","modified_gmt":"2023-11-15T08:33:25","slug":"dormir","status":"publish","type":"page","link":"https:\/\/www.ataunturismoa.eus\/fr\/services\/dormir\/","title":{"rendered":"Dormir"},"content":{"rendered":"\n<div class=\"wp-block-columns is-layout-flex wp-container-core-columns-is-layout-9d6595d7 wp-block-columns-is-layout-flex\">\n<div class=\"wp-block-column is-layout-flow wp-block-column-is-layout-flow\">\n<figure class=\"wp-block-gallery alignleft has-nested-images columns-2 is-cropped wp-block-gallery-1 is-layout-flex wp-block-gallery-is-layout-flex\">\n<figure class=\"wp-block-image size-full\"><img loading=\"lazy\" decoding=\"async\" width=\"500\" height=\"666\" data-id=\"3809\" src=\"https:\/\/www.ataunturismoa.eus\/wp-content\/uploads\/2023\/08\/IMG_2472.png\" alt=\"\" class=\"wp-image-3809\" srcset=\"https:\/\/www.ataunturismoa.eus\/wp-content\/uploads\/2023\/08\/IMG_2472.png 500w, https:\/\/www.ataunturismoa.eus\/wp-content\/uploads\/2023\/08\/IMG_2472-225x300.png 225w\" sizes=\"auto, (max-width: 500px) 100vw, 500px\" \/><\/figure>\n\n\n\n<figure class=\"wp-block-image size-full\"><img loading=\"lazy\" decoding=\"async\" width=\"500\" height=\"327\" data-id=\"3804\" src=\"https:\/\/www.ataunturismoa.eus\/wp-content\/uploads\/2023\/08\/IMG_2470.png\" alt=\"\" class=\"wp-image-3804\" srcset=\"https:\/\/www.ataunturismoa.eus\/wp-content\/uploads\/2023\/08\/IMG_2470.png 500w, https:\/\/www.ataunturismoa.eus\/wp-content\/uploads\/2023\/08\/IMG_2470-300x196.png 300w\" sizes=\"auto, (max-width: 500px) 100vw, 500px\" \/><\/figure>\n\n\n\n<figure class=\"wp-block-image size-full\"><img loading=\"lazy\" decoding=\"async\" width=\"500\" height=\"377\" data-id=\"3799\" src=\"https:\/\/www.ataunturismoa.eus\/wp-content\/uploads\/2023\/08\/IMG_2471.png\" alt=\"\" class=\"wp-image-3799\" srcset=\"https:\/\/www.ataunturismoa.eus\/wp-content\/uploads\/2023\/08\/IMG_2471.png 500w, https:\/\/www.ataunturismoa.eus\/wp-content\/uploads\/2023\/08\/IMG_2471-300x226.png 300w\" sizes=\"auto, (max-width: 500px) 100vw, 500px\" \/><\/figure>\n<\/figure>\n<\/div>\n\n\n\n<div class=\"wp-block-column is-layout-flow wp-block-column-is-layout-flow\">\n<h3 class=\"wp-block-heading\">Agrotourisme Aldarreta<\/h3>\n\n\n\n<p>Une ferme construite il y a plus de cinq cents ans et restaur\u00e9e ces derni\u00e8res ann\u00e9es. Situ\u00e9 en pleine nature, dans une zone calme, entre les parcs naturels d&rsquo;Aralar et d&rsquo;Aizkorri. Toutes les chambres ont une vue imprenable. Vente de produits de ferme.<\/p>\n\n\n\n<p>T\u00e9l\u00e9phone: 943180366<\/p>\n\n\n\n<p>R\u00e9servation: https:\/\/www.nekatur.net\/aldarreta<\/p>\n<\/div>\n<\/div>\n\n<hr class=\"wp-block-separator has-alpha-channel-opacity\"\/>\n\n<div class=\"wp-block-columns is-layout-flex wp-container-core-columns-is-layout-9d6595d7 wp-block-columns-is-layout-flex\">\n<div class=\"wp-block-column is-layout-flow wp-block-column-is-layout-flow\">\n<figure class=\"wp-block-gallery has-nested-images columns-2 is-cropped wp-block-gallery-2 is-layout-flex wp-block-gallery-is-layout-flex\">\n<figure class=\"wp-block-image size-large\"><img loading=\"lazy\" decoding=\"async\" width=\"1024\" height=\"576\" data-id=\"3817\" src=\"https:\/\/www.ataunturismoa.eus\/wp-content\/uploads\/2023\/08\/IMG_2524-1024x576.jpg\" alt=\"\" class=\"wp-image-3817\" srcset=\"https:\/\/www.ataunturismoa.eus\/wp-content\/uploads\/2023\/08\/IMG_2524-1024x576.jpg 1024w, https:\/\/www.ataunturismoa.eus\/wp-content\/uploads\/2023\/08\/IMG_2524-300x169.jpg 300w, https:\/\/www.ataunturismoa.eus\/wp-content\/uploads\/2023\/08\/IMG_2524-768x432.jpg 768w, https:\/\/www.ataunturismoa.eus\/wp-content\/uploads\/2023\/08\/IMG_2524-500x281.jpg 500w, https:\/\/www.ataunturismoa.eus\/wp-content\/uploads\/2023\/08\/IMG_2524-800x450.jpg 800w, https:\/\/www.ataunturismoa.eus\/wp-content\/uploads\/2023\/08\/IMG_2524.jpg 1200w\" sizes=\"auto, (max-width: 1024px) 100vw, 1024px\" \/><\/figure>\n\n\n\n<figure class=\"wp-block-image size-large\"><img loading=\"lazy\" decoding=\"async\" width=\"1024\" height=\"658\" data-id=\"3822\" src=\"https:\/\/www.ataunturismoa.eus\/wp-content\/uploads\/2023\/08\/IMG_2525-1024x658.png\" alt=\"\" class=\"wp-image-3822\" srcset=\"https:\/\/www.ataunturismoa.eus\/wp-content\/uploads\/2023\/08\/IMG_2525-1024x658.png 1024w, https:\/\/www.ataunturismoa.eus\/wp-content\/uploads\/2023\/08\/IMG_2525-300x193.png 300w, https:\/\/www.ataunturismoa.eus\/wp-content\/uploads\/2023\/08\/IMG_2525-768x493.png 768w, https:\/\/www.ataunturismoa.eus\/wp-content\/uploads\/2023\/08\/IMG_2525-500x321.png 500w, https:\/\/www.ataunturismoa.eus\/wp-content\/uploads\/2023\/08\/IMG_2525-800x514.png 800w, https:\/\/www.ataunturismoa.eus\/wp-content\/uploads\/2023\/08\/IMG_2525.png 1200w\" sizes=\"auto, (max-width: 1024px) 100vw, 1024px\" \/><\/figure>\n\n\n\n<figure class=\"wp-block-image size-full\"><img loading=\"lazy\" decoding=\"async\" width=\"800\" height=\"600\" data-id=\"3827\" src=\"https:\/\/www.ataunturismoa.eus\/wp-content\/uploads\/2023\/08\/IMG_2522.jpg\" alt=\"\" class=\"wp-image-3827\" srcset=\"https:\/\/www.ataunturismoa.eus\/wp-content\/uploads\/2023\/08\/IMG_2522.jpg 800w, https:\/\/www.ataunturismoa.eus\/wp-content\/uploads\/2023\/08\/IMG_2522-300x225.jpg 300w, https:\/\/www.ataunturismoa.eus\/wp-content\/uploads\/2023\/08\/IMG_2522-768x576.jpg 768w, https:\/\/www.ataunturismoa.eus\/wp-content\/uploads\/2023\/08\/IMG_2522-500x375.jpg 500w\" sizes=\"auto, (max-width: 800px) 100vw, 800px\" \/><\/figure>\n<\/figure>\n<\/div>\n\n\n\n<div class=\"wp-block-column is-layout-flow wp-block-column-is-layout-flow\">\n<h3 class=\"wp-block-heading\"><strong>Agrotourisme Lizarrustiko<\/strong><\/h3>\n\n\n\n<p>C&rsquo;est une auberge pour 34 personnes. Situ\u00e9 au-dessus de Lizarrusti. C&rsquo;est l&rsquo;une des principales entr\u00e9es d&rsquo;Aralar. Vous y trouverez des salles de repos, des salles d&rsquo;exposition, un bar, un restaurant et une terrasse.<\/p>\n\n\n\n<p>T\u00e9l\u00e9phone: 943582069<\/p>\n\n\n\n<p>Pour r\u00e9server, \u00e9crivez : lurra2@hotmail.com<\/p>\n<\/div>\n<\/div>\n","protected":false},"excerpt":{"rendered":"<p>Agrotourisme Aldarreta Une ferme construite il y a plus de cinq cents ans et restaur\u00e9e ces derni\u00e8res ann\u00e9es. Situ\u00e9 en pleine nature, dans une zone calme, entre les parcs naturels d&rsquo;Aralar et d&rsquo;Aizkorri. Toutes les chambres ont une vue imprenable. Vente de produits de ferme. T\u00e9l\u00e9phone: 943180366 R\u00e9servation: https:\/\/www.nekatur.net\/aldarreta Agrotourisme Lizarrustiko C&rsquo;est une auberge pour [&hellip;]<\/p>\n","protected":false},"author":5,"featured_media":0,"parent":1990,"menu_order":0,"comment_status":"closed","ping_status":"closed","template":"page-templates\/page-rigth-zerbi.php","meta":{"footnotes":""},"class_list":["post-3032","page","type-page","status-publish","hentry"],"acf":[],"yoast_head":"<!-- This site is optimized with the Yoast SEO plugin v27.5 - https:\/\/yoast.com\/product\/yoast-seo-wordpress\/ -->\n<title>Dormir - Ataun Turismoa<\/title>\n<meta name=\"robots\" content=\"index, follow, max-snippet:-1, max-image-preview:large, max-video-preview:-1\" \/>\n<link rel=\"canonical\" href=\"https:\/\/www.ataunturismoa.eus\/fr\/services\/dormir\/\" \/>\n<meta property=\"og:locale\" content=\"fr_FR\" \/>\n<meta property=\"og:type\" content=\"article\" \/>\n<meta property=\"og:title\" content=\"Dormir - Ataun Turismoa\" \/>\n<meta property=\"og:description\" content=\"Agrotourisme Aldarreta Une ferme construite il y a plus de cinq cents ans et restaur\u00e9e ces derni\u00e8res ann\u00e9es. Situ\u00e9 en pleine nature, dans une zone calme, entre les parcs naturels d&rsquo;Aralar et d&rsquo;Aizkorri. Toutes les chambres ont une vue imprenable. Vente de produits de ferme. T\u00e9l\u00e9phone: 943180366 R\u00e9servation: https:\/\/www.nekatur.net\/aldarreta Agrotourisme Lizarrustiko C&rsquo;est une auberge pour [&hellip;]\" \/>\n<meta property=\"og:url\" content=\"https:\/\/www.ataunturismoa.eus\/fr\/services\/dormir\/\" \/>\n<meta property=\"og:site_name\" content=\"Ataun Turismoa\" \/>\n<meta property=\"og:image\" content=\"https:\/\/www.ataunturismoa.eus\/wp-content\/uploads\/2023\/08\/IMG_2472.png\" \/>\n<meta name=\"twitter:card\" content=\"summary_large_image\" \/>\n<meta name=\"twitter:label1\" content=\"Dur\u00e9e de lecture estim\u00e9e\" \/>\n\t<meta name=\"twitter:data1\" content=\"1 minute\" \/>\n<script type=\"application\/ld+json\" class=\"yoast-schema-graph\">{\"@context\":\"https:\\\/\\\/schema.org\",\"@graph\":[{\"@type\":\"WebPage\",\"@id\":\"https:\\\/\\\/www.ataunturismoa.eus\\\/fr\\\/services\\\/dormir\\\/\",\"url\":\"https:\\\/\\\/www.ataunturismoa.eus\\\/fr\\\/services\\\/dormir\\\/\",\"name\":\"Dormir - Ataun Turismoa\",\"isPartOf\":{\"@id\":\"https:\\\/\\\/www.ataunturismoa.eus\\\/eu\\\/#website\"},\"primaryImageOfPage\":{\"@id\":\"https:\\\/\\\/www.ataunturismoa.eus\\\/fr\\\/services\\\/dormir\\\/#primaryimage\"},\"image\":{\"@id\":\"https:\\\/\\\/www.ataunturismoa.eus\\\/fr\\\/services\\\/dormir\\\/#primaryimage\"},\"thumbnailUrl\":\"https:\\\/\\\/www.ataunturismoa.eus\\\/wp-content\\\/uploads\\\/2023\\\/08\\\/IMG_2472.png\",\"datePublished\":\"2023-11-15T08:33:25+00:00\",\"breadcrumb\":{\"@id\":\"https:\\\/\\\/www.ataunturismoa.eus\\\/fr\\\/services\\\/dormir\\\/#breadcrumb\"},\"inLanguage\":\"fr-FR\",\"potentialAction\":[{\"@type\":\"ReadAction\",\"target\":[\"https:\\\/\\\/www.ataunturismoa.eus\\\/fr\\\/services\\\/dormir\\\/\"]}]},{\"@type\":\"ImageObject\",\"inLanguage\":\"fr-FR\",\"@id\":\"https:\\\/\\\/www.ataunturismoa.eus\\\/fr\\\/services\\\/dormir\\\/#primaryimage\",\"url\":\"https:\\\/\\\/www.ataunturismoa.eus\\\/wp-content\\\/uploads\\\/2023\\\/08\\\/IMG_2472.png\",\"contentUrl\":\"https:\\\/\\\/www.ataunturismoa.eus\\\/wp-content\\\/uploads\\\/2023\\\/08\\\/IMG_2472.png\"},{\"@type\":\"BreadcrumbList\",\"@id\":\"https:\\\/\\\/www.ataunturismoa.eus\\\/fr\\\/services\\\/dormir\\\/#breadcrumb\",\"itemListElement\":[{\"@type\":\"ListItem\",\"position\":1,\"name\":\"Inicio\",\"item\":\"https:\\\/\\\/www.ataunturismoa.eus\\\/fr\\\/\"},{\"@type\":\"ListItem\",\"position\":2,\"name\":\"Services\",\"item\":\"https:\\\/\\\/www.ataunturismoa.eus\\\/eu\\\/zerbitzuak\\\/\"},{\"@type\":\"ListItem\",\"position\":3,\"name\":\"Dormir\"}]},{\"@type\":\"WebSite\",\"@id\":\"https:\\\/\\\/www.ataunturismoa.eus\\\/eu\\\/#website\",\"url\":\"https:\\\/\\\/www.ataunturismoa.eus\\\/eu\\\/\",\"name\":\"Ataun Turismoa\",\"description\":\"\",\"potentialAction\":[{\"@type\":\"SearchAction\",\"target\":{\"@type\":\"EntryPoint\",\"urlTemplate\":\"https:\\\/\\\/www.ataunturismoa.eus\\\/eu\\\/?s={search_term_string}\"},\"query-input\":{\"@type\":\"PropertyValueSpecification\",\"valueRequired\":true,\"valueName\":\"search_term_string\"}}],\"inLanguage\":\"fr-FR\"}]}<\/script>\n<!-- \/ Yoast SEO plugin. -->","yoast_head_json":{"title":"Dormir - Ataun Turismoa","robots":{"index":"index","follow":"follow","max-snippet":"max-snippet:-1","max-image-preview":"max-image-preview:large","max-video-preview":"max-video-preview:-1"},"canonical":"https:\/\/www.ataunturismoa.eus\/fr\/services\/dormir\/","og_locale":"fr_FR","og_type":"article","og_title":"Dormir - Ataun Turismoa","og_description":"Agrotourisme Aldarreta Une ferme construite il y a plus de cinq cents ans et restaur\u00e9e ces derni\u00e8res ann\u00e9es. Situ\u00e9 en pleine nature, dans une zone calme, entre les parcs naturels d&rsquo;Aralar et d&rsquo;Aizkorri. Toutes les chambres ont une vue imprenable. Vente de produits de ferme. T\u00e9l\u00e9phone: 943180366 R\u00e9servation: https:\/\/www.nekatur.net\/aldarreta Agrotourisme Lizarrustiko C&rsquo;est une auberge pour [&hellip;]","og_url":"https:\/\/www.ataunturismoa.eus\/fr\/services\/dormir\/","og_site_name":"Ataun Turismoa","og_image":[{"url":"https:\/\/www.ataunturismoa.eus\/wp-content\/uploads\/2023\/08\/IMG_2472.png","type":"","width":"","height":""}],"twitter_card":"summary_large_image","twitter_misc":{"Dur\u00e9e de lecture estim\u00e9e":"1 minute"},"schema":{"@context":"https:\/\/schema.org","@graph":[{"@type":"WebPage","@id":"https:\/\/www.ataunturismoa.eus\/fr\/services\/dormir\/","url":"https:\/\/www.ataunturismoa.eus\/fr\/services\/dormir\/","name":"Dormir - Ataun Turismoa","isPartOf":{"@id":"https:\/\/www.ataunturismoa.eus\/eu\/#website"},"primaryImageOfPage":{"@id":"https:\/\/www.ataunturismoa.eus\/fr\/services\/dormir\/#primaryimage"},"image":{"@id":"https:\/\/www.ataunturismoa.eus\/fr\/services\/dormir\/#primaryimage"},"thumbnailUrl":"https:\/\/www.ataunturismoa.eus\/wp-content\/uploads\/2023\/08\/IMG_2472.png","datePublished":"2023-11-15T08:33:25+00:00","breadcrumb":{"@id":"https:\/\/www.ataunturismoa.eus\/fr\/services\/dormir\/#breadcrumb"},"inLanguage":"fr-FR","potentialAction":[{"@type":"ReadAction","target":["https:\/\/www.ataunturismoa.eus\/fr\/services\/dormir\/"]}]},{"@type":"ImageObject","inLanguage":"fr-FR","@id":"https:\/\/www.ataunturismoa.eus\/fr\/services\/dormir\/#primaryimage","url":"https:\/\/www.ataunturismoa.eus\/wp-content\/uploads\/2023\/08\/IMG_2472.png","contentUrl":"https:\/\/www.ataunturismoa.eus\/wp-content\/uploads\/2023\/08\/IMG_2472.png"},{"@type":"BreadcrumbList","@id":"https:\/\/www.ataunturismoa.eus\/fr\/services\/dormir\/#breadcrumb","itemListElement":[{"@type":"ListItem","position":1,"name":"Inicio","item":"https:\/\/www.ataunturismoa.eus\/fr\/"},{"@type":"ListItem","position":2,"name":"Services","item":"https:\/\/www.ataunturismoa.eus\/eu\/zerbitzuak\/"},{"@type":"ListItem","position":3,"name":"Dormir"}]},{"@type":"WebSite","@id":"https:\/\/www.ataunturismoa.eus\/eu\/#website","url":"https:\/\/www.ataunturismoa.eus\/eu\/","name":"Ataun Turismoa","description":"","potentialAction":[{"@type":"SearchAction","target":{"@type":"EntryPoint","urlTemplate":"https:\/\/www.ataunturismoa.eus\/eu\/?s={search_term_string}"},"query-input":{"@type":"PropertyValueSpecification","valueRequired":true,"valueName":"search_term_string"}}],"inLanguage":"fr-FR"}]}},"_links":{"self":[{"href":"https:\/\/www.ataunturismoa.eus\/fr\/wp-json\/wp\/v2\/pages\/3032","targetHints":{"allow":["GET"]}}],"collection":[{"href":"https:\/\/www.ataunturismoa.eus\/fr\/wp-json\/wp\/v2\/pages"}],"about":[{"href":"https:\/\/www.ataunturismoa.eus\/fr\/wp-json\/wp\/v2\/types\/page"}],"author":[{"embeddable":true,"href":"https:\/\/www.ataunturismoa.eus\/fr\/wp-json\/wp\/v2\/users\/5"}],"replies":[{"embeddable":true,"href":"https:\/\/www.ataunturismoa.eus\/fr\/wp-json\/wp\/v2\/comments?post=3032"}],"version-history":[{"count":2,"href":"https:\/\/www.ataunturismoa.eus\/fr\/wp-json\/wp\/v2\/pages\/3032\/revisions"}],"predecessor-version":[{"id":5002,"href":"https:\/\/www.ataunturismoa.eus\/fr\/wp-json\/wp\/v2\/pages\/3032\/revisions\/5002"}],"up":[{"embeddable":true,"href":"https:\/\/www.ataunturismoa.eus\/fr\/wp-json\/wp\/v2\/pages\/1990"}],"wp:attachment":[{"href":"https:\/\/www.ataunturismoa.eus\/fr\/wp-json\/wp\/v2\/media?parent=3032"}],"curies":[{"name":"wp","href":"https:\/\/api.w.org\/{rel}","templated":true}]}}