{"id":2043,"date":"2019-12-17T09:32:18","date_gmt":"2019-12-17T08:32:18","guid":{"rendered":"https:\/\/www.ataunturismoa.eus\/patrimoine\/mythologie-de-ataun\/"},"modified":"2023-11-05T22:21:06","modified_gmt":"2023-11-05T21:21:06","slug":"mythologie-de-ataun","status":"publish","type":"page","link":"https:\/\/www.ataunturismoa.eus\/fr\/patrimoine\/mythologie-de-ataun\/","title":{"rendered":"Mythologie de Ataun"},"content":{"rendered":"\n<p>Les proverbes anciens comme&nbsp;<em>\u201cIzena don guztie omen da&#8230;\u201d<\/em>&nbsp;(On dit que tout ce qui porte un nom existe) ou&nbsp;<em>\u201cDirenik ez da sinistu behar, ez direnik ez da esan behar\u00a0\u00bb<\/em>&nbsp;(Il ne faut pas croire qu\u2019ils existent, il ne faut pas dire qu\u2019ils n\u2019existent pas) d\u00e9montrent la croyance des habitants d\u2019Ataun en la mythologie&nbsp;; cette question a en effet une grande importance dans le village.<\/p>\n\n\n<div class=\"wp-block-image\">\n<figure class=\"alignleft\"><a href=\"https:\/\/www.ataunturismoa.eus\/wp-content\/uploads\/2019\/10\/ingurune-mitopoetikoa-160x120.jpg\"><img loading=\"lazy\" decoding=\"async\" width=\"160\" height=\"120\" src=\"https:\/\/www.ataunturismoa.eus\/wp-content\/uploads\/2019\/10\/ingurune-mitopoetikoa-160x120.jpg\" alt=\"\" class=\"wp-image-919\" srcset=\"https:\/\/www.ataunturismoa.eus\/wp-content\/uploads\/2019\/10\/ingurune-mitopoetikoa-160x120.jpg 160w, https:\/\/www.ataunturismoa.eus\/wp-content\/uploads\/2019\/10\/ingurune-mitopoetikoa-300x225.jpg 300w, https:\/\/www.ataunturismoa.eus\/wp-content\/uploads\/2019\/10\/ingurune-mitopoetikoa-768x576.jpg 768w, https:\/\/www.ataunturismoa.eus\/wp-content\/uploads\/2019\/10\/ingurune-mitopoetikoa.jpg 1024w\" sizes=\"auto, (max-width: 160px) 100vw, 160px\" \/><\/a><\/figure>\n<\/div>\n\n\n<p>Les habitants vivent de l\u2019agriculture et de l\u2019\u00e9levage depuis des temps imm\u00e9moriaux et, en cons\u00e9quence, le village est \u00e0 la merci de la nature. De ce fait, la l\u00e9gende a toujours \u00e9t\u00e9 un moyen de comprendre l\u2019environnement, d\u2019affronter les processus naturels et les dangers ou de s\u2019en prot\u00e9ger&nbsp;; elle sert, en l\u2019absence d\u2019autre explication, \u00e0 apaiser ou \u00e0 motiver le peuple.<\/p>\n\n\n\n<p>Il est vrai que le village offre un environnement id\u00e9al pour cela, \u00e0 travers ses montagnes, grottes, dolmens et autres. Appartenant \u00e0 la tradition orale, les l\u00e9gendes ont parfois demeur\u00e9 inalt\u00e9r\u00e9es durant de longues ann\u00e9es, et parfois, en revanche, elles ont \u00e9t\u00e9 profond\u00e9ment modifi\u00e9es par le bouche \u00e0 oreille&nbsp;: changement de nom, d\u2019emplacement, etc. Par cons\u00e9quent, les l\u00e9gendes sont \u00e0 la fois locales et universelles. Or, dans un monde de nouvelles technologies et d\u2019industrialisation, \u00e0 mesure que l\u2019habitude de se raconter des histoires s\u2019est perdue, le fil a \u00e9t\u00e9 rompu dans la grande majorit\u00e9 des lieux que nous connaissons.<\/p>\n\n\n\n<p>A Ataun, en revanche, Joxemiel Barandiaran fit un effort colossal pour qu\u2019il n\u2019en f\u00fbt pas ainsi. Il offrit son tr\u00e9sor au peuple en couchant sur papier la tradition orale, afin que les croyances ancestrales puissent perdurer. C\u2019est gr\u00e2ce \u00e0 ce travail que nous connaissons aujourd\u2019hui de nombreux lieux et histoires mythologiques d\u2019Ataun, qui sont pr\u00e9sent\u00e9s chaque ann\u00e9e \u00e0 travers la repr\u00e9sentation de l\u2019Arriv\u00e9e des Jentil (Jentilen Etorrera), \u00e0 l\u2019occasion des f\u00eates de la San Mart\u00edn.<\/p>\n\n\n\n<h2 class=\"wp-block-heading\">ARRIV\u00c9E DES JENTIL<\/h2>\n\n\n\n<figure class=\"wp-block-gallery has-nested-images columns-default is-cropped wp-block-gallery-1 is-layout-flex wp-block-gallery-is-layout-flex\">\n<figure class=\"wp-block-image size-large\"><img loading=\"lazy\" decoding=\"async\" width=\"1024\" height=\"412\" data-id=\"3639\" src=\"https:\/\/www.ataunturismoa.eus\/wp-content\/uploads\/2023\/08\/ikuskizun-berria-2-1024x412.jpg\" alt=\"\" class=\"wp-image-3639\" srcset=\"https:\/\/www.ataunturismoa.eus\/wp-content\/uploads\/2023\/08\/ikuskizun-berria-2-1024x412.jpg 1024w, https:\/\/www.ataunturismoa.eus\/wp-content\/uploads\/2023\/08\/ikuskizun-berria-2-300x121.jpg 300w, https:\/\/www.ataunturismoa.eus\/wp-content\/uploads\/2023\/08\/ikuskizun-berria-2-768x309.jpg 768w, https:\/\/www.ataunturismoa.eus\/wp-content\/uploads\/2023\/08\/ikuskizun-berria-2-500x201.jpg 500w, https:\/\/www.ataunturismoa.eus\/wp-content\/uploads\/2023\/08\/ikuskizun-berria-2-800x322.jpg 800w, https:\/\/www.ataunturismoa.eus\/wp-content\/uploads\/2023\/08\/ikuskizun-berria-2.jpg 1200w\" sizes=\"auto, (max-width: 1024px) 100vw, 1024px\" \/><\/figure>\n\n\n\n<figure class=\"wp-block-image size-large\"><img loading=\"lazy\" decoding=\"async\" width=\"678\" height=\"317\" data-id=\"3633\" src=\"https:\/\/www.ataunturismoa.eus\/wp-content\/uploads\/2023\/08\/JentilenEtorrera-2.jpg\" alt=\"\" class=\"wp-image-3633\" srcset=\"https:\/\/www.ataunturismoa.eus\/wp-content\/uploads\/2023\/08\/JentilenEtorrera-2.jpg 678w, https:\/\/www.ataunturismoa.eus\/wp-content\/uploads\/2023\/08\/JentilenEtorrera-2-300x140.jpg 300w, https:\/\/www.ataunturismoa.eus\/wp-content\/uploads\/2023\/08\/JentilenEtorrera-2-500x234.jpg 500w\" sizes=\"auto, (max-width: 678px) 100vw, 678px\" \/><\/figure>\n\n\n\n<figure class=\"wp-block-image size-large\"><img loading=\"lazy\" decoding=\"async\" width=\"1024\" height=\"490\" data-id=\"3638\" src=\"https:\/\/www.ataunturismoa.eus\/wp-content\/uploads\/2023\/08\/jentilen-etorrera-euskal-mitologia-1024x490-3.png\" alt=\"\" class=\"wp-image-3638\" srcset=\"https:\/\/www.ataunturismoa.eus\/wp-content\/uploads\/2023\/08\/jentilen-etorrera-euskal-mitologia-1024x490-3.png 1024w, https:\/\/www.ataunturismoa.eus\/wp-content\/uploads\/2023\/08\/jentilen-etorrera-euskal-mitologia-1024x490-3-300x144.png 300w, https:\/\/www.ataunturismoa.eus\/wp-content\/uploads\/2023\/08\/jentilen-etorrera-euskal-mitologia-1024x490-3-768x368.png 768w, https:\/\/www.ataunturismoa.eus\/wp-content\/uploads\/2023\/08\/jentilen-etorrera-euskal-mitologia-1024x490-3-500x239.png 500w, https:\/\/www.ataunturismoa.eus\/wp-content\/uploads\/2023\/08\/jentilen-etorrera-euskal-mitologia-1024x490-3-800x383.png 800w\" sizes=\"auto, (max-width: 1024px) 100vw, 1024px\" \/><\/figure>\n<\/figure>\n\n\n\n<p><em>\u201cLe monde magique recueilli par Joxemiel Barandiaran, repr\u00e9sent\u00e9 par les habitants d\u2019Ataun\u201d<\/em>.<\/p>\n\n\n\n<p>C\u2019est ainsi que se d\u00e9finit l\u2019arriv\u00e9e des jentil, d\u2019apr\u00e8s l\u2019un de ses cr\u00e9ateurs. Ce projet mettant en sc\u00e8ne les Jentil apparut en 1981 dans le but d\u2019attirer les gens aux f\u00eates du quartier de San Mart\u00edn. En effet, on appelle souvent \u00ab\u00a0jentil\u00a0\u00bb les habitants d\u2019Ataun et d\u2019Aia et, en outre, le village regorge d\u2019histoires sur les jentil. Mais ces derniers ne sont pas les seuls protagonistes&nbsp;: seigneurs des bois, sorci\u00e8res de Sanmartintxiki et autres lamia sont aussi de la partie&#8230;<\/p>\n\n\n\n<p>Chaque ann\u00e9e, une l\u00e9gende situ\u00e9e aux environs d\u2019Ataun est racont\u00e9e, afin de faire conna\u00eetre les diff\u00e9rents personnages et de plonger le village dans le monde de la mythologie. Ainsi a-t-on racont\u00e9 l\u2019histoire du dernier jentil, celle du drap dor\u00e9 de la ferme Agerre, la l\u00e9gende de Torto de Muski, le secret du bl\u00e9, l\u2019histoire de la jeune fille d\u2019Arbeldi qui tomba dans la grotte d\u2019Agaramunda et bien d\u2019autres encore. Le dimanche des f\u00eates de la San Mart\u00edn (11 novembre), \u00e0 six heures du soir, on allume des feux dans la montagne et on \u00e9teint l\u2019\u00e9clairage public, pour faire place \u00e0 un spectacle qui unit pass\u00e9 et pr\u00e9sent. Les jentil sont arriv\u00e9s au village. De la place San Mart\u00edn sortent le maire, le cur\u00e9 et le gendarme en repr\u00e9sentation du peuple&nbsp;; un crieur \u00e0 leur t\u00eate, ils rejoignent \u00e0 Iztator les jentil, sorci\u00e8res et autres personnages provenant de Jentilbaratza et pr\u00e9sentent un spectacle dans la salle polyvalente d\u2019Auzoeta.<\/p>\n\n\n\n<h2 class=\"wp-block-heading\"><strong>Route de nuit de mythologie<\/strong><\/h2>\n\n\n\n<figure class=\"wp-block-gallery has-nested-images columns-default is-cropped wp-block-gallery-2 is-layout-flex wp-block-gallery-is-layout-flex\">\n<figure class=\"wp-block-image size-large\"><img loading=\"lazy\" decoding=\"async\" width=\"700\" height=\"327\" data-id=\"3649\" src=\"https:\/\/www.ataunturismoa.eus\/wp-content\/uploads\/2023\/08\/a-lamiak_gauez.jpg\" alt=\"\" class=\"wp-image-3649\" srcset=\"https:\/\/www.ataunturismoa.eus\/wp-content\/uploads\/2023\/08\/a-lamiak_gauez.jpg 700w, https:\/\/www.ataunturismoa.eus\/wp-content\/uploads\/2023\/08\/a-lamiak_gauez-300x140.jpg 300w, https:\/\/www.ataunturismoa.eus\/wp-content\/uploads\/2023\/08\/a-lamiak_gauez-500x234.jpg 500w\" sizes=\"auto, (max-width: 700px) 100vw, 700px\" \/><\/figure>\n\n\n\n<figure class=\"wp-block-image size-large\"><img loading=\"lazy\" decoding=\"async\" width=\"300\" height=\"200\" data-id=\"3648\" src=\"https:\/\/www.ataunturismoa.eus\/wp-content\/uploads\/2023\/08\/gau-ibilaldia-4-300x200-1.jpg\" alt=\"\" class=\"wp-image-3648\"\/><\/figure>\n\n\n\n<figure class=\"wp-block-image size-large\"><img loading=\"lazy\" decoding=\"async\" width=\"998\" height=\"646\" data-id=\"3658\" src=\"https:\/\/www.ataunturismoa.eus\/wp-content\/uploads\/2023\/08\/gau_ibilaldi_mitologikoa.png\" alt=\"\" class=\"wp-image-3658\" srcset=\"https:\/\/www.ataunturismoa.eus\/wp-content\/uploads\/2023\/08\/gau_ibilaldi_mitologikoa.png 998w, https:\/\/www.ataunturismoa.eus\/wp-content\/uploads\/2023\/08\/gau_ibilaldi_mitologikoa-300x194.png 300w, https:\/\/www.ataunturismoa.eus\/wp-content\/uploads\/2023\/08\/gau_ibilaldi_mitologikoa-768x497.png 768w, https:\/\/www.ataunturismoa.eus\/wp-content\/uploads\/2023\/08\/gau_ibilaldi_mitologikoa-500x324.png 500w, https:\/\/www.ataunturismoa.eus\/wp-content\/uploads\/2023\/08\/gau_ibilaldi_mitologikoa-800x518.png 800w\" sizes=\"auto, (max-width: 998px) 100vw, 998px\" \/><\/figure>\n<\/figure>\n\n\n\n<p>Nous entrons au c\u0153ur d&rsquo;Ataun et dans la r\u00e9gion o\u00f9 Joxemiel Barandiaran a v\u00e9cu.<\/p>\n\n\n\n<p>Le long du sentier nous accompagnerons de personnages de la mythologie basque. Pour cela, nous compl\u00e9terons la visite entre le mus\u00e9e Barandiaran et la place Saint-Martin. Un fantastique parcours de 3 kilom\u00e8tres rempli de surprises. C&rsquo;est un parcours accessible \u00e0 toute personne habitu\u00e9e \u00e0 se promener sur un sentier.<\/p>\n\n\n\n<p><a href=\"https:\/\/jentilbaratza.eus\/\" target=\"_blank\" rel=\"noreferrer noopener\"><i class=\"fas fa-link\"><\/i> Pour acheter des billets et des informations sur les \u00e9v\u00e9nements, consultez le portail de l&rsquo;Association Jentilbaratza<\/a><\/p>\n\n\n\n<h2 class=\"wp-block-heading has-text-align-center\">L\u00c9GENDES DANS LES CHEMINS MYTHOLOGIQUES<\/h2>\n\n\n\n<hr class=\"wp-block-separator has-text-color has-alpha-channel-opacity has-background\" style=\"background-color:#c23c13;color:#c23c13\"\/>\n\n\n\n<p class=\"has-text-align-center\"><strong class=\"laranja\">Route Barandiaran<\/strong><br>Introduction \u00e0 la mythologie d&rsquo;Ataun<\/p>\n\n\n<p>[bs-accordion type=\u00a0\u00bbleyenda\u00a0\u00bb id=\u00a0\u00bb1514,1659,1660,1664,1665,1661&Prime; order=\u00a0\u00bbASC\u00a0\u00bb orderby=\u00a0\u00bbid\u00a0\u00bb  ]<\/p>\n\n\n\n<p class=\"has-text-align-center\"><strong class=\"laranja\">Route Berrenoa<\/strong><br>Suivre les traces des sorci\u00e8res<\/p>\n\n\n<p>[bs-accordion type=\u00a0\u00bbleyenda\u00a0\u00bb id=\u00a0\u00bb1663,1666&Prime; order=\u00a0\u00bbASC\u00a0\u00bb orderby=\u00a0\u00bbid\u00a0\u00bb  ]<\/p>\n\n\n\n<p class=\"has-text-align-center\"><strong class=\"laranja\">Route Jentilbaratza<br><\/strong>Les Jentiles surveillent<\/p>\n\n\n<p>[bs-accordion type=\u00a0\u00bbleyenda\u00a0\u00bb id=\u00a0\u00bb1667,1673,1679&Prime; order=\u00a0\u00bbASC\u00a0\u00bb orderby=\u00a0\u00bbid\u00a0\u00bb  ]<\/p>\n\n\n\n<p class=\"has-text-align-center\"><strong class=\"laranja\">Route Sarastarri<\/strong><br>Les secrets de la grotte<\/p>\n\n\n<p>[bs-accordion type=\u00a0\u00bbleyenda\u00a0\u00bb id=\u00a0\u00bb1685,1691,1697,1703&Prime; order=\u00a0\u00bbASC\u00a0\u00bb orderby=\u00a0\u00bbid\u00a0\u00bb  ]<\/p>\n\n\n\n<h2 class=\"wp-block-heading has-text-align-center\">L\u00c9GENDES \u00c0 TRAVERS D&rsquo;ATAUN<\/h2>\n\n\n<p>[bs-accordion type=\u00a0\u00bbleyenda\u00a0\u00bb id=\u00a0\u00bb1938,1709,1715,1721,1727,1734,1735,1741,1747,1748,1754,1755,1761,1767,1768,1774,1780,1781,1782,1788,1794,1800,1806&Prime; order=\u00a0\u00bbASC\u00a0\u00bb orderby=\u00a0\u00bbid\u00a0\u00bb  ]<\/p>\n","protected":false},"excerpt":{"rendered":"<p>Les proverbes anciens comme&nbsp;\u201cIzena don guztie omen da&#8230;\u201d&nbsp;(On dit que tout ce qui porte un nom existe) ou&nbsp;\u201cDirenik ez da sinistu behar, ez direnik ez da esan behar\u00a0\u00bb&nbsp;(Il ne faut pas croire qu\u2019ils existent, il ne faut pas dire qu\u2019ils n\u2019existent pas) d\u00e9montrent la croyance des habitants d\u2019Ataun en la mythologie&nbsp;; cette question a en [&hellip;]<\/p>\n","protected":false},"author":4,"featured_media":0,"parent":1999,"menu_order":0,"comment_status":"closed","ping_status":"closed","template":"page-templates\/page-rigth.php","meta":{"footnotes":""},"class_list":["post-2043","page","type-page","status-publish","hentry"],"acf":[],"yoast_head":"<!-- This site is optimized with the Yoast SEO plugin v27.5 - https:\/\/yoast.com\/product\/yoast-seo-wordpress\/ -->\n<title>Mythologie de Ataun - Ataun Turismoa<\/title>\n<meta name=\"robots\" content=\"index, follow, max-snippet:-1, max-image-preview:large, max-video-preview:-1\" \/>\n<link rel=\"canonical\" href=\"https:\/\/www.ataunturismoa.eus\/fr\/patrimoine\/mythologie-de-ataun\/\" \/>\n<meta property=\"og:locale\" content=\"fr_FR\" \/>\n<meta property=\"og:type\" content=\"article\" \/>\n<meta property=\"og:title\" content=\"Mythologie de Ataun - Ataun Turismoa\" \/>\n<meta property=\"og:description\" content=\"Les proverbes anciens comme&nbsp;\u201cIzena don guztie omen da&#8230;\u201d&nbsp;(On dit que tout ce qui porte un nom existe) ou&nbsp;\u201cDirenik ez da sinistu behar, ez direnik ez da esan behar\u00a0\u00bb&nbsp;(Il ne faut pas croire qu\u2019ils existent, il ne faut pas dire qu\u2019ils n\u2019existent pas) d\u00e9montrent la croyance des habitants d\u2019Ataun en la mythologie&nbsp;; cette question a en [&hellip;]\" \/>\n<meta property=\"og:url\" content=\"https:\/\/www.ataunturismoa.eus\/fr\/patrimoine\/mythologie-de-ataun\/\" \/>\n<meta property=\"og:site_name\" content=\"Ataun Turismoa\" \/>\n<meta property=\"article:modified_time\" content=\"2023-11-05T21:21:06+00:00\" \/>\n<meta property=\"og:image\" content=\"https:\/\/www.ataunturismoa.eus\/wp-content\/uploads\/2019\/10\/ingurune-mitopoetikoa-160x120.jpg\" \/>\n<meta name=\"twitter:card\" content=\"summary_large_image\" \/>\n<meta name=\"twitter:label1\" content=\"Dur\u00e9e de lecture estim\u00e9e\" \/>\n\t<meta name=\"twitter:data1\" content=\"6 minutes\" \/>\n<script type=\"application\/ld+json\" class=\"yoast-schema-graph\">{\"@context\":\"https:\\\/\\\/schema.org\",\"@graph\":[{\"@type\":\"WebPage\",\"@id\":\"https:\\\/\\\/www.ataunturismoa.eus\\\/fr\\\/patrimoine\\\/mythologie-de-ataun\\\/\",\"url\":\"https:\\\/\\\/www.ataunturismoa.eus\\\/fr\\\/patrimoine\\\/mythologie-de-ataun\\\/\",\"name\":\"Mythologie de Ataun - Ataun Turismoa\",\"isPartOf\":{\"@id\":\"https:\\\/\\\/www.ataunturismoa.eus\\\/eu\\\/#website\"},\"primaryImageOfPage\":{\"@id\":\"https:\\\/\\\/www.ataunturismoa.eus\\\/fr\\\/patrimoine\\\/mythologie-de-ataun\\\/#primaryimage\"},\"image\":{\"@id\":\"https:\\\/\\\/www.ataunturismoa.eus\\\/fr\\\/patrimoine\\\/mythologie-de-ataun\\\/#primaryimage\"},\"thumbnailUrl\":\"https:\\\/\\\/www.ataunturismoa.eus\\\/wp-content\\\/uploads\\\/2019\\\/10\\\/ingurune-mitopoetikoa-160x120.jpg\",\"datePublished\":\"2019-12-17T08:32:18+00:00\",\"dateModified\":\"2023-11-05T21:21:06+00:00\",\"breadcrumb\":{\"@id\":\"https:\\\/\\\/www.ataunturismoa.eus\\\/fr\\\/patrimoine\\\/mythologie-de-ataun\\\/#breadcrumb\"},\"inLanguage\":\"fr-FR\",\"potentialAction\":[{\"@type\":\"ReadAction\",\"target\":[\"https:\\\/\\\/www.ataunturismoa.eus\\\/fr\\\/patrimoine\\\/mythologie-de-ataun\\\/\"]}]},{\"@type\":\"ImageObject\",\"inLanguage\":\"fr-FR\",\"@id\":\"https:\\\/\\\/www.ataunturismoa.eus\\\/fr\\\/patrimoine\\\/mythologie-de-ataun\\\/#primaryimage\",\"url\":\"https:\\\/\\\/www.ataunturismoa.eus\\\/wp-content\\\/uploads\\\/2019\\\/10\\\/ingurune-mitopoetikoa-160x120.jpg\",\"contentUrl\":\"https:\\\/\\\/www.ataunturismoa.eus\\\/wp-content\\\/uploads\\\/2019\\\/10\\\/ingurune-mitopoetikoa-160x120.jpg\"},{\"@type\":\"BreadcrumbList\",\"@id\":\"https:\\\/\\\/www.ataunturismoa.eus\\\/fr\\\/patrimoine\\\/mythologie-de-ataun\\\/#breadcrumb\",\"itemListElement\":[{\"@type\":\"ListItem\",\"position\":1,\"name\":\"Inicio\",\"item\":\"https:\\\/\\\/www.ataunturismoa.eus\\\/fr\\\/\"},{\"@type\":\"ListItem\",\"position\":2,\"name\":\"Patrimoine\",\"item\":\"https:\\\/\\\/www.ataunturismoa.eus\\\/fr\\\/patrimoine\\\/\"},{\"@type\":\"ListItem\",\"position\":3,\"name\":\"Mythologie de Ataun\"}]},{\"@type\":\"WebSite\",\"@id\":\"https:\\\/\\\/www.ataunturismoa.eus\\\/eu\\\/#website\",\"url\":\"https:\\\/\\\/www.ataunturismoa.eus\\\/eu\\\/\",\"name\":\"Ataun Turismoa\",\"description\":\"\",\"potentialAction\":[{\"@type\":\"SearchAction\",\"target\":{\"@type\":\"EntryPoint\",\"urlTemplate\":\"https:\\\/\\\/www.ataunturismoa.eus\\\/eu\\\/?s={search_term_string}\"},\"query-input\":{\"@type\":\"PropertyValueSpecification\",\"valueRequired\":true,\"valueName\":\"search_term_string\"}}],\"inLanguage\":\"fr-FR\"}]}<\/script>\n<!-- \/ Yoast SEO plugin. -->","yoast_head_json":{"title":"Mythologie de Ataun - Ataun Turismoa","robots":{"index":"index","follow":"follow","max-snippet":"max-snippet:-1","max-image-preview":"max-image-preview:large","max-video-preview":"max-video-preview:-1"},"canonical":"https:\/\/www.ataunturismoa.eus\/fr\/patrimoine\/mythologie-de-ataun\/","og_locale":"fr_FR","og_type":"article","og_title":"Mythologie de Ataun - Ataun Turismoa","og_description":"Les proverbes anciens comme&nbsp;\u201cIzena don guztie omen da&#8230;\u201d&nbsp;(On dit que tout ce qui porte un nom existe) ou&nbsp;\u201cDirenik ez da sinistu behar, ez direnik ez da esan behar\u00a0\u00bb&nbsp;(Il ne faut pas croire qu\u2019ils existent, il ne faut pas dire qu\u2019ils n\u2019existent pas) d\u00e9montrent la croyance des habitants d\u2019Ataun en la mythologie&nbsp;; cette question a en [&hellip;]","og_url":"https:\/\/www.ataunturismoa.eus\/fr\/patrimoine\/mythologie-de-ataun\/","og_site_name":"Ataun Turismoa","article_modified_time":"2023-11-05T21:21:06+00:00","og_image":[{"url":"https:\/\/www.ataunturismoa.eus\/wp-content\/uploads\/2019\/10\/ingurune-mitopoetikoa-160x120.jpg","type":"","width":"","height":""}],"twitter_card":"summary_large_image","twitter_misc":{"Dur\u00e9e de lecture estim\u00e9e":"6 minutes"},"schema":{"@context":"https:\/\/schema.org","@graph":[{"@type":"WebPage","@id":"https:\/\/www.ataunturismoa.eus\/fr\/patrimoine\/mythologie-de-ataun\/","url":"https:\/\/www.ataunturismoa.eus\/fr\/patrimoine\/mythologie-de-ataun\/","name":"Mythologie de Ataun - Ataun Turismoa","isPartOf":{"@id":"https:\/\/www.ataunturismoa.eus\/eu\/#website"},"primaryImageOfPage":{"@id":"https:\/\/www.ataunturismoa.eus\/fr\/patrimoine\/mythologie-de-ataun\/#primaryimage"},"image":{"@id":"https:\/\/www.ataunturismoa.eus\/fr\/patrimoine\/mythologie-de-ataun\/#primaryimage"},"thumbnailUrl":"https:\/\/www.ataunturismoa.eus\/wp-content\/uploads\/2019\/10\/ingurune-mitopoetikoa-160x120.jpg","datePublished":"2019-12-17T08:32:18+00:00","dateModified":"2023-11-05T21:21:06+00:00","breadcrumb":{"@id":"https:\/\/www.ataunturismoa.eus\/fr\/patrimoine\/mythologie-de-ataun\/#breadcrumb"},"inLanguage":"fr-FR","potentialAction":[{"@type":"ReadAction","target":["https:\/\/www.ataunturismoa.eus\/fr\/patrimoine\/mythologie-de-ataun\/"]}]},{"@type":"ImageObject","inLanguage":"fr-FR","@id":"https:\/\/www.ataunturismoa.eus\/fr\/patrimoine\/mythologie-de-ataun\/#primaryimage","url":"https:\/\/www.ataunturismoa.eus\/wp-content\/uploads\/2019\/10\/ingurune-mitopoetikoa-160x120.jpg","contentUrl":"https:\/\/www.ataunturismoa.eus\/wp-content\/uploads\/2019\/10\/ingurune-mitopoetikoa-160x120.jpg"},{"@type":"BreadcrumbList","@id":"https:\/\/www.ataunturismoa.eus\/fr\/patrimoine\/mythologie-de-ataun\/#breadcrumb","itemListElement":[{"@type":"ListItem","position":1,"name":"Inicio","item":"https:\/\/www.ataunturismoa.eus\/fr\/"},{"@type":"ListItem","position":2,"name":"Patrimoine","item":"https:\/\/www.ataunturismoa.eus\/fr\/patrimoine\/"},{"@type":"ListItem","position":3,"name":"Mythologie de Ataun"}]},{"@type":"WebSite","@id":"https:\/\/www.ataunturismoa.eus\/eu\/#website","url":"https:\/\/www.ataunturismoa.eus\/eu\/","name":"Ataun Turismoa","description":"","potentialAction":[{"@type":"SearchAction","target":{"@type":"EntryPoint","urlTemplate":"https:\/\/www.ataunturismoa.eus\/eu\/?s={search_term_string}"},"query-input":{"@type":"PropertyValueSpecification","valueRequired":true,"valueName":"search_term_string"}}],"inLanguage":"fr-FR"}]}},"_links":{"self":[{"href":"https:\/\/www.ataunturismoa.eus\/fr\/wp-json\/wp\/v2\/pages\/2043","targetHints":{"allow":["GET"]}}],"collection":[{"href":"https:\/\/www.ataunturismoa.eus\/fr\/wp-json\/wp\/v2\/pages"}],"about":[{"href":"https:\/\/www.ataunturismoa.eus\/fr\/wp-json\/wp\/v2\/types\/page"}],"author":[{"embeddable":true,"href":"https:\/\/www.ataunturismoa.eus\/fr\/wp-json\/wp\/v2\/users\/4"}],"replies":[{"embeddable":true,"href":"https:\/\/www.ataunturismoa.eus\/fr\/wp-json\/wp\/v2\/comments?post=2043"}],"version-history":[{"count":10,"href":"https:\/\/www.ataunturismoa.eus\/fr\/wp-json\/wp\/v2\/pages\/2043\/revisions"}],"predecessor-version":[{"id":4944,"href":"https:\/\/www.ataunturismoa.eus\/fr\/wp-json\/wp\/v2\/pages\/2043\/revisions\/4944"}],"up":[{"embeddable":true,"href":"https:\/\/www.ataunturismoa.eus\/fr\/wp-json\/wp\/v2\/pages\/1999"}],"wp:attachment":[{"href":"https:\/\/www.ataunturismoa.eus\/fr\/wp-json\/wp\/v2\/media?parent=2043"}],"curies":[{"name":"wp","href":"https:\/\/api.w.org\/{rel}","templated":true}]}}