{"id":2022,"date":"2019-12-16T13:36:54","date_gmt":"2019-12-16T12:36:54","guid":{"rendered":"https:\/\/www.ataunturismoa.eus\/patrimoine\/orgue-dataun-concept\/"},"modified":"2023-11-05T22:57:31","modified_gmt":"2023-11-05T21:57:31","slug":"orgue-dataun-concept","status":"publish","type":"page","link":"https:\/\/www.ataunturismoa.eus\/fr\/patrimoine\/orgue-dataun-2\/orgue-dataun-concept\/","title":{"rendered":"Orgue d&rsquo;Ataun: Concept"},"content":{"rendered":"\n<div class=\"wp-block-columns is-layout-flex wp-container-core-columns-is-layout-9d6595d7 wp-block-columns-is-layout-flex\">\n<div class=\"wp-block-column is-layout-flow wp-block-column-is-layout-flow\" style=\"flex-basis:33.33%\">\n<figure class=\"wp-block-image size-full\"><img loading=\"lazy\" decoding=\"async\" width=\"600\" height=\"800\" src=\"https:\/\/www.ataunturismoa.eus\/wp-content\/uploads\/2023\/08\/organokontzeptua-edited-1.jpg\" alt=\"\" class=\"wp-image-4015\" srcset=\"https:\/\/www.ataunturismoa.eus\/wp-content\/uploads\/2023\/08\/organokontzeptua-edited-1.jpg 600w, https:\/\/www.ataunturismoa.eus\/wp-content\/uploads\/2023\/08\/organokontzeptua-edited-1-225x300.jpg 225w, https:\/\/www.ataunturismoa.eus\/wp-content\/uploads\/2023\/08\/organokontzeptua-edited-1-500x667.jpg 500w\" sizes=\"auto, (max-width: 600px) 100vw, 600px\" \/><\/figure>\n<\/div>\n\n\n\n<div class=\"wp-block-column is-layout-flow wp-block-column-is-layout-flow\" style=\"flex-basis:66.66%\">\n<p>Cabe definirlo como un instrumento musical de viento y teclado que ha desempe\u00f1ado un importante papel en la historia de la m\u00fasica.<\/p>\n\n\n\n<p>Consta de unos&nbsp;tubos&nbsp;por los que pasa el aire, que vibra, produciendo el sonido. Estos tubos se clasifican u ordenan seg\u00fan los distintos registros. Los&nbsp;registros&nbsp;son una especie de controles que sirven para seleccionar los sonidos, divididos en familias seg\u00fan su altura, timbre e intensidad.<\/p>\n\n\n\n<p>En la consola, junto a los registros, se encuentran las&nbsp;teclas&nbsp;y los&nbsp;pedales, que se accionan con las manos y los pies, respectivamente. Cuando se ta\u00f1en las teclas y los pedales (teclas de los pies), el movimiento as\u00ed provocado llega hasta las&nbsp;v\u00e1lvulas&nbsp;y \u00e9stas,&nbsp; en consecuencia, se abren, permitiendo que el aire penetre en los tubos (al presionar cada tecla y pedal, el aire llegar\u00e1 a todos los tubos correspondientes a una misma nota).<\/p>\n\n\n\n<p>Los&nbsp;fuelles&nbsp;del \u00f3rgano proporcionan a este instrumento el flujo de aire constante y de presi\u00f3n continua que tanto necesita (ya que sin aire no puede generar sonido). Este flujo de aire, despu\u00e9s de recorrer los distintos elementos del \u00f3rgano, llega a los tubos y a trav\u00e9s de ellos al exterior, convertido en sonido.<\/p>\n<\/div>\n<\/div>\n","protected":false},"excerpt":{"rendered":"<p>Cabe definirlo como un instrumento musical de viento y teclado que ha desempe\u00f1ado un importante papel en la historia de la m\u00fasica. Consta de unos&nbsp;tubos&nbsp;por los que pasa el aire, que vibra, produciendo el sonido. Estos tubos se clasifican u ordenan seg\u00fan los distintos registros. Los&nbsp;registros&nbsp;son una especie de controles que sirven para seleccionar los [&hellip;]<\/p>\n","protected":false},"author":4,"featured_media":0,"parent":4968,"menu_order":0,"comment_status":"closed","ping_status":"closed","template":"page-templates\/page-rigth.php","meta":{"footnotes":""},"class_list":["post-2022","page","type-page","status-publish","hentry"],"acf":[],"yoast_head":"<!-- This site is optimized with the Yoast SEO plugin v27.5 - https:\/\/yoast.com\/product\/yoast-seo-wordpress\/ -->\n<title>Orgue d&#039;Ataun: Concept - Ataun Turismoa<\/title>\n<meta name=\"robots\" content=\"index, follow, max-snippet:-1, max-image-preview:large, max-video-preview:-1\" \/>\n<link rel=\"canonical\" href=\"https:\/\/www.ataunturismoa.eus\/fr\/patrimoine\/orgue-dataun-2\/orgue-dataun-concept\/\" \/>\n<meta property=\"og:locale\" content=\"fr_FR\" \/>\n<meta property=\"og:type\" content=\"article\" \/>\n<meta property=\"og:title\" content=\"Orgue d&#039;Ataun: Concept - Ataun Turismoa\" \/>\n<meta property=\"og:description\" content=\"Cabe definirlo como un instrumento musical de viento y teclado que ha desempe\u00f1ado un importante papel en la historia de la m\u00fasica. Consta de unos&nbsp;tubos&nbsp;por los que pasa el aire, que vibra, produciendo el sonido. Estos tubos se clasifican u ordenan seg\u00fan los distintos registros. Los&nbsp;registros&nbsp;son una especie de controles que sirven para seleccionar los [&hellip;]\" \/>\n<meta property=\"og:url\" content=\"https:\/\/www.ataunturismoa.eus\/fr\/patrimoine\/orgue-dataun-2\/orgue-dataun-concept\/\" \/>\n<meta property=\"og:site_name\" content=\"Ataun Turismoa\" \/>\n<meta property=\"article:modified_time\" content=\"2023-11-05T21:57:31+00:00\" \/>\n<meta property=\"og:image\" content=\"https:\/\/www.ataunturismoa.eus\/wp-content\/uploads\/2023\/08\/organokontzeptua-edited-1.jpg\" \/>\n<meta name=\"twitter:card\" content=\"summary_large_image\" \/>\n<meta name=\"twitter:label1\" content=\"Dur\u00e9e de lecture estim\u00e9e\" \/>\n\t<meta name=\"twitter:data1\" content=\"2 minutes\" \/>\n<script type=\"application\/ld+json\" class=\"yoast-schema-graph\">{\"@context\":\"https:\\\/\\\/schema.org\",\"@graph\":[{\"@type\":\"WebPage\",\"@id\":\"https:\\\/\\\/www.ataunturismoa.eus\\\/fr\\\/patrimoine\\\/orgue-dataun-2\\\/orgue-dataun-concept\\\/\",\"url\":\"https:\\\/\\\/www.ataunturismoa.eus\\\/fr\\\/patrimoine\\\/orgue-dataun-2\\\/orgue-dataun-concept\\\/\",\"name\":\"Orgue d'Ataun: Concept - Ataun Turismoa\",\"isPartOf\":{\"@id\":\"https:\\\/\\\/www.ataunturismoa.eus\\\/eu\\\/#website\"},\"primaryImageOfPage\":{\"@id\":\"https:\\\/\\\/www.ataunturismoa.eus\\\/fr\\\/patrimoine\\\/orgue-dataun-2\\\/orgue-dataun-concept\\\/#primaryimage\"},\"image\":{\"@id\":\"https:\\\/\\\/www.ataunturismoa.eus\\\/fr\\\/patrimoine\\\/orgue-dataun-2\\\/orgue-dataun-concept\\\/#primaryimage\"},\"thumbnailUrl\":\"https:\\\/\\\/www.ataunturismoa.eus\\\/wp-content\\\/uploads\\\/2023\\\/08\\\/organokontzeptua-edited-1.jpg\",\"datePublished\":\"2019-12-16T12:36:54+00:00\",\"dateModified\":\"2023-11-05T21:57:31+00:00\",\"breadcrumb\":{\"@id\":\"https:\\\/\\\/www.ataunturismoa.eus\\\/fr\\\/patrimoine\\\/orgue-dataun-2\\\/orgue-dataun-concept\\\/#breadcrumb\"},\"inLanguage\":\"fr-FR\",\"potentialAction\":[{\"@type\":\"ReadAction\",\"target\":[\"https:\\\/\\\/www.ataunturismoa.eus\\\/fr\\\/patrimoine\\\/orgue-dataun-2\\\/orgue-dataun-concept\\\/\"]}]},{\"@type\":\"ImageObject\",\"inLanguage\":\"fr-FR\",\"@id\":\"https:\\\/\\\/www.ataunturismoa.eus\\\/fr\\\/patrimoine\\\/orgue-dataun-2\\\/orgue-dataun-concept\\\/#primaryimage\",\"url\":\"https:\\\/\\\/www.ataunturismoa.eus\\\/wp-content\\\/uploads\\\/2023\\\/08\\\/organokontzeptua-edited-1.jpg\",\"contentUrl\":\"https:\\\/\\\/www.ataunturismoa.eus\\\/wp-content\\\/uploads\\\/2023\\\/08\\\/organokontzeptua-edited-1.jpg\"},{\"@type\":\"BreadcrumbList\",\"@id\":\"https:\\\/\\\/www.ataunturismoa.eus\\\/fr\\\/patrimoine\\\/orgue-dataun-2\\\/orgue-dataun-concept\\\/#breadcrumb\",\"itemListElement\":[{\"@type\":\"ListItem\",\"position\":1,\"name\":\"Inicio\",\"item\":\"https:\\\/\\\/www.ataunturismoa.eus\\\/fr\\\/\"},{\"@type\":\"ListItem\",\"position\":2,\"name\":\"Patrimoine\",\"item\":\"https:\\\/\\\/www.ataunturismoa.eus\\\/fr\\\/patrimoine\\\/\"},{\"@type\":\"ListItem\",\"position\":3,\"name\":\"Orgue d\u2019Ataun\",\"item\":\"https:\\\/\\\/www.ataunturismoa.eus\\\/patrimoine\\\/orgue-dataun-2\\\/\"},{\"@type\":\"ListItem\",\"position\":4,\"name\":\"Orgue d&#8217;Ataun: Concept\"}]},{\"@type\":\"WebSite\",\"@id\":\"https:\\\/\\\/www.ataunturismoa.eus\\\/eu\\\/#website\",\"url\":\"https:\\\/\\\/www.ataunturismoa.eus\\\/eu\\\/\",\"name\":\"Ataun Turismoa\",\"description\":\"\",\"potentialAction\":[{\"@type\":\"SearchAction\",\"target\":{\"@type\":\"EntryPoint\",\"urlTemplate\":\"https:\\\/\\\/www.ataunturismoa.eus\\\/eu\\\/?s={search_term_string}\"},\"query-input\":{\"@type\":\"PropertyValueSpecification\",\"valueRequired\":true,\"valueName\":\"search_term_string\"}}],\"inLanguage\":\"fr-FR\"}]}<\/script>\n<!-- \/ Yoast SEO plugin. -->","yoast_head_json":{"title":"Orgue d'Ataun: Concept - Ataun Turismoa","robots":{"index":"index","follow":"follow","max-snippet":"max-snippet:-1","max-image-preview":"max-image-preview:large","max-video-preview":"max-video-preview:-1"},"canonical":"https:\/\/www.ataunturismoa.eus\/fr\/patrimoine\/orgue-dataun-2\/orgue-dataun-concept\/","og_locale":"fr_FR","og_type":"article","og_title":"Orgue d'Ataun: Concept - Ataun Turismoa","og_description":"Cabe definirlo como un instrumento musical de viento y teclado que ha desempe\u00f1ado un importante papel en la historia de la m\u00fasica. Consta de unos&nbsp;tubos&nbsp;por los que pasa el aire, que vibra, produciendo el sonido. Estos tubos se clasifican u ordenan seg\u00fan los distintos registros. Los&nbsp;registros&nbsp;son una especie de controles que sirven para seleccionar los [&hellip;]","og_url":"https:\/\/www.ataunturismoa.eus\/fr\/patrimoine\/orgue-dataun-2\/orgue-dataun-concept\/","og_site_name":"Ataun Turismoa","article_modified_time":"2023-11-05T21:57:31+00:00","og_image":[{"url":"https:\/\/www.ataunturismoa.eus\/wp-content\/uploads\/2023\/08\/organokontzeptua-edited-1.jpg","type":"","width":"","height":""}],"twitter_card":"summary_large_image","twitter_misc":{"Dur\u00e9e de lecture estim\u00e9e":"2 minutes"},"schema":{"@context":"https:\/\/schema.org","@graph":[{"@type":"WebPage","@id":"https:\/\/www.ataunturismoa.eus\/fr\/patrimoine\/orgue-dataun-2\/orgue-dataun-concept\/","url":"https:\/\/www.ataunturismoa.eus\/fr\/patrimoine\/orgue-dataun-2\/orgue-dataun-concept\/","name":"Orgue d'Ataun: Concept - Ataun Turismoa","isPartOf":{"@id":"https:\/\/www.ataunturismoa.eus\/eu\/#website"},"primaryImageOfPage":{"@id":"https:\/\/www.ataunturismoa.eus\/fr\/patrimoine\/orgue-dataun-2\/orgue-dataun-concept\/#primaryimage"},"image":{"@id":"https:\/\/www.ataunturismoa.eus\/fr\/patrimoine\/orgue-dataun-2\/orgue-dataun-concept\/#primaryimage"},"thumbnailUrl":"https:\/\/www.ataunturismoa.eus\/wp-content\/uploads\/2023\/08\/organokontzeptua-edited-1.jpg","datePublished":"2019-12-16T12:36:54+00:00","dateModified":"2023-11-05T21:57:31+00:00","breadcrumb":{"@id":"https:\/\/www.ataunturismoa.eus\/fr\/patrimoine\/orgue-dataun-2\/orgue-dataun-concept\/#breadcrumb"},"inLanguage":"fr-FR","potentialAction":[{"@type":"ReadAction","target":["https:\/\/www.ataunturismoa.eus\/fr\/patrimoine\/orgue-dataun-2\/orgue-dataun-concept\/"]}]},{"@type":"ImageObject","inLanguage":"fr-FR","@id":"https:\/\/www.ataunturismoa.eus\/fr\/patrimoine\/orgue-dataun-2\/orgue-dataun-concept\/#primaryimage","url":"https:\/\/www.ataunturismoa.eus\/wp-content\/uploads\/2023\/08\/organokontzeptua-edited-1.jpg","contentUrl":"https:\/\/www.ataunturismoa.eus\/wp-content\/uploads\/2023\/08\/organokontzeptua-edited-1.jpg"},{"@type":"BreadcrumbList","@id":"https:\/\/www.ataunturismoa.eus\/fr\/patrimoine\/orgue-dataun-2\/orgue-dataun-concept\/#breadcrumb","itemListElement":[{"@type":"ListItem","position":1,"name":"Inicio","item":"https:\/\/www.ataunturismoa.eus\/fr\/"},{"@type":"ListItem","position":2,"name":"Patrimoine","item":"https:\/\/www.ataunturismoa.eus\/fr\/patrimoine\/"},{"@type":"ListItem","position":3,"name":"Orgue d\u2019Ataun","item":"https:\/\/www.ataunturismoa.eus\/patrimoine\/orgue-dataun-2\/"},{"@type":"ListItem","position":4,"name":"Orgue d&#8217;Ataun: Concept"}]},{"@type":"WebSite","@id":"https:\/\/www.ataunturismoa.eus\/eu\/#website","url":"https:\/\/www.ataunturismoa.eus\/eu\/","name":"Ataun Turismoa","description":"","potentialAction":[{"@type":"SearchAction","target":{"@type":"EntryPoint","urlTemplate":"https:\/\/www.ataunturismoa.eus\/eu\/?s={search_term_string}"},"query-input":{"@type":"PropertyValueSpecification","valueRequired":true,"valueName":"search_term_string"}}],"inLanguage":"fr-FR"}]}},"_links":{"self":[{"href":"https:\/\/www.ataunturismoa.eus\/fr\/wp-json\/wp\/v2\/pages\/2022","targetHints":{"allow":["GET"]}}],"collection":[{"href":"https:\/\/www.ataunturismoa.eus\/fr\/wp-json\/wp\/v2\/pages"}],"about":[{"href":"https:\/\/www.ataunturismoa.eus\/fr\/wp-json\/wp\/v2\/types\/page"}],"author":[{"embeddable":true,"href":"https:\/\/www.ataunturismoa.eus\/fr\/wp-json\/wp\/v2\/users\/4"}],"replies":[{"embeddable":true,"href":"https:\/\/www.ataunturismoa.eus\/fr\/wp-json\/wp\/v2\/comments?post=2022"}],"version-history":[{"count":3,"href":"https:\/\/www.ataunturismoa.eus\/fr\/wp-json\/wp\/v2\/pages\/2022\/revisions"}],"predecessor-version":[{"id":4972,"href":"https:\/\/www.ataunturismoa.eus\/fr\/wp-json\/wp\/v2\/pages\/2022\/revisions\/4972"}],"up":[{"embeddable":true,"href":"https:\/\/www.ataunturismoa.eus\/fr\/wp-json\/wp\/v2\/pages\/4968"}],"wp:attachment":[{"href":"https:\/\/www.ataunturismoa.eus\/fr\/wp-json\/wp\/v2\/media?parent=2022"}],"curies":[{"name":"wp","href":"https:\/\/api.w.org\/{rel}","templated":true}]}}