{"id":2012,"date":"2019-12-16T13:06:41","date_gmt":"2019-12-16T12:06:41","guid":{"rendered":"https:\/\/www.ataunturismoa.eus\/patrimoine\/orgue-dataun-eglise-de-san-martin-de-tours\/"},"modified":"2023-11-05T22:59:21","modified_gmt":"2023-11-05T21:59:21","slug":"orgue-dataun-eglise-de-san-martin-de-tours","status":"publish","type":"page","link":"https:\/\/www.ataunturismoa.eus\/fr\/patrimoine\/orgue-dataun-2\/orgue-dataun-eglise-de-san-martin-de-tours\/","title":{"rendered":"Orgue d&rsquo;Ataun: Eglise de San Mart\u00edn de Tours"},"content":{"rendered":"\n<p>Es la primera iglesia que hubo en Ataun, ya que su existencia se remonta a fechas anteriores al a\u00f1o 1200. Aquella primitiva iglesia se habr\u00eda construido hacia el siglo X. En el siglo XV, se empez\u00f3 a erigir el actual edificio religioso en el mismo lugar que su predecesor.<\/p>\n\n\n\n<p>Desde entonces y hasta el siglo XIX, ha conocido diversas modificaciones, reformas y a\u00f1adidos, en funci\u00f3n de la disponibilidad econ\u00f3mica de cada momento y de otra serie de circunstancias condicionadotas. As\u00ed, en el solar que ocupaba la primitiva iglesia comenzaron los vecinos de Ataun la construcci\u00f3n de la parte delantera; posteriormente, trasladaron el \u00e1bside desde su ubicaci\u00f3n natural (oriente) hacia una nueva ubicaci\u00f3n (occidente), aunque, en propiedad, habr\u00eda que significar que construyeron un nuevo \u00e1bside(por lo que hoy d\u00eda cuenta con dos); luego modificaron el retablo y m\u00e1s tarde edificaron el coro, para, a continuaci\u00f3n, situar all\u00ed un hermoso \u00f3rgano (en 1761); finalmente, en 1833 levantaron la actual portada con su puerta principal.<\/p>\n\n\n\n<p>La actual iglesia, como aquella otra originaria, est\u00e1 dedicada a San Mart\u00edn de Tours, cuya devoci\u00f3n introdujeron, seg\u00fan opini\u00f3n generalizada y contrastada, los peregrinos franceses que, en su camino hacia Santiago de Compostela, pasaban por Ataun.<\/p>\n\n\n\n<p>Este pueblo ha gozado desde siempre de un gran acervo en el campo de la mitolog\u00eda y las leyendas (acervo que ha recuperado y conservado en gran parte gracias a la ingente labor de Joxemiel Barandiaran) y de ello da fe cierto relato que se cuenta en torno a aquella primitiva iglesia. Los cristianos quer\u00edan edificarla en un sitio elevado, pero los gentiles se opon\u00edan a lo que consideraban una intromisi\u00f3n extra\u00f1a en sus dominios (a saber, los montes y alrededores). Por eso, todo lo que los cristianos consegu\u00edan avanzar durante el d\u00eda, los gentiles lo deshac\u00edan por la noche y trasladaban las piedras hasta el lugar en que hoy est\u00e1 sita la iglesia. Por fin, los cristianos se cansaron de tal juego y, cediendo, construyeron la iglesia donde hoy se halla ubicada. He aqu\u00ed el desenlace de este relato: \u00ab\u00a0Una noche, una mujer de Zaindi casa pr\u00f3xima a la iglesia \u2013 se puso a espiar desde la ventana con la intenci\u00f3n de descubrir a los que trasladaban las piedras de un lugar a otro y vio a un gentil con su bueyes afanado en tal laboriosa tarea. El gentil se dio cuenta de que le espiaban y al pasar ante la ventana de aquella casa dijo:<br>Vamos blanco, vamos rojo, a esa mujer que nos est\u00e1 espiando, s\u00e1cale el ojo izquierdo.<br>Desde entonces, la pobre mujer qued\u00f3 tuerta\u00a0\u00bb.<\/p>\n\n\n\n<p><\/p>\n","protected":false},"excerpt":{"rendered":"<p>Es la primera iglesia que hubo en Ataun, ya que su existencia se remonta a fechas anteriores al a\u00f1o 1200. Aquella primitiva iglesia se habr\u00eda construido hacia el siglo X. En el siglo XV, se empez\u00f3 a erigir el actual edificio religioso en el mismo lugar que su predecesor. Desde entonces y hasta el siglo [&hellip;]<\/p>\n","protected":false},"author":4,"featured_media":0,"parent":4968,"menu_order":0,"comment_status":"closed","ping_status":"closed","template":"page-templates\/page-rigth.php","meta":{"footnotes":""},"class_list":["post-2012","page","type-page","status-publish","hentry"],"acf":[],"yoast_head":"<!-- This site is optimized with the Yoast SEO plugin v27.3 - https:\/\/yoast.com\/product\/yoast-seo-wordpress\/ -->\n<title>Orgue d&#039;Ataun: Eglise de San Mart\u00edn de Tours - Ataun Turismoa<\/title>\n<meta name=\"robots\" content=\"index, follow, max-snippet:-1, max-image-preview:large, max-video-preview:-1\" \/>\n<link rel=\"canonical\" href=\"https:\/\/www.ataunturismoa.eus\/fr\/patrimoine\/orgue-dataun-2\/orgue-dataun-eglise-de-san-martin-de-tours\/\" \/>\n<meta property=\"og:locale\" content=\"fr_FR\" \/>\n<meta property=\"og:type\" content=\"article\" \/>\n<meta property=\"og:title\" content=\"Orgue d&#039;Ataun: Eglise de San Mart\u00edn de Tours - Ataun Turismoa\" \/>\n<meta property=\"og:description\" content=\"Es la primera iglesia que hubo en Ataun, ya que su existencia se remonta a fechas anteriores al a\u00f1o 1200. Aquella primitiva iglesia se habr\u00eda construido hacia el siglo X. En el siglo XV, se empez\u00f3 a erigir el actual edificio religioso en el mismo lugar que su predecesor. Desde entonces y hasta el siglo [&hellip;]\" \/>\n<meta property=\"og:url\" content=\"https:\/\/www.ataunturismoa.eus\/fr\/patrimoine\/orgue-dataun-2\/orgue-dataun-eglise-de-san-martin-de-tours\/\" \/>\n<meta property=\"og:site_name\" content=\"Ataun Turismoa\" \/>\n<meta property=\"article:modified_time\" content=\"2023-11-05T21:59:21+00:00\" \/>\n<meta name=\"twitter:card\" content=\"summary_large_image\" \/>\n<script type=\"application\/ld+json\" class=\"yoast-schema-graph\">{\"@context\":\"https:\\\/\\\/schema.org\",\"@graph\":[{\"@type\":\"WebPage\",\"@id\":\"https:\\\/\\\/www.ataunturismoa.eus\\\/fr\\\/patrimoine\\\/orgue-dataun-2\\\/orgue-dataun-eglise-de-san-martin-de-tours\\\/\",\"url\":\"https:\\\/\\\/www.ataunturismoa.eus\\\/fr\\\/patrimoine\\\/orgue-dataun-2\\\/orgue-dataun-eglise-de-san-martin-de-tours\\\/\",\"name\":\"Orgue d'Ataun: Eglise de San Mart\u00edn de Tours - Ataun Turismoa\",\"isPartOf\":{\"@id\":\"https:\\\/\\\/www.ataunturismoa.eus\\\/eu\\\/#website\"},\"datePublished\":\"2019-12-16T12:06:41+00:00\",\"dateModified\":\"2023-11-05T21:59:21+00:00\",\"breadcrumb\":{\"@id\":\"https:\\\/\\\/www.ataunturismoa.eus\\\/fr\\\/patrimoine\\\/orgue-dataun-2\\\/orgue-dataun-eglise-de-san-martin-de-tours\\\/#breadcrumb\"},\"inLanguage\":\"fr-FR\",\"potentialAction\":[{\"@type\":\"ReadAction\",\"target\":[\"https:\\\/\\\/www.ataunturismoa.eus\\\/fr\\\/patrimoine\\\/orgue-dataun-2\\\/orgue-dataun-eglise-de-san-martin-de-tours\\\/\"]}]},{\"@type\":\"BreadcrumbList\",\"@id\":\"https:\\\/\\\/www.ataunturismoa.eus\\\/fr\\\/patrimoine\\\/orgue-dataun-2\\\/orgue-dataun-eglise-de-san-martin-de-tours\\\/#breadcrumb\",\"itemListElement\":[{\"@type\":\"ListItem\",\"position\":1,\"name\":\"Inicio\",\"item\":\"https:\\\/\\\/www.ataunturismoa.eus\\\/fr\\\/\"},{\"@type\":\"ListItem\",\"position\":2,\"name\":\"Patrimoine\",\"item\":\"https:\\\/\\\/www.ataunturismoa.eus\\\/fr\\\/patrimoine\\\/\"},{\"@type\":\"ListItem\",\"position\":3,\"name\":\"Orgue d\u2019Ataun\",\"item\":\"https:\\\/\\\/www.ataunturismoa.eus\\\/patrimoine\\\/orgue-dataun-2\\\/\"},{\"@type\":\"ListItem\",\"position\":4,\"name\":\"Orgue d&#8217;Ataun: Eglise de San Mart\u00edn de Tours\"}]},{\"@type\":\"WebSite\",\"@id\":\"https:\\\/\\\/www.ataunturismoa.eus\\\/eu\\\/#website\",\"url\":\"https:\\\/\\\/www.ataunturismoa.eus\\\/eu\\\/\",\"name\":\"Ataun Turismoa\",\"description\":\"\",\"potentialAction\":[{\"@type\":\"SearchAction\",\"target\":{\"@type\":\"EntryPoint\",\"urlTemplate\":\"https:\\\/\\\/www.ataunturismoa.eus\\\/eu\\\/?s={search_term_string}\"},\"query-input\":{\"@type\":\"PropertyValueSpecification\",\"valueRequired\":true,\"valueName\":\"search_term_string\"}}],\"inLanguage\":\"fr-FR\"}]}<\/script>\n<!-- \/ Yoast SEO plugin. -->","yoast_head_json":{"title":"Orgue d'Ataun: Eglise de San Mart\u00edn de Tours - Ataun Turismoa","robots":{"index":"index","follow":"follow","max-snippet":"max-snippet:-1","max-image-preview":"max-image-preview:large","max-video-preview":"max-video-preview:-1"},"canonical":"https:\/\/www.ataunturismoa.eus\/fr\/patrimoine\/orgue-dataun-2\/orgue-dataun-eglise-de-san-martin-de-tours\/","og_locale":"fr_FR","og_type":"article","og_title":"Orgue d'Ataun: Eglise de San Mart\u00edn de Tours - Ataun Turismoa","og_description":"Es la primera iglesia que hubo en Ataun, ya que su existencia se remonta a fechas anteriores al a\u00f1o 1200. Aquella primitiva iglesia se habr\u00eda construido hacia el siglo X. En el siglo XV, se empez\u00f3 a erigir el actual edificio religioso en el mismo lugar que su predecesor. Desde entonces y hasta el siglo [&hellip;]","og_url":"https:\/\/www.ataunturismoa.eus\/fr\/patrimoine\/orgue-dataun-2\/orgue-dataun-eglise-de-san-martin-de-tours\/","og_site_name":"Ataun Turismoa","article_modified_time":"2023-11-05T21:59:21+00:00","twitter_card":"summary_large_image","schema":{"@context":"https:\/\/schema.org","@graph":[{"@type":"WebPage","@id":"https:\/\/www.ataunturismoa.eus\/fr\/patrimoine\/orgue-dataun-2\/orgue-dataun-eglise-de-san-martin-de-tours\/","url":"https:\/\/www.ataunturismoa.eus\/fr\/patrimoine\/orgue-dataun-2\/orgue-dataun-eglise-de-san-martin-de-tours\/","name":"Orgue d'Ataun: Eglise de San Mart\u00edn de Tours - Ataun Turismoa","isPartOf":{"@id":"https:\/\/www.ataunturismoa.eus\/eu\/#website"},"datePublished":"2019-12-16T12:06:41+00:00","dateModified":"2023-11-05T21:59:21+00:00","breadcrumb":{"@id":"https:\/\/www.ataunturismoa.eus\/fr\/patrimoine\/orgue-dataun-2\/orgue-dataun-eglise-de-san-martin-de-tours\/#breadcrumb"},"inLanguage":"fr-FR","potentialAction":[{"@type":"ReadAction","target":["https:\/\/www.ataunturismoa.eus\/fr\/patrimoine\/orgue-dataun-2\/orgue-dataun-eglise-de-san-martin-de-tours\/"]}]},{"@type":"BreadcrumbList","@id":"https:\/\/www.ataunturismoa.eus\/fr\/patrimoine\/orgue-dataun-2\/orgue-dataun-eglise-de-san-martin-de-tours\/#breadcrumb","itemListElement":[{"@type":"ListItem","position":1,"name":"Inicio","item":"https:\/\/www.ataunturismoa.eus\/fr\/"},{"@type":"ListItem","position":2,"name":"Patrimoine","item":"https:\/\/www.ataunturismoa.eus\/fr\/patrimoine\/"},{"@type":"ListItem","position":3,"name":"Orgue d\u2019Ataun","item":"https:\/\/www.ataunturismoa.eus\/patrimoine\/orgue-dataun-2\/"},{"@type":"ListItem","position":4,"name":"Orgue d&#8217;Ataun: Eglise de San Mart\u00edn de Tours"}]},{"@type":"WebSite","@id":"https:\/\/www.ataunturismoa.eus\/eu\/#website","url":"https:\/\/www.ataunturismoa.eus\/eu\/","name":"Ataun Turismoa","description":"","potentialAction":[{"@type":"SearchAction","target":{"@type":"EntryPoint","urlTemplate":"https:\/\/www.ataunturismoa.eus\/eu\/?s={search_term_string}"},"query-input":{"@type":"PropertyValueSpecification","valueRequired":true,"valueName":"search_term_string"}}],"inLanguage":"fr-FR"}]}},"_links":{"self":[{"href":"https:\/\/www.ataunturismoa.eus\/fr\/wp-json\/wp\/v2\/pages\/2012","targetHints":{"allow":["GET"]}}],"collection":[{"href":"https:\/\/www.ataunturismoa.eus\/fr\/wp-json\/wp\/v2\/pages"}],"about":[{"href":"https:\/\/www.ataunturismoa.eus\/fr\/wp-json\/wp\/v2\/types\/page"}],"author":[{"embeddable":true,"href":"https:\/\/www.ataunturismoa.eus\/fr\/wp-json\/wp\/v2\/users\/4"}],"replies":[{"embeddable":true,"href":"https:\/\/www.ataunturismoa.eus\/fr\/wp-json\/wp\/v2\/comments?post=2012"}],"version-history":[{"count":2,"href":"https:\/\/www.ataunturismoa.eus\/fr\/wp-json\/wp\/v2\/pages\/2012\/revisions"}],"predecessor-version":[{"id":4974,"href":"https:\/\/www.ataunturismoa.eus\/fr\/wp-json\/wp\/v2\/pages\/2012\/revisions\/4974"}],"up":[{"embeddable":true,"href":"https:\/\/www.ataunturismoa.eus\/fr\/wp-json\/wp\/v2\/pages\/4968"}],"wp:attachment":[{"href":"https:\/\/www.ataunturismoa.eus\/fr\/wp-json\/wp\/v2\/media?parent=2012"}],"curies":[{"name":"wp","href":"https:\/\/api.w.org\/{rel}","templated":true}]}}