{"id":1999,"date":"2019-12-12T13:29:55","date_gmt":"2019-12-12T12:29:55","guid":{"rendered":"https:\/\/www.ataunturismoa.eus\/patrimoine\/"},"modified":"2023-11-05T21:22:59","modified_gmt":"2023-11-05T20:22:59","slug":"patrimoine","status":"publish","type":"page","link":"https:\/\/www.ataunturismoa.eus\/fr\/patrimoine\/","title":{"rendered":"Patrimoine"},"content":{"rendered":"\n<p>D\u2019un point de vue historique, sa situation strat\u00e9gique \u00e0 la fronti\u00e8re de la Navarre a fait d\u2019Ataun une commune tr\u00e8s importante. Bien qu\u2019elle constitue aujourd\u2019hui un point de passage secondaire, le chemin qui reliait la Navarre \u00e0 la c\u00f4te passait autrefois par Ataun.<\/p>\n\n\n\n<p>Cette importance est refl\u00e9t\u00e9e par la population du village durant les si\u00e8cles pass\u00e9s, largement sup\u00e9rieure \u00e0 la population actuelle. Aujourd\u2019hui, on trouve encore des vestiges de cet illustre pass\u00e9 : palais Zubikoeta (XVII) et Zelaibar (XVI), \u00e9glises de San Mart\u00edn de Tours, San Gregorio Magno (XIX) et Santa Isabel (XX), b\u00e2timent de l\u2019h\u00f4tel de ville (XVII)\u2026 Certains d\u2019entre eux renferment \u00e9galement des tr\u00e9sors tels que l\u2019orgue baroque ib\u00e9rique de l\u2019\u00e9glise de San Mart\u00edn, l\u2019un des plus importants des 7 orgues baroques du Guip\u00fazcoa,ou l\u2019autel de la Renaissance.<\/p>\n\n\n\n<p>En remontant plus loin dans le pass\u00e9, on note les dolmens laiss\u00e9s par les premiers habitants (sites m\u00e9galithiques d\u2019Aralar et d\u2019Ataun-Burunda) et les vestiges de grottes comme Pikandieta ou Limurita, les restes de l\u2019ancienne chauss\u00e9e romaine de Berrenoa\u2026 On peut \u00e9galement visiter de nombreux parages d\u00e9couverts et pr\u00e9sent\u00e9s par l\u2019ataundar Joxemiel Barandiaran.<\/p>\n\n\n\n<p>Suivant la tradition, on a conserv\u00e9 les bergeries, le c\u00e2ble qui fut si important pour Ataun et son fonctionnement et les fours \u00e0 chaux, pour qu\u2019ils nous aident \u00e0 comprendre le mode de vie du pass\u00e9. On a aussi conserv\u00e9, \u00e9videmment, le tr\u00e9sor recueilli par Joxemiel, qui fait la fiert\u00e9 des habitants d\u2019Ataun et que l\u2019on peut d\u00e9couvrir au Mus\u00e9e Barandiaran : le monde mythologique.<\/p>\n\n\n<p>[bs-hero type=\u00a0\u00bbpost\u00a0\u00bb category=\u00a0\u00bbondare-historikoa\u00a0\u00bb order=\u00a0\u00bbASC\u00a0\u00bb orderby=\u00a0\u00bbdate\u00a0\u00bb posts=\u00a0\u00bb9&Prime;]<\/p>\n\n\n\n<h3 class=\"wp-block-heading\">BIBLIOGRAPHIE<\/h3>\n\n\n\n<p class=\"has-small-font-size\">Agirre, J., Alvarez, D., Lamikiz, X., Moraza, A. eta J. A. Mujika. 2006. Kulturbideak Aralarren. Harrien atzetik urratsez urrats: Giza Iraganaren Aztarnak Aralarko Parkean. Gipuzkoako Foru Aldundia, Landa Ingurunearen Garapenerako Departamentua. Donostia.<\/p>\n\n\n\n<p class=\"has-small-font-size\">Aguirre, I\u00f1igo et al. 1990. Bailarak : gu\u00eda de r\u00edos, valles y comarcas de Euskal Herria. Vol. 6. Sendoa-Linorsa-Kriseilu. Donostia<\/p>\n\n\n\n<p class=\"has-small-font-size\">Aizpurua, Jon. 2005. Jentilen Etorrera: herri baten arima (1981-2005). VIII. Ataun Aztergai Beka. Ataungo Udala.<\/p>\n\n\n\n<p class=\"has-small-font-size\">Aranburu, P.J. 2003. Ataungo ogibide historikoen edo artzaintza, nekazaritza, basogintza, errota, eraikuntza eta zerbitzuen kulturazko eragin nagusia bertako ETNOSAren historian, XIV-XX mendeetan. VII. Ataun Aztergai Beka. Ataungo Udala.<\/p>\n\n\n\n<p class=\"has-small-font-size\">Ayerbe, Enrique. 1981. Mendiak II: Montes de Euskal Herria, Naturaleza y Huella humana. ETOR. Donostia.<\/p>\n\n\n\n<p class=\"has-small-font-size\">Ayerbe, Enrique. 1990. <strong>Ibaiak eta haranak: Historia, arte eta paisajearen gidaliburua. <em>ETOR. Donostia.<\/em><\/strong><\/p>\n\n\n\n<p class=\"has-small-font-size\">Ayerbe, Enrique. 1990. Ibaiak eta haranak: Historia, arte eta paisajearen gidaliburua. ETOR. Donostia.<\/p>\n\n\n\n<p class=\"has-small-font-size\">Barandiaran, J. M. 1973. Eusko folklore. In: Obras Completas, II. Alea. La Gran Enciclopedia Vasca. Bilbo.<\/p>\n\n\n\n<p class=\"has-small-font-size\">Urdangarin, Nekane eta Munduate, Leire. 1996. Karobiak Ataunen. Eusko Jaurlaritza.<\/p>\n","protected":false},"excerpt":{"rendered":"<p>D\u2019un point de vue historique, sa situation strat\u00e9gique \u00e0 la fronti\u00e8re de la Navarre a fait d\u2019Ataun une commune tr\u00e8s importante. Bien qu\u2019elle constitue aujourd\u2019hui un point de passage secondaire, le chemin qui reliait la Navarre \u00e0 la c\u00f4te passait autrefois par Ataun. Cette importance est refl\u00e9t\u00e9e par la population du village durant les si\u00e8cles [&hellip;]<\/p>\n","protected":false},"author":4,"featured_media":0,"parent":0,"menu_order":0,"comment_status":"closed","ping_status":"closed","template":"page-templates\/page-rigth.php","meta":{"footnotes":""},"class_list":["post-1999","page","type-page","status-publish","hentry"],"acf":[],"yoast_head":"<!-- This site is optimized with the Yoast SEO plugin v27.5 - https:\/\/yoast.com\/product\/yoast-seo-wordpress\/ -->\n<title>Patrimoine - Ataun Turismoa<\/title>\n<meta name=\"robots\" content=\"index, follow, max-snippet:-1, max-image-preview:large, max-video-preview:-1\" \/>\n<link rel=\"canonical\" href=\"https:\/\/www.ataunturismoa.eus\/fr\/patrimoine\/\" \/>\n<meta property=\"og:locale\" content=\"fr_FR\" \/>\n<meta property=\"og:type\" content=\"article\" \/>\n<meta property=\"og:title\" content=\"Patrimoine - Ataun Turismoa\" \/>\n<meta property=\"og:description\" content=\"D\u2019un point de vue historique, sa situation strat\u00e9gique \u00e0 la fronti\u00e8re de la Navarre a fait d\u2019Ataun une commune tr\u00e8s importante. Bien qu\u2019elle constitue aujourd\u2019hui un point de passage secondaire, le chemin qui reliait la Navarre \u00e0 la c\u00f4te passait autrefois par Ataun. Cette importance est refl\u00e9t\u00e9e par la population du village durant les si\u00e8cles [&hellip;]\" \/>\n<meta property=\"og:url\" content=\"https:\/\/www.ataunturismoa.eus\/fr\/patrimoine\/\" \/>\n<meta property=\"og:site_name\" content=\"Ataun Turismoa\" \/>\n<meta property=\"article:modified_time\" content=\"2023-11-05T20:22:59+00:00\" \/>\n<meta name=\"twitter:card\" content=\"summary_large_image\" \/>\n<meta name=\"twitter:label1\" content=\"Dur\u00e9e de lecture estim\u00e9e\" \/>\n\t<meta name=\"twitter:data1\" content=\"3 minutes\" \/>\n<script type=\"application\/ld+json\" class=\"yoast-schema-graph\">{\"@context\":\"https:\\\/\\\/schema.org\",\"@graph\":[{\"@type\":\"WebPage\",\"@id\":\"https:\\\/\\\/www.ataunturismoa.eus\\\/fr\\\/patrimoine\\\/\",\"url\":\"https:\\\/\\\/www.ataunturismoa.eus\\\/fr\\\/patrimoine\\\/\",\"name\":\"Patrimoine - Ataun Turismoa\",\"isPartOf\":{\"@id\":\"https:\\\/\\\/www.ataunturismoa.eus\\\/eu\\\/#website\"},\"datePublished\":\"2019-12-12T12:29:55+00:00\",\"dateModified\":\"2023-11-05T20:22:59+00:00\",\"breadcrumb\":{\"@id\":\"https:\\\/\\\/www.ataunturismoa.eus\\\/fr\\\/patrimoine\\\/#breadcrumb\"},\"inLanguage\":\"fr-FR\",\"potentialAction\":[{\"@type\":\"ReadAction\",\"target\":[\"https:\\\/\\\/www.ataunturismoa.eus\\\/fr\\\/patrimoine\\\/\"]}]},{\"@type\":\"BreadcrumbList\",\"@id\":\"https:\\\/\\\/www.ataunturismoa.eus\\\/fr\\\/patrimoine\\\/#breadcrumb\",\"itemListElement\":[{\"@type\":\"ListItem\",\"position\":1,\"name\":\"Inicio\",\"item\":\"https:\\\/\\\/www.ataunturismoa.eus\\\/fr\\\/\"},{\"@type\":\"ListItem\",\"position\":2,\"name\":\"Patrimoine\"}]},{\"@type\":\"WebSite\",\"@id\":\"https:\\\/\\\/www.ataunturismoa.eus\\\/eu\\\/#website\",\"url\":\"https:\\\/\\\/www.ataunturismoa.eus\\\/eu\\\/\",\"name\":\"Ataun Turismoa\",\"description\":\"\",\"potentialAction\":[{\"@type\":\"SearchAction\",\"target\":{\"@type\":\"EntryPoint\",\"urlTemplate\":\"https:\\\/\\\/www.ataunturismoa.eus\\\/eu\\\/?s={search_term_string}\"},\"query-input\":{\"@type\":\"PropertyValueSpecification\",\"valueRequired\":true,\"valueName\":\"search_term_string\"}}],\"inLanguage\":\"fr-FR\"}]}<\/script>\n<!-- \/ Yoast SEO plugin. -->","yoast_head_json":{"title":"Patrimoine - Ataun Turismoa","robots":{"index":"index","follow":"follow","max-snippet":"max-snippet:-1","max-image-preview":"max-image-preview:large","max-video-preview":"max-video-preview:-1"},"canonical":"https:\/\/www.ataunturismoa.eus\/fr\/patrimoine\/","og_locale":"fr_FR","og_type":"article","og_title":"Patrimoine - Ataun Turismoa","og_description":"D\u2019un point de vue historique, sa situation strat\u00e9gique \u00e0 la fronti\u00e8re de la Navarre a fait d\u2019Ataun une commune tr\u00e8s importante. Bien qu\u2019elle constitue aujourd\u2019hui un point de passage secondaire, le chemin qui reliait la Navarre \u00e0 la c\u00f4te passait autrefois par Ataun. Cette importance est refl\u00e9t\u00e9e par la population du village durant les si\u00e8cles [&hellip;]","og_url":"https:\/\/www.ataunturismoa.eus\/fr\/patrimoine\/","og_site_name":"Ataun Turismoa","article_modified_time":"2023-11-05T20:22:59+00:00","twitter_card":"summary_large_image","twitter_misc":{"Dur\u00e9e de lecture estim\u00e9e":"3 minutes"},"schema":{"@context":"https:\/\/schema.org","@graph":[{"@type":"WebPage","@id":"https:\/\/www.ataunturismoa.eus\/fr\/patrimoine\/","url":"https:\/\/www.ataunturismoa.eus\/fr\/patrimoine\/","name":"Patrimoine - Ataun Turismoa","isPartOf":{"@id":"https:\/\/www.ataunturismoa.eus\/eu\/#website"},"datePublished":"2019-12-12T12:29:55+00:00","dateModified":"2023-11-05T20:22:59+00:00","breadcrumb":{"@id":"https:\/\/www.ataunturismoa.eus\/fr\/patrimoine\/#breadcrumb"},"inLanguage":"fr-FR","potentialAction":[{"@type":"ReadAction","target":["https:\/\/www.ataunturismoa.eus\/fr\/patrimoine\/"]}]},{"@type":"BreadcrumbList","@id":"https:\/\/www.ataunturismoa.eus\/fr\/patrimoine\/#breadcrumb","itemListElement":[{"@type":"ListItem","position":1,"name":"Inicio","item":"https:\/\/www.ataunturismoa.eus\/fr\/"},{"@type":"ListItem","position":2,"name":"Patrimoine"}]},{"@type":"WebSite","@id":"https:\/\/www.ataunturismoa.eus\/eu\/#website","url":"https:\/\/www.ataunturismoa.eus\/eu\/","name":"Ataun Turismoa","description":"","potentialAction":[{"@type":"SearchAction","target":{"@type":"EntryPoint","urlTemplate":"https:\/\/www.ataunturismoa.eus\/eu\/?s={search_term_string}"},"query-input":{"@type":"PropertyValueSpecification","valueRequired":true,"valueName":"search_term_string"}}],"inLanguage":"fr-FR"}]}},"_links":{"self":[{"href":"https:\/\/www.ataunturismoa.eus\/fr\/wp-json\/wp\/v2\/pages\/1999","targetHints":{"allow":["GET"]}}],"collection":[{"href":"https:\/\/www.ataunturismoa.eus\/fr\/wp-json\/wp\/v2\/pages"}],"about":[{"href":"https:\/\/www.ataunturismoa.eus\/fr\/wp-json\/wp\/v2\/types\/page"}],"author":[{"embeddable":true,"href":"https:\/\/www.ataunturismoa.eus\/fr\/wp-json\/wp\/v2\/users\/4"}],"replies":[{"embeddable":true,"href":"https:\/\/www.ataunturismoa.eus\/fr\/wp-json\/wp\/v2\/comments?post=1999"}],"version-history":[{"count":12,"href":"https:\/\/www.ataunturismoa.eus\/fr\/wp-json\/wp\/v2\/pages\/1999\/revisions"}],"predecessor-version":[{"id":4915,"href":"https:\/\/www.ataunturismoa.eus\/fr\/wp-json\/wp\/v2\/pages\/1999\/revisions\/4915"}],"wp:attachment":[{"href":"https:\/\/www.ataunturismoa.eus\/fr\/wp-json\/wp\/v2\/media?parent=1999"}],"curies":[{"name":"wp","href":"https:\/\/api.w.org\/{rel}","templated":true}]}}