{"id":1497,"date":"2019-11-08T12:19:07","date_gmt":"2019-11-08T11:19:07","guid":{"rendered":"https:\/\/www.ataunturismoa.eus\/?page_id=1497"},"modified":"2023-08-04T08:57:03","modified_gmt":"2023-08-04T06:57:03","slug":"ataungo-organoa-barrokoa-sarrera","status":"publish","type":"page","link":"https:\/\/www.ataunturismoa.eus\/eu\/ondarea\/ataungo-organoa\/ataungo-organoa-barrokoa-sarrera\/","title":{"rendered":"Ataungo  Organoa  Barrokoa:  Sarrera"},"content":{"rendered":"\n<div class=\"wp-block-columns is-layout-flex wp-container-core-columns-is-layout-9d6595d7 wp-block-columns-is-layout-flex\">\n<div class=\"wp-block-column is-layout-flow wp-block-column-is-layout-flow\">\n<figure class=\"wp-block-image size-full\"><img loading=\"lazy\" decoding=\"async\" width=\"750\" height=\"1000\" src=\"https:\/\/www.ataunturismoa.eus\/wp-content\/uploads\/2023\/08\/sarrera-edited-1.jpg\" alt=\"\" class=\"wp-image-3678\" srcset=\"https:\/\/www.ataunturismoa.eus\/wp-content\/uploads\/2023\/08\/sarrera-edited-1.jpg 750w, https:\/\/www.ataunturismoa.eus\/wp-content\/uploads\/2023\/08\/sarrera-edited-1-225x300.jpg 225w, https:\/\/www.ataunturismoa.eus\/wp-content\/uploads\/2023\/08\/sarrera-edited-1-500x667.jpg 500w\" sizes=\"auto, (max-width: 750px) 100vw, 750px\" \/><\/figure>\n<\/div>\n\n\n\n<div class=\"wp-block-column is-layout-flow wp-block-column-is-layout-flow\">\n<p>Hara  zer  dioen  haize-kutxa  barruan  dagoen  eskuz  idatzitako  inskripzioak:  \u201ceste  \u00f3rgano  trabajo  Lorenzo  de  Arrazola  el  a\u00f1o  1761  Becino  de  la  Villa  de  O\u00f1ate\u201d.  Beraz,  organo  egile  ospetsu  baten  lana  da  eta,  gainera,  organo  klasiko  edo  barroko  iberikoaren  garairik  emankorrenean  egindakoa  12000  errealen  trukean.<\/p>\n\n\n\n<p>San  Martin  elizako  koruan  dago  kokatuta  organoa.  Barroko  estilokoa  da  eta  estilo  horren  barruan,  iberiar  motakoa.  Gipuzkoa  osoan  horrelako  zazpi  organo  daude  eta  horietatik  Ataungoa  garrantzitsuenetakoa  da,  garaiko  soinu  unerik  gorenaren  eredu  aparta.<\/p>\n\n\n\n<p>Egurrezko  osagaietan,  intxaurrondoa,  gaztainondoa  eta  haritza  erabili  zen;  eta  neurri  txikiagoan,  pinua.  Beste  osagai  batzuetarako  burdin  forjatuaz  eta  eztainuaz  (hodientzako)  baliatu  ziren.<\/p>\n\n\n\n<p>1992.  urtean,  berriztatze  lanetan  aritzen  den  Jose  Maria  Arrizabalaga  aditua  etorri  zen  organoaren    egoera  aztertzera.  Oro  har,  ondo  mantendutako  organoa  zela  baieztatu  ahal  izan  zuen  (egurrezko  elementuen  egoera  ona  azpimarratzekoa  izanik)  eta  hori,  zeukan  berezko  kalitateari  zor  ziola.  Dena  den,  organoaren  gainean  denborak  izandako  eragina  ere  ezin  ukatu  eta  ondorioz,  berriztatzeko  premia  bazuela  eta,  musika  tresna  ikusgarri  hau  piezaz  pieza  desegin  eta  Kataluniara,  aipatu  adituaren  tailerrera  eraman  zuten  (kaxa  hutsik  eta  organojolearen  aulkia  bakarrik  utzi  zituzten  Ataungo  San  Martingo  elizan).<\/p>\n\n\n\n<p>Lanak  amaituta,  1996ko  azaroaren  11an,  San  Martin  egunean  hain  justu,  Ataungo  San  Martin  elizan  antolatutako  kontzertuari  esker  (XVII.  Bach  musikaldiaren  barnean  antolatutakoari  esker,  alegia),  bere  soinua  entzun  ahal  izan  zuen  berriro  horrelako  musika  tresnen  zale  orok.<\/p>\n<\/div>\n<\/div>\n","protected":false},"excerpt":{"rendered":"<p>Hara  zer  dioen  haize-kutxa  barruan  dagoen  eskuz  idatzitako  inskripzioak:  \u201ceste  \u00f3rgano  trabajo  Lorenzo  de  Arrazola  el  a\u00f1o  1761  Becino  de  la  Villa  de  O\u00f1ate\u201d.  Beraz,  organo  egile  ospetsu  baten  lana  da  eta,  gainera,  organo  klasiko  edo  barroko  iberikoaren  garairik  emankorrenean  egindakoa  12000  errealen  trukean.  San  Martin  elizako  koruan  dago  kokatuta  organoa.  Barroko  estilokoa  da  eta  [&hellip;]<\/p>\n","protected":false},"author":4,"featured_media":0,"parent":2790,"menu_order":0,"comment_status":"closed","ping_status":"closed","template":"page-templates\/page-rigth.php","meta":{"footnotes":""},"class_list":["post-1497","page","type-page","status-publish","hentry"],"acf":[],"yoast_head":"<!-- This site is optimized with the Yoast SEO plugin v27.5 - https:\/\/yoast.com\/product\/yoast-seo-wordpress\/ -->\n<title>Ataungo Organoa Barrokoa: Sarrera - Ataun Turismoa<\/title>\n<meta name=\"robots\" content=\"index, follow, max-snippet:-1, max-image-preview:large, max-video-preview:-1\" \/>\n<link rel=\"canonical\" href=\"https:\/\/www.ataunturismoa.eus\/eu\/ondarea\/ataungo-organoa\/ataungo-organoa-barrokoa-sarrera\/\" \/>\n<meta property=\"og:locale\" content=\"eu_ES\" \/>\n<meta property=\"og:type\" content=\"article\" \/>\n<meta property=\"og:title\" content=\"Ataungo Organoa Barrokoa: Sarrera - Ataun Turismoa\" \/>\n<meta property=\"og:description\" content=\"Hara zer dioen haize-kutxa barruan dagoen eskuz idatzitako inskripzioak: \u201ceste \u00f3rgano trabajo Lorenzo de Arrazola el a\u00f1o 1761 Becino de la Villa de O\u00f1ate\u201d. Beraz, organo egile ospetsu baten lana da eta, gainera, organo klasiko edo barroko iberikoaren garairik emankorrenean egindakoa 12000 errealen trukean. San Martin elizako koruan dago kokatuta organoa. Barroko estilokoa da eta [&hellip;]\" \/>\n<meta property=\"og:url\" content=\"https:\/\/www.ataunturismoa.eus\/eu\/ondarea\/ataungo-organoa\/ataungo-organoa-barrokoa-sarrera\/\" \/>\n<meta property=\"og:site_name\" content=\"Ataun Turismoa\" \/>\n<meta property=\"article:modified_time\" content=\"2023-08-04T06:57:03+00:00\" \/>\n<meta property=\"og:image\" content=\"https:\/\/www.ataunturismoa.eus\/wp-content\/uploads\/2023\/08\/sarrera-edited-1.jpg\" \/>\n<meta name=\"twitter:card\" content=\"summary_large_image\" \/>\n<meta name=\"twitter:label1\" content=\"Est. reading time\" \/>\n\t<meta name=\"twitter:data1\" content=\"2 minutes\" \/>\n<script type=\"application\/ld+json\" class=\"yoast-schema-graph\">{\"@context\":\"https:\\\/\\\/schema.org\",\"@graph\":[{\"@type\":\"WebPage\",\"@id\":\"https:\\\/\\\/www.ataunturismoa.eus\\\/eu\\\/ondarea\\\/ataungo-organoa\\\/ataungo-organoa-barrokoa-sarrera\\\/\",\"url\":\"https:\\\/\\\/www.ataunturismoa.eus\\\/eu\\\/ondarea\\\/ataungo-organoa\\\/ataungo-organoa-barrokoa-sarrera\\\/\",\"name\":\"Ataungo Organoa Barrokoa: Sarrera - Ataun Turismoa\",\"isPartOf\":{\"@id\":\"https:\\\/\\\/www.ataunturismoa.eus\\\/eu\\\/#website\"},\"primaryImageOfPage\":{\"@id\":\"https:\\\/\\\/www.ataunturismoa.eus\\\/eu\\\/ondarea\\\/ataungo-organoa\\\/ataungo-organoa-barrokoa-sarrera\\\/#primaryimage\"},\"image\":{\"@id\":\"https:\\\/\\\/www.ataunturismoa.eus\\\/eu\\\/ondarea\\\/ataungo-organoa\\\/ataungo-organoa-barrokoa-sarrera\\\/#primaryimage\"},\"thumbnailUrl\":\"https:\\\/\\\/www.ataunturismoa.eus\\\/wp-content\\\/uploads\\\/2023\\\/08\\\/sarrera-edited-1.jpg\",\"datePublished\":\"2019-11-08T11:19:07+00:00\",\"dateModified\":\"2023-08-04T06:57:03+00:00\",\"breadcrumb\":{\"@id\":\"https:\\\/\\\/www.ataunturismoa.eus\\\/eu\\\/ondarea\\\/ataungo-organoa\\\/ataungo-organoa-barrokoa-sarrera\\\/#breadcrumb\"},\"inLanguage\":\"eu\",\"potentialAction\":[{\"@type\":\"ReadAction\",\"target\":[\"https:\\\/\\\/www.ataunturismoa.eus\\\/eu\\\/ondarea\\\/ataungo-organoa\\\/ataungo-organoa-barrokoa-sarrera\\\/\"]}]},{\"@type\":\"ImageObject\",\"inLanguage\":\"eu\",\"@id\":\"https:\\\/\\\/www.ataunturismoa.eus\\\/eu\\\/ondarea\\\/ataungo-organoa\\\/ataungo-organoa-barrokoa-sarrera\\\/#primaryimage\",\"url\":\"https:\\\/\\\/www.ataunturismoa.eus\\\/wp-content\\\/uploads\\\/2023\\\/08\\\/sarrera-edited-1.jpg\",\"contentUrl\":\"https:\\\/\\\/www.ataunturismoa.eus\\\/wp-content\\\/uploads\\\/2023\\\/08\\\/sarrera-edited-1.jpg\"},{\"@type\":\"BreadcrumbList\",\"@id\":\"https:\\\/\\\/www.ataunturismoa.eus\\\/eu\\\/ondarea\\\/ataungo-organoa\\\/ataungo-organoa-barrokoa-sarrera\\\/#breadcrumb\",\"itemListElement\":[{\"@type\":\"ListItem\",\"position\":1,\"name\":\"Inicio\",\"item\":\"https:\\\/\\\/www.ataunturismoa.eus\\\/eu\\\/\"},{\"@type\":\"ListItem\",\"position\":2,\"name\":\"Ondarea\",\"item\":\"https:\\\/\\\/www.ataunturismoa.eus\\\/eu\\\/ondarea\\\/\"},{\"@type\":\"ListItem\",\"position\":3,\"name\":\"Ataungo Organoa\",\"item\":\"https:\\\/\\\/www.ataunturismoa.eus\\\/eu\\\/ondarea\\\/ataungo-organoa\\\/\"},{\"@type\":\"ListItem\",\"position\":4,\"name\":\"Ataungo Organoa Barrokoa: Sarrera\"}]},{\"@type\":\"WebSite\",\"@id\":\"https:\\\/\\\/www.ataunturismoa.eus\\\/eu\\\/#website\",\"url\":\"https:\\\/\\\/www.ataunturismoa.eus\\\/eu\\\/\",\"name\":\"Ataun Turismoa\",\"description\":\"\",\"potentialAction\":[{\"@type\":\"SearchAction\",\"target\":{\"@type\":\"EntryPoint\",\"urlTemplate\":\"https:\\\/\\\/www.ataunturismoa.eus\\\/eu\\\/?s={search_term_string}\"},\"query-input\":{\"@type\":\"PropertyValueSpecification\",\"valueRequired\":true,\"valueName\":\"search_term_string\"}}],\"inLanguage\":\"eu\"}]}<\/script>\n<!-- \/ Yoast SEO plugin. -->","yoast_head_json":{"title":"Ataungo Organoa Barrokoa: Sarrera - Ataun Turismoa","robots":{"index":"index","follow":"follow","max-snippet":"max-snippet:-1","max-image-preview":"max-image-preview:large","max-video-preview":"max-video-preview:-1"},"canonical":"https:\/\/www.ataunturismoa.eus\/eu\/ondarea\/ataungo-organoa\/ataungo-organoa-barrokoa-sarrera\/","og_locale":"eu_ES","og_type":"article","og_title":"Ataungo Organoa Barrokoa: Sarrera - Ataun Turismoa","og_description":"Hara zer dioen haize-kutxa barruan dagoen eskuz idatzitako inskripzioak: \u201ceste \u00f3rgano trabajo Lorenzo de Arrazola el a\u00f1o 1761 Becino de la Villa de O\u00f1ate\u201d. Beraz, organo egile ospetsu baten lana da eta, gainera, organo klasiko edo barroko iberikoaren garairik emankorrenean egindakoa 12000 errealen trukean. San Martin elizako koruan dago kokatuta organoa. Barroko estilokoa da eta [&hellip;]","og_url":"https:\/\/www.ataunturismoa.eus\/eu\/ondarea\/ataungo-organoa\/ataungo-organoa-barrokoa-sarrera\/","og_site_name":"Ataun Turismoa","article_modified_time":"2023-08-04T06:57:03+00:00","og_image":[{"url":"https:\/\/www.ataunturismoa.eus\/wp-content\/uploads\/2023\/08\/sarrera-edited-1.jpg","type":"","width":"","height":""}],"twitter_card":"summary_large_image","twitter_misc":{"Est. reading time":"2 minutes"},"schema":{"@context":"https:\/\/schema.org","@graph":[{"@type":"WebPage","@id":"https:\/\/www.ataunturismoa.eus\/eu\/ondarea\/ataungo-organoa\/ataungo-organoa-barrokoa-sarrera\/","url":"https:\/\/www.ataunturismoa.eus\/eu\/ondarea\/ataungo-organoa\/ataungo-organoa-barrokoa-sarrera\/","name":"Ataungo Organoa Barrokoa: Sarrera - Ataun Turismoa","isPartOf":{"@id":"https:\/\/www.ataunturismoa.eus\/eu\/#website"},"primaryImageOfPage":{"@id":"https:\/\/www.ataunturismoa.eus\/eu\/ondarea\/ataungo-organoa\/ataungo-organoa-barrokoa-sarrera\/#primaryimage"},"image":{"@id":"https:\/\/www.ataunturismoa.eus\/eu\/ondarea\/ataungo-organoa\/ataungo-organoa-barrokoa-sarrera\/#primaryimage"},"thumbnailUrl":"https:\/\/www.ataunturismoa.eus\/wp-content\/uploads\/2023\/08\/sarrera-edited-1.jpg","datePublished":"2019-11-08T11:19:07+00:00","dateModified":"2023-08-04T06:57:03+00:00","breadcrumb":{"@id":"https:\/\/www.ataunturismoa.eus\/eu\/ondarea\/ataungo-organoa\/ataungo-organoa-barrokoa-sarrera\/#breadcrumb"},"inLanguage":"eu","potentialAction":[{"@type":"ReadAction","target":["https:\/\/www.ataunturismoa.eus\/eu\/ondarea\/ataungo-organoa\/ataungo-organoa-barrokoa-sarrera\/"]}]},{"@type":"ImageObject","inLanguage":"eu","@id":"https:\/\/www.ataunturismoa.eus\/eu\/ondarea\/ataungo-organoa\/ataungo-organoa-barrokoa-sarrera\/#primaryimage","url":"https:\/\/www.ataunturismoa.eus\/wp-content\/uploads\/2023\/08\/sarrera-edited-1.jpg","contentUrl":"https:\/\/www.ataunturismoa.eus\/wp-content\/uploads\/2023\/08\/sarrera-edited-1.jpg"},{"@type":"BreadcrumbList","@id":"https:\/\/www.ataunturismoa.eus\/eu\/ondarea\/ataungo-organoa\/ataungo-organoa-barrokoa-sarrera\/#breadcrumb","itemListElement":[{"@type":"ListItem","position":1,"name":"Inicio","item":"https:\/\/www.ataunturismoa.eus\/eu\/"},{"@type":"ListItem","position":2,"name":"Ondarea","item":"https:\/\/www.ataunturismoa.eus\/eu\/ondarea\/"},{"@type":"ListItem","position":3,"name":"Ataungo Organoa","item":"https:\/\/www.ataunturismoa.eus\/eu\/ondarea\/ataungo-organoa\/"},{"@type":"ListItem","position":4,"name":"Ataungo Organoa Barrokoa: Sarrera"}]},{"@type":"WebSite","@id":"https:\/\/www.ataunturismoa.eus\/eu\/#website","url":"https:\/\/www.ataunturismoa.eus\/eu\/","name":"Ataun Turismoa","description":"","potentialAction":[{"@type":"SearchAction","target":{"@type":"EntryPoint","urlTemplate":"https:\/\/www.ataunturismoa.eus\/eu\/?s={search_term_string}"},"query-input":{"@type":"PropertyValueSpecification","valueRequired":true,"valueName":"search_term_string"}}],"inLanguage":"eu"}]}},"_links":{"self":[{"href":"https:\/\/www.ataunturismoa.eus\/eu\/wp-json\/wp\/v2\/pages\/1497","targetHints":{"allow":["GET"]}}],"collection":[{"href":"https:\/\/www.ataunturismoa.eus\/eu\/wp-json\/wp\/v2\/pages"}],"about":[{"href":"https:\/\/www.ataunturismoa.eus\/eu\/wp-json\/wp\/v2\/types\/page"}],"author":[{"embeddable":true,"href":"https:\/\/www.ataunturismoa.eus\/eu\/wp-json\/wp\/v2\/users\/4"}],"replies":[{"embeddable":true,"href":"https:\/\/www.ataunturismoa.eus\/eu\/wp-json\/wp\/v2\/comments?post=1497"}],"version-history":[{"count":7,"href":"https:\/\/www.ataunturismoa.eus\/eu\/wp-json\/wp\/v2\/pages\/1497\/revisions"}],"predecessor-version":[{"id":3683,"href":"https:\/\/www.ataunturismoa.eus\/eu\/wp-json\/wp\/v2\/pages\/1497\/revisions\/3683"}],"up":[{"embeddable":true,"href":"https:\/\/www.ataunturismoa.eus\/eu\/wp-json\/wp\/v2\/pages\/2790"}],"wp:attachment":[{"href":"https:\/\/www.ataunturismoa.eus\/eu\/wp-json\/wp\/v2\/media?parent=1497"}],"curies":[{"name":"wp","href":"https:\/\/api.w.org\/{rel}","templated":true}]}}