{"id":4706,"date":"2023-10-14T18:01:10","date_gmt":"2023-10-14T16:01:10","guid":{"rendered":"https:\/\/www.ataunturismoa.eus\/museos\/museo-barandiaran\/"},"modified":"2023-10-14T18:01:10","modified_gmt":"2023-10-14T16:01:10","slug":"museo-barandiaran","status":"publish","type":"page","link":"https:\/\/www.ataunturismoa.eus\/es\/museos\/museo-barandiaran\/","title":{"rendered":"Museo Barandiaran"},"content":{"rendered":"\n<p>El Museo Barandiaran est\u00e1 ubicado en el molino Larruntza, en el barrio de San Gregorio. El&#13;\nmuseo consta de dos plantas. En la inferior se pueden encontrar numerosos recursos que&#13;\nmuestran la importancia de los trabajos arqueol\u00f3gicos y etnogr\u00e1ficos de Joxemiel&#13;\nBarandiaran. En la de arriba, por el contrario, se da a conocer la vida de Barandiaran a trav\u00e9s&#13;\nde v\u00eddeos did\u00e1cticos.<\/p>\n\n<h3 class=\"wp-block-heading\">Joxemiel Barandiaran<\/h3>\n\n<p>Joxemiel Barandiaran Aierbe naci\u00f3 en 1889 en el caser\u00edo Peruenezar de Ataun y muri\u00f3 en&#13;\n1991 en la casa Sara. Fue uno de los investigadores vascos m\u00e1s importantes del siglo XX&#13;\ngracias a sus trabajos etnol\u00f3gicos, antropol\u00f3gicos, arqueol\u00f3gicos y mitol\u00f3gicos.<\/p>\n\n<h3 class=\"wp-block-heading\">El molino Larruntza y el peque\u00f1o molino<\/h3>\n\n<p>Las primeras referencias del molino Larruntza datan del siglo XV. En el a\u00f1o 2003 el Gobierno&#13;\nVasco declar\u00f3 este espacio como conjunto monumental y aunque el edificio ha conservado&#13;\nel aspecto original, hoy en d\u00eda su interior est\u00e1 lleno de recursos t\u00e9cnico-did\u00e1cticos.<\/p>\n\n<p>Junto al molino de Larruntza se encuentra el segundo molino y la serrer\u00eda Errotatxo, con sus&#13;\npropios reclinadores. Todas estas estructuras forman un espectacular conjunto hidr\u00e1ulico.<\/p>\n\n<h3 class=\"wp-block-heading\">Amplia oferta<\/h3>\n\n<p>El Museo Barandiar\u00e1n cuenta con una amplia oferta de actividades relacionadas con la educaci\u00f3n y otras muchas disciplinas. Para m\u00e1s informaci\u00f3n sobre este tema se puede consultar el portal <a href=\"https:\/\/www.gipuzkoanatura.eus\/eu\/parketxeak\/barandiaran\">Gipuzkoa Natura<\/a> <\/p>\n\n<div class=\"wp-block-columns is-layout-flex wp-container-core-columns-is-layout-9d6595d7 wp-block-columns-is-layout-flex\">\n<div class=\"wp-block-column is-layout-flow wp-block-column-is-layout-flow\">\n<h3 class=\"wp-block-heading\">Horario<\/h3>\n\n\n\n<p>De mi\u00e9rcoles a domingo de 10:00 a 14:00.<\/p>\n<\/div>\n\n\n\n<div class=\"wp-block-column is-layout-flow wp-block-column-is-layout-flow\">\n<h3 class=\"wp-block-heading\">Contacto<\/h3>\n\n\n\n<p>Tel\u00e9fono:: 943 18 03 35 \/ 688 895 069<br\/>barandiaran@gipuzkoanatura.eus<\/p>\n<\/div>\n<\/div>\n\n<figure class=\"wp-block-gallery has-nested-images columns-default is-cropped wp-block-gallery-1 is-layout-flex wp-block-gallery-is-layout-flex\">\n<figure class=\"wp-block-image size-large\"><img loading=\"lazy\" decoding=\"async\" width=\"1024\" height=\"768\" data-id=\"3100\" src=\"https:\/\/www.ataunturismoa.eus\/wp-content\/uploads\/2023\/07\/web_IMG20230518111514-1024x768.jpg\" alt=\"\" class=\"wp-image-3100\" srcset=\"https:\/\/www.ataunturismoa.eus\/wp-content\/uploads\/2023\/07\/web_IMG20230518111514-1024x768.jpg 1024w, https:\/\/www.ataunturismoa.eus\/wp-content\/uploads\/2023\/07\/web_IMG20230518111514-300x225.jpg 300w, https:\/\/www.ataunturismoa.eus\/wp-content\/uploads\/2023\/07\/web_IMG20230518111514-768x576.jpg 768w, https:\/\/www.ataunturismoa.eus\/wp-content\/uploads\/2023\/07\/web_IMG20230518111514-500x375.jpg 500w, https:\/\/www.ataunturismoa.eus\/wp-content\/uploads\/2023\/07\/web_IMG20230518111514-800x600.jpg 800w, https:\/\/www.ataunturismoa.eus\/wp-content\/uploads\/2023\/07\/web_IMG20230518111514-1280x960.jpg 1280w, https:\/\/www.ataunturismoa.eus\/wp-content\/uploads\/2023\/07\/web_IMG20230518111514.jpg 1440w\" sizes=\"auto, (max-width: 1024px) 100vw, 1024px\" \/><\/figure>\n\n\n\n<figure class=\"wp-block-image size-large\"><img loading=\"lazy\" decoding=\"async\" width=\"1024\" height=\"768\" data-id=\"3104\" src=\"https:\/\/www.ataunturismoa.eus\/wp-content\/uploads\/2023\/07\/web_IMG20230518111532-1024x768.jpg\" alt=\"\" class=\"wp-image-3104\" srcset=\"https:\/\/www.ataunturismoa.eus\/wp-content\/uploads\/2023\/07\/web_IMG20230518111532-1024x768.jpg 1024w, https:\/\/www.ataunturismoa.eus\/wp-content\/uploads\/2023\/07\/web_IMG20230518111532-300x225.jpg 300w, https:\/\/www.ataunturismoa.eus\/wp-content\/uploads\/2023\/07\/web_IMG20230518111532-768x576.jpg 768w, https:\/\/www.ataunturismoa.eus\/wp-content\/uploads\/2023\/07\/web_IMG20230518111532-500x375.jpg 500w, https:\/\/www.ataunturismoa.eus\/wp-content\/uploads\/2023\/07\/web_IMG20230518111532-800x600.jpg 800w, https:\/\/www.ataunturismoa.eus\/wp-content\/uploads\/2023\/07\/web_IMG20230518111532-1280x960.jpg 1280w, https:\/\/www.ataunturismoa.eus\/wp-content\/uploads\/2023\/07\/web_IMG20230518111532.jpg 1440w\" sizes=\"auto, (max-width: 1024px) 100vw, 1024px\" \/><\/figure>\n\n\n\n<figure class=\"wp-block-image size-large\"><img loading=\"lazy\" decoding=\"async\" width=\"1024\" height=\"768\" data-id=\"3086\" src=\"https:\/\/www.ataunturismoa.eus\/wp-content\/uploads\/2023\/07\/web_IMG20230518111730-1024x768.jpg\" alt=\"\" class=\"wp-image-3086\" srcset=\"https:\/\/www.ataunturismoa.eus\/wp-content\/uploads\/2023\/07\/web_IMG20230518111730-1024x768.jpg 1024w, https:\/\/www.ataunturismoa.eus\/wp-content\/uploads\/2023\/07\/web_IMG20230518111730-300x225.jpg 300w, https:\/\/www.ataunturismoa.eus\/wp-content\/uploads\/2023\/07\/web_IMG20230518111730-768x576.jpg 768w, https:\/\/www.ataunturismoa.eus\/wp-content\/uploads\/2023\/07\/web_IMG20230518111730-500x375.jpg 500w, https:\/\/www.ataunturismoa.eus\/wp-content\/uploads\/2023\/07\/web_IMG20230518111730-800x600.jpg 800w, https:\/\/www.ataunturismoa.eus\/wp-content\/uploads\/2023\/07\/web_IMG20230518111730-1280x960.jpg 1280w, https:\/\/www.ataunturismoa.eus\/wp-content\/uploads\/2023\/07\/web_IMG20230518111730.jpg 1440w\" sizes=\"auto, (max-width: 1024px) 100vw, 1024px\" \/><\/figure>\n\n\n\n<figure class=\"wp-block-image size-large\"><img loading=\"lazy\" decoding=\"async\" width=\"1024\" height=\"768\" data-id=\"3113\" src=\"https:\/\/www.ataunturismoa.eus\/wp-content\/uploads\/2023\/07\/web_IMG20230518113033-1024x768.jpg\" alt=\"\" class=\"wp-image-3113\" srcset=\"https:\/\/www.ataunturismoa.eus\/wp-content\/uploads\/2023\/07\/web_IMG20230518113033-1024x768.jpg 1024w, https:\/\/www.ataunturismoa.eus\/wp-content\/uploads\/2023\/07\/web_IMG20230518113033-300x225.jpg 300w, https:\/\/www.ataunturismoa.eus\/wp-content\/uploads\/2023\/07\/web_IMG20230518113033-768x576.jpg 768w, https:\/\/www.ataunturismoa.eus\/wp-content\/uploads\/2023\/07\/web_IMG20230518113033-500x375.jpg 500w, https:\/\/www.ataunturismoa.eus\/wp-content\/uploads\/2023\/07\/web_IMG20230518113033-800x600.jpg 800w, https:\/\/www.ataunturismoa.eus\/wp-content\/uploads\/2023\/07\/web_IMG20230518113033-1280x960.jpg 1280w, https:\/\/www.ataunturismoa.eus\/wp-content\/uploads\/2023\/07\/web_IMG20230518113033.jpg 1440w\" sizes=\"auto, (max-width: 1024px) 100vw, 1024px\" \/><\/figure>\n\n\n\n<figure class=\"wp-block-image size-large\"><img loading=\"lazy\" decoding=\"async\" width=\"768\" height=\"1024\" data-id=\"3073\" src=\"https:\/\/www.ataunturismoa.eus\/wp-content\/uploads\/2023\/07\/web_IMG20230518113440-768x1024.jpg\" alt=\"\" class=\"wp-image-3073\" srcset=\"https:\/\/www.ataunturismoa.eus\/wp-content\/uploads\/2023\/07\/web_IMG20230518113440-768x1024.jpg 768w, https:\/\/www.ataunturismoa.eus\/wp-content\/uploads\/2023\/07\/web_IMG20230518113440-225x300.jpg 225w, https:\/\/www.ataunturismoa.eus\/wp-content\/uploads\/2023\/07\/web_IMG20230518113440-500x667.jpg 500w, https:\/\/www.ataunturismoa.eus\/wp-content\/uploads\/2023\/07\/web_IMG20230518113440-800x1067.jpg 800w, https:\/\/www.ataunturismoa.eus\/wp-content\/uploads\/2023\/07\/web_IMG20230518113440.jpg 810w\" sizes=\"auto, (max-width: 768px) 100vw, 768px\" \/><figcaption class=\"wp-element-caption\">charset=InvalidCharsetId<\/figcaption><\/figure>\n\n\n\n<figure class=\"wp-block-image size-large\"><img loading=\"lazy\" decoding=\"async\" width=\"1024\" height=\"424\" data-id=\"3120\" src=\"https:\/\/www.ataunturismoa.eus\/wp-content\/uploads\/2023\/07\/web_IMG_3301-1024x424.jpg\" alt=\"\" class=\"wp-image-3120\" srcset=\"https:\/\/www.ataunturismoa.eus\/wp-content\/uploads\/2023\/07\/web_IMG_3301-1024x424.jpg 1024w, https:\/\/www.ataunturismoa.eus\/wp-content\/uploads\/2023\/07\/web_IMG_3301-300x124.jpg 300w, https:\/\/www.ataunturismoa.eus\/wp-content\/uploads\/2023\/07\/web_IMG_3301-768x318.jpg 768w, https:\/\/www.ataunturismoa.eus\/wp-content\/uploads\/2023\/07\/web_IMG_3301-1536x636.jpg 1536w, https:\/\/www.ataunturismoa.eus\/wp-content\/uploads\/2023\/07\/web_IMG_3301-500x207.jpg 500w, https:\/\/www.ataunturismoa.eus\/wp-content\/uploads\/2023\/07\/web_IMG_3301-800x331.jpg 800w, https:\/\/www.ataunturismoa.eus\/wp-content\/uploads\/2023\/07\/web_IMG_3301-1280x530.jpg 1280w, https:\/\/www.ataunturismoa.eus\/wp-content\/uploads\/2023\/07\/web_IMG_3301.jpg 1920w\" sizes=\"auto, (max-width: 1024px) 100vw, 1024px\" \/><\/figure>\n\n\n\n<figure class=\"wp-block-image size-large\"><img loading=\"lazy\" decoding=\"async\" width=\"1024\" height=\"768\" data-id=\"3078\" src=\"https:\/\/www.ataunturismoa.eus\/wp-content\/uploads\/2023\/07\/web_IMG_3303-1024x768.jpg\" alt=\"\" class=\"wp-image-3078\" srcset=\"https:\/\/www.ataunturismoa.eus\/wp-content\/uploads\/2023\/07\/web_IMG_3303-1024x768.jpg 1024w, https:\/\/www.ataunturismoa.eus\/wp-content\/uploads\/2023\/07\/web_IMG_3303-300x225.jpg 300w, https:\/\/www.ataunturismoa.eus\/wp-content\/uploads\/2023\/07\/web_IMG_3303-768x576.jpg 768w, https:\/\/www.ataunturismoa.eus\/wp-content\/uploads\/2023\/07\/web_IMG_3303-500x375.jpg 500w, https:\/\/www.ataunturismoa.eus\/wp-content\/uploads\/2023\/07\/web_IMG_3303-800x600.jpg 800w, https:\/\/www.ataunturismoa.eus\/wp-content\/uploads\/2023\/07\/web_IMG_3303-1280x960.jpg 1280w, https:\/\/www.ataunturismoa.eus\/wp-content\/uploads\/2023\/07\/web_IMG_3303.jpg 1440w\" sizes=\"auto, (max-width: 1024px) 100vw, 1024px\" \/><\/figure>\n\n\n\n<figure class=\"wp-block-image size-large\"><img loading=\"lazy\" decoding=\"async\" width=\"1024\" height=\"532\" data-id=\"3083\" src=\"https:\/\/www.ataunturismoa.eus\/wp-content\/uploads\/2023\/07\/web_IMG_3304-1024x532.jpg\" alt=\"\" class=\"wp-image-3083\" srcset=\"https:\/\/www.ataunturismoa.eus\/wp-content\/uploads\/2023\/07\/web_IMG_3304-1024x532.jpg 1024w, https:\/\/www.ataunturismoa.eus\/wp-content\/uploads\/2023\/07\/web_IMG_3304-300x156.jpg 300w, https:\/\/www.ataunturismoa.eus\/wp-content\/uploads\/2023\/07\/web_IMG_3304-768x399.jpg 768w, https:\/\/www.ataunturismoa.eus\/wp-content\/uploads\/2023\/07\/web_IMG_3304-1536x798.jpg 1536w, https:\/\/www.ataunturismoa.eus\/wp-content\/uploads\/2023\/07\/web_IMG_3304-500x260.jpg 500w, https:\/\/www.ataunturismoa.eus\/wp-content\/uploads\/2023\/07\/web_IMG_3304-800x415.jpg 800w, https:\/\/www.ataunturismoa.eus\/wp-content\/uploads\/2023\/07\/web_IMG_3304-1280x665.jpg 1280w, https:\/\/www.ataunturismoa.eus\/wp-content\/uploads\/2023\/07\/web_IMG_3304.jpg 1920w\" sizes=\"auto, (max-width: 1024px) 100vw, 1024px\" \/><\/figure>\n\n\n\n<figure class=\"wp-block-image size-large\"><img loading=\"lazy\" decoding=\"async\" width=\"1024\" height=\"570\" data-id=\"3088\" src=\"https:\/\/www.ataunturismoa.eus\/wp-content\/uploads\/2023\/07\/web_IMG_3305-1024x570.jpg\" alt=\"\" class=\"wp-image-3088\" srcset=\"https:\/\/www.ataunturismoa.eus\/wp-content\/uploads\/2023\/07\/web_IMG_3305-1024x570.jpg 1024w, https:\/\/www.ataunturismoa.eus\/wp-content\/uploads\/2023\/07\/web_IMG_3305-300x167.jpg 300w, https:\/\/www.ataunturismoa.eus\/wp-content\/uploads\/2023\/07\/web_IMG_3305-768x428.jpg 768w, https:\/\/www.ataunturismoa.eus\/wp-content\/uploads\/2023\/07\/web_IMG_3305-1536x855.jpg 1536w, https:\/\/www.ataunturismoa.eus\/wp-content\/uploads\/2023\/07\/web_IMG_3305-500x278.jpg 500w, https:\/\/www.ataunturismoa.eus\/wp-content\/uploads\/2023\/07\/web_IMG_3305-800x445.jpg 800w, https:\/\/www.ataunturismoa.eus\/wp-content\/uploads\/2023\/07\/web_IMG_3305-1280x713.jpg 1280w, https:\/\/www.ataunturismoa.eus\/wp-content\/uploads\/2023\/07\/web_IMG_3305.jpg 1920w\" sizes=\"auto, (max-width: 1024px) 100vw, 1024px\" \/><\/figure>\n\n\n\n<figure class=\"wp-block-image size-large\"><img loading=\"lazy\" decoding=\"async\" width=\"1024\" height=\"576\" data-id=\"3118\" src=\"https:\/\/www.ataunturismoa.eus\/wp-content\/uploads\/2023\/07\/web_IMG_3308-1024x576.jpg\" alt=\"\" class=\"wp-image-3118\" srcset=\"https:\/\/www.ataunturismoa.eus\/wp-content\/uploads\/2023\/07\/web_IMG_3308-1024x576.jpg 1024w, https:\/\/www.ataunturismoa.eus\/wp-content\/uploads\/2023\/07\/web_IMG_3308-300x169.jpg 300w, https:\/\/www.ataunturismoa.eus\/wp-content\/uploads\/2023\/07\/web_IMG_3308-768x432.jpg 768w, https:\/\/www.ataunturismoa.eus\/wp-content\/uploads\/2023\/07\/web_IMG_3308-1536x864.jpg 1536w, https:\/\/www.ataunturismoa.eus\/wp-content\/uploads\/2023\/07\/web_IMG_3308-500x281.jpg 500w, https:\/\/www.ataunturismoa.eus\/wp-content\/uploads\/2023\/07\/web_IMG_3308-800x450.jpg 800w, https:\/\/www.ataunturismoa.eus\/wp-content\/uploads\/2023\/07\/web_IMG_3308-1280x720.jpg 1280w, https:\/\/www.ataunturismoa.eus\/wp-content\/uploads\/2023\/07\/web_IMG_3308.jpg 1920w\" sizes=\"auto, (max-width: 1024px) 100vw, 1024px\" \/><\/figure>\n\n\n\n<figure class=\"wp-block-image size-large\"><img loading=\"lazy\" decoding=\"async\" width=\"1024\" height=\"576\" data-id=\"3122\" src=\"https:\/\/www.ataunturismoa.eus\/wp-content\/uploads\/2023\/07\/web_IMG_E3302-1024x576.jpg\" alt=\"\" class=\"wp-image-3122\" srcset=\"https:\/\/www.ataunturismoa.eus\/wp-content\/uploads\/2023\/07\/web_IMG_E3302-1024x576.jpg 1024w, https:\/\/www.ataunturismoa.eus\/wp-content\/uploads\/2023\/07\/web_IMG_E3302-300x169.jpg 300w, https:\/\/www.ataunturismoa.eus\/wp-content\/uploads\/2023\/07\/web_IMG_E3302-768x432.jpg 768w, https:\/\/www.ataunturismoa.eus\/wp-content\/uploads\/2023\/07\/web_IMG_E3302-1536x864.jpg 1536w, https:\/\/www.ataunturismoa.eus\/wp-content\/uploads\/2023\/07\/web_IMG_E3302-500x281.jpg 500w, https:\/\/www.ataunturismoa.eus\/wp-content\/uploads\/2023\/07\/web_IMG_E3302-800x450.jpg 800w, https:\/\/www.ataunturismoa.eus\/wp-content\/uploads\/2023\/07\/web_IMG_E3302-1280x720.jpg 1280w, https:\/\/www.ataunturismoa.eus\/wp-content\/uploads\/2023\/07\/web_IMG_E3302.jpg 1920w\" sizes=\"auto, (max-width: 1024px) 100vw, 1024px\" \/><\/figure>\n\n\n\n<figure class=\"wp-block-image size-large\"><img loading=\"lazy\" decoding=\"async\" width=\"709\" height=\"1024\" data-id=\"3094\" src=\"https:\/\/www.ataunturismoa.eus\/wp-content\/uploads\/2023\/07\/web_IMG_E3307-709x1024.jpg\" alt=\"\" class=\"wp-image-3094\" srcset=\"https:\/\/www.ataunturismoa.eus\/wp-content\/uploads\/2023\/07\/web_IMG_E3307-709x1024.jpg 709w, https:\/\/www.ataunturismoa.eus\/wp-content\/uploads\/2023\/07\/web_IMG_E3307-208x300.jpg 208w, https:\/\/www.ataunturismoa.eus\/wp-content\/uploads\/2023\/07\/web_IMG_E3307-500x722.jpg 500w, https:\/\/www.ataunturismoa.eus\/wp-content\/uploads\/2023\/07\/web_IMG_E3307.jpg 748w\" sizes=\"auto, (max-width: 709px) 100vw, 709px\" \/><\/figure>\n<\/figure>\n","protected":false},"excerpt":{"rendered":"<p>El Museo Barandiaran est\u00e1 ubicado en el molino Larruntza, en el barrio de San Gregorio. El&#13; museo consta de dos plantas. En la inferior se pueden encontrar numerosos recursos que&#13; muestran la importancia de los trabajos arqueol\u00f3gicos y etnogr\u00e1ficos de Joxemiel&#13; Barandiaran. En la de arriba, por el contrario, se da a conocer la vida [&hellip;]<\/p>\n","protected":false},"author":5,"featured_media":2924,"parent":4704,"menu_order":0,"comment_status":"closed","ping_status":"closed","template":"page-templates\/page-rigth-noimage.php","meta":{"footnotes":""},"class_list":["post-4706","page","type-page","status-publish","has-post-thumbnail","hentry"],"acf":[],"yoast_head":"<!-- This site is optimized with the Yoast SEO plugin v27.5 - https:\/\/yoast.com\/product\/yoast-seo-wordpress\/ -->\n<title>Museo Barandiaran - Ataun Turismoa<\/title>\n<meta name=\"robots\" content=\"index, follow, max-snippet:-1, max-image-preview:large, max-video-preview:-1\" \/>\n<link rel=\"canonical\" href=\"https:\/\/www.ataunturismoa.eus\/es\/museos\/museo-barandiaran\/\" \/>\n<meta property=\"og:locale\" content=\"es_ES\" \/>\n<meta property=\"og:type\" content=\"article\" \/>\n<meta property=\"og:title\" content=\"Museo Barandiaran - Ataun Turismoa\" \/>\n<meta property=\"og:description\" content=\"El Museo Barandiaran est\u00e1 ubicado en el molino Larruntza, en el barrio de San Gregorio. El&#013; museo consta de dos plantas. En la inferior se pueden encontrar numerosos recursos que&#013; muestran la importancia de los trabajos arqueol\u00f3gicos y etnogr\u00e1ficos de Joxemiel&#013; Barandiaran. En la de arriba, por el contrario, se da a conocer la vida [&hellip;]\" \/>\n<meta property=\"og:url\" content=\"https:\/\/www.ataunturismoa.eus\/es\/museos\/museo-barandiaran\/\" \/>\n<meta property=\"og:site_name\" content=\"Ataun Turismoa\" \/>\n<meta property=\"og:image\" content=\"https:\/\/www.ataunturismoa.eus\/wp-content\/uploads\/2023\/06\/Mod-top-IMG20230518111514.jpg\" \/>\n\t<meta property=\"og:image:width\" content=\"1200\" \/>\n\t<meta property=\"og:image:height\" content=\"900\" \/>\n\t<meta property=\"og:image:type\" content=\"image\/jpeg\" \/>\n<meta name=\"twitter:card\" content=\"summary_large_image\" \/>\n<meta name=\"twitter:label1\" content=\"Tiempo de lectura\" \/>\n\t<meta name=\"twitter:data1\" content=\"1 minuto\" \/>\n<script type=\"application\/ld+json\" class=\"yoast-schema-graph\">{\"@context\":\"https:\\\/\\\/schema.org\",\"@graph\":[{\"@type\":\"WebPage\",\"@id\":\"https:\\\/\\\/www.ataunturismoa.eus\\\/es\\\/museos\\\/museo-barandiaran\\\/\",\"url\":\"https:\\\/\\\/www.ataunturismoa.eus\\\/es\\\/museos\\\/museo-barandiaran\\\/\",\"name\":\"Museo Barandiaran - Ataun Turismoa\",\"isPartOf\":{\"@id\":\"https:\\\/\\\/www.ataunturismoa.eus\\\/eu\\\/#website\"},\"primaryImageOfPage\":{\"@id\":\"https:\\\/\\\/www.ataunturismoa.eus\\\/es\\\/museos\\\/museo-barandiaran\\\/#primaryimage\"},\"image\":{\"@id\":\"https:\\\/\\\/www.ataunturismoa.eus\\\/es\\\/museos\\\/museo-barandiaran\\\/#primaryimage\"},\"thumbnailUrl\":\"https:\\\/\\\/www.ataunturismoa.eus\\\/wp-content\\\/uploads\\\/2023\\\/06\\\/Mod-top-IMG20230518111514.jpg\",\"datePublished\":\"2023-10-14T16:01:10+00:00\",\"breadcrumb\":{\"@id\":\"https:\\\/\\\/www.ataunturismoa.eus\\\/es\\\/museos\\\/museo-barandiaran\\\/#breadcrumb\"},\"inLanguage\":\"es\",\"potentialAction\":[{\"@type\":\"ReadAction\",\"target\":[\"https:\\\/\\\/www.ataunturismoa.eus\\\/es\\\/museos\\\/museo-barandiaran\\\/\"]}]},{\"@type\":\"ImageObject\",\"inLanguage\":\"es\",\"@id\":\"https:\\\/\\\/www.ataunturismoa.eus\\\/es\\\/museos\\\/museo-barandiaran\\\/#primaryimage\",\"url\":\"https:\\\/\\\/www.ataunturismoa.eus\\\/wp-content\\\/uploads\\\/2023\\\/06\\\/Mod-top-IMG20230518111514.jpg\",\"contentUrl\":\"https:\\\/\\\/www.ataunturismoa.eus\\\/wp-content\\\/uploads\\\/2023\\\/06\\\/Mod-top-IMG20230518111514.jpg\",\"width\":1200,\"height\":900},{\"@type\":\"BreadcrumbList\",\"@id\":\"https:\\\/\\\/www.ataunturismoa.eus\\\/es\\\/museos\\\/museo-barandiaran\\\/#breadcrumb\",\"itemListElement\":[{\"@type\":\"ListItem\",\"position\":1,\"name\":\"Inicio\",\"item\":\"https:\\\/\\\/www.ataunturismoa.eus\\\/es\\\/\"},{\"@type\":\"ListItem\",\"position\":2,\"name\":\"Museos\",\"item\":\"https:\\\/\\\/www.ataunturismoa.eus\\\/es\\\/museos\\\/\"},{\"@type\":\"ListItem\",\"position\":3,\"name\":\"Museo Barandiaran\"}]},{\"@type\":\"WebSite\",\"@id\":\"https:\\\/\\\/www.ataunturismoa.eus\\\/eu\\\/#website\",\"url\":\"https:\\\/\\\/www.ataunturismoa.eus\\\/eu\\\/\",\"name\":\"Ataun Turismoa\",\"description\":\"\",\"potentialAction\":[{\"@type\":\"SearchAction\",\"target\":{\"@type\":\"EntryPoint\",\"urlTemplate\":\"https:\\\/\\\/www.ataunturismoa.eus\\\/eu\\\/?s={search_term_string}\"},\"query-input\":{\"@type\":\"PropertyValueSpecification\",\"valueRequired\":true,\"valueName\":\"search_term_string\"}}],\"inLanguage\":\"es\"}]}<\/script>\n<!-- \/ Yoast SEO plugin. -->","yoast_head_json":{"title":"Museo Barandiaran - Ataun Turismoa","robots":{"index":"index","follow":"follow","max-snippet":"max-snippet:-1","max-image-preview":"max-image-preview:large","max-video-preview":"max-video-preview:-1"},"canonical":"https:\/\/www.ataunturismoa.eus\/es\/museos\/museo-barandiaran\/","og_locale":"es_ES","og_type":"article","og_title":"Museo Barandiaran - Ataun Turismoa","og_description":"El Museo Barandiaran est\u00e1 ubicado en el molino Larruntza, en el barrio de San Gregorio. El&#13; museo consta de dos plantas. En la inferior se pueden encontrar numerosos recursos que&#13; muestran la importancia de los trabajos arqueol\u00f3gicos y etnogr\u00e1ficos de Joxemiel&#13; Barandiaran. En la de arriba, por el contrario, se da a conocer la vida [&hellip;]","og_url":"https:\/\/www.ataunturismoa.eus\/es\/museos\/museo-barandiaran\/","og_site_name":"Ataun Turismoa","og_image":[{"width":1200,"height":900,"url":"https:\/\/www.ataunturismoa.eus\/wp-content\/uploads\/2023\/06\/Mod-top-IMG20230518111514.jpg","type":"image\/jpeg"}],"twitter_card":"summary_large_image","twitter_misc":{"Tiempo de lectura":"1 minuto"},"schema":{"@context":"https:\/\/schema.org","@graph":[{"@type":"WebPage","@id":"https:\/\/www.ataunturismoa.eus\/es\/museos\/museo-barandiaran\/","url":"https:\/\/www.ataunturismoa.eus\/es\/museos\/museo-barandiaran\/","name":"Museo Barandiaran - Ataun Turismoa","isPartOf":{"@id":"https:\/\/www.ataunturismoa.eus\/eu\/#website"},"primaryImageOfPage":{"@id":"https:\/\/www.ataunturismoa.eus\/es\/museos\/museo-barandiaran\/#primaryimage"},"image":{"@id":"https:\/\/www.ataunturismoa.eus\/es\/museos\/museo-barandiaran\/#primaryimage"},"thumbnailUrl":"https:\/\/www.ataunturismoa.eus\/wp-content\/uploads\/2023\/06\/Mod-top-IMG20230518111514.jpg","datePublished":"2023-10-14T16:01:10+00:00","breadcrumb":{"@id":"https:\/\/www.ataunturismoa.eus\/es\/museos\/museo-barandiaran\/#breadcrumb"},"inLanguage":"es","potentialAction":[{"@type":"ReadAction","target":["https:\/\/www.ataunturismoa.eus\/es\/museos\/museo-barandiaran\/"]}]},{"@type":"ImageObject","inLanguage":"es","@id":"https:\/\/www.ataunturismoa.eus\/es\/museos\/museo-barandiaran\/#primaryimage","url":"https:\/\/www.ataunturismoa.eus\/wp-content\/uploads\/2023\/06\/Mod-top-IMG20230518111514.jpg","contentUrl":"https:\/\/www.ataunturismoa.eus\/wp-content\/uploads\/2023\/06\/Mod-top-IMG20230518111514.jpg","width":1200,"height":900},{"@type":"BreadcrumbList","@id":"https:\/\/www.ataunturismoa.eus\/es\/museos\/museo-barandiaran\/#breadcrumb","itemListElement":[{"@type":"ListItem","position":1,"name":"Inicio","item":"https:\/\/www.ataunturismoa.eus\/es\/"},{"@type":"ListItem","position":2,"name":"Museos","item":"https:\/\/www.ataunturismoa.eus\/es\/museos\/"},{"@type":"ListItem","position":3,"name":"Museo Barandiaran"}]},{"@type":"WebSite","@id":"https:\/\/www.ataunturismoa.eus\/eu\/#website","url":"https:\/\/www.ataunturismoa.eus\/eu\/","name":"Ataun Turismoa","description":"","potentialAction":[{"@type":"SearchAction","target":{"@type":"EntryPoint","urlTemplate":"https:\/\/www.ataunturismoa.eus\/eu\/?s={search_term_string}"},"query-input":{"@type":"PropertyValueSpecification","valueRequired":true,"valueName":"search_term_string"}}],"inLanguage":"es"}]}},"_links":{"self":[{"href":"https:\/\/www.ataunturismoa.eus\/es\/wp-json\/wp\/v2\/pages\/4706","targetHints":{"allow":["GET"]}}],"collection":[{"href":"https:\/\/www.ataunturismoa.eus\/es\/wp-json\/wp\/v2\/pages"}],"about":[{"href":"https:\/\/www.ataunturismoa.eus\/es\/wp-json\/wp\/v2\/types\/page"}],"author":[{"embeddable":true,"href":"https:\/\/www.ataunturismoa.eus\/es\/wp-json\/wp\/v2\/users\/5"}],"replies":[{"embeddable":true,"href":"https:\/\/www.ataunturismoa.eus\/es\/wp-json\/wp\/v2\/comments?post=4706"}],"version-history":[{"count":1,"href":"https:\/\/www.ataunturismoa.eus\/es\/wp-json\/wp\/v2\/pages\/4706\/revisions"}],"predecessor-version":[{"id":4707,"href":"https:\/\/www.ataunturismoa.eus\/es\/wp-json\/wp\/v2\/pages\/4706\/revisions\/4707"}],"up":[{"embeddable":true,"href":"https:\/\/www.ataunturismoa.eus\/es\/wp-json\/wp\/v2\/pages\/4704"}],"wp:featuredmedia":[{"embeddable":true,"href":"https:\/\/www.ataunturismoa.eus\/es\/wp-json\/wp\/v2\/media\/2924"}],"wp:attachment":[{"href":"https:\/\/www.ataunturismoa.eus\/es\/wp-json\/wp\/v2\/media?parent=4706"}],"curies":[{"name":"wp","href":"https:\/\/api.w.org\/{rel}","templated":true}]}}