{"id":4692,"date":"2023-10-14T17:11:20","date_gmt":"2023-10-14T15:11:20","guid":{"rendered":"https:\/\/www.ataunturismoa.eus\/patrimonio\/patrimonio-natural\/agua\/"},"modified":"2023-10-29T12:54:22","modified_gmt":"2023-10-29T11:54:22","slug":"agua","status":"publish","type":"page","link":"https:\/\/www.ataunturismoa.eus\/es\/patrimonio\/patrimonio-natural\/agua\/","title":{"rendered":"Agua"},"content":{"rendered":"\n<p>El r\u00edo Agauntza, nace en Ataun y vierte sus aguas al r\u00edo Oria en Beasain. Este r\u00edo, que nace en la zona de Lizarrusti y recorre los quince kil\u00f3metros que recorre el territorio de Ataun, recoge las aguas de numerosos arroyos y regatas.<\/p>\n\n<p>En cuanto al agua, adem\u00e1s de la importancia de los acu\u00edferos del Domo de Ataun, es necesario mencionar los acu\u00edferos de otras zonas de Aralar. De hecho, en Aiaiturrieta, el manantial m\u00e1s importante de Ataun, afloran tanto las aguas al sur del Domo como las aguas del sur de la sierra de Aralar. Hay que tener en cuenta que parte de las aguas de Aiaiturrieta se destinan a abastecimiento humano.<\/p>\n\n<p>Tambi\u00e9n destaca el embalse de Lareo. Si bien se encuentra en terrenos de la Mancomunidad de Enirio-Aralar, tanto el acceso al mismo como el cauce de sus caudales comunican directamente con Ataun.<\/p>\n\n<p>Adem\u00e1s, en Ataun existen otros arroyos de gran importancia. Como los ya mencionados Aitzarte y Kobatxo que atraviesan el borde del Domo o el arroyo Lauztierreka que se extiende al oeste del barrio de San Gregorio.&#13;\n<\/p>\n","protected":false},"excerpt":{"rendered":"<p>El r\u00edo Agauntza, nace en Ataun y vierte sus aguas al r\u00edo Oria en Beasain. Este r\u00edo, que nace en la zona de Lizarrusti y recorre los quince kil\u00f3metros que recorre el territorio de Ataun, recoge las aguas de numerosos arroyos y regatas. En cuanto al agua, adem\u00e1s de la importancia de los acu\u00edferos del [&hellip;]<\/p>\n","protected":false},"author":5,"featured_media":3596,"parent":2055,"menu_order":0,"comment_status":"closed","ping_status":"closed","template":"page-templates\/page-rigth.php","meta":{"footnotes":""},"class_list":["post-4692","page","type-page","status-publish","has-post-thumbnail","hentry"],"acf":[],"yoast_head":"<!-- This site is optimized with the Yoast SEO plugin v27.3 - https:\/\/yoast.com\/product\/yoast-seo-wordpress\/ -->\n<title>Agua - Ataun Turismoa<\/title>\n<meta name=\"robots\" content=\"index, follow, max-snippet:-1, max-image-preview:large, max-video-preview:-1\" \/>\n<link rel=\"canonical\" href=\"https:\/\/www.ataunturismoa.eus\/es\/patrimonio\/patrimonio-natural\/agua\/\" \/>\n<meta property=\"og:locale\" content=\"es_ES\" \/>\n<meta property=\"og:type\" content=\"article\" \/>\n<meta property=\"og:title\" content=\"Agua - Ataun Turismoa\" \/>\n<meta property=\"og:description\" content=\"El r\u00edo Agauntza, nace en Ataun y vierte sus aguas al r\u00edo Oria en Beasain. Este r\u00edo, que nace en la zona de Lizarrusti y recorre los quince kil\u00f3metros que recorre el territorio de Ataun, recoge las aguas de numerosos arroyos y regatas. En cuanto al agua, adem\u00e1s de la importancia de los acu\u00edferos del [&hellip;]\" \/>\n<meta property=\"og:url\" content=\"https:\/\/www.ataunturismoa.eus\/es\/patrimonio\/patrimonio-natural\/agua\/\" \/>\n<meta property=\"og:site_name\" content=\"Ataun Turismoa\" \/>\n<meta property=\"article:modified_time\" content=\"2023-10-29T11:54:22+00:00\" \/>\n<meta property=\"og:image\" content=\"https:\/\/www.ataunturismoa.eus\/wp-content\/uploads\/2023\/08\/ura.jpeg\" \/>\n\t<meta property=\"og:image:width\" content=\"1200\" \/>\n\t<meta property=\"og:image:height\" content=\"675\" \/>\n\t<meta property=\"og:image:type\" content=\"image\/jpeg\" \/>\n<meta name=\"twitter:card\" content=\"summary_large_image\" \/>\n<meta name=\"twitter:label1\" content=\"Tiempo de lectura\" \/>\n\t<meta name=\"twitter:data1\" content=\"1 minuto\" \/>\n<script type=\"application\/ld+json\" class=\"yoast-schema-graph\">{\"@context\":\"https:\\\/\\\/schema.org\",\"@graph\":[{\"@type\":\"WebPage\",\"@id\":\"https:\\\/\\\/www.ataunturismoa.eus\\\/es\\\/patrimonio\\\/patrimonio-natural\\\/agua\\\/\",\"url\":\"https:\\\/\\\/www.ataunturismoa.eus\\\/es\\\/patrimonio\\\/patrimonio-natural\\\/agua\\\/\",\"name\":\"Agua - Ataun Turismoa\",\"isPartOf\":{\"@id\":\"https:\\\/\\\/www.ataunturismoa.eus\\\/eu\\\/#website\"},\"primaryImageOfPage\":{\"@id\":\"https:\\\/\\\/www.ataunturismoa.eus\\\/es\\\/patrimonio\\\/patrimonio-natural\\\/agua\\\/#primaryimage\"},\"image\":{\"@id\":\"https:\\\/\\\/www.ataunturismoa.eus\\\/es\\\/patrimonio\\\/patrimonio-natural\\\/agua\\\/#primaryimage\"},\"thumbnailUrl\":\"https:\\\/\\\/www.ataunturismoa.eus\\\/wp-content\\\/uploads\\\/2023\\\/08\\\/ura.jpeg\",\"datePublished\":\"2023-10-14T15:11:20+00:00\",\"dateModified\":\"2023-10-29T11:54:22+00:00\",\"breadcrumb\":{\"@id\":\"https:\\\/\\\/www.ataunturismoa.eus\\\/es\\\/patrimonio\\\/patrimonio-natural\\\/agua\\\/#breadcrumb\"},\"inLanguage\":\"es\",\"potentialAction\":[{\"@type\":\"ReadAction\",\"target\":[\"https:\\\/\\\/www.ataunturismoa.eus\\\/es\\\/patrimonio\\\/patrimonio-natural\\\/agua\\\/\"]}]},{\"@type\":\"ImageObject\",\"inLanguage\":\"es\",\"@id\":\"https:\\\/\\\/www.ataunturismoa.eus\\\/es\\\/patrimonio\\\/patrimonio-natural\\\/agua\\\/#primaryimage\",\"url\":\"https:\\\/\\\/www.ataunturismoa.eus\\\/wp-content\\\/uploads\\\/2023\\\/08\\\/ura.jpeg\",\"contentUrl\":\"https:\\\/\\\/www.ataunturismoa.eus\\\/wp-content\\\/uploads\\\/2023\\\/08\\\/ura.jpeg\",\"width\":1200,\"height\":675},{\"@type\":\"BreadcrumbList\",\"@id\":\"https:\\\/\\\/www.ataunturismoa.eus\\\/es\\\/patrimonio\\\/patrimonio-natural\\\/agua\\\/#breadcrumb\",\"itemListElement\":[{\"@type\":\"ListItem\",\"position\":1,\"name\":\"Inicio\",\"item\":\"https:\\\/\\\/www.ataunturismoa.eus\\\/es\\\/\"},{\"@type\":\"ListItem\",\"position\":2,\"name\":\"Patrimonio\",\"item\":\"https:\\\/\\\/www.ataunturismoa.eus\\\/es\\\/patrimonio\\\/\"},{\"@type\":\"ListItem\",\"position\":3,\"name\":\"Patrimonio natural\",\"item\":\"https:\\\/\\\/www.ataunturismoa.eus\\\/es\\\/patrimonio\\\/patrimonio-natural\\\/\"},{\"@type\":\"ListItem\",\"position\":4,\"name\":\"Agua\"}]},{\"@type\":\"WebSite\",\"@id\":\"https:\\\/\\\/www.ataunturismoa.eus\\\/eu\\\/#website\",\"url\":\"https:\\\/\\\/www.ataunturismoa.eus\\\/eu\\\/\",\"name\":\"Ataun Turismoa\",\"description\":\"\",\"potentialAction\":[{\"@type\":\"SearchAction\",\"target\":{\"@type\":\"EntryPoint\",\"urlTemplate\":\"https:\\\/\\\/www.ataunturismoa.eus\\\/eu\\\/?s={search_term_string}\"},\"query-input\":{\"@type\":\"PropertyValueSpecification\",\"valueRequired\":true,\"valueName\":\"search_term_string\"}}],\"inLanguage\":\"es\"}]}<\/script>\n<!-- \/ Yoast SEO plugin. -->","yoast_head_json":{"title":"Agua - Ataun Turismoa","robots":{"index":"index","follow":"follow","max-snippet":"max-snippet:-1","max-image-preview":"max-image-preview:large","max-video-preview":"max-video-preview:-1"},"canonical":"https:\/\/www.ataunturismoa.eus\/es\/patrimonio\/patrimonio-natural\/agua\/","og_locale":"es_ES","og_type":"article","og_title":"Agua - Ataun Turismoa","og_description":"El r\u00edo Agauntza, nace en Ataun y vierte sus aguas al r\u00edo Oria en Beasain. Este r\u00edo, que nace en la zona de Lizarrusti y recorre los quince kil\u00f3metros que recorre el territorio de Ataun, recoge las aguas de numerosos arroyos y regatas. En cuanto al agua, adem\u00e1s de la importancia de los acu\u00edferos del [&hellip;]","og_url":"https:\/\/www.ataunturismoa.eus\/es\/patrimonio\/patrimonio-natural\/agua\/","og_site_name":"Ataun Turismoa","article_modified_time":"2023-10-29T11:54:22+00:00","og_image":[{"width":1200,"height":675,"url":"https:\/\/www.ataunturismoa.eus\/wp-content\/uploads\/2023\/08\/ura.jpeg","type":"image\/jpeg"}],"twitter_card":"summary_large_image","twitter_misc":{"Tiempo de lectura":"1 minuto"},"schema":{"@context":"https:\/\/schema.org","@graph":[{"@type":"WebPage","@id":"https:\/\/www.ataunturismoa.eus\/es\/patrimonio\/patrimonio-natural\/agua\/","url":"https:\/\/www.ataunturismoa.eus\/es\/patrimonio\/patrimonio-natural\/agua\/","name":"Agua - Ataun Turismoa","isPartOf":{"@id":"https:\/\/www.ataunturismoa.eus\/eu\/#website"},"primaryImageOfPage":{"@id":"https:\/\/www.ataunturismoa.eus\/es\/patrimonio\/patrimonio-natural\/agua\/#primaryimage"},"image":{"@id":"https:\/\/www.ataunturismoa.eus\/es\/patrimonio\/patrimonio-natural\/agua\/#primaryimage"},"thumbnailUrl":"https:\/\/www.ataunturismoa.eus\/wp-content\/uploads\/2023\/08\/ura.jpeg","datePublished":"2023-10-14T15:11:20+00:00","dateModified":"2023-10-29T11:54:22+00:00","breadcrumb":{"@id":"https:\/\/www.ataunturismoa.eus\/es\/patrimonio\/patrimonio-natural\/agua\/#breadcrumb"},"inLanguage":"es","potentialAction":[{"@type":"ReadAction","target":["https:\/\/www.ataunturismoa.eus\/es\/patrimonio\/patrimonio-natural\/agua\/"]}]},{"@type":"ImageObject","inLanguage":"es","@id":"https:\/\/www.ataunturismoa.eus\/es\/patrimonio\/patrimonio-natural\/agua\/#primaryimage","url":"https:\/\/www.ataunturismoa.eus\/wp-content\/uploads\/2023\/08\/ura.jpeg","contentUrl":"https:\/\/www.ataunturismoa.eus\/wp-content\/uploads\/2023\/08\/ura.jpeg","width":1200,"height":675},{"@type":"BreadcrumbList","@id":"https:\/\/www.ataunturismoa.eus\/es\/patrimonio\/patrimonio-natural\/agua\/#breadcrumb","itemListElement":[{"@type":"ListItem","position":1,"name":"Inicio","item":"https:\/\/www.ataunturismoa.eus\/es\/"},{"@type":"ListItem","position":2,"name":"Patrimonio","item":"https:\/\/www.ataunturismoa.eus\/es\/patrimonio\/"},{"@type":"ListItem","position":3,"name":"Patrimonio natural","item":"https:\/\/www.ataunturismoa.eus\/es\/patrimonio\/patrimonio-natural\/"},{"@type":"ListItem","position":4,"name":"Agua"}]},{"@type":"WebSite","@id":"https:\/\/www.ataunturismoa.eus\/eu\/#website","url":"https:\/\/www.ataunturismoa.eus\/eu\/","name":"Ataun Turismoa","description":"","potentialAction":[{"@type":"SearchAction","target":{"@type":"EntryPoint","urlTemplate":"https:\/\/www.ataunturismoa.eus\/eu\/?s={search_term_string}"},"query-input":{"@type":"PropertyValueSpecification","valueRequired":true,"valueName":"search_term_string"}}],"inLanguage":"es"}]}},"_links":{"self":[{"href":"https:\/\/www.ataunturismoa.eus\/es\/wp-json\/wp\/v2\/pages\/4692","targetHints":{"allow":["GET"]}}],"collection":[{"href":"https:\/\/www.ataunturismoa.eus\/es\/wp-json\/wp\/v2\/pages"}],"about":[{"href":"https:\/\/www.ataunturismoa.eus\/es\/wp-json\/wp\/v2\/types\/page"}],"author":[{"embeddable":true,"href":"https:\/\/www.ataunturismoa.eus\/es\/wp-json\/wp\/v2\/users\/5"}],"replies":[{"embeddable":true,"href":"https:\/\/www.ataunturismoa.eus\/es\/wp-json\/wp\/v2\/comments?post=4692"}],"version-history":[{"count":3,"href":"https:\/\/www.ataunturismoa.eus\/es\/wp-json\/wp\/v2\/pages\/4692\/revisions"}],"predecessor-version":[{"id":4787,"href":"https:\/\/www.ataunturismoa.eus\/es\/wp-json\/wp\/v2\/pages\/4692\/revisions\/4787"}],"up":[{"embeddable":true,"href":"https:\/\/www.ataunturismoa.eus\/es\/wp-json\/wp\/v2\/pages\/2055"}],"wp:featuredmedia":[{"embeddable":true,"href":"https:\/\/www.ataunturismoa.eus\/es\/wp-json\/wp\/v2\/media\/3596"}],"wp:attachment":[{"href":"https:\/\/www.ataunturismoa.eus\/es\/wp-json\/wp\/v2\/media?parent=4692"}],"curies":[{"name":"wp","href":"https:\/\/api.w.org\/{rel}","templated":true}]}}