{"id":4690,"date":"2023-10-14T17:10:56","date_gmt":"2023-10-14T15:10:56","guid":{"rendered":"https:\/\/www.ataunturismoa.eus\/patrimonio\/patrimonio-natural\/paisaje\/"},"modified":"2023-10-29T12:53:34","modified_gmt":"2023-10-29T11:53:34","slug":"paisaje","status":"publish","type":"page","link":"https:\/\/www.ataunturismoa.eus\/es\/patrimonio\/patrimonio-natural\/paisaje\/","title":{"rendered":"Paisaje"},"content":{"rendered":"\n<p>La extensi\u00f3n y orograf\u00eda de casi 60 km2 es muy rica y cuenta con zonas de alto valor paisaj\u00edstico. Como el municipio de Ataun se extiende entre 180 y casi 1.000 metros de altitud, se combinan las zonas de alta monta\u00f1a con el paisaje rural. Podemos encontrar amplias zonas forestales, pastos abiertos, as\u00ed como ca\u00f1ones y r\u00edos.<\/p>\n\n<p>Dado que se trata de una localidad con una escasa superficie urbanizada, Ataun ofrece la oportunidad de disfrutar de un hermoso mosaico de paisajes naturales y seminaturales como pocos dentro de Gipuzkoa.<\/p>\n\n<p>Desde algunas cumbres de Ataun, adem\u00e1s, se pueden observar las cumbres de Aralar, como Aizkorri o Beriain. Esto da una grandiosidad adicional a la belleza natural de su paisaje.<\/p>\n","protected":false},"excerpt":{"rendered":"<p>La extensi\u00f3n y orograf\u00eda de casi 60 km2 es muy rica y cuenta con zonas de alto valor paisaj\u00edstico. Como el municipio de Ataun se extiende entre 180 y casi 1.000 metros de altitud, se combinan las zonas de alta monta\u00f1a con el paisaje rural. Podemos encontrar amplias zonas forestales, pastos abiertos, as\u00ed como ca\u00f1ones [&hellip;]<\/p>\n","protected":false},"author":5,"featured_media":3729,"parent":2055,"menu_order":0,"comment_status":"closed","ping_status":"closed","template":"page-templates\/page-rigth.php","meta":{"footnotes":""},"class_list":["post-4690","page","type-page","status-publish","has-post-thumbnail","hentry"],"acf":[],"yoast_head":"<!-- This site is optimized with the Yoast SEO plugin v27.3 - https:\/\/yoast.com\/product\/yoast-seo-wordpress\/ -->\n<title>Paisaje - Ataun Turismoa<\/title>\n<meta name=\"robots\" content=\"index, follow, max-snippet:-1, max-image-preview:large, max-video-preview:-1\" \/>\n<link rel=\"canonical\" href=\"https:\/\/www.ataunturismoa.eus\/es\/patrimonio\/patrimonio-natural\/paisaje\/\" \/>\n<meta property=\"og:locale\" content=\"es_ES\" \/>\n<meta property=\"og:type\" content=\"article\" \/>\n<meta property=\"og:title\" content=\"Paisaje - Ataun Turismoa\" \/>\n<meta property=\"og:description\" content=\"La extensi\u00f3n y orograf\u00eda de casi 60 km2 es muy rica y cuenta con zonas de alto valor paisaj\u00edstico. Como el municipio de Ataun se extiende entre 180 y casi 1.000 metros de altitud, se combinan las zonas de alta monta\u00f1a con el paisaje rural. Podemos encontrar amplias zonas forestales, pastos abiertos, as\u00ed como ca\u00f1ones [&hellip;]\" \/>\n<meta property=\"og:url\" content=\"https:\/\/www.ataunturismoa.eus\/es\/patrimonio\/patrimonio-natural\/paisaje\/\" \/>\n<meta property=\"og:site_name\" content=\"Ataun Turismoa\" \/>\n<meta property=\"article:modified_time\" content=\"2023-10-29T11:53:34+00:00\" \/>\n<meta property=\"og:image\" content=\"https:\/\/www.ataunturismoa.eus\/wp-content\/uploads\/2023\/08\/paisaia.jpg\" \/>\n\t<meta property=\"og:image:width\" content=\"1200\" \/>\n\t<meta property=\"og:image:height\" content=\"675\" \/>\n\t<meta property=\"og:image:type\" content=\"image\/jpeg\" \/>\n<meta name=\"twitter:card\" content=\"summary_large_image\" \/>\n<meta name=\"twitter:label1\" content=\"Tiempo de lectura\" \/>\n\t<meta name=\"twitter:data1\" content=\"1 minuto\" \/>\n<script type=\"application\/ld+json\" class=\"yoast-schema-graph\">{\"@context\":\"https:\\\/\\\/schema.org\",\"@graph\":[{\"@type\":\"WebPage\",\"@id\":\"https:\\\/\\\/www.ataunturismoa.eus\\\/es\\\/patrimonio\\\/patrimonio-natural\\\/paisaje\\\/\",\"url\":\"https:\\\/\\\/www.ataunturismoa.eus\\\/es\\\/patrimonio\\\/patrimonio-natural\\\/paisaje\\\/\",\"name\":\"Paisaje - Ataun Turismoa\",\"isPartOf\":{\"@id\":\"https:\\\/\\\/www.ataunturismoa.eus\\\/eu\\\/#website\"},\"primaryImageOfPage\":{\"@id\":\"https:\\\/\\\/www.ataunturismoa.eus\\\/es\\\/patrimonio\\\/patrimonio-natural\\\/paisaje\\\/#primaryimage\"},\"image\":{\"@id\":\"https:\\\/\\\/www.ataunturismoa.eus\\\/es\\\/patrimonio\\\/patrimonio-natural\\\/paisaje\\\/#primaryimage\"},\"thumbnailUrl\":\"https:\\\/\\\/www.ataunturismoa.eus\\\/wp-content\\\/uploads\\\/2023\\\/08\\\/paisaia.jpg\",\"datePublished\":\"2023-10-14T15:10:56+00:00\",\"dateModified\":\"2023-10-29T11:53:34+00:00\",\"breadcrumb\":{\"@id\":\"https:\\\/\\\/www.ataunturismoa.eus\\\/es\\\/patrimonio\\\/patrimonio-natural\\\/paisaje\\\/#breadcrumb\"},\"inLanguage\":\"es\",\"potentialAction\":[{\"@type\":\"ReadAction\",\"target\":[\"https:\\\/\\\/www.ataunturismoa.eus\\\/es\\\/patrimonio\\\/patrimonio-natural\\\/paisaje\\\/\"]}]},{\"@type\":\"ImageObject\",\"inLanguage\":\"es\",\"@id\":\"https:\\\/\\\/www.ataunturismoa.eus\\\/es\\\/patrimonio\\\/patrimonio-natural\\\/paisaje\\\/#primaryimage\",\"url\":\"https:\\\/\\\/www.ataunturismoa.eus\\\/wp-content\\\/uploads\\\/2023\\\/08\\\/paisaia.jpg\",\"contentUrl\":\"https:\\\/\\\/www.ataunturismoa.eus\\\/wp-content\\\/uploads\\\/2023\\\/08\\\/paisaia.jpg\",\"width\":1200,\"height\":675},{\"@type\":\"BreadcrumbList\",\"@id\":\"https:\\\/\\\/www.ataunturismoa.eus\\\/es\\\/patrimonio\\\/patrimonio-natural\\\/paisaje\\\/#breadcrumb\",\"itemListElement\":[{\"@type\":\"ListItem\",\"position\":1,\"name\":\"Inicio\",\"item\":\"https:\\\/\\\/www.ataunturismoa.eus\\\/es\\\/\"},{\"@type\":\"ListItem\",\"position\":2,\"name\":\"Patrimonio\",\"item\":\"https:\\\/\\\/www.ataunturismoa.eus\\\/es\\\/patrimonio\\\/\"},{\"@type\":\"ListItem\",\"position\":3,\"name\":\"Patrimonio natural\",\"item\":\"https:\\\/\\\/www.ataunturismoa.eus\\\/es\\\/patrimonio\\\/patrimonio-natural\\\/\"},{\"@type\":\"ListItem\",\"position\":4,\"name\":\"Paisaje\"}]},{\"@type\":\"WebSite\",\"@id\":\"https:\\\/\\\/www.ataunturismoa.eus\\\/eu\\\/#website\",\"url\":\"https:\\\/\\\/www.ataunturismoa.eus\\\/eu\\\/\",\"name\":\"Ataun Turismoa\",\"description\":\"\",\"potentialAction\":[{\"@type\":\"SearchAction\",\"target\":{\"@type\":\"EntryPoint\",\"urlTemplate\":\"https:\\\/\\\/www.ataunturismoa.eus\\\/eu\\\/?s={search_term_string}\"},\"query-input\":{\"@type\":\"PropertyValueSpecification\",\"valueRequired\":true,\"valueName\":\"search_term_string\"}}],\"inLanguage\":\"es\"}]}<\/script>\n<!-- \/ Yoast SEO plugin. -->","yoast_head_json":{"title":"Paisaje - Ataun Turismoa","robots":{"index":"index","follow":"follow","max-snippet":"max-snippet:-1","max-image-preview":"max-image-preview:large","max-video-preview":"max-video-preview:-1"},"canonical":"https:\/\/www.ataunturismoa.eus\/es\/patrimonio\/patrimonio-natural\/paisaje\/","og_locale":"es_ES","og_type":"article","og_title":"Paisaje - Ataun Turismoa","og_description":"La extensi\u00f3n y orograf\u00eda de casi 60 km2 es muy rica y cuenta con zonas de alto valor paisaj\u00edstico. Como el municipio de Ataun se extiende entre 180 y casi 1.000 metros de altitud, se combinan las zonas de alta monta\u00f1a con el paisaje rural. Podemos encontrar amplias zonas forestales, pastos abiertos, as\u00ed como ca\u00f1ones [&hellip;]","og_url":"https:\/\/www.ataunturismoa.eus\/es\/patrimonio\/patrimonio-natural\/paisaje\/","og_site_name":"Ataun Turismoa","article_modified_time":"2023-10-29T11:53:34+00:00","og_image":[{"width":1200,"height":675,"url":"https:\/\/www.ataunturismoa.eus\/wp-content\/uploads\/2023\/08\/paisaia.jpg","type":"image\/jpeg"}],"twitter_card":"summary_large_image","twitter_misc":{"Tiempo de lectura":"1 minuto"},"schema":{"@context":"https:\/\/schema.org","@graph":[{"@type":"WebPage","@id":"https:\/\/www.ataunturismoa.eus\/es\/patrimonio\/patrimonio-natural\/paisaje\/","url":"https:\/\/www.ataunturismoa.eus\/es\/patrimonio\/patrimonio-natural\/paisaje\/","name":"Paisaje - Ataun Turismoa","isPartOf":{"@id":"https:\/\/www.ataunturismoa.eus\/eu\/#website"},"primaryImageOfPage":{"@id":"https:\/\/www.ataunturismoa.eus\/es\/patrimonio\/patrimonio-natural\/paisaje\/#primaryimage"},"image":{"@id":"https:\/\/www.ataunturismoa.eus\/es\/patrimonio\/patrimonio-natural\/paisaje\/#primaryimage"},"thumbnailUrl":"https:\/\/www.ataunturismoa.eus\/wp-content\/uploads\/2023\/08\/paisaia.jpg","datePublished":"2023-10-14T15:10:56+00:00","dateModified":"2023-10-29T11:53:34+00:00","breadcrumb":{"@id":"https:\/\/www.ataunturismoa.eus\/es\/patrimonio\/patrimonio-natural\/paisaje\/#breadcrumb"},"inLanguage":"es","potentialAction":[{"@type":"ReadAction","target":["https:\/\/www.ataunturismoa.eus\/es\/patrimonio\/patrimonio-natural\/paisaje\/"]}]},{"@type":"ImageObject","inLanguage":"es","@id":"https:\/\/www.ataunturismoa.eus\/es\/patrimonio\/patrimonio-natural\/paisaje\/#primaryimage","url":"https:\/\/www.ataunturismoa.eus\/wp-content\/uploads\/2023\/08\/paisaia.jpg","contentUrl":"https:\/\/www.ataunturismoa.eus\/wp-content\/uploads\/2023\/08\/paisaia.jpg","width":1200,"height":675},{"@type":"BreadcrumbList","@id":"https:\/\/www.ataunturismoa.eus\/es\/patrimonio\/patrimonio-natural\/paisaje\/#breadcrumb","itemListElement":[{"@type":"ListItem","position":1,"name":"Inicio","item":"https:\/\/www.ataunturismoa.eus\/es\/"},{"@type":"ListItem","position":2,"name":"Patrimonio","item":"https:\/\/www.ataunturismoa.eus\/es\/patrimonio\/"},{"@type":"ListItem","position":3,"name":"Patrimonio natural","item":"https:\/\/www.ataunturismoa.eus\/es\/patrimonio\/patrimonio-natural\/"},{"@type":"ListItem","position":4,"name":"Paisaje"}]},{"@type":"WebSite","@id":"https:\/\/www.ataunturismoa.eus\/eu\/#website","url":"https:\/\/www.ataunturismoa.eus\/eu\/","name":"Ataun Turismoa","description":"","potentialAction":[{"@type":"SearchAction","target":{"@type":"EntryPoint","urlTemplate":"https:\/\/www.ataunturismoa.eus\/eu\/?s={search_term_string}"},"query-input":{"@type":"PropertyValueSpecification","valueRequired":true,"valueName":"search_term_string"}}],"inLanguage":"es"}]}},"_links":{"self":[{"href":"https:\/\/www.ataunturismoa.eus\/es\/wp-json\/wp\/v2\/pages\/4690","targetHints":{"allow":["GET"]}}],"collection":[{"href":"https:\/\/www.ataunturismoa.eus\/es\/wp-json\/wp\/v2\/pages"}],"about":[{"href":"https:\/\/www.ataunturismoa.eus\/es\/wp-json\/wp\/v2\/types\/page"}],"author":[{"embeddable":true,"href":"https:\/\/www.ataunturismoa.eus\/es\/wp-json\/wp\/v2\/users\/5"}],"replies":[{"embeddable":true,"href":"https:\/\/www.ataunturismoa.eus\/es\/wp-json\/wp\/v2\/comments?post=4690"}],"version-history":[{"count":3,"href":"https:\/\/www.ataunturismoa.eus\/es\/wp-json\/wp\/v2\/pages\/4690\/revisions"}],"predecessor-version":[{"id":4785,"href":"https:\/\/www.ataunturismoa.eus\/es\/wp-json\/wp\/v2\/pages\/4690\/revisions\/4785"}],"up":[{"embeddable":true,"href":"https:\/\/www.ataunturismoa.eus\/es\/wp-json\/wp\/v2\/pages\/2055"}],"wp:featuredmedia":[{"embeddable":true,"href":"https:\/\/www.ataunturismoa.eus\/es\/wp-json\/wp\/v2\/media\/3729"}],"wp:attachment":[{"href":"https:\/\/www.ataunturismoa.eus\/es\/wp-json\/wp\/v2\/media?parent=4690"}],"curies":[{"name":"wp","href":"https:\/\/api.w.org\/{rel}","templated":true}]}}