{"id":4688,"date":"2023-10-14T17:10:28","date_gmt":"2023-10-14T15:10:28","guid":{"rendered":"https:\/\/www.ataunturismoa.eus\/patrimonio\/patrimonio-natural\/flora-y-fauna\/"},"modified":"2023-11-05T21:32:54","modified_gmt":"2023-11-05T20:32:54","slug":"flora-y-fauna","status":"publish","type":"page","link":"https:\/\/www.ataunturismoa.eus\/es\/patrimonio\/patrimonio-natural\/flora-y-fauna\/","title":{"rendered":"Flora y fauna"},"content":{"rendered":"\n<p>Abundan las especies de fauna y flora que se pueden encontrar en este relieve accidentado, repleto de contrastes.<\/p>\n\n<p>En cuanto a la vegetaci\u00f3n, los hayedos son los bosques con mayor extensi\u00f3n en Ataun. Entre algunas zonas del Domo, en la zona de Marumendi y en la zona que va de Lizarrusti al monte Aitxu, se llega a alcanzar el 36% del municipio. En estos bosques predomina el haya (Fagus sylvatica), aunque tambi\u00e9n se alternan los tejos (Taxus baccata) y los acebos (Ilex aquifolium). Dado que gran parte de estos hayedos se localizan en terrenos \u00e1cidos que proporcionan las areniscas, se consideran h\u00e1bitats de inter\u00e9s Europeo (hayedos acid\u00f3filos atl\u00e1nticos).<\/p>\n\n<p>EAsimismo, el encinar cant\u00e1brico que se puede encontrar tanto en las m\u00e1rgenes del Domo como en algunas zonas pr\u00f3ximas, es un h\u00e1bitat de inter\u00e9s Europeo. Estos bosques dominados por la encina (Quercus ilex) no son caracter\u00edsticos de la vertiente cant\u00e1brica, ya que el encinar es una especie de bosque mediterr\u00e1neo.<\/p>\n\n<p>Adem\u00e1s, tambi\u00e9n se encuentran alisedas, robledales y bosques mixtos entre zonas rurales y zonas de mayor altitud. En ellos se encuentran numerosas especies herb\u00e1ceas, arbustivas y arb\u00f3reas: espino blanco (Crataegus monogyna), espino negro (Prunus spinosa), tila (Tilia platyphyllo), avellano (Corylus avellana), cerezo (Prunus spinosa), fresno (Fraxo, Excel), etc.<\/p>\n\n<p>APor otra parte, tambi\u00e9n es destacable el valor de los pastos, matorrales y brezales situados tanto en la zona monta\u00f1osa como en los valles bajos, donde se puede encontrar una gran diversidad de flora. Por ejemplo, son espectaculares los narcisos (Narcissus asturiensis) que crecen en prados de alta monta\u00f1a o las orqu\u00eddeas de prados de siega como Anacamptis pyramidalis.<\/p>\n\n<p>La diversidad de vertebrados e invertebrados es tambi\u00e9n importante. Por su nivel de protecci\u00f3n, las aves y murci\u00e9lagos constituyen los grupos m\u00e1s importantes. Los roquedos del Domo ofrecen una excelente protecci\u00f3n para depredadores y carro\u00f1eros como el alimoche (Neophron percnopterus), el b\u00faho real (Bubo bubo), el halc\u00f3n peregrino (Falco peregrinus) y el buitre leonado (Gyps fulvus). Por otra parte, tanto en el medio rural como en las proximidades de los arroyos es habitual ver especies como el milano rojo (Milvus milvus), la garza (Ardea cinerea) o el mirlo acu\u00e1tico (Cinclus cinclus).<\/p>\n\n<p>Tambi\u00e9n merecen una menci\u00f3n especial los murci\u00e9lagos que se esconden en las cuevas de Ataun, en las rendijas de los roquedos y \u00e1rboles, y en los edificios. De las 27 especies de murci\u00e9lagos existentes en el Pa\u00eds Vasco, al menos 16 especies se pueden encontrar en distintas \u00e9pocas del a\u00f1o en Ataun. Los m\u00e1s conocidos son el gran murci\u00e9lago de herradura de las cuevas (Rhinolophus ferrumequinum) y el peque\u00f1o (Rhinolophus hipposideros), pero tambi\u00e9n se puede encontrar el murci\u00e9lago de bosque (Barbastella barbastellus) que se encuentra en peligro de extinci\u00f3n y que habita en los frondosos bosques de Ataun.<\/p>\n\n<p>El r\u00edo Agauntza que atraviesa la localidad es un lugar de gran valor para la biodiversidad. Debido a que en las \u00faltimas d\u00e9cadas se han perdido las poblaciones de vis\u00f3n europeo (Mustela lutreola) y desm\u00e1n (Galemys pyrenaicus), la protecci\u00f3n y mejora del r\u00edo es clave tanto para la recuperaci\u00f3n de estas especies como para la protecci\u00f3n de otros seres vivos asociados a estos h\u00e1bitats como la trucha (Salmo trutta).<\/p>\n","protected":false},"excerpt":{"rendered":"<p>Abundan las especies de fauna y flora que se pueden encontrar en este relieve accidentado, repleto de contrastes. En cuanto a la vegetaci\u00f3n, los hayedos son los bosques con mayor extensi\u00f3n en Ataun. Entre algunas zonas del Domo, en la zona de Marumendi y en la zona que va de Lizarrusti al monte Aitxu, se [&hellip;]<\/p>\n","protected":false},"author":5,"featured_media":3591,"parent":2055,"menu_order":0,"comment_status":"closed","ping_status":"closed","template":"page-templates\/page-rigth.php","meta":{"footnotes":""},"class_list":["post-4688","page","type-page","status-publish","has-post-thumbnail","hentry"],"acf":[],"yoast_head":"<!-- This site is optimized with the Yoast SEO plugin v27.5 - https:\/\/yoast.com\/product\/yoast-seo-wordpress\/ -->\n<title>Flora y fauna - Ataun Turismoa<\/title>\n<meta name=\"robots\" content=\"index, follow, max-snippet:-1, max-image-preview:large, max-video-preview:-1\" \/>\n<link rel=\"canonical\" href=\"https:\/\/www.ataunturismoa.eus\/es\/patrimonio\/patrimonio-natural\/flora-y-fauna\/\" \/>\n<meta property=\"og:locale\" content=\"es_ES\" \/>\n<meta property=\"og:type\" content=\"article\" \/>\n<meta property=\"og:title\" content=\"Flora y fauna - Ataun Turismoa\" \/>\n<meta property=\"og:description\" content=\"Abundan las especies de fauna y flora que se pueden encontrar en este relieve accidentado, repleto de contrastes. En cuanto a la vegetaci\u00f3n, los hayedos son los bosques con mayor extensi\u00f3n en Ataun. Entre algunas zonas del Domo, en la zona de Marumendi y en la zona que va de Lizarrusti al monte Aitxu, se [&hellip;]\" \/>\n<meta property=\"og:url\" content=\"https:\/\/www.ataunturismoa.eus\/es\/patrimonio\/patrimonio-natural\/flora-y-fauna\/\" \/>\n<meta property=\"og:site_name\" content=\"Ataun Turismoa\" \/>\n<meta property=\"article:modified_time\" content=\"2023-11-05T20:32:54+00:00\" \/>\n<meta property=\"og:image\" content=\"https:\/\/www.ataunturismoa.eus\/wp-content\/uploads\/2023\/08\/flora.jpeg\" \/>\n\t<meta property=\"og:image:width\" content=\"1200\" \/>\n\t<meta property=\"og:image:height\" content=\"675\" \/>\n\t<meta property=\"og:image:type\" content=\"image\/jpeg\" \/>\n<meta name=\"twitter:card\" content=\"summary_large_image\" \/>\n<meta name=\"twitter:label1\" content=\"Tiempo de lectura\" \/>\n\t<meta name=\"twitter:data1\" content=\"3 minutos\" \/>\n<script type=\"application\/ld+json\" class=\"yoast-schema-graph\">{\"@context\":\"https:\\\/\\\/schema.org\",\"@graph\":[{\"@type\":\"WebPage\",\"@id\":\"https:\\\/\\\/www.ataunturismoa.eus\\\/es\\\/patrimonio\\\/patrimonio-natural\\\/flora-y-fauna\\\/\",\"url\":\"https:\\\/\\\/www.ataunturismoa.eus\\\/es\\\/patrimonio\\\/patrimonio-natural\\\/flora-y-fauna\\\/\",\"name\":\"Flora y fauna - Ataun Turismoa\",\"isPartOf\":{\"@id\":\"https:\\\/\\\/www.ataunturismoa.eus\\\/eu\\\/#website\"},\"primaryImageOfPage\":{\"@id\":\"https:\\\/\\\/www.ataunturismoa.eus\\\/es\\\/patrimonio\\\/patrimonio-natural\\\/flora-y-fauna\\\/#primaryimage\"},\"image\":{\"@id\":\"https:\\\/\\\/www.ataunturismoa.eus\\\/es\\\/patrimonio\\\/patrimonio-natural\\\/flora-y-fauna\\\/#primaryimage\"},\"thumbnailUrl\":\"https:\\\/\\\/www.ataunturismoa.eus\\\/wp-content\\\/uploads\\\/2023\\\/08\\\/flora.jpeg\",\"datePublished\":\"2023-10-14T15:10:28+00:00\",\"dateModified\":\"2023-11-05T20:32:54+00:00\",\"breadcrumb\":{\"@id\":\"https:\\\/\\\/www.ataunturismoa.eus\\\/es\\\/patrimonio\\\/patrimonio-natural\\\/flora-y-fauna\\\/#breadcrumb\"},\"inLanguage\":\"es\",\"potentialAction\":[{\"@type\":\"ReadAction\",\"target\":[\"https:\\\/\\\/www.ataunturismoa.eus\\\/es\\\/patrimonio\\\/patrimonio-natural\\\/flora-y-fauna\\\/\"]}]},{\"@type\":\"ImageObject\",\"inLanguage\":\"es\",\"@id\":\"https:\\\/\\\/www.ataunturismoa.eus\\\/es\\\/patrimonio\\\/patrimonio-natural\\\/flora-y-fauna\\\/#primaryimage\",\"url\":\"https:\\\/\\\/www.ataunturismoa.eus\\\/wp-content\\\/uploads\\\/2023\\\/08\\\/flora.jpeg\",\"contentUrl\":\"https:\\\/\\\/www.ataunturismoa.eus\\\/wp-content\\\/uploads\\\/2023\\\/08\\\/flora.jpeg\",\"width\":1200,\"height\":675},{\"@type\":\"BreadcrumbList\",\"@id\":\"https:\\\/\\\/www.ataunturismoa.eus\\\/es\\\/patrimonio\\\/patrimonio-natural\\\/flora-y-fauna\\\/#breadcrumb\",\"itemListElement\":[{\"@type\":\"ListItem\",\"position\":1,\"name\":\"Inicio\",\"item\":\"https:\\\/\\\/www.ataunturismoa.eus\\\/es\\\/\"},{\"@type\":\"ListItem\",\"position\":2,\"name\":\"Patrimonio\",\"item\":\"https:\\\/\\\/www.ataunturismoa.eus\\\/es\\\/patrimonio\\\/\"},{\"@type\":\"ListItem\",\"position\":3,\"name\":\"Patrimonio natural\",\"item\":\"https:\\\/\\\/www.ataunturismoa.eus\\\/es\\\/patrimonio\\\/patrimonio-natural\\\/\"},{\"@type\":\"ListItem\",\"position\":4,\"name\":\"Flora y fauna\"}]},{\"@type\":\"WebSite\",\"@id\":\"https:\\\/\\\/www.ataunturismoa.eus\\\/eu\\\/#website\",\"url\":\"https:\\\/\\\/www.ataunturismoa.eus\\\/eu\\\/\",\"name\":\"Ataun Turismoa\",\"description\":\"\",\"potentialAction\":[{\"@type\":\"SearchAction\",\"target\":{\"@type\":\"EntryPoint\",\"urlTemplate\":\"https:\\\/\\\/www.ataunturismoa.eus\\\/eu\\\/?s={search_term_string}\"},\"query-input\":{\"@type\":\"PropertyValueSpecification\",\"valueRequired\":true,\"valueName\":\"search_term_string\"}}],\"inLanguage\":\"es\"}]}<\/script>\n<!-- \/ Yoast SEO plugin. -->","yoast_head_json":{"title":"Flora y fauna - Ataun Turismoa","robots":{"index":"index","follow":"follow","max-snippet":"max-snippet:-1","max-image-preview":"max-image-preview:large","max-video-preview":"max-video-preview:-1"},"canonical":"https:\/\/www.ataunturismoa.eus\/es\/patrimonio\/patrimonio-natural\/flora-y-fauna\/","og_locale":"es_ES","og_type":"article","og_title":"Flora y fauna - Ataun Turismoa","og_description":"Abundan las especies de fauna y flora que se pueden encontrar en este relieve accidentado, repleto de contrastes. En cuanto a la vegetaci\u00f3n, los hayedos son los bosques con mayor extensi\u00f3n en Ataun. Entre algunas zonas del Domo, en la zona de Marumendi y en la zona que va de Lizarrusti al monte Aitxu, se [&hellip;]","og_url":"https:\/\/www.ataunturismoa.eus\/es\/patrimonio\/patrimonio-natural\/flora-y-fauna\/","og_site_name":"Ataun Turismoa","article_modified_time":"2023-11-05T20:32:54+00:00","og_image":[{"width":1200,"height":675,"url":"https:\/\/www.ataunturismoa.eus\/wp-content\/uploads\/2023\/08\/flora.jpeg","type":"image\/jpeg"}],"twitter_card":"summary_large_image","twitter_misc":{"Tiempo de lectura":"3 minutos"},"schema":{"@context":"https:\/\/schema.org","@graph":[{"@type":"WebPage","@id":"https:\/\/www.ataunturismoa.eus\/es\/patrimonio\/patrimonio-natural\/flora-y-fauna\/","url":"https:\/\/www.ataunturismoa.eus\/es\/patrimonio\/patrimonio-natural\/flora-y-fauna\/","name":"Flora y fauna - Ataun Turismoa","isPartOf":{"@id":"https:\/\/www.ataunturismoa.eus\/eu\/#website"},"primaryImageOfPage":{"@id":"https:\/\/www.ataunturismoa.eus\/es\/patrimonio\/patrimonio-natural\/flora-y-fauna\/#primaryimage"},"image":{"@id":"https:\/\/www.ataunturismoa.eus\/es\/patrimonio\/patrimonio-natural\/flora-y-fauna\/#primaryimage"},"thumbnailUrl":"https:\/\/www.ataunturismoa.eus\/wp-content\/uploads\/2023\/08\/flora.jpeg","datePublished":"2023-10-14T15:10:28+00:00","dateModified":"2023-11-05T20:32:54+00:00","breadcrumb":{"@id":"https:\/\/www.ataunturismoa.eus\/es\/patrimonio\/patrimonio-natural\/flora-y-fauna\/#breadcrumb"},"inLanguage":"es","potentialAction":[{"@type":"ReadAction","target":["https:\/\/www.ataunturismoa.eus\/es\/patrimonio\/patrimonio-natural\/flora-y-fauna\/"]}]},{"@type":"ImageObject","inLanguage":"es","@id":"https:\/\/www.ataunturismoa.eus\/es\/patrimonio\/patrimonio-natural\/flora-y-fauna\/#primaryimage","url":"https:\/\/www.ataunturismoa.eus\/wp-content\/uploads\/2023\/08\/flora.jpeg","contentUrl":"https:\/\/www.ataunturismoa.eus\/wp-content\/uploads\/2023\/08\/flora.jpeg","width":1200,"height":675},{"@type":"BreadcrumbList","@id":"https:\/\/www.ataunturismoa.eus\/es\/patrimonio\/patrimonio-natural\/flora-y-fauna\/#breadcrumb","itemListElement":[{"@type":"ListItem","position":1,"name":"Inicio","item":"https:\/\/www.ataunturismoa.eus\/es\/"},{"@type":"ListItem","position":2,"name":"Patrimonio","item":"https:\/\/www.ataunturismoa.eus\/es\/patrimonio\/"},{"@type":"ListItem","position":3,"name":"Patrimonio natural","item":"https:\/\/www.ataunturismoa.eus\/es\/patrimonio\/patrimonio-natural\/"},{"@type":"ListItem","position":4,"name":"Flora y fauna"}]},{"@type":"WebSite","@id":"https:\/\/www.ataunturismoa.eus\/eu\/#website","url":"https:\/\/www.ataunturismoa.eus\/eu\/","name":"Ataun Turismoa","description":"","potentialAction":[{"@type":"SearchAction","target":{"@type":"EntryPoint","urlTemplate":"https:\/\/www.ataunturismoa.eus\/eu\/?s={search_term_string}"},"query-input":{"@type":"PropertyValueSpecification","valueRequired":true,"valueName":"search_term_string"}}],"inLanguage":"es"}]}},"_links":{"self":[{"href":"https:\/\/www.ataunturismoa.eus\/es\/wp-json\/wp\/v2\/pages\/4688","targetHints":{"allow":["GET"]}}],"collection":[{"href":"https:\/\/www.ataunturismoa.eus\/es\/wp-json\/wp\/v2\/pages"}],"about":[{"href":"https:\/\/www.ataunturismoa.eus\/es\/wp-json\/wp\/v2\/types\/page"}],"author":[{"embeddable":true,"href":"https:\/\/www.ataunturismoa.eus\/es\/wp-json\/wp\/v2\/users\/5"}],"replies":[{"embeddable":true,"href":"https:\/\/www.ataunturismoa.eus\/es\/wp-json\/wp\/v2\/comments?post=4688"}],"version-history":[{"count":3,"href":"https:\/\/www.ataunturismoa.eus\/es\/wp-json\/wp\/v2\/pages\/4688\/revisions"}],"predecessor-version":[{"id":4927,"href":"https:\/\/www.ataunturismoa.eus\/es\/wp-json\/wp\/v2\/pages\/4688\/revisions\/4927"}],"up":[{"embeddable":true,"href":"https:\/\/www.ataunturismoa.eus\/es\/wp-json\/wp\/v2\/pages\/2055"}],"wp:featuredmedia":[{"embeddable":true,"href":"https:\/\/www.ataunturismoa.eus\/es\/wp-json\/wp\/v2\/media\/3591"}],"wp:attachment":[{"href":"https:\/\/www.ataunturismoa.eus\/es\/wp-json\/wp\/v2\/media?parent=4688"}],"curies":[{"name":"wp","href":"https:\/\/api.w.org\/{rel}","templated":true}]}}