{"id":4686,"date":"2023-10-14T17:09:53","date_gmt":"2023-10-14T15:09:53","guid":{"rendered":"https:\/\/www.ataunturismoa.eus\/patrimonio\/patrimonio-natural\/domo-de-ataun\/"},"modified":"2023-10-29T12:52:55","modified_gmt":"2023-10-29T11:52:55","slug":"domo-de-ataun","status":"publish","type":"page","link":"https:\/\/www.ataunturismoa.eus\/es\/patrimonio\/patrimonio-natural\/domo-de-ataun\/","title":{"rendered":"El Domo de Ataun"},"content":{"rendered":"\n<p>El Domo de Ataun es una de las estructuras m\u00e1s singulares desde el punto de vista geol\u00f3gico. La acumulaci\u00f3n de diferentes materiales en el mar tropical de hace millones de a\u00f1os provoc\u00f3 la acumulaci\u00f3n de rocas calc\u00e1reas entre rocas arcillosas. Cuando la placa ib\u00e9rica choc\u00f3 con la europea, todos estos materiales comenzaron a deformarse y a elevarse. En el caso del Domo de Ataun se produjo una interferencia entre dos pliegues, deformando las rocas en forma de c\u00fapula. Debido a un largo proceso de erosi\u00f3n que ha durado hasta la actualidad, estos materiales han sido transformados hasta alcanzar el relieve actual. Los materiales arcillosos son m\u00e1s blandos, por lo que destacan las calizas en el paisaje, sobre todo en los roquedos  del borde del Domo.<\/p>\n\n<p>El \u00e1rea conocida en la localidad como Aitzarte, como su nombre indica, designa los terrenos que se extienden dentro de los roquedos de Domo. A su alrededor podemos identificar los principales picos de la corona del Domo: Jentilbaratza, Aizkoate, Intzartzu, Arastortz, Agautz, Leizadi, Asundi y los Mallos de Loibe, entre otros. Tambi\u00e9n destacan los arroyos que nacen en Aitzarte y que han erosionado el borde del Domo en dos puntos formando los ca\u00f1ones de Aitzarte y Kobatxo.<\/p>\n\n<p>La erosi\u00f3n por disoluci\u00f3n del agua en estas rocas calc\u00e1reas ha generado una enorme red de cavidades. Por ello, en el Domo ya se han identificado m\u00e1s de 200 cuevas y simas. Estas cavidades forman una enorme red de galer\u00edas de miles de metros en el subsuelo. Los acu\u00edferos existentes tambi\u00e9n son de gran importancia debido al abastecimiento de numerosos arroyos y fuentes del municipio.<\/p>\n","protected":false},"excerpt":{"rendered":"<p>El Domo de Ataun es una de las estructuras m\u00e1s singulares desde el punto de vista geol\u00f3gico. La acumulaci\u00f3n de diferentes materiales en el mar tropical de hace millones de a\u00f1os provoc\u00f3 la acumulaci\u00f3n de rocas calc\u00e1reas entre rocas arcillosas. Cuando la placa ib\u00e9rica choc\u00f3 con la europea, todos estos materiales comenzaron a deformarse y [&hellip;]<\/p>\n","protected":false},"author":5,"featured_media":3581,"parent":2055,"menu_order":0,"comment_status":"closed","ping_status":"closed","template":"page-templates\/page-rigth.php","meta":{"footnotes":""},"class_list":["post-4686","page","type-page","status-publish","has-post-thumbnail","hentry"],"acf":[],"yoast_head":"<!-- This site is optimized with the Yoast SEO plugin v27.5 - https:\/\/yoast.com\/product\/yoast-seo-wordpress\/ -->\n<title>El Domo de Ataun - Ataun Turismoa<\/title>\n<meta name=\"robots\" content=\"index, follow, max-snippet:-1, max-image-preview:large, max-video-preview:-1\" \/>\n<link rel=\"canonical\" href=\"https:\/\/www.ataunturismoa.eus\/es\/patrimonio\/patrimonio-natural\/domo-de-ataun\/\" \/>\n<meta property=\"og:locale\" content=\"es_ES\" \/>\n<meta property=\"og:type\" content=\"article\" \/>\n<meta property=\"og:title\" content=\"El Domo de Ataun - Ataun Turismoa\" \/>\n<meta property=\"og:description\" content=\"El Domo de Ataun es una de las estructuras m\u00e1s singulares desde el punto de vista geol\u00f3gico. La acumulaci\u00f3n de diferentes materiales en el mar tropical de hace millones de a\u00f1os provoc\u00f3 la acumulaci\u00f3n de rocas calc\u00e1reas entre rocas arcillosas. Cuando la placa ib\u00e9rica choc\u00f3 con la europea, todos estos materiales comenzaron a deformarse y [&hellip;]\" \/>\n<meta property=\"og:url\" content=\"https:\/\/www.ataunturismoa.eus\/es\/patrimonio\/patrimonio-natural\/domo-de-ataun\/\" \/>\n<meta property=\"og:site_name\" content=\"Ataun Turismoa\" \/>\n<meta property=\"article:modified_time\" content=\"2023-10-29T11:52:55+00:00\" \/>\n<meta property=\"og:image\" content=\"https:\/\/www.ataunturismoa.eus\/wp-content\/uploads\/2023\/08\/domoa.jpeg\" \/>\n\t<meta property=\"og:image:width\" content=\"1200\" \/>\n\t<meta property=\"og:image:height\" content=\"675\" \/>\n\t<meta property=\"og:image:type\" content=\"image\/jpeg\" \/>\n<meta name=\"twitter:card\" content=\"summary_large_image\" \/>\n<meta name=\"twitter:label1\" content=\"Tiempo de lectura\" \/>\n\t<meta name=\"twitter:data1\" content=\"1 minuto\" \/>\n<script type=\"application\/ld+json\" class=\"yoast-schema-graph\">{\"@context\":\"https:\\\/\\\/schema.org\",\"@graph\":[{\"@type\":\"WebPage\",\"@id\":\"https:\\\/\\\/www.ataunturismoa.eus\\\/es\\\/patrimonio\\\/patrimonio-natural\\\/domo-de-ataun\\\/\",\"url\":\"https:\\\/\\\/www.ataunturismoa.eus\\\/es\\\/patrimonio\\\/patrimonio-natural\\\/domo-de-ataun\\\/\",\"name\":\"El Domo de Ataun - Ataun Turismoa\",\"isPartOf\":{\"@id\":\"https:\\\/\\\/www.ataunturismoa.eus\\\/eu\\\/#website\"},\"primaryImageOfPage\":{\"@id\":\"https:\\\/\\\/www.ataunturismoa.eus\\\/es\\\/patrimonio\\\/patrimonio-natural\\\/domo-de-ataun\\\/#primaryimage\"},\"image\":{\"@id\":\"https:\\\/\\\/www.ataunturismoa.eus\\\/es\\\/patrimonio\\\/patrimonio-natural\\\/domo-de-ataun\\\/#primaryimage\"},\"thumbnailUrl\":\"https:\\\/\\\/www.ataunturismoa.eus\\\/wp-content\\\/uploads\\\/2023\\\/08\\\/domoa.jpeg\",\"datePublished\":\"2023-10-14T15:09:53+00:00\",\"dateModified\":\"2023-10-29T11:52:55+00:00\",\"breadcrumb\":{\"@id\":\"https:\\\/\\\/www.ataunturismoa.eus\\\/es\\\/patrimonio\\\/patrimonio-natural\\\/domo-de-ataun\\\/#breadcrumb\"},\"inLanguage\":\"es\",\"potentialAction\":[{\"@type\":\"ReadAction\",\"target\":[\"https:\\\/\\\/www.ataunturismoa.eus\\\/es\\\/patrimonio\\\/patrimonio-natural\\\/domo-de-ataun\\\/\"]}]},{\"@type\":\"ImageObject\",\"inLanguage\":\"es\",\"@id\":\"https:\\\/\\\/www.ataunturismoa.eus\\\/es\\\/patrimonio\\\/patrimonio-natural\\\/domo-de-ataun\\\/#primaryimage\",\"url\":\"https:\\\/\\\/www.ataunturismoa.eus\\\/wp-content\\\/uploads\\\/2023\\\/08\\\/domoa.jpeg\",\"contentUrl\":\"https:\\\/\\\/www.ataunturismoa.eus\\\/wp-content\\\/uploads\\\/2023\\\/08\\\/domoa.jpeg\",\"width\":1200,\"height\":675},{\"@type\":\"BreadcrumbList\",\"@id\":\"https:\\\/\\\/www.ataunturismoa.eus\\\/es\\\/patrimonio\\\/patrimonio-natural\\\/domo-de-ataun\\\/#breadcrumb\",\"itemListElement\":[{\"@type\":\"ListItem\",\"position\":1,\"name\":\"Inicio\",\"item\":\"https:\\\/\\\/www.ataunturismoa.eus\\\/es\\\/\"},{\"@type\":\"ListItem\",\"position\":2,\"name\":\"Patrimonio\",\"item\":\"https:\\\/\\\/www.ataunturismoa.eus\\\/es\\\/patrimonio\\\/\"},{\"@type\":\"ListItem\",\"position\":3,\"name\":\"Patrimonio natural\",\"item\":\"https:\\\/\\\/www.ataunturismoa.eus\\\/es\\\/patrimonio\\\/patrimonio-natural\\\/\"},{\"@type\":\"ListItem\",\"position\":4,\"name\":\"El Domo de Ataun\"}]},{\"@type\":\"WebSite\",\"@id\":\"https:\\\/\\\/www.ataunturismoa.eus\\\/eu\\\/#website\",\"url\":\"https:\\\/\\\/www.ataunturismoa.eus\\\/eu\\\/\",\"name\":\"Ataun Turismoa\",\"description\":\"\",\"potentialAction\":[{\"@type\":\"SearchAction\",\"target\":{\"@type\":\"EntryPoint\",\"urlTemplate\":\"https:\\\/\\\/www.ataunturismoa.eus\\\/eu\\\/?s={search_term_string}\"},\"query-input\":{\"@type\":\"PropertyValueSpecification\",\"valueRequired\":true,\"valueName\":\"search_term_string\"}}],\"inLanguage\":\"es\"}]}<\/script>\n<!-- \/ Yoast SEO plugin. -->","yoast_head_json":{"title":"El Domo de Ataun - Ataun Turismoa","robots":{"index":"index","follow":"follow","max-snippet":"max-snippet:-1","max-image-preview":"max-image-preview:large","max-video-preview":"max-video-preview:-1"},"canonical":"https:\/\/www.ataunturismoa.eus\/es\/patrimonio\/patrimonio-natural\/domo-de-ataun\/","og_locale":"es_ES","og_type":"article","og_title":"El Domo de Ataun - Ataun Turismoa","og_description":"El Domo de Ataun es una de las estructuras m\u00e1s singulares desde el punto de vista geol\u00f3gico. La acumulaci\u00f3n de diferentes materiales en el mar tropical de hace millones de a\u00f1os provoc\u00f3 la acumulaci\u00f3n de rocas calc\u00e1reas entre rocas arcillosas. Cuando la placa ib\u00e9rica choc\u00f3 con la europea, todos estos materiales comenzaron a deformarse y [&hellip;]","og_url":"https:\/\/www.ataunturismoa.eus\/es\/patrimonio\/patrimonio-natural\/domo-de-ataun\/","og_site_name":"Ataun Turismoa","article_modified_time":"2023-10-29T11:52:55+00:00","og_image":[{"width":1200,"height":675,"url":"https:\/\/www.ataunturismoa.eus\/wp-content\/uploads\/2023\/08\/domoa.jpeg","type":"image\/jpeg"}],"twitter_card":"summary_large_image","twitter_misc":{"Tiempo de lectura":"1 minuto"},"schema":{"@context":"https:\/\/schema.org","@graph":[{"@type":"WebPage","@id":"https:\/\/www.ataunturismoa.eus\/es\/patrimonio\/patrimonio-natural\/domo-de-ataun\/","url":"https:\/\/www.ataunturismoa.eus\/es\/patrimonio\/patrimonio-natural\/domo-de-ataun\/","name":"El Domo de Ataun - Ataun Turismoa","isPartOf":{"@id":"https:\/\/www.ataunturismoa.eus\/eu\/#website"},"primaryImageOfPage":{"@id":"https:\/\/www.ataunturismoa.eus\/es\/patrimonio\/patrimonio-natural\/domo-de-ataun\/#primaryimage"},"image":{"@id":"https:\/\/www.ataunturismoa.eus\/es\/patrimonio\/patrimonio-natural\/domo-de-ataun\/#primaryimage"},"thumbnailUrl":"https:\/\/www.ataunturismoa.eus\/wp-content\/uploads\/2023\/08\/domoa.jpeg","datePublished":"2023-10-14T15:09:53+00:00","dateModified":"2023-10-29T11:52:55+00:00","breadcrumb":{"@id":"https:\/\/www.ataunturismoa.eus\/es\/patrimonio\/patrimonio-natural\/domo-de-ataun\/#breadcrumb"},"inLanguage":"es","potentialAction":[{"@type":"ReadAction","target":["https:\/\/www.ataunturismoa.eus\/es\/patrimonio\/patrimonio-natural\/domo-de-ataun\/"]}]},{"@type":"ImageObject","inLanguage":"es","@id":"https:\/\/www.ataunturismoa.eus\/es\/patrimonio\/patrimonio-natural\/domo-de-ataun\/#primaryimage","url":"https:\/\/www.ataunturismoa.eus\/wp-content\/uploads\/2023\/08\/domoa.jpeg","contentUrl":"https:\/\/www.ataunturismoa.eus\/wp-content\/uploads\/2023\/08\/domoa.jpeg","width":1200,"height":675},{"@type":"BreadcrumbList","@id":"https:\/\/www.ataunturismoa.eus\/es\/patrimonio\/patrimonio-natural\/domo-de-ataun\/#breadcrumb","itemListElement":[{"@type":"ListItem","position":1,"name":"Inicio","item":"https:\/\/www.ataunturismoa.eus\/es\/"},{"@type":"ListItem","position":2,"name":"Patrimonio","item":"https:\/\/www.ataunturismoa.eus\/es\/patrimonio\/"},{"@type":"ListItem","position":3,"name":"Patrimonio natural","item":"https:\/\/www.ataunturismoa.eus\/es\/patrimonio\/patrimonio-natural\/"},{"@type":"ListItem","position":4,"name":"El Domo de Ataun"}]},{"@type":"WebSite","@id":"https:\/\/www.ataunturismoa.eus\/eu\/#website","url":"https:\/\/www.ataunturismoa.eus\/eu\/","name":"Ataun Turismoa","description":"","potentialAction":[{"@type":"SearchAction","target":{"@type":"EntryPoint","urlTemplate":"https:\/\/www.ataunturismoa.eus\/eu\/?s={search_term_string}"},"query-input":{"@type":"PropertyValueSpecification","valueRequired":true,"valueName":"search_term_string"}}],"inLanguage":"es"}]}},"_links":{"self":[{"href":"https:\/\/www.ataunturismoa.eus\/es\/wp-json\/wp\/v2\/pages\/4686","targetHints":{"allow":["GET"]}}],"collection":[{"href":"https:\/\/www.ataunturismoa.eus\/es\/wp-json\/wp\/v2\/pages"}],"about":[{"href":"https:\/\/www.ataunturismoa.eus\/es\/wp-json\/wp\/v2\/types\/page"}],"author":[{"embeddable":true,"href":"https:\/\/www.ataunturismoa.eus\/es\/wp-json\/wp\/v2\/users\/5"}],"replies":[{"embeddable":true,"href":"https:\/\/www.ataunturismoa.eus\/es\/wp-json\/wp\/v2\/comments?post=4686"}],"version-history":[{"count":3,"href":"https:\/\/www.ataunturismoa.eus\/es\/wp-json\/wp\/v2\/pages\/4686\/revisions"}],"predecessor-version":[{"id":4783,"href":"https:\/\/www.ataunturismoa.eus\/es\/wp-json\/wp\/v2\/pages\/4686\/revisions\/4783"}],"up":[{"embeddable":true,"href":"https:\/\/www.ataunturismoa.eus\/es\/wp-json\/wp\/v2\/pages\/2055"}],"wp:featuredmedia":[{"embeddable":true,"href":"https:\/\/www.ataunturismoa.eus\/es\/wp-json\/wp\/v2\/media\/3581"}],"wp:attachment":[{"href":"https:\/\/www.ataunturismoa.eus\/es\/wp-json\/wp\/v2\/media?parent=4686"}],"curies":[{"name":"wp","href":"https:\/\/api.w.org\/{rel}","templated":true}]}}