{"id":4684,"date":"2023-10-14T17:09:24","date_gmt":"2023-10-14T15:09:24","guid":{"rendered":"https:\/\/www.ataunturismoa.eus\/patrimonio\/patrimonio-natural\/parque-naturla-de-aralar\/"},"modified":"2023-10-29T12:52:06","modified_gmt":"2023-10-29T11:52:06","slug":"parque-naturla-de-aralar","status":"publish","type":"page","link":"https:\/\/www.ataunturismoa.eus\/es\/patrimonio\/patrimonio-natural\/parque-naturla-de-aralar\/","title":{"rendered":"Parque Natural de Aralar"},"content":{"rendered":"\n<p>Ataun es un amplio municipio con una orograf\u00eda monta\u00f1osa. Dada la importancia de su patrimonio natural, el 75% de la extensi\u00f3n total de 58,4 km2 de Ataun se encuentra dentro del Parque Natural de Aralar, declarada Zona de Especial Conservaci\u00f3n de la Red Natura 2000.<\/p>\n\n<p>La rica orograf\u00eda del municipio de Ataun permite la existencia de h\u00e1bitats variados de diferentes caracter\u00edsticas que se reflejan en la riqueza de la biodiversidad. Por ello, en Ataun se pueden encontrar muchos h\u00e1bitats y especies de especial inter\u00e9s.<\/p>\n\n<p>Lizarrusti Parketxea es una de las principales entradas al Parque Natural de Aralar. El centro de interpretaci\u00f3n del Parque, situado en Lizarrusti, funciona como albergue y bar.&#13;\n<\/p>\n","protected":false},"excerpt":{"rendered":"<p>Ataun es un amplio municipio con una orograf\u00eda monta\u00f1osa. Dada la importancia de su patrimonio natural, el 75% de la extensi\u00f3n total de 58,4 km2 de Ataun se encuentra dentro del Parque Natural de Aralar, declarada Zona de Especial Conservaci\u00f3n de la Red Natura 2000. La rica orograf\u00eda del municipio de Ataun permite la existencia [&hellip;]<\/p>\n","protected":false},"author":5,"featured_media":3576,"parent":2055,"menu_order":0,"comment_status":"closed","ping_status":"closed","template":"page-templates\/page-rigth.php","meta":{"footnotes":""},"class_list":["post-4684","page","type-page","status-publish","has-post-thumbnail","hentry"],"acf":[],"yoast_head":"<!-- This site is optimized with the Yoast SEO plugin v27.3 - https:\/\/yoast.com\/product\/yoast-seo-wordpress\/ -->\n<title>Parque Natural de Aralar - Ataun Turismoa<\/title>\n<meta name=\"robots\" content=\"index, follow, max-snippet:-1, max-image-preview:large, max-video-preview:-1\" \/>\n<link rel=\"canonical\" href=\"https:\/\/www.ataunturismoa.eus\/es\/patrimonio\/patrimonio-natural\/parque-naturla-de-aralar\/\" \/>\n<meta property=\"og:locale\" content=\"es_ES\" \/>\n<meta property=\"og:type\" content=\"article\" \/>\n<meta property=\"og:title\" content=\"Parque Natural de Aralar - Ataun Turismoa\" \/>\n<meta property=\"og:description\" content=\"Ataun es un amplio municipio con una orograf\u00eda monta\u00f1osa. Dada la importancia de su patrimonio natural, el 75% de la extensi\u00f3n total de 58,4 km2 de Ataun se encuentra dentro del Parque Natural de Aralar, declarada Zona de Especial Conservaci\u00f3n de la Red Natura 2000. La rica orograf\u00eda del municipio de Ataun permite la existencia [&hellip;]\" \/>\n<meta property=\"og:url\" content=\"https:\/\/www.ataunturismoa.eus\/es\/patrimonio\/patrimonio-natural\/parque-naturla-de-aralar\/\" \/>\n<meta property=\"og:site_name\" content=\"Ataun Turismoa\" \/>\n<meta property=\"article:modified_time\" content=\"2023-10-29T11:52:06+00:00\" \/>\n<meta property=\"og:image\" content=\"https:\/\/www.ataunturismoa.eus\/wp-content\/uploads\/2023\/08\/aralar.jpeg\" \/>\n\t<meta property=\"og:image:width\" content=\"1200\" \/>\n\t<meta property=\"og:image:height\" content=\"675\" \/>\n\t<meta property=\"og:image:type\" content=\"image\/jpeg\" \/>\n<meta name=\"twitter:card\" content=\"summary_large_image\" \/>\n<meta name=\"twitter:label1\" content=\"Tiempo de lectura\" \/>\n\t<meta name=\"twitter:data1\" content=\"1 minuto\" \/>\n<script type=\"application\/ld+json\" class=\"yoast-schema-graph\">{\"@context\":\"https:\\\/\\\/schema.org\",\"@graph\":[{\"@type\":\"WebPage\",\"@id\":\"https:\\\/\\\/www.ataunturismoa.eus\\\/es\\\/patrimonio\\\/patrimonio-natural\\\/parque-naturla-de-aralar\\\/\",\"url\":\"https:\\\/\\\/www.ataunturismoa.eus\\\/es\\\/patrimonio\\\/patrimonio-natural\\\/parque-naturla-de-aralar\\\/\",\"name\":\"Parque Natural de Aralar - Ataun Turismoa\",\"isPartOf\":{\"@id\":\"https:\\\/\\\/www.ataunturismoa.eus\\\/eu\\\/#website\"},\"primaryImageOfPage\":{\"@id\":\"https:\\\/\\\/www.ataunturismoa.eus\\\/es\\\/patrimonio\\\/patrimonio-natural\\\/parque-naturla-de-aralar\\\/#primaryimage\"},\"image\":{\"@id\":\"https:\\\/\\\/www.ataunturismoa.eus\\\/es\\\/patrimonio\\\/patrimonio-natural\\\/parque-naturla-de-aralar\\\/#primaryimage\"},\"thumbnailUrl\":\"https:\\\/\\\/www.ataunturismoa.eus\\\/wp-content\\\/uploads\\\/2023\\\/08\\\/aralar.jpeg\",\"datePublished\":\"2023-10-14T15:09:24+00:00\",\"dateModified\":\"2023-10-29T11:52:06+00:00\",\"breadcrumb\":{\"@id\":\"https:\\\/\\\/www.ataunturismoa.eus\\\/es\\\/patrimonio\\\/patrimonio-natural\\\/parque-naturla-de-aralar\\\/#breadcrumb\"},\"inLanguage\":\"es\",\"potentialAction\":[{\"@type\":\"ReadAction\",\"target\":[\"https:\\\/\\\/www.ataunturismoa.eus\\\/es\\\/patrimonio\\\/patrimonio-natural\\\/parque-naturla-de-aralar\\\/\"]}]},{\"@type\":\"ImageObject\",\"inLanguage\":\"es\",\"@id\":\"https:\\\/\\\/www.ataunturismoa.eus\\\/es\\\/patrimonio\\\/patrimonio-natural\\\/parque-naturla-de-aralar\\\/#primaryimage\",\"url\":\"https:\\\/\\\/www.ataunturismoa.eus\\\/wp-content\\\/uploads\\\/2023\\\/08\\\/aralar.jpeg\",\"contentUrl\":\"https:\\\/\\\/www.ataunturismoa.eus\\\/wp-content\\\/uploads\\\/2023\\\/08\\\/aralar.jpeg\",\"width\":1200,\"height\":675},{\"@type\":\"BreadcrumbList\",\"@id\":\"https:\\\/\\\/www.ataunturismoa.eus\\\/es\\\/patrimonio\\\/patrimonio-natural\\\/parque-naturla-de-aralar\\\/#breadcrumb\",\"itemListElement\":[{\"@type\":\"ListItem\",\"position\":1,\"name\":\"Inicio\",\"item\":\"https:\\\/\\\/www.ataunturismoa.eus\\\/es\\\/\"},{\"@type\":\"ListItem\",\"position\":2,\"name\":\"Patrimonio\",\"item\":\"https:\\\/\\\/www.ataunturismoa.eus\\\/es\\\/patrimonio\\\/\"},{\"@type\":\"ListItem\",\"position\":3,\"name\":\"Patrimonio natural\",\"item\":\"https:\\\/\\\/www.ataunturismoa.eus\\\/es\\\/patrimonio\\\/patrimonio-natural\\\/\"},{\"@type\":\"ListItem\",\"position\":4,\"name\":\"Parque Natural de Aralar\"}]},{\"@type\":\"WebSite\",\"@id\":\"https:\\\/\\\/www.ataunturismoa.eus\\\/eu\\\/#website\",\"url\":\"https:\\\/\\\/www.ataunturismoa.eus\\\/eu\\\/\",\"name\":\"Ataun Turismoa\",\"description\":\"\",\"potentialAction\":[{\"@type\":\"SearchAction\",\"target\":{\"@type\":\"EntryPoint\",\"urlTemplate\":\"https:\\\/\\\/www.ataunturismoa.eus\\\/eu\\\/?s={search_term_string}\"},\"query-input\":{\"@type\":\"PropertyValueSpecification\",\"valueRequired\":true,\"valueName\":\"search_term_string\"}}],\"inLanguage\":\"es\"}]}<\/script>\n<!-- \/ Yoast SEO plugin. -->","yoast_head_json":{"title":"Parque Natural de Aralar - Ataun Turismoa","robots":{"index":"index","follow":"follow","max-snippet":"max-snippet:-1","max-image-preview":"max-image-preview:large","max-video-preview":"max-video-preview:-1"},"canonical":"https:\/\/www.ataunturismoa.eus\/es\/patrimonio\/patrimonio-natural\/parque-naturla-de-aralar\/","og_locale":"es_ES","og_type":"article","og_title":"Parque Natural de Aralar - Ataun Turismoa","og_description":"Ataun es un amplio municipio con una orograf\u00eda monta\u00f1osa. Dada la importancia de su patrimonio natural, el 75% de la extensi\u00f3n total de 58,4 km2 de Ataun se encuentra dentro del Parque Natural de Aralar, declarada Zona de Especial Conservaci\u00f3n de la Red Natura 2000. La rica orograf\u00eda del municipio de Ataun permite la existencia [&hellip;]","og_url":"https:\/\/www.ataunturismoa.eus\/es\/patrimonio\/patrimonio-natural\/parque-naturla-de-aralar\/","og_site_name":"Ataun Turismoa","article_modified_time":"2023-10-29T11:52:06+00:00","og_image":[{"width":1200,"height":675,"url":"https:\/\/www.ataunturismoa.eus\/wp-content\/uploads\/2023\/08\/aralar.jpeg","type":"image\/jpeg"}],"twitter_card":"summary_large_image","twitter_misc":{"Tiempo de lectura":"1 minuto"},"schema":{"@context":"https:\/\/schema.org","@graph":[{"@type":"WebPage","@id":"https:\/\/www.ataunturismoa.eus\/es\/patrimonio\/patrimonio-natural\/parque-naturla-de-aralar\/","url":"https:\/\/www.ataunturismoa.eus\/es\/patrimonio\/patrimonio-natural\/parque-naturla-de-aralar\/","name":"Parque Natural de Aralar - Ataun Turismoa","isPartOf":{"@id":"https:\/\/www.ataunturismoa.eus\/eu\/#website"},"primaryImageOfPage":{"@id":"https:\/\/www.ataunturismoa.eus\/es\/patrimonio\/patrimonio-natural\/parque-naturla-de-aralar\/#primaryimage"},"image":{"@id":"https:\/\/www.ataunturismoa.eus\/es\/patrimonio\/patrimonio-natural\/parque-naturla-de-aralar\/#primaryimage"},"thumbnailUrl":"https:\/\/www.ataunturismoa.eus\/wp-content\/uploads\/2023\/08\/aralar.jpeg","datePublished":"2023-10-14T15:09:24+00:00","dateModified":"2023-10-29T11:52:06+00:00","breadcrumb":{"@id":"https:\/\/www.ataunturismoa.eus\/es\/patrimonio\/patrimonio-natural\/parque-naturla-de-aralar\/#breadcrumb"},"inLanguage":"es","potentialAction":[{"@type":"ReadAction","target":["https:\/\/www.ataunturismoa.eus\/es\/patrimonio\/patrimonio-natural\/parque-naturla-de-aralar\/"]}]},{"@type":"ImageObject","inLanguage":"es","@id":"https:\/\/www.ataunturismoa.eus\/es\/patrimonio\/patrimonio-natural\/parque-naturla-de-aralar\/#primaryimage","url":"https:\/\/www.ataunturismoa.eus\/wp-content\/uploads\/2023\/08\/aralar.jpeg","contentUrl":"https:\/\/www.ataunturismoa.eus\/wp-content\/uploads\/2023\/08\/aralar.jpeg","width":1200,"height":675},{"@type":"BreadcrumbList","@id":"https:\/\/www.ataunturismoa.eus\/es\/patrimonio\/patrimonio-natural\/parque-naturla-de-aralar\/#breadcrumb","itemListElement":[{"@type":"ListItem","position":1,"name":"Inicio","item":"https:\/\/www.ataunturismoa.eus\/es\/"},{"@type":"ListItem","position":2,"name":"Patrimonio","item":"https:\/\/www.ataunturismoa.eus\/es\/patrimonio\/"},{"@type":"ListItem","position":3,"name":"Patrimonio natural","item":"https:\/\/www.ataunturismoa.eus\/es\/patrimonio\/patrimonio-natural\/"},{"@type":"ListItem","position":4,"name":"Parque Natural de Aralar"}]},{"@type":"WebSite","@id":"https:\/\/www.ataunturismoa.eus\/eu\/#website","url":"https:\/\/www.ataunturismoa.eus\/eu\/","name":"Ataun Turismoa","description":"","potentialAction":[{"@type":"SearchAction","target":{"@type":"EntryPoint","urlTemplate":"https:\/\/www.ataunturismoa.eus\/eu\/?s={search_term_string}"},"query-input":{"@type":"PropertyValueSpecification","valueRequired":true,"valueName":"search_term_string"}}],"inLanguage":"es"}]}},"_links":{"self":[{"href":"https:\/\/www.ataunturismoa.eus\/es\/wp-json\/wp\/v2\/pages\/4684","targetHints":{"allow":["GET"]}}],"collection":[{"href":"https:\/\/www.ataunturismoa.eus\/es\/wp-json\/wp\/v2\/pages"}],"about":[{"href":"https:\/\/www.ataunturismoa.eus\/es\/wp-json\/wp\/v2\/types\/page"}],"author":[{"embeddable":true,"href":"https:\/\/www.ataunturismoa.eus\/es\/wp-json\/wp\/v2\/users\/5"}],"replies":[{"embeddable":true,"href":"https:\/\/www.ataunturismoa.eus\/es\/wp-json\/wp\/v2\/comments?post=4684"}],"version-history":[{"count":3,"href":"https:\/\/www.ataunturismoa.eus\/es\/wp-json\/wp\/v2\/pages\/4684\/revisions"}],"predecessor-version":[{"id":4781,"href":"https:\/\/www.ataunturismoa.eus\/es\/wp-json\/wp\/v2\/pages\/4684\/revisions\/4781"}],"up":[{"embeddable":true,"href":"https:\/\/www.ataunturismoa.eus\/es\/wp-json\/wp\/v2\/pages\/2055"}],"wp:featuredmedia":[{"embeddable":true,"href":"https:\/\/www.ataunturismoa.eus\/es\/wp-json\/wp\/v2\/media\/3576"}],"wp:attachment":[{"href":"https:\/\/www.ataunturismoa.eus\/es\/wp-json\/wp\/v2\/media?parent=4684"}],"curies":[{"name":"wp","href":"https:\/\/api.w.org\/{rel}","templated":true}]}}