{"id":4653,"date":"2023-10-14T15:44:20","date_gmt":"2023-10-14T13:44:20","guid":{"rendered":"https:\/\/www.ataunturismoa.eus\/espeleologia\/"},"modified":"2023-11-17T18:36:05","modified_gmt":"2023-11-17T17:36:05","slug":"espeleologia","status":"publish","type":"page","link":"https:\/\/www.ataunturismoa.eus\/es\/espeleologia\/","title":{"rendered":"Espeleolog\u00eda"},"content":{"rendered":"\n<p>El municipio ofrece grandes posibilidades para los amantes de la espeleolog\u00eda, ya que en Ataun existen numerosas simas y cuevas catalogadas. Pueden ser dos tipos de sistemas k\u00e1rsticos: activos o inactivos. Los activos son los que forman parte de los sistemas fluviales. Es el caso de Marumendi, Malkorburu y la mayor parte de las cuevas y simas de los alrededores de Alleku, incluyendo en este grupo la cueva de Ubegi y la de Malkorburu. Los inactivos, por el contrario, han sido originados por el proceso de karstificaci\u00f3n y son sistemas que actualmente suelen estar repletos de estalactitas y estalagmitas. De este \u00faltimo tipo son la mayor\u00eda de las cavidades del Domo de Ataun.<\/p>\n\n\n\n<p>Ataun est\u00e1 repleto de cuevas y simas, entre las que abundan los restos humanos de hace 5.000 a\u00f1os: Usategi, Limurita (desaparecida al explotar la cantera), Pikandita, Kobazar, Armontaitz, etc.<\/p>\n\n\n\n<figure class=\"wp-block-image size-large\"><img loading=\"lazy\" decoding=\"async\" width=\"1024\" height=\"768\" src=\"https:\/\/www.ataunturismoa.eus\/wp-content\/uploads\/2023\/08\/espe1-1024x768.jpg\" alt=\"\" class=\"wp-image-3779\" srcset=\"https:\/\/www.ataunturismoa.eus\/wp-content\/uploads\/2023\/08\/espe1-1024x768.jpg 1024w, https:\/\/www.ataunturismoa.eus\/wp-content\/uploads\/2023\/08\/espe1-300x225.jpg 300w, https:\/\/www.ataunturismoa.eus\/wp-content\/uploads\/2023\/08\/espe1-768x576.jpg 768w, https:\/\/www.ataunturismoa.eus\/wp-content\/uploads\/2023\/08\/espe1-500x375.jpg 500w, https:\/\/www.ataunturismoa.eus\/wp-content\/uploads\/2023\/08\/espe1-800x600.jpg 800w, https:\/\/www.ataunturismoa.eus\/wp-content\/uploads\/2023\/08\/espe1.jpg 1200w\" sizes=\"auto, (max-width: 1024px) 100vw, 1024px\" \/><\/figure>\n\n\n\n<p>La cueva de Troskaeta es una de las cuevas m\u00e1s conocidas de Ataun. Tiene una longitud de un kil\u00f3metro y al final un hermoso pozo de agua. Esta cueva parece haber sido el refugio de osos de la especie Ursus spelaeus de hace 20.000 a\u00f1os. Se han encontrado miles de huesos de esta especie extinta.<\/p>\n\n\n\n<figure class=\"wp-block-image size-large\"><img loading=\"lazy\" decoding=\"async\" width=\"1024\" height=\"768\" src=\"https:\/\/www.ataunturismoa.eus\/wp-content\/uploads\/2023\/08\/espe2-1024x768.jpeg\" alt=\"\" class=\"wp-image-3784\" srcset=\"https:\/\/www.ataunturismoa.eus\/wp-content\/uploads\/2023\/08\/espe2-1024x768.jpeg 1024w, https:\/\/www.ataunturismoa.eus\/wp-content\/uploads\/2023\/08\/espe2-300x225.jpeg 300w, https:\/\/www.ataunturismoa.eus\/wp-content\/uploads\/2023\/08\/espe2-768x576.jpeg 768w, https:\/\/www.ataunturismoa.eus\/wp-content\/uploads\/2023\/08\/espe2-500x375.jpeg 500w, https:\/\/www.ataunturismoa.eus\/wp-content\/uploads\/2023\/08\/espe2-800x600.jpeg 800w, https:\/\/www.ataunturismoa.eus\/wp-content\/uploads\/2023\/08\/espe2.jpeg 1200w\" sizes=\"auto, (max-width: 1024px) 100vw, 1024px\" \/><\/figure>\n\n\n\n<p>Teniendo en cuenta que la pr\u00e1ctica de la espeleolog\u00eda es una actividad de equipo, se recomienda que se realice en grupo, con todas las medidas de seguridad y con el material adecuado.<\/p>\n\n\n\n<figure class=\"wp-block-image size-large\"><img loading=\"lazy\" decoding=\"async\" width=\"1024\" height=\"768\" src=\"https:\/\/www.ataunturismoa.eus\/wp-content\/uploads\/2023\/08\/espe3-1024x768.jpg\" alt=\"\" class=\"wp-image-3789\" srcset=\"https:\/\/www.ataunturismoa.eus\/wp-content\/uploads\/2023\/08\/espe3-1024x768.jpg 1024w, https:\/\/www.ataunturismoa.eus\/wp-content\/uploads\/2023\/08\/espe3-300x225.jpg 300w, https:\/\/www.ataunturismoa.eus\/wp-content\/uploads\/2023\/08\/espe3-768x576.jpg 768w, https:\/\/www.ataunturismoa.eus\/wp-content\/uploads\/2023\/08\/espe3-500x375.jpg 500w, https:\/\/www.ataunturismoa.eus\/wp-content\/uploads\/2023\/08\/espe3-800x600.jpg 800w, https:\/\/www.ataunturismoa.eus\/wp-content\/uploads\/2023\/08\/espe3.jpg 1200w\" sizes=\"auto, (max-width: 1024px) 100vw, 1024px\" \/><\/figure>\n\n\n\n<p><strong>NOTA: Las cavidades son h\u00e1bitats naturales de fauna protegida. Se pide siempre respeto y silencio y se recomienda evitar las visitas de las cuevas entre noviembre y julio.<\/strong><\/p>\n","protected":false},"excerpt":{"rendered":"<p>El municipio ofrece grandes posibilidades para los amantes de la espeleolog\u00eda, ya que en Ataun existen numerosas simas y cuevas catalogadas. Pueden ser dos tipos de sistemas k\u00e1rsticos: activos o inactivos. Los activos son los que forman parte de los sistemas fluviales. Es el caso de Marumendi, Malkorburu y la mayor parte de las cuevas [&hellip;]<\/p>\n","protected":false},"author":5,"featured_media":0,"parent":0,"menu_order":0,"comment_status":"closed","ping_status":"closed","template":"page-templates\/page-rigth-aisialdia.php","meta":{"footnotes":""},"class_list":["post-4653","page","type-page","status-publish","hentry"],"acf":[],"yoast_head":"<!-- This site is optimized with the Yoast SEO plugin v27.3 - https:\/\/yoast.com\/product\/yoast-seo-wordpress\/ -->\n<title>Espeleolog\u00eda - Ataun Turismoa<\/title>\n<meta name=\"description\" content=\"El municipio ofrece grandes posibilidades para los amantes de la espeleolog\u00eda, ya que en Ataun existen numerosas simas y cuevas catalogadas\" \/>\n<meta name=\"robots\" content=\"index, follow, max-snippet:-1, max-image-preview:large, max-video-preview:-1\" \/>\n<link rel=\"canonical\" href=\"https:\/\/www.ataunturismoa.eus\/es\/espeleologia\/\" \/>\n<meta property=\"og:locale\" content=\"es_ES\" \/>\n<meta property=\"og:type\" content=\"article\" \/>\n<meta property=\"og:title\" content=\"Espeleolog\u00eda - Ataun Turismoa\" \/>\n<meta property=\"og:description\" content=\"El municipio ofrece grandes posibilidades para los amantes de la espeleolog\u00eda, ya que en Ataun existen numerosas simas y cuevas catalogadas\" \/>\n<meta property=\"og:url\" content=\"https:\/\/www.ataunturismoa.eus\/es\/espeleologia\/\" \/>\n<meta property=\"og:site_name\" content=\"Ataun Turismoa\" \/>\n<meta property=\"article:modified_time\" content=\"2023-11-17T17:36:05+00:00\" \/>\n<meta property=\"og:image\" content=\"https:\/\/www.ataunturismoa.eus\/wp-content\/uploads\/2023\/08\/espe1-1024x768.jpg\" \/>\n<meta name=\"twitter:card\" content=\"summary_large_image\" \/>\n<meta name=\"twitter:label1\" content=\"Tiempo de lectura\" \/>\n\t<meta name=\"twitter:data1\" content=\"3 minutos\" \/>\n<script type=\"application\/ld+json\" class=\"yoast-schema-graph\">{\"@context\":\"https:\\\/\\\/schema.org\",\"@graph\":[{\"@type\":\"WebPage\",\"@id\":\"https:\\\/\\\/www.ataunturismoa.eus\\\/es\\\/espeleologia\\\/\",\"url\":\"https:\\\/\\\/www.ataunturismoa.eus\\\/es\\\/espeleologia\\\/\",\"name\":\"Espeleolog\u00eda - Ataun Turismoa\",\"isPartOf\":{\"@id\":\"https:\\\/\\\/www.ataunturismoa.eus\\\/eu\\\/#website\"},\"primaryImageOfPage\":{\"@id\":\"https:\\\/\\\/www.ataunturismoa.eus\\\/es\\\/espeleologia\\\/#primaryimage\"},\"image\":{\"@id\":\"https:\\\/\\\/www.ataunturismoa.eus\\\/es\\\/espeleologia\\\/#primaryimage\"},\"thumbnailUrl\":\"https:\\\/\\\/www.ataunturismoa.eus\\\/wp-content\\\/uploads\\\/2023\\\/08\\\/espe1-1024x768.jpg\",\"datePublished\":\"2023-10-14T13:44:20+00:00\",\"dateModified\":\"2023-11-17T17:36:05+00:00\",\"description\":\"El municipio ofrece grandes posibilidades para los amantes de la espeleolog\u00eda, ya que en Ataun existen numerosas simas y cuevas catalogadas\",\"breadcrumb\":{\"@id\":\"https:\\\/\\\/www.ataunturismoa.eus\\\/es\\\/espeleologia\\\/#breadcrumb\"},\"inLanguage\":\"es\",\"potentialAction\":[{\"@type\":\"ReadAction\",\"target\":[\"https:\\\/\\\/www.ataunturismoa.eus\\\/es\\\/espeleologia\\\/\"]}]},{\"@type\":\"ImageObject\",\"inLanguage\":\"es\",\"@id\":\"https:\\\/\\\/www.ataunturismoa.eus\\\/es\\\/espeleologia\\\/#primaryimage\",\"url\":\"https:\\\/\\\/www.ataunturismoa.eus\\\/wp-content\\\/uploads\\\/2023\\\/08\\\/espe1-1024x768.jpg\",\"contentUrl\":\"https:\\\/\\\/www.ataunturismoa.eus\\\/wp-content\\\/uploads\\\/2023\\\/08\\\/espe1-1024x768.jpg\"},{\"@type\":\"BreadcrumbList\",\"@id\":\"https:\\\/\\\/www.ataunturismoa.eus\\\/es\\\/espeleologia\\\/#breadcrumb\",\"itemListElement\":[{\"@type\":\"ListItem\",\"position\":1,\"name\":\"Inicio\",\"item\":\"https:\\\/\\\/www.ataunturismoa.eus\\\/es\\\/\"},{\"@type\":\"ListItem\",\"position\":2,\"name\":\"Espeleolog\u00eda\"}]},{\"@type\":\"WebSite\",\"@id\":\"https:\\\/\\\/www.ataunturismoa.eus\\\/eu\\\/#website\",\"url\":\"https:\\\/\\\/www.ataunturismoa.eus\\\/eu\\\/\",\"name\":\"Ataun Turismoa\",\"description\":\"\",\"potentialAction\":[{\"@type\":\"SearchAction\",\"target\":{\"@type\":\"EntryPoint\",\"urlTemplate\":\"https:\\\/\\\/www.ataunturismoa.eus\\\/eu\\\/?s={search_term_string}\"},\"query-input\":{\"@type\":\"PropertyValueSpecification\",\"valueRequired\":true,\"valueName\":\"search_term_string\"}}],\"inLanguage\":\"es\"}]}<\/script>\n<!-- \/ Yoast SEO plugin. -->","yoast_head_json":{"title":"Espeleolog\u00eda - Ataun Turismoa","description":"El municipio ofrece grandes posibilidades para los amantes de la espeleolog\u00eda, ya que en Ataun existen numerosas simas y cuevas catalogadas","robots":{"index":"index","follow":"follow","max-snippet":"max-snippet:-1","max-image-preview":"max-image-preview:large","max-video-preview":"max-video-preview:-1"},"canonical":"https:\/\/www.ataunturismoa.eus\/es\/espeleologia\/","og_locale":"es_ES","og_type":"article","og_title":"Espeleolog\u00eda - Ataun Turismoa","og_description":"El municipio ofrece grandes posibilidades para los amantes de la espeleolog\u00eda, ya que en Ataun existen numerosas simas y cuevas catalogadas","og_url":"https:\/\/www.ataunturismoa.eus\/es\/espeleologia\/","og_site_name":"Ataun Turismoa","article_modified_time":"2023-11-17T17:36:05+00:00","og_image":[{"url":"https:\/\/www.ataunturismoa.eus\/wp-content\/uploads\/2023\/08\/espe1-1024x768.jpg","type":"","width":"","height":""}],"twitter_card":"summary_large_image","twitter_misc":{"Tiempo de lectura":"3 minutos"},"schema":{"@context":"https:\/\/schema.org","@graph":[{"@type":"WebPage","@id":"https:\/\/www.ataunturismoa.eus\/es\/espeleologia\/","url":"https:\/\/www.ataunturismoa.eus\/es\/espeleologia\/","name":"Espeleolog\u00eda - Ataun Turismoa","isPartOf":{"@id":"https:\/\/www.ataunturismoa.eus\/eu\/#website"},"primaryImageOfPage":{"@id":"https:\/\/www.ataunturismoa.eus\/es\/espeleologia\/#primaryimage"},"image":{"@id":"https:\/\/www.ataunturismoa.eus\/es\/espeleologia\/#primaryimage"},"thumbnailUrl":"https:\/\/www.ataunturismoa.eus\/wp-content\/uploads\/2023\/08\/espe1-1024x768.jpg","datePublished":"2023-10-14T13:44:20+00:00","dateModified":"2023-11-17T17:36:05+00:00","description":"El municipio ofrece grandes posibilidades para los amantes de la espeleolog\u00eda, ya que en Ataun existen numerosas simas y cuevas catalogadas","breadcrumb":{"@id":"https:\/\/www.ataunturismoa.eus\/es\/espeleologia\/#breadcrumb"},"inLanguage":"es","potentialAction":[{"@type":"ReadAction","target":["https:\/\/www.ataunturismoa.eus\/es\/espeleologia\/"]}]},{"@type":"ImageObject","inLanguage":"es","@id":"https:\/\/www.ataunturismoa.eus\/es\/espeleologia\/#primaryimage","url":"https:\/\/www.ataunturismoa.eus\/wp-content\/uploads\/2023\/08\/espe1-1024x768.jpg","contentUrl":"https:\/\/www.ataunturismoa.eus\/wp-content\/uploads\/2023\/08\/espe1-1024x768.jpg"},{"@type":"BreadcrumbList","@id":"https:\/\/www.ataunturismoa.eus\/es\/espeleologia\/#breadcrumb","itemListElement":[{"@type":"ListItem","position":1,"name":"Inicio","item":"https:\/\/www.ataunturismoa.eus\/es\/"},{"@type":"ListItem","position":2,"name":"Espeleolog\u00eda"}]},{"@type":"WebSite","@id":"https:\/\/www.ataunturismoa.eus\/eu\/#website","url":"https:\/\/www.ataunturismoa.eus\/eu\/","name":"Ataun Turismoa","description":"","potentialAction":[{"@type":"SearchAction","target":{"@type":"EntryPoint","urlTemplate":"https:\/\/www.ataunturismoa.eus\/eu\/?s={search_term_string}"},"query-input":{"@type":"PropertyValueSpecification","valueRequired":true,"valueName":"search_term_string"}}],"inLanguage":"es"}]}},"_links":{"self":[{"href":"https:\/\/www.ataunturismoa.eus\/es\/wp-json\/wp\/v2\/pages\/4653","targetHints":{"allow":["GET"]}}],"collection":[{"href":"https:\/\/www.ataunturismoa.eus\/es\/wp-json\/wp\/v2\/pages"}],"about":[{"href":"https:\/\/www.ataunturismoa.eus\/es\/wp-json\/wp\/v2\/types\/page"}],"author":[{"embeddable":true,"href":"https:\/\/www.ataunturismoa.eus\/es\/wp-json\/wp\/v2\/users\/5"}],"replies":[{"embeddable":true,"href":"https:\/\/www.ataunturismoa.eus\/es\/wp-json\/wp\/v2\/comments?post=4653"}],"version-history":[{"count":2,"href":"https:\/\/www.ataunturismoa.eus\/es\/wp-json\/wp\/v2\/pages\/4653\/revisions"}],"predecessor-version":[{"id":4750,"href":"https:\/\/www.ataunturismoa.eus\/es\/wp-json\/wp\/v2\/pages\/4653\/revisions\/4750"}],"wp:attachment":[{"href":"https:\/\/www.ataunturismoa.eus\/es\/wp-json\/wp\/v2\/media?parent=4653"}],"curies":[{"name":"wp","href":"https:\/\/api.w.org\/{rel}","templated":true}]}}