{"id":4630,"date":"2023-10-14T10:33:23","date_gmt":"2023-10-14T08:33:23","guid":{"rendered":"https:\/\/www.ataunturismoa.eus\/?page_id=4630"},"modified":"2023-11-24T15:32:27","modified_gmt":"2023-11-24T14:32:27","slug":"inicio","status":"publish","type":"page","link":"https:\/\/www.ataunturismoa.eus\/es\/","title":{"rendered":"Inicio"},"content":{"rendered":"\n<div class=\"wp-block-group container homemorea\"><div class=\"wp-block-group__inner-container is-layout-constrained wp-block-group-is-layout-constrained\">\n<div class=\"wp-block-columns ezgap is-layout-flex wp-container-core-columns-is-layout-9d6595d7 wp-block-columns-is-layout-flex\">\n<div class=\"wp-block-column borderright is-layout-flow wp-block-column-is-layout-flow\">\n<p class=\"has-text-align-center\"><a class=\"btn btn-home\" href=\"https:\/\/www.ataunturismoa.eus\/es\/recorridos\/\">Ocio naturaleza<\/a><\/p>\n<\/div>\n\n\n\n<div class=\"wp-block-column borderright is-layout-flow wp-block-column-is-layout-flow\">\n<p class=\"has-text-align-center\"><a class=\"btn btn-home\" href=\"hhttps:\/\/www.ataunturismoa.eus\/es\/eventos-principales\/\">Qu\u00e9 ver<\/a><\/p>\n<\/div>\n\n\n\n<div class=\"wp-block-column borderright is-layout-flow wp-block-column-is-layout-flow\">\n<p class=\"has-text-align-center\"><a class=\"btn btn-home\" href=\"https:\/\/www.ataunturismoa.eus\/es\/servicios\/comer\/\">Gastronom\u00eda<\/a><\/p>\n<\/div>\n\n\n\n<div class=\"wp-block-column is-layout-flow wp-block-column-is-layout-flow\">\n<p class=\"has-text-align-center\"> <a class=\"btn btn-home\" href=\"https:\/\/www.ataunturismoa.eus\/es\/servicios\/dormir\/\"><i class=\"fas fa-bed\"><\/i> Dormir<\/a><\/p>\n<\/div>\n<\/div>\n<\/div><\/div>\n\n\n\n<div class=\"wp-block-group zabalaLaranja\"><div class=\"wp-block-group__inner-container is-layout-constrained wp-block-group-is-layout-constrained\">\n<h2 class=\"wp-block-heading\">SOMOS PASADO, SOMOS PRESENTE.<\/h2>\n\n\n\n<h3 class=\"wp-block-heading\">SOMOS PATRIMONIO. CUID\u00c9MOSLO, CUID\u00c9MONOS.<\/h3>\n<\/div><\/div>\n\n\n\n<div class=\"wp-block-group backLaranja\"><div class=\"wp-block-group__inner-container is-layout-constrained wp-block-group-is-layout-constrained\">\n<div class=\"wp-block-group container\"><div class=\"wp-block-group__inner-container is-layout-constrained wp-block-group-is-layout-constrained\">\n<div class=\"wp-block-columns is-layout-flex wp-container-core-columns-is-layout-9d6595d7 wp-block-columns-is-layout-flex\">\n<div class=\"wp-block-column is-layout-flow wp-block-column-is-layout-flow\">\n<figure class=\"wp-block-image size-full  zabaleraOsoa\"><a href=\"https:\/\/www.ataunturismoa.eus\/eu\/ondarea\/ataungo-organoa\/ataungo-organoa-barrokoa-sarrera\/\"><img loading=\"lazy\" decoding=\"async\" width=\"315\" height=\"186\" src=\"https:\/\/www.ataunturismoa.eus\/wp-content\/uploads\/2023\/03\/g302.png\" alt=\"\" class=\"wp-image-2699\" srcset=\"https:\/\/www.ataunturismoa.eus\/wp-content\/uploads\/2023\/03\/g302.png 315w, https:\/\/www.ataunturismoa.eus\/wp-content\/uploads\/2023\/03\/g302-300x177.png 300w\" sizes=\"auto, (max-width: 315px) 100vw, 315px\" \/><\/a><\/figure>\n<\/div>\n\n\n\n<div class=\"wp-block-column is-layout-flow wp-block-column-is-layout-flow\">\n<h2 class=\"wp-block-heading\">\u00d3RGANO BARROCO<\/h2>\n\n\n\n<h3 class=\"wp-block-heading\">DE ATAUN<\/h3>\n\n\n\n<p>Nada m\u00e1s entrar en la iglesia de San Mart\u00edn, la belleza del \u00f3rgano es inevitable.<\/p>\n\n\n\n<p>El instrumento, situado en el coro de la iglesia, es de estilo barroco y dentro de este estilo, de tipo ib\u00e9rico. En toda Gipuzkoa existen siete \u00f3rganos de este tipo, de los cuales el de Ataun es uno de los m\u00e1s importantes, un magn\u00edfico ejemplo del momento sonoro m\u00e1s elevado de la \u00e9poca.<\/p>\n\n\n\n<p>Desde 1761, cada domingo (con pausas cortas) ha llenado con su sonido la iglesia de San Mart\u00edn. \u00a1Y ya son m\u00e1s de 260 a\u00f1os!<\/p>\n<\/div>\n<\/div>\n\n\n\n<div class=\"wp-block-buttons is-content-justification-center is-layout-flex wp-container-core-buttons-is-layout-16018d1d wp-block-buttons-is-layout-flex\">\n<div class=\"wp-block-button btnLaranja\"><a class=\"wp-block-button__link wp-element-button\" href=\"https:\/\/www.ataunturismoa.eus\/es\/patrimonio\/organo-barroco-de-ataun\/organo-barroco-de-ataun-introduccion\/\">+ ver<\/a><\/div>\n<\/div>\n\n\n\n<div style=\"height:48px\" aria-hidden=\"true\" class=\"wp-block-spacer\"><\/div>\n<\/div><\/div>\n<\/div><\/div>\n\n\n\n<div class=\"wp-block-group zabalaBerdea\"><div class=\"wp-block-group__inner-container is-layout-constrained wp-block-group-is-layout-constrained\">\n<h2 class=\"wp-block-heading\">MEDIO AMBIENTE<\/h2>\n<\/div><\/div>\n\n\n\n<div class=\"wp-block-group domoahome container\"><div class=\"wp-block-group__inner-container is-layout-constrained wp-block-group-is-layout-constrained\">\n<div class=\"wp-block-columns domoColums is-layout-flex wp-container-core-columns-is-layout-9d6595d7 wp-block-columns-is-layout-flex\">\n<div class=\"wp-block-column is-layout-flow wp-block-column-is-layout-flow\" style=\"flex-basis:60%\">\n<figure class=\"wp-block-image size-large zabaleraOsoa\"><a href=\"https:\/\/www.ataunturismoa.eus\/eu\/ataungo-domoa\/\"><img loading=\"lazy\" decoding=\"async\" width=\"1024\" height=\"724\" src=\"https:\/\/www.ataunturismoa.eus\/wp-content\/uploads\/2023\/09\/Domoaren-Marrazkia-1024x724.jpg\" alt=\"\" class=\"wp-image-4503\" srcset=\"https:\/\/www.ataunturismoa.eus\/wp-content\/uploads\/2023\/09\/Domoaren-Marrazkia-1024x724.jpg 1024w, https:\/\/www.ataunturismoa.eus\/wp-content\/uploads\/2023\/09\/Domoaren-Marrazkia-300x212.jpg 300w, https:\/\/www.ataunturismoa.eus\/wp-content\/uploads\/2023\/09\/Domoaren-Marrazkia-768x543.jpg 768w, https:\/\/www.ataunturismoa.eus\/wp-content\/uploads\/2023\/09\/Domoaren-Marrazkia-500x353.jpg 500w, https:\/\/www.ataunturismoa.eus\/wp-content\/uploads\/2023\/09\/Domoaren-Marrazkia-800x565.jpg 800w, https:\/\/www.ataunturismoa.eus\/wp-content\/uploads\/2023\/09\/Domoaren-Marrazkia.jpg 1200w\" sizes=\"auto, (max-width: 1024px) 100vw, 1024px\" \/><\/a><\/figure>\n<\/div>\n\n\n\n<div class=\"wp-block-column is-layout-flow wp-block-column-is-layout-flow\" style=\"flex-basis:40%\">\n<p>El Domo de Ataun tiene una gran referencialidad para los ataundarras. Adem\u00e1s de su gran presencia en nuestra vida cotidiana, el patrimonio inmaterial relacionado con el Domo sigue vivo en nuestra localidad.<\/p>\n\n\n\n<p>Esta relaci\u00f3n se basa en las rocas que forman el Domo. El Domo de Ataun est\u00e1 declarado Lugar de Inter\u00e9s Geol\u00f3gico por ser una estructura tan curiosa como valiosa. A trav\u00e9s de los diferentes recursos que se ofrecen en este apartado, te invitamos a conocer la formaci\u00f3n del Domo y su patrimonio.<\/p>\n<\/div>\n<\/div>\n<\/div><\/div>\n\n\n\n<div class=\"wp-block-group zabalaMorea\"><div class=\"wp-block-group__inner-container is-layout-constrained wp-block-group-is-layout-constrained\">\n<h2 class=\"wp-block-heading\">ATAUN ES VIDA, eventos<\/h2>\n<\/div><\/div>\n\n\n\n<div class=\"wp-block-group container backmorea\"><div class=\"wp-block-group__inner-container is-layout-constrained wp-block-group-is-layout-constrained\">\n<p>Son numerosas las actividades culturales y deportivas que a lo largo del a\u00f1o organizan las asociaciones de Ataun con la colaboraci\u00f3n del ayuntamiento. En la agenda de Ataun te enterar\u00e1s de los pr\u00f3ximos eventos. Esta es la lista de acciones que se repiten cada a\u00f1o o cada dos a\u00f1os:<\/p>\n\n\n\n<div class=\"wp-block-buttons is-content-justification-center is-layout-flex wp-container-core-buttons-is-layout-16018d1d wp-block-buttons-is-layout-flex\">\n<div class=\"wp-block-button btnMorea\"><a class=\"wp-block-button__link wp-element-button\" href=\"https:\/\/www.ataunturismoa.eus\/es\/ekitaldi-nagusiak\/\">+ ver<\/a><\/div>\n<\/div>\n<\/div><\/div>\n\n\n\n<p><\/p>\n","protected":false},"excerpt":{"rendered":"<p>Ocio naturaleza Qu\u00e9 ver Gastronom\u00eda Dormir SOMOS PASADO, SOMOS PRESENTE. SOMOS PATRIMONIO. CUID\u00c9MOSLO, CUID\u00c9MONOS. \u00d3RGANO BARROCO DE ATAUN Nada m\u00e1s entrar en la iglesia de San Mart\u00edn, la belleza del \u00f3rgano es inevitable. El instrumento, situado en el coro de la iglesia, es de estilo barroco y dentro de este estilo, de tipo ib\u00e9rico. En [&hellip;]<\/p>\n","protected":false},"author":5,"featured_media":0,"parent":0,"menu_order":0,"comment_status":"closed","ping_status":"closed","template":"page-hasiera.php","meta":{"footnotes":""},"class_list":["post-4630","page","type-page","status-publish","hentry"],"acf":[],"yoast_head":"<!-- This site is optimized with the Yoast SEO plugin v27.5 - https:\/\/yoast.com\/product\/yoast-seo-wordpress\/ -->\n<title>Inicio - Ataun Turismoa<\/title>\n<meta name=\"robots\" content=\"index, follow, max-snippet:-1, max-image-preview:large, max-video-preview:-1\" \/>\n<link rel=\"canonical\" href=\"https:\/\/www.ataunturismoa.eus\/es\/\" \/>\n<meta property=\"og:locale\" content=\"es_ES\" \/>\n<meta property=\"og:type\" content=\"article\" \/>\n<meta property=\"og:title\" content=\"Inicio - Ataun Turismoa\" \/>\n<meta property=\"og:description\" content=\"Ocio naturaleza Qu\u00e9 ver Gastronom\u00eda Dormir SOMOS PASADO, SOMOS PRESENTE. SOMOS PATRIMONIO. CUID\u00c9MOSLO, CUID\u00c9MONOS. \u00d3RGANO BARROCO DE ATAUN Nada m\u00e1s entrar en la iglesia de San Mart\u00edn, la belleza del \u00f3rgano es inevitable. El instrumento, situado en el coro de la iglesia, es de estilo barroco y dentro de este estilo, de tipo ib\u00e9rico. En [&hellip;]\" \/>\n<meta property=\"og:url\" content=\"https:\/\/www.ataunturismoa.eus\/es\/\" \/>\n<meta property=\"og:site_name\" content=\"Ataun Turismoa\" \/>\n<meta property=\"article:modified_time\" content=\"2023-11-24T14:32:27+00:00\" \/>\n<meta property=\"og:image\" content=\"https:\/\/www.ataunturismoa.eus\/wp-content\/uploads\/2023\/03\/g302.png\" \/>\n<meta name=\"twitter:card\" content=\"summary_large_image\" \/>\n<meta name=\"twitter:label1\" content=\"Tiempo de lectura\" \/>\n\t<meta name=\"twitter:data1\" content=\"2 minutos\" \/>\n<script type=\"application\/ld+json\" class=\"yoast-schema-graph\">{\"@context\":\"https:\\\/\\\/schema.org\",\"@graph\":[{\"@type\":\"WebPage\",\"@id\":\"https:\\\/\\\/www.ataunturismoa.eus\\\/es\\\/\",\"url\":\"https:\\\/\\\/www.ataunturismoa.eus\\\/es\\\/\",\"name\":\"Inicio - Ataun Turismoa\",\"isPartOf\":{\"@id\":\"https:\\\/\\\/www.ataunturismoa.eus\\\/eu\\\/#website\"},\"primaryImageOfPage\":{\"@id\":\"https:\\\/\\\/www.ataunturismoa.eus\\\/es\\\/#primaryimage\"},\"image\":{\"@id\":\"https:\\\/\\\/www.ataunturismoa.eus\\\/es\\\/#primaryimage\"},\"thumbnailUrl\":\"https:\\\/\\\/www.ataunturismoa.eus\\\/wp-content\\\/uploads\\\/2023\\\/03\\\/g302.png\",\"datePublished\":\"2023-10-14T08:33:23+00:00\",\"dateModified\":\"2023-11-24T14:32:27+00:00\",\"breadcrumb\":{\"@id\":\"https:\\\/\\\/www.ataunturismoa.eus\\\/es\\\/#breadcrumb\"},\"inLanguage\":\"es\",\"potentialAction\":[{\"@type\":\"ReadAction\",\"target\":[\"https:\\\/\\\/www.ataunturismoa.eus\\\/es\\\/\"]}]},{\"@type\":\"ImageObject\",\"inLanguage\":\"es\",\"@id\":\"https:\\\/\\\/www.ataunturismoa.eus\\\/es\\\/#primaryimage\",\"url\":\"https:\\\/\\\/www.ataunturismoa.eus\\\/wp-content\\\/uploads\\\/2023\\\/03\\\/g302.png\",\"contentUrl\":\"https:\\\/\\\/www.ataunturismoa.eus\\\/wp-content\\\/uploads\\\/2023\\\/03\\\/g302.png\"},{\"@type\":\"BreadcrumbList\",\"@id\":\"https:\\\/\\\/www.ataunturismoa.eus\\\/es\\\/#breadcrumb\",\"itemListElement\":[{\"@type\":\"ListItem\",\"position\":1,\"name\":\"Inicio\",\"item\":\"https:\\\/\\\/www.ataunturismoa.eus\\\/es\\\/\"},{\"@type\":\"ListItem\",\"position\":2,\"name\":\"Inicio\"}]},{\"@type\":\"WebSite\",\"@id\":\"https:\\\/\\\/www.ataunturismoa.eus\\\/eu\\\/#website\",\"url\":\"https:\\\/\\\/www.ataunturismoa.eus\\\/eu\\\/\",\"name\":\"Ataun Turismoa\",\"description\":\"\",\"potentialAction\":[{\"@type\":\"SearchAction\",\"target\":{\"@type\":\"EntryPoint\",\"urlTemplate\":\"https:\\\/\\\/www.ataunturismoa.eus\\\/eu\\\/?s={search_term_string}\"},\"query-input\":{\"@type\":\"PropertyValueSpecification\",\"valueRequired\":true,\"valueName\":\"search_term_string\"}}],\"inLanguage\":\"es\"}]}<\/script>\n<!-- \/ Yoast SEO plugin. -->","yoast_head_json":{"title":"Inicio - Ataun Turismoa","robots":{"index":"index","follow":"follow","max-snippet":"max-snippet:-1","max-image-preview":"max-image-preview:large","max-video-preview":"max-video-preview:-1"},"canonical":"https:\/\/www.ataunturismoa.eus\/es\/","og_locale":"es_ES","og_type":"article","og_title":"Inicio - Ataun Turismoa","og_description":"Ocio naturaleza Qu\u00e9 ver Gastronom\u00eda Dormir SOMOS PASADO, SOMOS PRESENTE. SOMOS PATRIMONIO. CUID\u00c9MOSLO, CUID\u00c9MONOS. \u00d3RGANO BARROCO DE ATAUN Nada m\u00e1s entrar en la iglesia de San Mart\u00edn, la belleza del \u00f3rgano es inevitable. El instrumento, situado en el coro de la iglesia, es de estilo barroco y dentro de este estilo, de tipo ib\u00e9rico. En [&hellip;]","og_url":"https:\/\/www.ataunturismoa.eus\/es\/","og_site_name":"Ataun Turismoa","article_modified_time":"2023-11-24T14:32:27+00:00","og_image":[{"url":"https:\/\/www.ataunturismoa.eus\/wp-content\/uploads\/2023\/03\/g302.png","type":"","width":"","height":""}],"twitter_card":"summary_large_image","twitter_misc":{"Tiempo de lectura":"2 minutos"},"schema":{"@context":"https:\/\/schema.org","@graph":[{"@type":"WebPage","@id":"https:\/\/www.ataunturismoa.eus\/es\/","url":"https:\/\/www.ataunturismoa.eus\/es\/","name":"Inicio - Ataun Turismoa","isPartOf":{"@id":"https:\/\/www.ataunturismoa.eus\/eu\/#website"},"primaryImageOfPage":{"@id":"https:\/\/www.ataunturismoa.eus\/es\/#primaryimage"},"image":{"@id":"https:\/\/www.ataunturismoa.eus\/es\/#primaryimage"},"thumbnailUrl":"https:\/\/www.ataunturismoa.eus\/wp-content\/uploads\/2023\/03\/g302.png","datePublished":"2023-10-14T08:33:23+00:00","dateModified":"2023-11-24T14:32:27+00:00","breadcrumb":{"@id":"https:\/\/www.ataunturismoa.eus\/es\/#breadcrumb"},"inLanguage":"es","potentialAction":[{"@type":"ReadAction","target":["https:\/\/www.ataunturismoa.eus\/es\/"]}]},{"@type":"ImageObject","inLanguage":"es","@id":"https:\/\/www.ataunturismoa.eus\/es\/#primaryimage","url":"https:\/\/www.ataunturismoa.eus\/wp-content\/uploads\/2023\/03\/g302.png","contentUrl":"https:\/\/www.ataunturismoa.eus\/wp-content\/uploads\/2023\/03\/g302.png"},{"@type":"BreadcrumbList","@id":"https:\/\/www.ataunturismoa.eus\/es\/#breadcrumb","itemListElement":[{"@type":"ListItem","position":1,"name":"Inicio","item":"https:\/\/www.ataunturismoa.eus\/es\/"},{"@type":"ListItem","position":2,"name":"Inicio"}]},{"@type":"WebSite","@id":"https:\/\/www.ataunturismoa.eus\/eu\/#website","url":"https:\/\/www.ataunturismoa.eus\/eu\/","name":"Ataun Turismoa","description":"","potentialAction":[{"@type":"SearchAction","target":{"@type":"EntryPoint","urlTemplate":"https:\/\/www.ataunturismoa.eus\/eu\/?s={search_term_string}"},"query-input":{"@type":"PropertyValueSpecification","valueRequired":true,"valueName":"search_term_string"}}],"inLanguage":"es"}]}},"_links":{"self":[{"href":"https:\/\/www.ataunturismoa.eus\/es\/wp-json\/wp\/v2\/pages\/4630","targetHints":{"allow":["GET"]}}],"collection":[{"href":"https:\/\/www.ataunturismoa.eus\/es\/wp-json\/wp\/v2\/pages"}],"about":[{"href":"https:\/\/www.ataunturismoa.eus\/es\/wp-json\/wp\/v2\/types\/page"}],"author":[{"embeddable":true,"href":"https:\/\/www.ataunturismoa.eus\/es\/wp-json\/wp\/v2\/users\/5"}],"replies":[{"embeddable":true,"href":"https:\/\/www.ataunturismoa.eus\/es\/wp-json\/wp\/v2\/comments?post=4630"}],"version-history":[{"count":13,"href":"https:\/\/www.ataunturismoa.eus\/es\/wp-json\/wp\/v2\/pages\/4630\/revisions"}],"predecessor-version":[{"id":5149,"href":"https:\/\/www.ataunturismoa.eus\/es\/wp-json\/wp\/v2\/pages\/4630\/revisions\/5149"}],"wp:attachment":[{"href":"https:\/\/www.ataunturismoa.eus\/es\/wp-json\/wp\/v2\/media?parent=4630"}],"curies":[{"name":"wp","href":"https:\/\/api.w.org\/{rel}","templated":true}]}}