{"id":2784,"date":"2023-10-14T16:47:44","date_gmt":"2023-10-14T14:47:44","guid":{"rendered":"https:\/\/www.lanketan.net\/ataun\/?page_id=2784"},"modified":"2024-01-05T08:56:24","modified_gmt":"2024-01-05T07:56:24","slug":"patrimonio","status":"publish","type":"page","link":"https:\/\/www.ataunturismoa.eus\/es\/patrimonio\/patrimonio\/","title":{"rendered":"Patrimonio hist\u00f3rico"},"content":{"rendered":"\n<p>Desde la perspectiva hist\u00f3rica, Ataun ha sido un municipio muy importante debido a su ubicaci\u00f3n estrat\u00e9gica por hacer frontera con Navarra. Aunque hoy constituye punto de paso de segundo orden, antiguamente el camino que iba de Navarra a la Costa pasaba por aqu\u00ed.<\/p>\n\n\n<div class=\"wp-block-image\">\n<figure class=\"alignleft\"><img loading=\"lazy\" decoding=\"async\" width=\"193\" height=\"201\" src=\"https:\/\/www.ataunturismoa.eus\/wp-content\/uploads\/2019\/10\/san-gregorio-magno-p.jpg\" alt=\"\" class=\"wp-image-762\"\/><\/figure>\n<\/div>\n\n\n<p>Testimonio de dicha importancia es la poblaci\u00f3n del municipio en siglos pasados, mucho mayor que la actual. En la actualidad se conservan todav\u00eda vestigios de ese ilustre pasado: palacios Zubikoeta (XVII) y Zelaibar (XVI), iglesias de San Mart\u00edn de Tours, San Gregorio Magno (XIX) y Santa Isabel (XX), Casa consistorial (XVII)\u2026 Tambi\u00e9n hay tesoros en el interior de los mismos, como por ejemplo el \u00f3rgano barroco ib\u00e9rico de la iglesia de San Mart\u00edn, unos de los m\u00e1s importantes de los 7 existentes en gipuzkoa,&nbsp; y el retablo renacentista.<\/p>\n\n\n<div class=\"wp-block-image\">\n<figure class=\"alignright\"><img loading=\"lazy\" decoding=\"async\" width=\"193\" height=\"200\" src=\"https:\/\/www.ataunturismoa.eus\/wp-content\/uploads\/2019\/10\/elorretako-saroia-p.jpg\" alt=\"\" class=\"wp-image-767\"\/><\/figure>\n<\/div>\n\n\n<p>Remont\u00e1ndonos m\u00e1s en el tiempo, destacar los d\u00f3lmenes dejados por los primeros pobladores (estaciones megal\u00edticas de Aralar y Ataun-Burunda) y los vestigios de cuevas como Pikandieta o Limurita, los restos de la antigua calzada romana de Berrenoa\u2026 Tambi\u00e9n se puede visitar numerosos entornos descubiertos y presentados por el ataundarra Joxemiel Barandiaran.<\/p>\n\n\n\n<p>Siguiendo la tradici\u00f3n, se han conservado las majadas de los pastores, el cable que tan importante ha sido para Ataun y su funcionamiento y las caleras, para que nos ayuden a entender la forma de vida del pasado. Y, c\u00f3mo no, el tesoro recopilado por Joxemiel, orgullo de los ataundarras, y visible en el Museo Barandiaran: el mundo mitol\u00f3gico.<\/p>\n\n\n<p>[bs-hero type=\u00bbpost\u00bb category=\u00bbpatrimonio-historico\u00bb order=\u00bbASC\u00bb orderby=\u00bbdate\u00bb posts=\u00bb9&#8243;]<\/p>\n\n\n\n<h3 class=\"wp-block-heading\">BIBLIOGRAF\u00cdA<\/h3>\n\n\n\n<p class=\"has-small-font-size\">Agirre, J., Alvarez, D., Lamikiz, X., Moraza, A. eta J. A. Mujika. 2006. <strong>Kulturbideak Aralarren. Harrien atzetik urratsez urrats: Giza Iraganaren Aztarnak Aralarko Parkean. <em>Gipuzkoako Foru Aldundia, Landa Ingurunearen Garapenerako Departamentua. Donostia.<\/em><\/strong> <\/p>\n\n\n\n<p class=\"has-small-font-size\">Aguirre, I\u00f1igo <em>et al<\/em>. 1990. <strong>Bailarak : gu\u00eda de r\u00edos, valles y comarcas de Euskal Herria. <em>Vol. 6. Sendoa-Linorsa-Kriseilu. Donostia<\/em><\/strong> <\/p>\n\n\n\n<p class=\"has-small-font-size\">Aizpurua, Jon. 2005. <strong>Jentilen Etorrera: herri baten arima (1981-2005). <em>VIII. Ataun Aztergai Beka. Ataungo Udala.<\/em><\/strong> <\/p>\n\n\n\n<p class=\"has-small-font-size\">Aranburu, P.J. 2003. <strong>Ataungo ogibide historikoen edo artzaintza, nekazaritza, basogintza, errota, eraikuntza eta zerbitzuen kulturazko eragin nagusia bertako ETNOSAren historian, XIV-XX mendeetan. <em>VII. Ataun Aztergai Beka. Ataungo Udala.<\/em><\/strong> <\/p>\n\n\n\n<p class=\"has-small-font-size\">Ayerbe, Enrique. 1981. <strong>Mendiak II: Montes de Euskal Herria, Naturaleza y Huella humana. <em>ETOR. Donostia.<\/em><\/strong> <\/p>\n\n\n\n<p class=\"has-small-font-size\">Ayerbe, Enrique. 1990. <strong>Ibaiak eta haranak: Historia, arte eta paisajearen gidaliburua. <em>ETOR. Donostia.<\/em><\/strong> <\/p>\n\n\n\n<p class=\"has-small-font-size\">Barandiaran, J. M. 1972. <strong>Diccionario ilustrado de mitolog\u00eda vasca. In: Obras Completas, I. alea. <em>La Gran Enciclopedia Vasca. Bilbo.<\/em><\/strong> <\/p>\n\n\n\n<p class=\"has-small-font-size\">Barandiaran, J. M. 1973. <strong>Eusko folklore. In: Obras Completas, II. Alea. <em>La Gran Enciclopedia Vasca. Bilbo.<\/em><\/strong> <\/p>\n\n\n\n<p class=\"has-small-font-size\">Urdangarin, Nekane eta Munduate, Leire. 1996. <strong>Karobiak Ataunen. <em>Eusko Jaurlaritza.<\/em><\/strong><\/p>\n","protected":false},"excerpt":{"rendered":"<p>Desde la perspectiva hist\u00f3rica, Ataun ha sido un municipio muy importante debido a su ubicaci\u00f3n estrat\u00e9gica por hacer frontera con Navarra. Aunque hoy constituye punto de paso de segundo orden, antiguamente el camino que iba de Navarra a la Costa pasaba por aqu\u00ed. Testimonio de dicha importancia es la poblaci\u00f3n del municipio en siglos pasados, [&hellip;]<\/p>\n","protected":false},"author":5,"featured_media":0,"parent":1996,"menu_order":0,"comment_status":"closed","ping_status":"closed","template":"page-templates\/page-rigth.php","meta":{"footnotes":""},"class_list":["post-2784","page","type-page","status-publish","hentry"],"acf":[],"yoast_head":"<!-- This site is optimized with the Yoast SEO plugin v27.4 - https:\/\/yoast.com\/product\/yoast-seo-wordpress\/ -->\n<title>Patrimonio hist\u00f3rico - Ataun Turismoa<\/title>\n<meta name=\"robots\" content=\"index, follow, max-snippet:-1, max-image-preview:large, max-video-preview:-1\" \/>\n<link rel=\"canonical\" href=\"https:\/\/www.ataunturismoa.eus\/es\/patrimonio\/patrimonio\/\" \/>\n<meta property=\"og:locale\" content=\"es_ES\" \/>\n<meta property=\"og:type\" content=\"article\" \/>\n<meta property=\"og:title\" content=\"Patrimonio hist\u00f3rico - Ataun Turismoa\" \/>\n<meta property=\"og:description\" content=\"Desde la perspectiva hist\u00f3rica, Ataun ha sido un municipio muy importante debido a su ubicaci\u00f3n estrat\u00e9gica por hacer frontera con Navarra. Aunque hoy constituye punto de paso de segundo orden, antiguamente el camino que iba de Navarra a la Costa pasaba por aqu\u00ed. Testimonio de dicha importancia es la poblaci\u00f3n del municipio en siglos pasados, [&hellip;]\" \/>\n<meta property=\"og:url\" content=\"https:\/\/www.ataunturismoa.eus\/es\/patrimonio\/patrimonio\/\" \/>\n<meta property=\"og:site_name\" content=\"Ataun Turismoa\" \/>\n<meta property=\"article:modified_time\" content=\"2024-01-05T07:56:24+00:00\" \/>\n<meta property=\"og:image\" content=\"https:\/\/www.ataunturismoa.eus\/wp-content\/uploads\/2019\/10\/san-gregorio-magno-p.jpg\" \/>\n<meta name=\"twitter:card\" content=\"summary_large_image\" \/>\n<meta name=\"twitter:label1\" content=\"Tiempo de lectura\" \/>\n\t<meta name=\"twitter:data1\" content=\"3 minutos\" \/>\n<script type=\"application\/ld+json\" class=\"yoast-schema-graph\">{\"@context\":\"https:\\\/\\\/schema.org\",\"@graph\":[{\"@type\":\"WebPage\",\"@id\":\"https:\\\/\\\/www.ataunturismoa.eus\\\/es\\\/patrimonio\\\/patrimonio\\\/\",\"url\":\"https:\\\/\\\/www.ataunturismoa.eus\\\/es\\\/patrimonio\\\/patrimonio\\\/\",\"name\":\"Patrimonio hist\u00f3rico - Ataun Turismoa\",\"isPartOf\":{\"@id\":\"https:\\\/\\\/www.ataunturismoa.eus\\\/eu\\\/#website\"},\"primaryImageOfPage\":{\"@id\":\"https:\\\/\\\/www.ataunturismoa.eus\\\/es\\\/patrimonio\\\/patrimonio\\\/#primaryimage\"},\"image\":{\"@id\":\"https:\\\/\\\/www.ataunturismoa.eus\\\/es\\\/patrimonio\\\/patrimonio\\\/#primaryimage\"},\"thumbnailUrl\":\"https:\\\/\\\/www.ataunturismoa.eus\\\/wp-content\\\/uploads\\\/2019\\\/10\\\/san-gregorio-magno-p.jpg\",\"datePublished\":\"2023-10-14T14:47:44+00:00\",\"dateModified\":\"2024-01-05T07:56:24+00:00\",\"breadcrumb\":{\"@id\":\"https:\\\/\\\/www.ataunturismoa.eus\\\/es\\\/patrimonio\\\/patrimonio\\\/#breadcrumb\"},\"inLanguage\":\"es\",\"potentialAction\":[{\"@type\":\"ReadAction\",\"target\":[\"https:\\\/\\\/www.ataunturismoa.eus\\\/es\\\/patrimonio\\\/patrimonio\\\/\"]}]},{\"@type\":\"ImageObject\",\"inLanguage\":\"es\",\"@id\":\"https:\\\/\\\/www.ataunturismoa.eus\\\/es\\\/patrimonio\\\/patrimonio\\\/#primaryimage\",\"url\":\"https:\\\/\\\/www.ataunturismoa.eus\\\/wp-content\\\/uploads\\\/2019\\\/10\\\/san-gregorio-magno-p.jpg\",\"contentUrl\":\"https:\\\/\\\/www.ataunturismoa.eus\\\/wp-content\\\/uploads\\\/2019\\\/10\\\/san-gregorio-magno-p.jpg\"},{\"@type\":\"BreadcrumbList\",\"@id\":\"https:\\\/\\\/www.ataunturismoa.eus\\\/es\\\/patrimonio\\\/patrimonio\\\/#breadcrumb\",\"itemListElement\":[{\"@type\":\"ListItem\",\"position\":1,\"name\":\"Inicio\",\"item\":\"https:\\\/\\\/www.ataunturismoa.eus\\\/es\\\/\"},{\"@type\":\"ListItem\",\"position\":2,\"name\":\"Patrimonio\",\"item\":\"https:\\\/\\\/www.ataunturismoa.eus\\\/es\\\/patrimonio\\\/\"},{\"@type\":\"ListItem\",\"position\":3,\"name\":\"Patrimonio hist\u00f3rico\"}]},{\"@type\":\"WebSite\",\"@id\":\"https:\\\/\\\/www.ataunturismoa.eus\\\/eu\\\/#website\",\"url\":\"https:\\\/\\\/www.ataunturismoa.eus\\\/eu\\\/\",\"name\":\"Ataun Turismoa\",\"description\":\"\",\"potentialAction\":[{\"@type\":\"SearchAction\",\"target\":{\"@type\":\"EntryPoint\",\"urlTemplate\":\"https:\\\/\\\/www.ataunturismoa.eus\\\/eu\\\/?s={search_term_string}\"},\"query-input\":{\"@type\":\"PropertyValueSpecification\",\"valueRequired\":true,\"valueName\":\"search_term_string\"}}],\"inLanguage\":\"es\"}]}<\/script>\n<!-- \/ Yoast SEO plugin. -->","yoast_head_json":{"title":"Patrimonio hist\u00f3rico - Ataun Turismoa","robots":{"index":"index","follow":"follow","max-snippet":"max-snippet:-1","max-image-preview":"max-image-preview:large","max-video-preview":"max-video-preview:-1"},"canonical":"https:\/\/www.ataunturismoa.eus\/es\/patrimonio\/patrimonio\/","og_locale":"es_ES","og_type":"article","og_title":"Patrimonio hist\u00f3rico - Ataun Turismoa","og_description":"Desde la perspectiva hist\u00f3rica, Ataun ha sido un municipio muy importante debido a su ubicaci\u00f3n estrat\u00e9gica por hacer frontera con Navarra. Aunque hoy constituye punto de paso de segundo orden, antiguamente el camino que iba de Navarra a la Costa pasaba por aqu\u00ed. Testimonio de dicha importancia es la poblaci\u00f3n del municipio en siglos pasados, [&hellip;]","og_url":"https:\/\/www.ataunturismoa.eus\/es\/patrimonio\/patrimonio\/","og_site_name":"Ataun Turismoa","article_modified_time":"2024-01-05T07:56:24+00:00","og_image":[{"url":"https:\/\/www.ataunturismoa.eus\/wp-content\/uploads\/2019\/10\/san-gregorio-magno-p.jpg","type":"","width":"","height":""}],"twitter_card":"summary_large_image","twitter_misc":{"Tiempo de lectura":"3 minutos"},"schema":{"@context":"https:\/\/schema.org","@graph":[{"@type":"WebPage","@id":"https:\/\/www.ataunturismoa.eus\/es\/patrimonio\/patrimonio\/","url":"https:\/\/www.ataunturismoa.eus\/es\/patrimonio\/patrimonio\/","name":"Patrimonio hist\u00f3rico - Ataun Turismoa","isPartOf":{"@id":"https:\/\/www.ataunturismoa.eus\/eu\/#website"},"primaryImageOfPage":{"@id":"https:\/\/www.ataunturismoa.eus\/es\/patrimonio\/patrimonio\/#primaryimage"},"image":{"@id":"https:\/\/www.ataunturismoa.eus\/es\/patrimonio\/patrimonio\/#primaryimage"},"thumbnailUrl":"https:\/\/www.ataunturismoa.eus\/wp-content\/uploads\/2019\/10\/san-gregorio-magno-p.jpg","datePublished":"2023-10-14T14:47:44+00:00","dateModified":"2024-01-05T07:56:24+00:00","breadcrumb":{"@id":"https:\/\/www.ataunturismoa.eus\/es\/patrimonio\/patrimonio\/#breadcrumb"},"inLanguage":"es","potentialAction":[{"@type":"ReadAction","target":["https:\/\/www.ataunturismoa.eus\/es\/patrimonio\/patrimonio\/"]}]},{"@type":"ImageObject","inLanguage":"es","@id":"https:\/\/www.ataunturismoa.eus\/es\/patrimonio\/patrimonio\/#primaryimage","url":"https:\/\/www.ataunturismoa.eus\/wp-content\/uploads\/2019\/10\/san-gregorio-magno-p.jpg","contentUrl":"https:\/\/www.ataunturismoa.eus\/wp-content\/uploads\/2019\/10\/san-gregorio-magno-p.jpg"},{"@type":"BreadcrumbList","@id":"https:\/\/www.ataunturismoa.eus\/es\/patrimonio\/patrimonio\/#breadcrumb","itemListElement":[{"@type":"ListItem","position":1,"name":"Inicio","item":"https:\/\/www.ataunturismoa.eus\/es\/"},{"@type":"ListItem","position":2,"name":"Patrimonio","item":"https:\/\/www.ataunturismoa.eus\/es\/patrimonio\/"},{"@type":"ListItem","position":3,"name":"Patrimonio hist\u00f3rico"}]},{"@type":"WebSite","@id":"https:\/\/www.ataunturismoa.eus\/eu\/#website","url":"https:\/\/www.ataunturismoa.eus\/eu\/","name":"Ataun Turismoa","description":"","potentialAction":[{"@type":"SearchAction","target":{"@type":"EntryPoint","urlTemplate":"https:\/\/www.ataunturismoa.eus\/eu\/?s={search_term_string}"},"query-input":{"@type":"PropertyValueSpecification","valueRequired":true,"valueName":"search_term_string"}}],"inLanguage":"es"}]}},"_links":{"self":[{"href":"https:\/\/www.ataunturismoa.eus\/es\/wp-json\/wp\/v2\/pages\/2784","targetHints":{"allow":["GET"]}}],"collection":[{"href":"https:\/\/www.ataunturismoa.eus\/es\/wp-json\/wp\/v2\/pages"}],"about":[{"href":"https:\/\/www.ataunturismoa.eus\/es\/wp-json\/wp\/v2\/types\/page"}],"author":[{"embeddable":true,"href":"https:\/\/www.ataunturismoa.eus\/es\/wp-json\/wp\/v2\/users\/5"}],"replies":[{"embeddable":true,"href":"https:\/\/www.ataunturismoa.eus\/es\/wp-json\/wp\/v2\/comments?post=2784"}],"version-history":[{"count":7,"href":"https:\/\/www.ataunturismoa.eus\/es\/wp-json\/wp\/v2\/pages\/2784\/revisions"}],"predecessor-version":[{"id":5204,"href":"https:\/\/www.ataunturismoa.eus\/es\/wp-json\/wp\/v2\/pages\/2784\/revisions\/5204"}],"up":[{"embeddable":true,"href":"https:\/\/www.ataunturismoa.eus\/es\/wp-json\/wp\/v2\/pages\/1996"}],"wp:attachment":[{"href":"https:\/\/www.ataunturismoa.eus\/es\/wp-json\/wp\/v2\/media?parent=2784"}],"curies":[{"name":"wp","href":"https:\/\/api.w.org\/{rel}","templated":true}]}}