{"id":2033,"date":"2019-12-16T14:06:49","date_gmt":"2019-12-16T13:06:49","guid":{"rendered":"https:\/\/www.ataunturismoa.eus\/heritage\/the-ataun-organ-description\/"},"modified":"2023-11-17T15:43:49","modified_gmt":"2023-11-17T14:43:49","slug":"the-ataun-organ-description","status":"publish","type":"page","link":"https:\/\/www.ataunturismoa.eus\/en\/heritage\/the-ataun-organ-description\/","title":{"rendered":"The Ataun organ: Description"},"content":{"rendered":"\n<p>El \u00f3rgano ejerce un gran poder de atracci\u00f3n sobre todo aquel que entra en la iglesia y lo ejerce, adem\u00e1s, sin demora, de manera inmediata e inevitable. Y es que la&nbsp;<strong>caja<\/strong>, como elemento m\u00e1s visible y perceptible, destaca por su decoraci\u00f3n y la gran elegancia de su conjunto. Es obra de los maestros Juan Antonio de Maiz y Joaqu\u00edn Antonio Barasategui, que trabajaron &#8220;conforme a la traza dispuesta por el organero&#8221;.<\/p>\n\n\n\n<p>La fachada est\u00e1 formada por tres alturas bien definidas:<\/p>\n\n\n\n<div class=\"wp-block-columns is-layout-flex wp-container-core-columns-is-layout-9d6595d7 wp-block-columns-is-layout-flex\">\n<div class=\"wp-block-column is-layout-flow wp-block-column-is-layout-flow\" style=\"flex-basis:20%\">\n<figure class=\"wp-block-image size-full\"><img loading=\"lazy\" decoding=\"async\" width=\"800\" height=\"600\" src=\"https:\/\/www.ataunturismoa.eus\/wp-content\/uploads\/2023\/08\/desc1.jpg\" alt=\"\" class=\"wp-image-3685\" srcset=\"https:\/\/www.ataunturismoa.eus\/wp-content\/uploads\/2023\/08\/desc1.jpg 800w, https:\/\/www.ataunturismoa.eus\/wp-content\/uploads\/2023\/08\/desc1-300x225.jpg 300w, https:\/\/www.ataunturismoa.eus\/wp-content\/uploads\/2023\/08\/desc1-768x576.jpg 768w, https:\/\/www.ataunturismoa.eus\/wp-content\/uploads\/2023\/08\/desc1-500x375.jpg 500w\" sizes=\"auto, (max-width: 800px) 100vw, 800px\" \/><\/figure>\n\n\n\n<figure class=\"wp-block-image size-full\"><img loading=\"lazy\" decoding=\"async\" width=\"800\" height=\"600\" src=\"https:\/\/www.ataunturismoa.eus\/wp-content\/uploads\/2023\/08\/desc3.jpg\" alt=\"\" class=\"wp-image-3705\" srcset=\"https:\/\/www.ataunturismoa.eus\/wp-content\/uploads\/2023\/08\/desc3.jpg 800w, https:\/\/www.ataunturismoa.eus\/wp-content\/uploads\/2023\/08\/desc3-300x225.jpg 300w, https:\/\/www.ataunturismoa.eus\/wp-content\/uploads\/2023\/08\/desc3-768x576.jpg 768w, https:\/\/www.ataunturismoa.eus\/wp-content\/uploads\/2023\/08\/desc3-500x375.jpg 500w\" sizes=\"auto, (max-width: 800px) 100vw, 800px\" \/><\/figure>\n<\/div>\n\n\n\n<div class=\"wp-block-column is-layout-flow wp-block-column-is-layout-flow\" style=\"flex-basis:80%\">\n<ol class=\"wp-block-list\">\n<li>En el&nbsp;<strong>basamento<\/strong>&nbsp;est\u00e1 la ventana del teclado flanqueada por los tiradores de los registros. A Ambos lados se hallan las puertas de acceso al interior del \u00f3rgano que dan directamente a la fueller\u00eda. La caja del \u00f3rgano propiamente dicha es m\u00e1s reducida que la fachada y se corresponde con el espacio comprendido entre las puertas y la cornisa del front\u00f3n.<\/li>\n\n\n\n<li>Entre el basamento y el front\u00f3n se encuentra la&nbsp;<strong>cara<\/strong>&nbsp;del \u00f3rgano en la que se pueden apreciar hasta 81 tubos o ca\u00f1os (37 sonoros, 36 decorativos corp\u00f3reos y 8 decorativos simulados pintados) que se distribuyen de la siguiente manera:\n<ul class=\"wp-block-list\">\n<li>En los cinco castillos en mitra se ubican los 37 tubos sonoros.<\/li>\n\n\n\n<li>A ambos extremos, sobre las puertas, pintadas sobre tabla hay 8 ca\u00f1os simulados o decorativos, con las bocas decoradas con cascarones de moros, tocados con turbantes y exhibiendo dentaduras importantes. Sobre estos tubos se han pintado, una a cada lado , dos cortinas de damasco rojo con sus cordones y borlas.<\/li>\n\n\n\n<li>Encima de las mitras peque\u00f1as hay cuatro huecos m\u00e1s en dos alturas, dos encima de cada mitra. Los dos inferiores son en ala y las dos superiores en M. Todos ellos est\u00e1 formados por sendos grupos de cuatro a\u00f1os decorativos corp\u00f3reos cada uno. El conjunto resulta muy geom\u00e9trico.<\/li>\n<\/ul>\n<\/li>\n\n\n\n<li>La fachada est\u00e1 remachada por un&nbsp;<strong>front\u00f3n<\/strong>&nbsp;circular, decorado con florones y volutas y con una ventana simulada de siete ca\u00f1os pintados en el t\u00edmpano.<\/li>\n<\/ol>\n<\/div>\n<\/div>\n\n\n\n<p>Consta, adem\u00e1s, de dos teclados: uno manual de 45 notas (C-c\u2019\u2019\u2019) de octava grave diat\u00f3nica (&#8220;octava corta&#8221;) y otro de Contras de 8 notas (C-H), diat\u00f3mico; de 35 medios registros, 15 para los Bajones y 20 para los Tiples, m\u00e1s un juego de Contras. Los tiradores son de madera de nogal con los bolinches de los pu\u00f1os de boj.<\/p>\n\n\n\n<p>En cuanto a la&nbsp;<strong>ca\u00f1er\u00eda<\/strong>, son en total 1.450 tubos: 1.399 sonoros y 51 decorativos. Los materiales utilizados en su elaboraci\u00f3n han sido el esta\u00f1o y la madera de casta\u00f1o y de roble.<\/p>\n\n\n\n<p>El&nbsp;<strong>secreto<\/strong>&nbsp;es de madera de nogal, de una pieza. Los tubos est\u00e1n colocados sobre 11 tablones aconductados. El de las Contras es un secreto de 2 piezas.<\/p>\n\n\n\n<p>El sistema de alimentaci\u00f3n est\u00e1 constituido por dos fuelles cuneiformes o de abanico, de siete pliegues cada uno. De madera de roble y montados con piel bald\u00e9s, miden 1950 x 1040 mm. Un motor-ventilador silencioso encerrado en una cabina insonorizada alimenta los fuelles a trav\u00e9s de una v\u00e1lvula articulada. Por tanto, los fuelles pueden ser accionados manualmente o alimentados por el motor-ventilador el\u00e9ctrico.<\/p>\n\n\n\n<p class=\"has-text-align-center has-background\" style=\"background-color:#e4b100\">Visitas:<br>Email: <strong>kultura@ataun.eus<\/strong><br>Tel\u00e9fono:<strong> 664 470 540<\/strong><\/p>\n\n\n\n<figure class=\"wp-block-image size-large is-resized  zabaleraOsoa\"><img loading=\"lazy\" decoding=\"async\" src=\"https:\/\/www.ataunturismoa.eus\/wp-content\/uploads\/2023\/08\/desc2-edited-1-768x1024.jpg\" alt=\"\" class=\"wp-image-3700\" width=\"840\" height=\"1120\" srcset=\"https:\/\/www.ataunturismoa.eus\/wp-content\/uploads\/2023\/08\/desc2-edited-1-768x1024.jpg 768w, https:\/\/www.ataunturismoa.eus\/wp-content\/uploads\/2023\/08\/desc2-edited-1-225x300.jpg 225w, https:\/\/www.ataunturismoa.eus\/wp-content\/uploads\/2023\/08\/desc2-edited-1-500x667.jpg 500w, https:\/\/www.ataunturismoa.eus\/wp-content\/uploads\/2023\/08\/desc2-edited-1.jpg 800w\" sizes=\"auto, (max-width: 840px) 100vw, 840px\" \/><\/figure>\n","protected":false},"excerpt":{"rendered":"<p>El \u00f3rgano ejerce un gran poder de atracci\u00f3n sobre todo aquel que entra en la iglesia y lo ejerce, adem\u00e1s, sin demora, de manera inmediata e inevitable. Y es que la&nbsp;caja, como elemento m\u00e1s visible y perceptible, destaca por su decoraci\u00f3n y la gran elegancia de su conjunto. Es obra de los maestros Juan Antonio [&hellip;]<\/p>\n","protected":false},"author":4,"featured_media":0,"parent":2002,"menu_order":0,"comment_status":"closed","ping_status":"closed","template":"page-templates\/page-rigth.php","meta":{"footnotes":""},"class_list":["post-2033","page","type-page","status-publish","hentry"],"acf":[],"yoast_head":"<!-- This site is optimized with the Yoast SEO plugin v27.3 - https:\/\/yoast.com\/product\/yoast-seo-wordpress\/ -->\n<title>The Ataun organ: Description - Ataun Turismoa<\/title>\n<meta name=\"robots\" content=\"index, follow, max-snippet:-1, max-image-preview:large, max-video-preview:-1\" \/>\n<link rel=\"canonical\" href=\"https:\/\/www.ataunturismoa.eus\/en\/heritage\/the-ataun-organ-description\/\" \/>\n<meta property=\"og:locale\" content=\"en_US\" \/>\n<meta property=\"og:type\" content=\"article\" \/>\n<meta property=\"og:title\" content=\"The Ataun organ: Description - Ataun Turismoa\" \/>\n<meta property=\"og:description\" content=\"El \u00f3rgano ejerce un gran poder de atracci\u00f3n sobre todo aquel que entra en la iglesia y lo ejerce, adem\u00e1s, sin demora, de manera inmediata e inevitable. Y es que la&nbsp;caja, como elemento m\u00e1s visible y perceptible, destaca por su decoraci\u00f3n y la gran elegancia de su conjunto. Es obra de los maestros Juan Antonio [&hellip;]\" \/>\n<meta property=\"og:url\" content=\"https:\/\/www.ataunturismoa.eus\/en\/heritage\/the-ataun-organ-description\/\" \/>\n<meta property=\"og:site_name\" content=\"Ataun Turismoa\" \/>\n<meta property=\"article:modified_time\" content=\"2023-11-17T14:43:49+00:00\" \/>\n<meta property=\"og:image\" content=\"https:\/\/www.ataunturismoa.eus\/wp-content\/uploads\/2023\/08\/desc1.jpg\" \/>\n<meta name=\"twitter:card\" content=\"summary_large_image\" \/>\n<meta name=\"twitter:label1\" content=\"Est. reading time\" \/>\n\t<meta name=\"twitter:data1\" content=\"4 minutes\" \/>\n<script type=\"application\/ld+json\" class=\"yoast-schema-graph\">{\"@context\":\"https:\\\/\\\/schema.org\",\"@graph\":[{\"@type\":\"WebPage\",\"@id\":\"https:\\\/\\\/www.ataunturismoa.eus\\\/en\\\/heritage\\\/the-ataun-organ-description\\\/\",\"url\":\"https:\\\/\\\/www.ataunturismoa.eus\\\/en\\\/heritage\\\/the-ataun-organ-description\\\/\",\"name\":\"The Ataun organ: Description - Ataun Turismoa\",\"isPartOf\":{\"@id\":\"https:\\\/\\\/www.ataunturismoa.eus\\\/eu\\\/#website\"},\"primaryImageOfPage\":{\"@id\":\"https:\\\/\\\/www.ataunturismoa.eus\\\/en\\\/heritage\\\/the-ataun-organ-description\\\/#primaryimage\"},\"image\":{\"@id\":\"https:\\\/\\\/www.ataunturismoa.eus\\\/en\\\/heritage\\\/the-ataun-organ-description\\\/#primaryimage\"},\"thumbnailUrl\":\"https:\\\/\\\/www.ataunturismoa.eus\\\/wp-content\\\/uploads\\\/2023\\\/08\\\/desc1.jpg\",\"datePublished\":\"2019-12-16T13:06:49+00:00\",\"dateModified\":\"2023-11-17T14:43:49+00:00\",\"breadcrumb\":{\"@id\":\"https:\\\/\\\/www.ataunturismoa.eus\\\/en\\\/heritage\\\/the-ataun-organ-description\\\/#breadcrumb\"},\"inLanguage\":\"en-US\",\"potentialAction\":[{\"@type\":\"ReadAction\",\"target\":[\"https:\\\/\\\/www.ataunturismoa.eus\\\/en\\\/heritage\\\/the-ataun-organ-description\\\/\"]}]},{\"@type\":\"ImageObject\",\"inLanguage\":\"en-US\",\"@id\":\"https:\\\/\\\/www.ataunturismoa.eus\\\/en\\\/heritage\\\/the-ataun-organ-description\\\/#primaryimage\",\"url\":\"https:\\\/\\\/www.ataunturismoa.eus\\\/wp-content\\\/uploads\\\/2023\\\/08\\\/desc1.jpg\",\"contentUrl\":\"https:\\\/\\\/www.ataunturismoa.eus\\\/wp-content\\\/uploads\\\/2023\\\/08\\\/desc1.jpg\"},{\"@type\":\"BreadcrumbList\",\"@id\":\"https:\\\/\\\/www.ataunturismoa.eus\\\/en\\\/heritage\\\/the-ataun-organ-description\\\/#breadcrumb\",\"itemListElement\":[{\"@type\":\"ListItem\",\"position\":1,\"name\":\"Inicio\",\"item\":\"https:\\\/\\\/www.ataunturismoa.eus\\\/en\\\/\"},{\"@type\":\"ListItem\",\"position\":2,\"name\":\"Historical heritage\",\"item\":\"https:\\\/\\\/www.ataunturismoa.eus\\\/en\\\/heritage\\\/\"},{\"@type\":\"ListItem\",\"position\":3,\"name\":\"The Ataun organ: Description\"}]},{\"@type\":\"WebSite\",\"@id\":\"https:\\\/\\\/www.ataunturismoa.eus\\\/eu\\\/#website\",\"url\":\"https:\\\/\\\/www.ataunturismoa.eus\\\/eu\\\/\",\"name\":\"Ataun Turismoa\",\"description\":\"\",\"potentialAction\":[{\"@type\":\"SearchAction\",\"target\":{\"@type\":\"EntryPoint\",\"urlTemplate\":\"https:\\\/\\\/www.ataunturismoa.eus\\\/eu\\\/?s={search_term_string}\"},\"query-input\":{\"@type\":\"PropertyValueSpecification\",\"valueRequired\":true,\"valueName\":\"search_term_string\"}}],\"inLanguage\":\"en-US\"}]}<\/script>\n<!-- \/ Yoast SEO plugin. -->","yoast_head_json":{"title":"The Ataun organ: Description - Ataun Turismoa","robots":{"index":"index","follow":"follow","max-snippet":"max-snippet:-1","max-image-preview":"max-image-preview:large","max-video-preview":"max-video-preview:-1"},"canonical":"https:\/\/www.ataunturismoa.eus\/en\/heritage\/the-ataun-organ-description\/","og_locale":"en_US","og_type":"article","og_title":"The Ataun organ: Description - Ataun Turismoa","og_description":"El \u00f3rgano ejerce un gran poder de atracci\u00f3n sobre todo aquel que entra en la iglesia y lo ejerce, adem\u00e1s, sin demora, de manera inmediata e inevitable. Y es que la&nbsp;caja, como elemento m\u00e1s visible y perceptible, destaca por su decoraci\u00f3n y la gran elegancia de su conjunto. Es obra de los maestros Juan Antonio [&hellip;]","og_url":"https:\/\/www.ataunturismoa.eus\/en\/heritage\/the-ataun-organ-description\/","og_site_name":"Ataun Turismoa","article_modified_time":"2023-11-17T14:43:49+00:00","og_image":[{"url":"https:\/\/www.ataunturismoa.eus\/wp-content\/uploads\/2023\/08\/desc1.jpg","type":"","width":"","height":""}],"twitter_card":"summary_large_image","twitter_misc":{"Est. reading time":"4 minutes"},"schema":{"@context":"https:\/\/schema.org","@graph":[{"@type":"WebPage","@id":"https:\/\/www.ataunturismoa.eus\/en\/heritage\/the-ataun-organ-description\/","url":"https:\/\/www.ataunturismoa.eus\/en\/heritage\/the-ataun-organ-description\/","name":"The Ataun organ: Description - Ataun Turismoa","isPartOf":{"@id":"https:\/\/www.ataunturismoa.eus\/eu\/#website"},"primaryImageOfPage":{"@id":"https:\/\/www.ataunturismoa.eus\/en\/heritage\/the-ataun-organ-description\/#primaryimage"},"image":{"@id":"https:\/\/www.ataunturismoa.eus\/en\/heritage\/the-ataun-organ-description\/#primaryimage"},"thumbnailUrl":"https:\/\/www.ataunturismoa.eus\/wp-content\/uploads\/2023\/08\/desc1.jpg","datePublished":"2019-12-16T13:06:49+00:00","dateModified":"2023-11-17T14:43:49+00:00","breadcrumb":{"@id":"https:\/\/www.ataunturismoa.eus\/en\/heritage\/the-ataun-organ-description\/#breadcrumb"},"inLanguage":"en-US","potentialAction":[{"@type":"ReadAction","target":["https:\/\/www.ataunturismoa.eus\/en\/heritage\/the-ataun-organ-description\/"]}]},{"@type":"ImageObject","inLanguage":"en-US","@id":"https:\/\/www.ataunturismoa.eus\/en\/heritage\/the-ataun-organ-description\/#primaryimage","url":"https:\/\/www.ataunturismoa.eus\/wp-content\/uploads\/2023\/08\/desc1.jpg","contentUrl":"https:\/\/www.ataunturismoa.eus\/wp-content\/uploads\/2023\/08\/desc1.jpg"},{"@type":"BreadcrumbList","@id":"https:\/\/www.ataunturismoa.eus\/en\/heritage\/the-ataun-organ-description\/#breadcrumb","itemListElement":[{"@type":"ListItem","position":1,"name":"Inicio","item":"https:\/\/www.ataunturismoa.eus\/en\/"},{"@type":"ListItem","position":2,"name":"Historical heritage","item":"https:\/\/www.ataunturismoa.eus\/en\/heritage\/"},{"@type":"ListItem","position":3,"name":"The Ataun organ: Description"}]},{"@type":"WebSite","@id":"https:\/\/www.ataunturismoa.eus\/eu\/#website","url":"https:\/\/www.ataunturismoa.eus\/eu\/","name":"Ataun Turismoa","description":"","potentialAction":[{"@type":"SearchAction","target":{"@type":"EntryPoint","urlTemplate":"https:\/\/www.ataunturismoa.eus\/eu\/?s={search_term_string}"},"query-input":{"@type":"PropertyValueSpecification","valueRequired":true,"valueName":"search_term_string"}}],"inLanguage":"en-US"}]}},"_links":{"self":[{"href":"https:\/\/www.ataunturismoa.eus\/en\/wp-json\/wp\/v2\/pages\/2033","targetHints":{"allow":["GET"]}}],"collection":[{"href":"https:\/\/www.ataunturismoa.eus\/en\/wp-json\/wp\/v2\/pages"}],"about":[{"href":"https:\/\/www.ataunturismoa.eus\/en\/wp-json\/wp\/v2\/types\/page"}],"author":[{"embeddable":true,"href":"https:\/\/www.ataunturismoa.eus\/en\/wp-json\/wp\/v2\/users\/4"}],"replies":[{"embeddable":true,"href":"https:\/\/www.ataunturismoa.eus\/en\/wp-json\/wp\/v2\/comments?post=2033"}],"version-history":[{"count":3,"href":"https:\/\/www.ataunturismoa.eus\/en\/wp-json\/wp\/v2\/pages\/2033\/revisions"}],"predecessor-version":[{"id":5092,"href":"https:\/\/www.ataunturismoa.eus\/en\/wp-json\/wp\/v2\/pages\/2033\/revisions\/5092"}],"up":[{"embeddable":true,"href":"https:\/\/www.ataunturismoa.eus\/en\/wp-json\/wp\/v2\/pages\/2002"}],"wp:attachment":[{"href":"https:\/\/www.ataunturismoa.eus\/en\/wp-json\/wp\/v2\/media?parent=2033"}],"curies":[{"name":"wp","href":"https:\/\/api.w.org\/{rel}","templated":true}]}}