{"id":2030,"date":"2019-12-16T14:03:38","date_gmt":"2019-12-16T13:03:38","guid":{"rendered":"https:\/\/www.ataunturismoa.eus\/heritage\/the-ataun-organ-history\/"},"modified":"2023-11-17T15:46:13","modified_gmt":"2023-11-17T14:46:13","slug":"the-ataun-organ-history","status":"publish","type":"page","link":"https:\/\/www.ataunturismoa.eus\/en\/heritage\/the-ataun-organ-history\/","title":{"rendered":"The Ataun Organ: History"},"content":{"rendered":"\n<p>Los or\u00edgenes de este instrumento musical se remontan hasta el siglo III a.C. Geogr\u00e1ficamente, el &#8220;invento&#8221; se localiza en la ciudad de Alejandr\u00eda, que en la \u00e9poca mencionada era un importante centro de la cultura y la ciencia.<\/p>\n\n\n\n<p>En este contexto hist\u00f3rico el griego Ctesibios cre\u00f3 el&nbsp;<strong>hydraulis<\/strong>, es decir, el que se considera como el antepasado m\u00e1s lejano del \u00f3rgano. El nombre, con el que el propio autor-inventor denomin\u00f3 a su creaci\u00f3n , obedece a una caracter\u00edstica original de aquel primer \u00f3rgano: la utilizaci\u00f3n del agua como peso para comprimir el aire (hoy d\u00eda esa funci\u00f3n la desempe\u00f1an los pesos colocados sobre los tableros de los fuelles). El&nbsp;<strong>hydraulis<\/strong>&nbsp;pose\u00eda desde su invenci\u00f3n los elementos consustanciales a todo \u00f3rgano:<\/p>\n\n\n\n<ol class=\"wp-block-list\">\n<li>Una o varias filas de tubos sonoros.<\/li>\n\n\n\n<li>Un secreto para almacenar el viento.<\/li>\n\n\n\n<li>Unos fuelles.<\/li>\n\n\n\n<li>Un teclado para dirigir el viento hacia uno u otro tubo.<\/li>\n<\/ol>\n\n\n\n<p>El invento de Ctesibios tuvo una pronta aceptaci\u00f3n y expansi\u00f3n en el mundo griego. Adem\u00e1s, en este primer momento se us\u00f3 con distintas finalidades: para amenizar los momentos de ocio, para advertir a los ciudadanos en situaciones de alerta, para transmitir mensajes&#8230;<\/p>\n\n\n\n<div class=\"wp-block-columns is-layout-flex wp-container-core-columns-is-layout-9d6595d7 wp-block-columns-is-layout-flex\">\n<div class=\"wp-block-column is-layout-flow wp-block-column-is-layout-flow\">\n<figure class=\"wp-block-image size-full\"><img loading=\"lazy\" decoding=\"async\" width=\"800\" height=\"600\" src=\"https:\/\/www.ataunturismoa.eus\/wp-content\/uploads\/2023\/08\/ORGANOHISTORIA1.jpg\" alt=\"\" class=\"wp-image-3993\" srcset=\"https:\/\/www.ataunturismoa.eus\/wp-content\/uploads\/2023\/08\/ORGANOHISTORIA1.jpg 800w, https:\/\/www.ataunturismoa.eus\/wp-content\/uploads\/2023\/08\/ORGANOHISTORIA1-300x225.jpg 300w, https:\/\/www.ataunturismoa.eus\/wp-content\/uploads\/2023\/08\/ORGANOHISTORIA1-768x576.jpg 768w, https:\/\/www.ataunturismoa.eus\/wp-content\/uploads\/2023\/08\/ORGANOHISTORIA1-500x375.jpg 500w\" sizes=\"auto, (max-width: 800px) 100vw, 800px\" \/><\/figure>\n<\/div>\n\n\n\n<div class=\"wp-block-column is-layout-flow wp-block-column-is-layout-flow\">\n<figure class=\"wp-block-image size-full\"><img loading=\"lazy\" decoding=\"async\" width=\"800\" height=\"600\" src=\"https:\/\/www.ataunturismoa.eus\/wp-content\/uploads\/2023\/08\/ORGANOHISTORIA2.jpg\" alt=\"\" class=\"wp-image-3998\" srcset=\"https:\/\/www.ataunturismoa.eus\/wp-content\/uploads\/2023\/08\/ORGANOHISTORIA2.jpg 800w, https:\/\/www.ataunturismoa.eus\/wp-content\/uploads\/2023\/08\/ORGANOHISTORIA2-300x225.jpg 300w, https:\/\/www.ataunturismoa.eus\/wp-content\/uploads\/2023\/08\/ORGANOHISTORIA2-768x576.jpg 768w, https:\/\/www.ataunturismoa.eus\/wp-content\/uploads\/2023\/08\/ORGANOHISTORIA2-500x375.jpg 500w\" sizes=\"auto, (max-width: 800px) 100vw, 800px\" \/><\/figure>\n<\/div>\n<\/div>\n\n\n\n<p>Roma acogi\u00f3, tambi\u00e9n con gran \u00e9xito, el invento procedente de Grecia y as\u00ed, uno de sus m\u00e1s ilustres emperadores, Ner\u00f3n, fue organista y gran admirador de este instrumento musical.<\/p>\n\n\n\n<p>Cuando el Imperio romano de Occidente se hunde, v\u00edctima de las invasiones b\u00e1rbaras del siglo V, arrastra en su ca\u00edda al \u00f3rgano que, en consecuencia, desaparece de la Europa Occidental; pero este instrumento musical proseguir\u00e1 su camino y se difundir\u00e1 por el Imperio de Oriente.<\/p>\n\n\n\n<p>El \u00f3rgano reaparecer\u00e1 en los reinos cristianos de Occidente hacia el siglo X de la mano de los musulmanes (en la \u00e9poca de Abd al-Rahman III, califa de C\u00f3rdoba) y tras superar el ostracismo al que hab\u00eda sido condenado por la Iglesia, su historia ir\u00e1 inevitable y naturalmente unida a la historia de \u00e9sta, a los avatares de todo tipo que determinan la historia de cada centro o lugar de culto.<\/p>\n\n\n\n<p>Por eso, en la actualidad, los mejores y m\u00e1s hermosos exponentes se encuentran en las iglesias, catedrales y similares. Sin embargo, tuvo que esperar aproximadamente catorce siglos antes de que fuera aceptada por la Iglesia. Hasta el siglo XI el \u00e1mbito del \u00f3rgano estaba limitado a la vida civil, ya que la Iglesia rechazaba los instrumentos musicales por el &#8220;peligroso paganismo&#8221; del que se les acusaba. A partir del siglo XI la actitud de la Iglesia con respecto al \u00f3rgano empieza a cambiar, hasta que \u00e9ste llega a convertirse en un elemento importante en el campo religioso, no s\u00f3lo como el instrumento musical preferido, sino tambi\u00e9n como un componente arquitect\u00f3nico y art\u00edstico-est\u00e9tico de la iglesia o la catedral en que se ubica.<\/p>\n\n\n\n<p>De este modo, se crea un nexo inherente ente \u00f3rgano-iglesia\/catedral, por lo que en muchas ocasiones, la calidad y la belleza de aqu\u00e9l sirven como par\u00e1metro de la importancia y la grandeza de \u00e9sta.<\/p>\n\n\n\n<p>Hoy d\u00eda el \u00f3rgano ha conseguido atraer el inter\u00e9s de los expertos y de los menos expertos o los meros aficionados. Adem\u00e1s, este inter\u00e9s trasciende el \u00e1mbito puramente religioso y se empieza a estudiarlo como una obra de arte, parte integrante del patrimonio cultural, que como tal, hay que mimarlo y cuidarlo. Desde esta perspectiva, muchos \u00f3rganos se est\u00e1n restaurando, se ahonda en su historia, se organizan conciertos&#8230; y se publican folletos como \u00e9ste para darlos a conocer.<\/p>\n","protected":false},"excerpt":{"rendered":"<p>Los or\u00edgenes de este instrumento musical se remontan hasta el siglo III a.C. Geogr\u00e1ficamente, el &#8220;invento&#8221; se localiza en la ciudad de Alejandr\u00eda, que en la \u00e9poca mencionada era un importante centro de la cultura y la ciencia. En este contexto hist\u00f3rico el griego Ctesibios cre\u00f3 el&nbsp;hydraulis, es decir, el que se considera como el [&hellip;]<\/p>\n","protected":false},"author":4,"featured_media":0,"parent":2002,"menu_order":0,"comment_status":"closed","ping_status":"closed","template":"page-templates\/page-rigth.php","meta":{"footnotes":""},"class_list":["post-2030","page","type-page","status-publish","hentry"],"acf":[],"yoast_head":"<!-- This site is optimized with the Yoast SEO plugin v27.5 - https:\/\/yoast.com\/product\/yoast-seo-wordpress\/ -->\n<title>The Ataun Organ: History - Ataun Turismoa<\/title>\n<meta name=\"robots\" content=\"index, follow, max-snippet:-1, max-image-preview:large, max-video-preview:-1\" \/>\n<link rel=\"canonical\" href=\"https:\/\/www.ataunturismoa.eus\/en\/heritage\/the-ataun-organ-history\/\" \/>\n<meta property=\"og:locale\" content=\"en_US\" \/>\n<meta property=\"og:type\" content=\"article\" \/>\n<meta property=\"og:title\" content=\"The Ataun Organ: History - Ataun Turismoa\" \/>\n<meta property=\"og:description\" content=\"Los or\u00edgenes de este instrumento musical se remontan hasta el siglo III a.C. Geogr\u00e1ficamente, el &#8220;invento&#8221; se localiza en la ciudad de Alejandr\u00eda, que en la \u00e9poca mencionada era un importante centro de la cultura y la ciencia. En este contexto hist\u00f3rico el griego Ctesibios cre\u00f3 el&nbsp;hydraulis, es decir, el que se considera como el [&hellip;]\" \/>\n<meta property=\"og:url\" content=\"https:\/\/www.ataunturismoa.eus\/en\/heritage\/the-ataun-organ-history\/\" \/>\n<meta property=\"og:site_name\" content=\"Ataun Turismoa\" \/>\n<meta property=\"article:modified_time\" content=\"2023-11-17T14:46:13+00:00\" \/>\n<meta property=\"og:image\" content=\"https:\/\/www.ataunturismoa.eus\/wp-content\/uploads\/2023\/08\/ORGANOHISTORIA1.jpg\" \/>\n<meta name=\"twitter:card\" content=\"summary_large_image\" \/>\n<meta name=\"twitter:label1\" content=\"Est. reading time\" \/>\n\t<meta name=\"twitter:data1\" content=\"4 minutes\" \/>\n<script type=\"application\/ld+json\" class=\"yoast-schema-graph\">{\"@context\":\"https:\\\/\\\/schema.org\",\"@graph\":[{\"@type\":\"WebPage\",\"@id\":\"https:\\\/\\\/www.ataunturismoa.eus\\\/en\\\/heritage\\\/the-ataun-organ-history\\\/\",\"url\":\"https:\\\/\\\/www.ataunturismoa.eus\\\/en\\\/heritage\\\/the-ataun-organ-history\\\/\",\"name\":\"The Ataun Organ: History - Ataun Turismoa\",\"isPartOf\":{\"@id\":\"https:\\\/\\\/www.ataunturismoa.eus\\\/eu\\\/#website\"},\"primaryImageOfPage\":{\"@id\":\"https:\\\/\\\/www.ataunturismoa.eus\\\/en\\\/heritage\\\/the-ataun-organ-history\\\/#primaryimage\"},\"image\":{\"@id\":\"https:\\\/\\\/www.ataunturismoa.eus\\\/en\\\/heritage\\\/the-ataun-organ-history\\\/#primaryimage\"},\"thumbnailUrl\":\"https:\\\/\\\/www.ataunturismoa.eus\\\/wp-content\\\/uploads\\\/2023\\\/08\\\/ORGANOHISTORIA1.jpg\",\"datePublished\":\"2019-12-16T13:03:38+00:00\",\"dateModified\":\"2023-11-17T14:46:13+00:00\",\"breadcrumb\":{\"@id\":\"https:\\\/\\\/www.ataunturismoa.eus\\\/en\\\/heritage\\\/the-ataun-organ-history\\\/#breadcrumb\"},\"inLanguage\":\"en-US\",\"potentialAction\":[{\"@type\":\"ReadAction\",\"target\":[\"https:\\\/\\\/www.ataunturismoa.eus\\\/en\\\/heritage\\\/the-ataun-organ-history\\\/\"]}]},{\"@type\":\"ImageObject\",\"inLanguage\":\"en-US\",\"@id\":\"https:\\\/\\\/www.ataunturismoa.eus\\\/en\\\/heritage\\\/the-ataun-organ-history\\\/#primaryimage\",\"url\":\"https:\\\/\\\/www.ataunturismoa.eus\\\/wp-content\\\/uploads\\\/2023\\\/08\\\/ORGANOHISTORIA1.jpg\",\"contentUrl\":\"https:\\\/\\\/www.ataunturismoa.eus\\\/wp-content\\\/uploads\\\/2023\\\/08\\\/ORGANOHISTORIA1.jpg\"},{\"@type\":\"BreadcrumbList\",\"@id\":\"https:\\\/\\\/www.ataunturismoa.eus\\\/en\\\/heritage\\\/the-ataun-organ-history\\\/#breadcrumb\",\"itemListElement\":[{\"@type\":\"ListItem\",\"position\":1,\"name\":\"Inicio\",\"item\":\"https:\\\/\\\/www.ataunturismoa.eus\\\/en\\\/\"},{\"@type\":\"ListItem\",\"position\":2,\"name\":\"Historical heritage\",\"item\":\"https:\\\/\\\/www.ataunturismoa.eus\\\/en\\\/heritage\\\/\"},{\"@type\":\"ListItem\",\"position\":3,\"name\":\"The Ataun Organ: History\"}]},{\"@type\":\"WebSite\",\"@id\":\"https:\\\/\\\/www.ataunturismoa.eus\\\/eu\\\/#website\",\"url\":\"https:\\\/\\\/www.ataunturismoa.eus\\\/eu\\\/\",\"name\":\"Ataun Turismoa\",\"description\":\"\",\"potentialAction\":[{\"@type\":\"SearchAction\",\"target\":{\"@type\":\"EntryPoint\",\"urlTemplate\":\"https:\\\/\\\/www.ataunturismoa.eus\\\/eu\\\/?s={search_term_string}\"},\"query-input\":{\"@type\":\"PropertyValueSpecification\",\"valueRequired\":true,\"valueName\":\"search_term_string\"}}],\"inLanguage\":\"en-US\"}]}<\/script>\n<!-- \/ Yoast SEO plugin. -->","yoast_head_json":{"title":"The Ataun Organ: History - Ataun Turismoa","robots":{"index":"index","follow":"follow","max-snippet":"max-snippet:-1","max-image-preview":"max-image-preview:large","max-video-preview":"max-video-preview:-1"},"canonical":"https:\/\/www.ataunturismoa.eus\/en\/heritage\/the-ataun-organ-history\/","og_locale":"en_US","og_type":"article","og_title":"The Ataun Organ: History - Ataun Turismoa","og_description":"Los or\u00edgenes de este instrumento musical se remontan hasta el siglo III a.C. Geogr\u00e1ficamente, el &#8220;invento&#8221; se localiza en la ciudad de Alejandr\u00eda, que en la \u00e9poca mencionada era un importante centro de la cultura y la ciencia. En este contexto hist\u00f3rico el griego Ctesibios cre\u00f3 el&nbsp;hydraulis, es decir, el que se considera como el [&hellip;]","og_url":"https:\/\/www.ataunturismoa.eus\/en\/heritage\/the-ataun-organ-history\/","og_site_name":"Ataun Turismoa","article_modified_time":"2023-11-17T14:46:13+00:00","og_image":[{"url":"https:\/\/www.ataunturismoa.eus\/wp-content\/uploads\/2023\/08\/ORGANOHISTORIA1.jpg","type":"","width":"","height":""}],"twitter_card":"summary_large_image","twitter_misc":{"Est. reading time":"4 minutes"},"schema":{"@context":"https:\/\/schema.org","@graph":[{"@type":"WebPage","@id":"https:\/\/www.ataunturismoa.eus\/en\/heritage\/the-ataun-organ-history\/","url":"https:\/\/www.ataunturismoa.eus\/en\/heritage\/the-ataun-organ-history\/","name":"The Ataun Organ: History - Ataun Turismoa","isPartOf":{"@id":"https:\/\/www.ataunturismoa.eus\/eu\/#website"},"primaryImageOfPage":{"@id":"https:\/\/www.ataunturismoa.eus\/en\/heritage\/the-ataun-organ-history\/#primaryimage"},"image":{"@id":"https:\/\/www.ataunturismoa.eus\/en\/heritage\/the-ataun-organ-history\/#primaryimage"},"thumbnailUrl":"https:\/\/www.ataunturismoa.eus\/wp-content\/uploads\/2023\/08\/ORGANOHISTORIA1.jpg","datePublished":"2019-12-16T13:03:38+00:00","dateModified":"2023-11-17T14:46:13+00:00","breadcrumb":{"@id":"https:\/\/www.ataunturismoa.eus\/en\/heritage\/the-ataun-organ-history\/#breadcrumb"},"inLanguage":"en-US","potentialAction":[{"@type":"ReadAction","target":["https:\/\/www.ataunturismoa.eus\/en\/heritage\/the-ataun-organ-history\/"]}]},{"@type":"ImageObject","inLanguage":"en-US","@id":"https:\/\/www.ataunturismoa.eus\/en\/heritage\/the-ataun-organ-history\/#primaryimage","url":"https:\/\/www.ataunturismoa.eus\/wp-content\/uploads\/2023\/08\/ORGANOHISTORIA1.jpg","contentUrl":"https:\/\/www.ataunturismoa.eus\/wp-content\/uploads\/2023\/08\/ORGANOHISTORIA1.jpg"},{"@type":"BreadcrumbList","@id":"https:\/\/www.ataunturismoa.eus\/en\/heritage\/the-ataun-organ-history\/#breadcrumb","itemListElement":[{"@type":"ListItem","position":1,"name":"Inicio","item":"https:\/\/www.ataunturismoa.eus\/en\/"},{"@type":"ListItem","position":2,"name":"Historical heritage","item":"https:\/\/www.ataunturismoa.eus\/en\/heritage\/"},{"@type":"ListItem","position":3,"name":"The Ataun Organ: History"}]},{"@type":"WebSite","@id":"https:\/\/www.ataunturismoa.eus\/eu\/#website","url":"https:\/\/www.ataunturismoa.eus\/eu\/","name":"Ataun Turismoa","description":"","potentialAction":[{"@type":"SearchAction","target":{"@type":"EntryPoint","urlTemplate":"https:\/\/www.ataunturismoa.eus\/eu\/?s={search_term_string}"},"query-input":{"@type":"PropertyValueSpecification","valueRequired":true,"valueName":"search_term_string"}}],"inLanguage":"en-US"}]}},"_links":{"self":[{"href":"https:\/\/www.ataunturismoa.eus\/en\/wp-json\/wp\/v2\/pages\/2030","targetHints":{"allow":["GET"]}}],"collection":[{"href":"https:\/\/www.ataunturismoa.eus\/en\/wp-json\/wp\/v2\/pages"}],"about":[{"href":"https:\/\/www.ataunturismoa.eus\/en\/wp-json\/wp\/v2\/types\/page"}],"author":[{"embeddable":true,"href":"https:\/\/www.ataunturismoa.eus\/en\/wp-json\/wp\/v2\/users\/4"}],"replies":[{"embeddable":true,"href":"https:\/\/www.ataunturismoa.eus\/en\/wp-json\/wp\/v2\/comments?post=2030"}],"version-history":[{"count":3,"href":"https:\/\/www.ataunturismoa.eus\/en\/wp-json\/wp\/v2\/pages\/2030\/revisions"}],"predecessor-version":[{"id":5096,"href":"https:\/\/www.ataunturismoa.eus\/en\/wp-json\/wp\/v2\/pages\/2030\/revisions\/5096"}],"up":[{"embeddable":true,"href":"https:\/\/www.ataunturismoa.eus\/en\/wp-json\/wp\/v2\/pages\/2002"}],"wp:attachment":[{"href":"https:\/\/www.ataunturismoa.eus\/en\/wp-json\/wp\/v2\/media?parent=2030"}],"curies":[{"name":"wp","href":"https:\/\/api.w.org\/{rel}","templated":true}]}}