{"id":5238,"date":"2024-01-05T11:45:12","date_gmt":"2024-01-05T10:45:12","guid":{"rendered":"https:\/\/www.ataunturismoa.eus\/museus\/museu-barandiaran\/"},"modified":"2024-01-05T11:45:12","modified_gmt":"2024-01-05T10:45:12","slug":"museu-barandiaran","status":"publish","type":"page","link":"https:\/\/www.ataunturismoa.eus\/ca\/museus\/museu-barandiaran\/","title":{"rendered":"Museu Barandiaran"},"content":{"rendered":"\n<p>El Museu Barandiaran est\u00e0 situat en el mol\u00ed Larruntza, en el barri de Sant Gregori. El museu consta de dues plantes. En la inferior es poden trobar nombrosos recursos que mostren la import\u00e0ncia dels treballs arqueol\u00f2gics i etnogr\u00e0fics de Joxemiel Barandiaran. En la de dalt, per contra, es dona a con\u00e8ixer la vida de Barandiaran a trav\u00e9s de v\u00eddeos did\u00e0ctics.<\/p>\n\n<h3 class=\"wp-block-heading\">Joxemiel Barandiaran<\/h3>\n\n<p>Joxemiel Barandiaran Aierbe va n\u00e9ixer en 1889 en el caseriu Peruenezar d&#8217;Ataun i va morir en 1991 a la casa Sara. Va ser un dels investigadors bascos m\u00e9s importants del segle XX gr\u00e0cies als seus treballs etnol\u00f2gics, antropol\u00f2gics, arqueol\u00f2gics i mitol\u00f2gics.<\/p>\n\n<h3 class=\"wp-block-heading\">El mol\u00ed Larruntza i el petit mol\u00ed<\/h3>\n\n<p>Les primeres refer\u00e8ncies del mol\u00ed Larruntza daten del segle XV. L&#8217;any 2003 el Govern Basc va declarar aquest espai com a conjunt monumental i encara que l&#8217;edifici ha conservat l&#8217;aspecte original, avui dia el seu interior est\u00e0 ple de recursos t\u00e8cnic-did\u00e0ctics.<\/p>\n\n<p>Al costat del mol\u00ed de Larruntza es troba el segon mol\u00ed i la serradora Errotatxo, amb els seus propis reclinadores. Totes aquestes estructures formen un espectacular conjunt hidr\u00e0ulic.<\/p>\n\n<h3 class=\"wp-block-heading\">\u00c0mplia oferta<\/h3>\n\n<p>El Museu Barandiar\u00e1n compta amb una \u00e0mplia oferta d&#8217;activitats relacionades amb l&#8217;educaci\u00f3 i moltes altres disciplines. Per a m\u00e9s informaci\u00f3 sobre aquest tema es pot consultar el portal <a href=\"https:\/\/www.gipuzkoanatura.eus\/eu\/parketxeak\/barandiaran\">Gipuzkoa Natura<\/a>.<\/p>\n\n<div class=\"wp-block-columns is-layout-flex wp-container-core-columns-is-layout-9d6595d7 wp-block-columns-is-layout-flex\">\n<div class=\"wp-block-column is-layout-flow wp-block-column-is-layout-flow\">\n<h3 class=\"wp-block-heading\">Horari<\/h3>\n\n\n\n<p>De dimecres a diumenge de 10.00 a 14.00.<\/p>\n<\/div>\n\n\n\n<div class=\"wp-block-column is-layout-flow wp-block-column-is-layout-flow\">\n<h3 class=\"wp-block-heading\">Contact<\/h3>\n\n\n\n<p>Tel\u00e8fon: 943 18 03 35 \/ 688 895 069<br\/>&#13;\nCorreu electr\u00f3nic: barandiaran@gipuzkoanatura.eus<\/p>\n<\/div>\n<\/div>\n\n<figure class=\"wp-block-gallery has-nested-images columns-default is-cropped wp-block-gallery-1 is-layout-flex wp-block-gallery-is-layout-flex\">\n<figure class=\"wp-block-image size-large\"><img loading=\"lazy\" decoding=\"async\" width=\"1024\" height=\"768\" data-id=\"3100\" src=\"https:\/\/www.ataunturismoa.eus\/wp-content\/uploads\/2023\/07\/web_IMG20230518111514-1024x768.jpg\" alt=\"\" class=\"wp-image-3100\" srcset=\"https:\/\/www.ataunturismoa.eus\/wp-content\/uploads\/2023\/07\/web_IMG20230518111514-1024x768.jpg 1024w, https:\/\/www.ataunturismoa.eus\/wp-content\/uploads\/2023\/07\/web_IMG20230518111514-300x225.jpg 300w, https:\/\/www.ataunturismoa.eus\/wp-content\/uploads\/2023\/07\/web_IMG20230518111514-768x576.jpg 768w, https:\/\/www.ataunturismoa.eus\/wp-content\/uploads\/2023\/07\/web_IMG20230518111514-500x375.jpg 500w, https:\/\/www.ataunturismoa.eus\/wp-content\/uploads\/2023\/07\/web_IMG20230518111514-800x600.jpg 800w, https:\/\/www.ataunturismoa.eus\/wp-content\/uploads\/2023\/07\/web_IMG20230518111514-1280x960.jpg 1280w, https:\/\/www.ataunturismoa.eus\/wp-content\/uploads\/2023\/07\/web_IMG20230518111514.jpg 1440w\" sizes=\"auto, (max-width: 1024px) 100vw, 1024px\" \/><\/figure>\n\n\n\n<figure class=\"wp-block-image size-large\"><img loading=\"lazy\" decoding=\"async\" width=\"1024\" height=\"768\" data-id=\"3104\" src=\"https:\/\/www.ataunturismoa.eus\/wp-content\/uploads\/2023\/07\/web_IMG20230518111532-1024x768.jpg\" alt=\"\" class=\"wp-image-3104\" srcset=\"https:\/\/www.ataunturismoa.eus\/wp-content\/uploads\/2023\/07\/web_IMG20230518111532-1024x768.jpg 1024w, https:\/\/www.ataunturismoa.eus\/wp-content\/uploads\/2023\/07\/web_IMG20230518111532-300x225.jpg 300w, https:\/\/www.ataunturismoa.eus\/wp-content\/uploads\/2023\/07\/web_IMG20230518111532-768x576.jpg 768w, https:\/\/www.ataunturismoa.eus\/wp-content\/uploads\/2023\/07\/web_IMG20230518111532-500x375.jpg 500w, https:\/\/www.ataunturismoa.eus\/wp-content\/uploads\/2023\/07\/web_IMG20230518111532-800x600.jpg 800w, https:\/\/www.ataunturismoa.eus\/wp-content\/uploads\/2023\/07\/web_IMG20230518111532-1280x960.jpg 1280w, https:\/\/www.ataunturismoa.eus\/wp-content\/uploads\/2023\/07\/web_IMG20230518111532.jpg 1440w\" sizes=\"auto, (max-width: 1024px) 100vw, 1024px\" \/><\/figure>\n\n\n\n<figure class=\"wp-block-image size-large\"><img loading=\"lazy\" decoding=\"async\" width=\"1024\" height=\"768\" data-id=\"3086\" src=\"https:\/\/www.ataunturismoa.eus\/wp-content\/uploads\/2023\/07\/web_IMG20230518111730-1024x768.jpg\" alt=\"\" class=\"wp-image-3086\" srcset=\"https:\/\/www.ataunturismoa.eus\/wp-content\/uploads\/2023\/07\/web_IMG20230518111730-1024x768.jpg 1024w, https:\/\/www.ataunturismoa.eus\/wp-content\/uploads\/2023\/07\/web_IMG20230518111730-300x225.jpg 300w, https:\/\/www.ataunturismoa.eus\/wp-content\/uploads\/2023\/07\/web_IMG20230518111730-768x576.jpg 768w, https:\/\/www.ataunturismoa.eus\/wp-content\/uploads\/2023\/07\/web_IMG20230518111730-500x375.jpg 500w, https:\/\/www.ataunturismoa.eus\/wp-content\/uploads\/2023\/07\/web_IMG20230518111730-800x600.jpg 800w, https:\/\/www.ataunturismoa.eus\/wp-content\/uploads\/2023\/07\/web_IMG20230518111730-1280x960.jpg 1280w, https:\/\/www.ataunturismoa.eus\/wp-content\/uploads\/2023\/07\/web_IMG20230518111730.jpg 1440w\" sizes=\"auto, (max-width: 1024px) 100vw, 1024px\" \/><\/figure>\n\n\n\n<figure class=\"wp-block-image size-large\"><img loading=\"lazy\" decoding=\"async\" width=\"1024\" height=\"768\" data-id=\"3113\" src=\"https:\/\/www.ataunturismoa.eus\/wp-content\/uploads\/2023\/07\/web_IMG20230518113033-1024x768.jpg\" alt=\"\" class=\"wp-image-3113\" srcset=\"https:\/\/www.ataunturismoa.eus\/wp-content\/uploads\/2023\/07\/web_IMG20230518113033-1024x768.jpg 1024w, https:\/\/www.ataunturismoa.eus\/wp-content\/uploads\/2023\/07\/web_IMG20230518113033-300x225.jpg 300w, https:\/\/www.ataunturismoa.eus\/wp-content\/uploads\/2023\/07\/web_IMG20230518113033-768x576.jpg 768w, https:\/\/www.ataunturismoa.eus\/wp-content\/uploads\/2023\/07\/web_IMG20230518113033-500x375.jpg 500w, https:\/\/www.ataunturismoa.eus\/wp-content\/uploads\/2023\/07\/web_IMG20230518113033-800x600.jpg 800w, https:\/\/www.ataunturismoa.eus\/wp-content\/uploads\/2023\/07\/web_IMG20230518113033-1280x960.jpg 1280w, https:\/\/www.ataunturismoa.eus\/wp-content\/uploads\/2023\/07\/web_IMG20230518113033.jpg 1440w\" sizes=\"auto, (max-width: 1024px) 100vw, 1024px\" \/><\/figure>\n\n\n\n<figure class=\"wp-block-image size-large\"><img loading=\"lazy\" decoding=\"async\" width=\"768\" height=\"1024\" data-id=\"3073\" src=\"https:\/\/www.ataunturismoa.eus\/wp-content\/uploads\/2023\/07\/web_IMG20230518113440-768x1024.jpg\" alt=\"\" class=\"wp-image-3073\" srcset=\"https:\/\/www.ataunturismoa.eus\/wp-content\/uploads\/2023\/07\/web_IMG20230518113440-768x1024.jpg 768w, https:\/\/www.ataunturismoa.eus\/wp-content\/uploads\/2023\/07\/web_IMG20230518113440-225x300.jpg 225w, https:\/\/www.ataunturismoa.eus\/wp-content\/uploads\/2023\/07\/web_IMG20230518113440-500x667.jpg 500w, https:\/\/www.ataunturismoa.eus\/wp-content\/uploads\/2023\/07\/web_IMG20230518113440-800x1067.jpg 800w, https:\/\/www.ataunturismoa.eus\/wp-content\/uploads\/2023\/07\/web_IMG20230518113440.jpg 810w\" sizes=\"auto, (max-width: 768px) 100vw, 768px\" \/><figcaption class=\"wp-element-caption\">charset=InvalidCharsetId<\/figcaption><\/figure>\n\n\n\n<figure class=\"wp-block-image size-large\"><img loading=\"lazy\" decoding=\"async\" width=\"1024\" height=\"424\" data-id=\"3120\" src=\"https:\/\/www.ataunturismoa.eus\/wp-content\/uploads\/2023\/07\/web_IMG_3301-1024x424.jpg\" alt=\"\" class=\"wp-image-3120\" srcset=\"https:\/\/www.ataunturismoa.eus\/wp-content\/uploads\/2023\/07\/web_IMG_3301-1024x424.jpg 1024w, https:\/\/www.ataunturismoa.eus\/wp-content\/uploads\/2023\/07\/web_IMG_3301-300x124.jpg 300w, https:\/\/www.ataunturismoa.eus\/wp-content\/uploads\/2023\/07\/web_IMG_3301-768x318.jpg 768w, https:\/\/www.ataunturismoa.eus\/wp-content\/uploads\/2023\/07\/web_IMG_3301-1536x636.jpg 1536w, https:\/\/www.ataunturismoa.eus\/wp-content\/uploads\/2023\/07\/web_IMG_3301-500x207.jpg 500w, https:\/\/www.ataunturismoa.eus\/wp-content\/uploads\/2023\/07\/web_IMG_3301-800x331.jpg 800w, https:\/\/www.ataunturismoa.eus\/wp-content\/uploads\/2023\/07\/web_IMG_3301-1280x530.jpg 1280w, https:\/\/www.ataunturismoa.eus\/wp-content\/uploads\/2023\/07\/web_IMG_3301.jpg 1920w\" sizes=\"auto, (max-width: 1024px) 100vw, 1024px\" \/><\/figure>\n\n\n\n<figure class=\"wp-block-image size-large\"><img loading=\"lazy\" decoding=\"async\" width=\"1024\" height=\"768\" data-id=\"3078\" src=\"https:\/\/www.ataunturismoa.eus\/wp-content\/uploads\/2023\/07\/web_IMG_3303-1024x768.jpg\" alt=\"\" class=\"wp-image-3078\" srcset=\"https:\/\/www.ataunturismoa.eus\/wp-content\/uploads\/2023\/07\/web_IMG_3303-1024x768.jpg 1024w, https:\/\/www.ataunturismoa.eus\/wp-content\/uploads\/2023\/07\/web_IMG_3303-300x225.jpg 300w, https:\/\/www.ataunturismoa.eus\/wp-content\/uploads\/2023\/07\/web_IMG_3303-768x576.jpg 768w, https:\/\/www.ataunturismoa.eus\/wp-content\/uploads\/2023\/07\/web_IMG_3303-500x375.jpg 500w, https:\/\/www.ataunturismoa.eus\/wp-content\/uploads\/2023\/07\/web_IMG_3303-800x600.jpg 800w, https:\/\/www.ataunturismoa.eus\/wp-content\/uploads\/2023\/07\/web_IMG_3303-1280x960.jpg 1280w, https:\/\/www.ataunturismoa.eus\/wp-content\/uploads\/2023\/07\/web_IMG_3303.jpg 1440w\" sizes=\"auto, (max-width: 1024px) 100vw, 1024px\" \/><\/figure>\n\n\n\n<figure class=\"wp-block-image size-large\"><img loading=\"lazy\" decoding=\"async\" width=\"1024\" height=\"532\" data-id=\"3083\" src=\"https:\/\/www.ataunturismoa.eus\/wp-content\/uploads\/2023\/07\/web_IMG_3304-1024x532.jpg\" alt=\"\" class=\"wp-image-3083\" srcset=\"https:\/\/www.ataunturismoa.eus\/wp-content\/uploads\/2023\/07\/web_IMG_3304-1024x532.jpg 1024w, https:\/\/www.ataunturismoa.eus\/wp-content\/uploads\/2023\/07\/web_IMG_3304-300x156.jpg 300w, https:\/\/www.ataunturismoa.eus\/wp-content\/uploads\/2023\/07\/web_IMG_3304-768x399.jpg 768w, https:\/\/www.ataunturismoa.eus\/wp-content\/uploads\/2023\/07\/web_IMG_3304-1536x798.jpg 1536w, https:\/\/www.ataunturismoa.eus\/wp-content\/uploads\/2023\/07\/web_IMG_3304-500x260.jpg 500w, https:\/\/www.ataunturismoa.eus\/wp-content\/uploads\/2023\/07\/web_IMG_3304-800x415.jpg 800w, https:\/\/www.ataunturismoa.eus\/wp-content\/uploads\/2023\/07\/web_IMG_3304-1280x665.jpg 1280w, https:\/\/www.ataunturismoa.eus\/wp-content\/uploads\/2023\/07\/web_IMG_3304.jpg 1920w\" sizes=\"auto, (max-width: 1024px) 100vw, 1024px\" \/><\/figure>\n\n\n\n<figure class=\"wp-block-image size-large\"><img loading=\"lazy\" decoding=\"async\" width=\"1024\" height=\"570\" data-id=\"3088\" src=\"https:\/\/www.ataunturismoa.eus\/wp-content\/uploads\/2023\/07\/web_IMG_3305-1024x570.jpg\" alt=\"\" class=\"wp-image-3088\" srcset=\"https:\/\/www.ataunturismoa.eus\/wp-content\/uploads\/2023\/07\/web_IMG_3305-1024x570.jpg 1024w, https:\/\/www.ataunturismoa.eus\/wp-content\/uploads\/2023\/07\/web_IMG_3305-300x167.jpg 300w, https:\/\/www.ataunturismoa.eus\/wp-content\/uploads\/2023\/07\/web_IMG_3305-768x428.jpg 768w, https:\/\/www.ataunturismoa.eus\/wp-content\/uploads\/2023\/07\/web_IMG_3305-1536x855.jpg 1536w, https:\/\/www.ataunturismoa.eus\/wp-content\/uploads\/2023\/07\/web_IMG_3305-500x278.jpg 500w, https:\/\/www.ataunturismoa.eus\/wp-content\/uploads\/2023\/07\/web_IMG_3305-800x445.jpg 800w, https:\/\/www.ataunturismoa.eus\/wp-content\/uploads\/2023\/07\/web_IMG_3305-1280x713.jpg 1280w, https:\/\/www.ataunturismoa.eus\/wp-content\/uploads\/2023\/07\/web_IMG_3305.jpg 1920w\" sizes=\"auto, (max-width: 1024px) 100vw, 1024px\" \/><\/figure>\n\n\n\n<figure class=\"wp-block-image size-large\"><img loading=\"lazy\" decoding=\"async\" width=\"1024\" height=\"576\" data-id=\"3118\" src=\"https:\/\/www.ataunturismoa.eus\/wp-content\/uploads\/2023\/07\/web_IMG_3308-1024x576.jpg\" alt=\"\" class=\"wp-image-3118\" srcset=\"https:\/\/www.ataunturismoa.eus\/wp-content\/uploads\/2023\/07\/web_IMG_3308-1024x576.jpg 1024w, https:\/\/www.ataunturismoa.eus\/wp-content\/uploads\/2023\/07\/web_IMG_3308-300x169.jpg 300w, https:\/\/www.ataunturismoa.eus\/wp-content\/uploads\/2023\/07\/web_IMG_3308-768x432.jpg 768w, https:\/\/www.ataunturismoa.eus\/wp-content\/uploads\/2023\/07\/web_IMG_3308-1536x864.jpg 1536w, https:\/\/www.ataunturismoa.eus\/wp-content\/uploads\/2023\/07\/web_IMG_3308-500x281.jpg 500w, https:\/\/www.ataunturismoa.eus\/wp-content\/uploads\/2023\/07\/web_IMG_3308-800x450.jpg 800w, https:\/\/www.ataunturismoa.eus\/wp-content\/uploads\/2023\/07\/web_IMG_3308-1280x720.jpg 1280w, https:\/\/www.ataunturismoa.eus\/wp-content\/uploads\/2023\/07\/web_IMG_3308.jpg 1920w\" sizes=\"auto, (max-width: 1024px) 100vw, 1024px\" \/><\/figure>\n\n\n\n<figure class=\"wp-block-image size-large\"><img loading=\"lazy\" decoding=\"async\" width=\"1024\" height=\"576\" data-id=\"3122\" src=\"https:\/\/www.ataunturismoa.eus\/wp-content\/uploads\/2023\/07\/web_IMG_E3302-1024x576.jpg\" alt=\"\" class=\"wp-image-3122\" srcset=\"https:\/\/www.ataunturismoa.eus\/wp-content\/uploads\/2023\/07\/web_IMG_E3302-1024x576.jpg 1024w, https:\/\/www.ataunturismoa.eus\/wp-content\/uploads\/2023\/07\/web_IMG_E3302-300x169.jpg 300w, https:\/\/www.ataunturismoa.eus\/wp-content\/uploads\/2023\/07\/web_IMG_E3302-768x432.jpg 768w, https:\/\/www.ataunturismoa.eus\/wp-content\/uploads\/2023\/07\/web_IMG_E3302-1536x864.jpg 1536w, https:\/\/www.ataunturismoa.eus\/wp-content\/uploads\/2023\/07\/web_IMG_E3302-500x281.jpg 500w, https:\/\/www.ataunturismoa.eus\/wp-content\/uploads\/2023\/07\/web_IMG_E3302-800x450.jpg 800w, https:\/\/www.ataunturismoa.eus\/wp-content\/uploads\/2023\/07\/web_IMG_E3302-1280x720.jpg 1280w, https:\/\/www.ataunturismoa.eus\/wp-content\/uploads\/2023\/07\/web_IMG_E3302.jpg 1920w\" sizes=\"auto, (max-width: 1024px) 100vw, 1024px\" \/><\/figure>\n\n\n\n<figure class=\"wp-block-image size-large\"><img loading=\"lazy\" decoding=\"async\" width=\"709\" height=\"1024\" data-id=\"3094\" src=\"https:\/\/www.ataunturismoa.eus\/wp-content\/uploads\/2023\/07\/web_IMG_E3307-709x1024.jpg\" alt=\"\" class=\"wp-image-3094\" srcset=\"https:\/\/www.ataunturismoa.eus\/wp-content\/uploads\/2023\/07\/web_IMG_E3307-709x1024.jpg 709w, https:\/\/www.ataunturismoa.eus\/wp-content\/uploads\/2023\/07\/web_IMG_E3307-208x300.jpg 208w, https:\/\/www.ataunturismoa.eus\/wp-content\/uploads\/2023\/07\/web_IMG_E3307-500x722.jpg 500w, https:\/\/www.ataunturismoa.eus\/wp-content\/uploads\/2023\/07\/web_IMG_E3307.jpg 748w\" sizes=\"auto, (max-width: 709px) 100vw, 709px\" \/><\/figure>\n<\/figure>\n","protected":false},"excerpt":{"rendered":"<p>El Museu Barandiaran est\u00e0 situat en el mol\u00ed Larruntza, en el barri de Sant Gregori. El museu consta de dues plantes. En la inferior es poden trobar nombrosos recursos que mostren la import\u00e0ncia dels treballs arqueol\u00f2gics i etnogr\u00e0fics de Joxemiel Barandiaran. En la de dalt, per contra, es dona a con\u00e8ixer la vida de Barandiaran [&hellip;]<\/p>\n","protected":false},"author":5,"featured_media":2921,"parent":5236,"menu_order":0,"comment_status":"closed","ping_status":"closed","template":"page-templates\/page-rigth-noimage.php","meta":{"footnotes":""},"class_list":["post-5238","page","type-page","status-publish","has-post-thumbnail","hentry"],"acf":[],"yoast_head":"<!-- This site is optimized with the Yoast SEO plugin v27.5 - https:\/\/yoast.com\/product\/yoast-seo-wordpress\/ -->\n<title>Museu Barandiaran - Ataun Turismoa<\/title>\n<meta name=\"robots\" content=\"index, follow, max-snippet:-1, max-image-preview:large, max-video-preview:-1\" \/>\n<link rel=\"canonical\" href=\"https:\/\/www.ataunturismoa.eus\/ca\/museus\/museu-barandiaran\/\" \/>\n<meta property=\"og:locale\" content=\"ca_ES\" \/>\n<meta property=\"og:type\" content=\"article\" \/>\n<meta property=\"og:title\" content=\"Museu Barandiaran - Ataun Turismoa\" \/>\n<meta property=\"og:description\" content=\"El Museu Barandiaran est\u00e0 situat en el mol\u00ed Larruntza, en el barri de Sant Gregori. El museu consta de dues plantes. En la inferior es poden trobar nombrosos recursos que mostren la import\u00e0ncia dels treballs arqueol\u00f2gics i etnogr\u00e0fics de Joxemiel Barandiaran. En la de dalt, per contra, es dona a con\u00e8ixer la vida de Barandiaran [&hellip;]\" \/>\n<meta property=\"og:url\" content=\"https:\/\/www.ataunturismoa.eus\/ca\/museus\/museu-barandiaran\/\" \/>\n<meta property=\"og:site_name\" content=\"Ataun Turismoa\" \/>\n<meta property=\"og:image\" content=\"https:\/\/www.ataunturismoa.eus\/wp-content\/uploads\/2023\/06\/Mod-top-IMG20230518111514.jpg\" \/>\n\t<meta property=\"og:image:width\" content=\"1200\" \/>\n\t<meta property=\"og:image:height\" content=\"900\" \/>\n\t<meta property=\"og:image:type\" content=\"image\/jpeg\" \/>\n<meta name=\"twitter:card\" content=\"summary_large_image\" \/>\n<meta name=\"twitter:label1\" content=\"Temps estimat de lectura\" \/>\n\t<meta name=\"twitter:data1\" content=\"1 minut\" \/>\n<script type=\"application\/ld+json\" class=\"yoast-schema-graph\">{\"@context\":\"https:\\\/\\\/schema.org\",\"@graph\":[{\"@type\":\"WebPage\",\"@id\":\"https:\\\/\\\/www.ataunturismoa.eus\\\/ca\\\/museus\\\/museu-barandiaran\\\/\",\"url\":\"https:\\\/\\\/www.ataunturismoa.eus\\\/ca\\\/museus\\\/museu-barandiaran\\\/\",\"name\":\"Museu Barandiaran - Ataun Turismoa\",\"isPartOf\":{\"@id\":\"https:\\\/\\\/www.ataunturismoa.eus\\\/eu\\\/#website\"},\"primaryImageOfPage\":{\"@id\":\"https:\\\/\\\/www.ataunturismoa.eus\\\/ca\\\/museus\\\/museu-barandiaran\\\/#primaryimage\"},\"image\":{\"@id\":\"https:\\\/\\\/www.ataunturismoa.eus\\\/ca\\\/museus\\\/museu-barandiaran\\\/#primaryimage\"},\"thumbnailUrl\":\"https:\\\/\\\/www.ataunturismoa.eus\\\/wp-content\\\/uploads\\\/2023\\\/06\\\/Mod-top-IMG20230518111514.jpg\",\"datePublished\":\"2024-01-05T10:45:12+00:00\",\"breadcrumb\":{\"@id\":\"https:\\\/\\\/www.ataunturismoa.eus\\\/ca\\\/museus\\\/museu-barandiaran\\\/#breadcrumb\"},\"inLanguage\":\"ca\",\"potentialAction\":[{\"@type\":\"ReadAction\",\"target\":[\"https:\\\/\\\/www.ataunturismoa.eus\\\/ca\\\/museus\\\/museu-barandiaran\\\/\"]}]},{\"@type\":\"ImageObject\",\"inLanguage\":\"ca\",\"@id\":\"https:\\\/\\\/www.ataunturismoa.eus\\\/ca\\\/museus\\\/museu-barandiaran\\\/#primaryimage\",\"url\":\"https:\\\/\\\/www.ataunturismoa.eus\\\/wp-content\\\/uploads\\\/2023\\\/06\\\/Mod-top-IMG20230518111514.jpg\",\"contentUrl\":\"https:\\\/\\\/www.ataunturismoa.eus\\\/wp-content\\\/uploads\\\/2023\\\/06\\\/Mod-top-IMG20230518111514.jpg\",\"width\":1200,\"height\":900},{\"@type\":\"BreadcrumbList\",\"@id\":\"https:\\\/\\\/www.ataunturismoa.eus\\\/ca\\\/museus\\\/museu-barandiaran\\\/#breadcrumb\",\"itemListElement\":[{\"@type\":\"ListItem\",\"position\":1,\"name\":\"Inicio\",\"item\":\"https:\\\/\\\/www.ataunturismoa.eus\\\/ca\\\/\"},{\"@type\":\"ListItem\",\"position\":2,\"name\":\"Museus\",\"item\":\"https:\\\/\\\/www.ataunturismoa.eus\\\/ca\\\/museus\\\/\"},{\"@type\":\"ListItem\",\"position\":3,\"name\":\"Museu Barandiaran\"}]},{\"@type\":\"WebSite\",\"@id\":\"https:\\\/\\\/www.ataunturismoa.eus\\\/eu\\\/#website\",\"url\":\"https:\\\/\\\/www.ataunturismoa.eus\\\/eu\\\/\",\"name\":\"Ataun Turismoa\",\"description\":\"\",\"potentialAction\":[{\"@type\":\"SearchAction\",\"target\":{\"@type\":\"EntryPoint\",\"urlTemplate\":\"https:\\\/\\\/www.ataunturismoa.eus\\\/eu\\\/?s={search_term_string}\"},\"query-input\":{\"@type\":\"PropertyValueSpecification\",\"valueRequired\":true,\"valueName\":\"search_term_string\"}}],\"inLanguage\":\"ca\"}]}<\/script>\n<!-- \/ Yoast SEO plugin. -->","yoast_head_json":{"title":"Museu Barandiaran - Ataun Turismoa","robots":{"index":"index","follow":"follow","max-snippet":"max-snippet:-1","max-image-preview":"max-image-preview:large","max-video-preview":"max-video-preview:-1"},"canonical":"https:\/\/www.ataunturismoa.eus\/ca\/museus\/museu-barandiaran\/","og_locale":"ca_ES","og_type":"article","og_title":"Museu Barandiaran - Ataun Turismoa","og_description":"El Museu Barandiaran est\u00e0 situat en el mol\u00ed Larruntza, en el barri de Sant Gregori. El museu consta de dues plantes. En la inferior es poden trobar nombrosos recursos que mostren la import\u00e0ncia dels treballs arqueol\u00f2gics i etnogr\u00e0fics de Joxemiel Barandiaran. En la de dalt, per contra, es dona a con\u00e8ixer la vida de Barandiaran [&hellip;]","og_url":"https:\/\/www.ataunturismoa.eus\/ca\/museus\/museu-barandiaran\/","og_site_name":"Ataun Turismoa","og_image":[{"width":1200,"height":900,"url":"https:\/\/www.ataunturismoa.eus\/wp-content\/uploads\/2023\/06\/Mod-top-IMG20230518111514.jpg","type":"image\/jpeg"}],"twitter_card":"summary_large_image","twitter_misc":{"Temps estimat de lectura":"1 minut"},"schema":{"@context":"https:\/\/schema.org","@graph":[{"@type":"WebPage","@id":"https:\/\/www.ataunturismoa.eus\/ca\/museus\/museu-barandiaran\/","url":"https:\/\/www.ataunturismoa.eus\/ca\/museus\/museu-barandiaran\/","name":"Museu Barandiaran - Ataun Turismoa","isPartOf":{"@id":"https:\/\/www.ataunturismoa.eus\/eu\/#website"},"primaryImageOfPage":{"@id":"https:\/\/www.ataunturismoa.eus\/ca\/museus\/museu-barandiaran\/#primaryimage"},"image":{"@id":"https:\/\/www.ataunturismoa.eus\/ca\/museus\/museu-barandiaran\/#primaryimage"},"thumbnailUrl":"https:\/\/www.ataunturismoa.eus\/wp-content\/uploads\/2023\/06\/Mod-top-IMG20230518111514.jpg","datePublished":"2024-01-05T10:45:12+00:00","breadcrumb":{"@id":"https:\/\/www.ataunturismoa.eus\/ca\/museus\/museu-barandiaran\/#breadcrumb"},"inLanguage":"ca","potentialAction":[{"@type":"ReadAction","target":["https:\/\/www.ataunturismoa.eus\/ca\/museus\/museu-barandiaran\/"]}]},{"@type":"ImageObject","inLanguage":"ca","@id":"https:\/\/www.ataunturismoa.eus\/ca\/museus\/museu-barandiaran\/#primaryimage","url":"https:\/\/www.ataunturismoa.eus\/wp-content\/uploads\/2023\/06\/Mod-top-IMG20230518111514.jpg","contentUrl":"https:\/\/www.ataunturismoa.eus\/wp-content\/uploads\/2023\/06\/Mod-top-IMG20230518111514.jpg","width":1200,"height":900},{"@type":"BreadcrumbList","@id":"https:\/\/www.ataunturismoa.eus\/ca\/museus\/museu-barandiaran\/#breadcrumb","itemListElement":[{"@type":"ListItem","position":1,"name":"Inicio","item":"https:\/\/www.ataunturismoa.eus\/ca\/"},{"@type":"ListItem","position":2,"name":"Museus","item":"https:\/\/www.ataunturismoa.eus\/ca\/museus\/"},{"@type":"ListItem","position":3,"name":"Museu Barandiaran"}]},{"@type":"WebSite","@id":"https:\/\/www.ataunturismoa.eus\/eu\/#website","url":"https:\/\/www.ataunturismoa.eus\/eu\/","name":"Ataun Turismoa","description":"","potentialAction":[{"@type":"SearchAction","target":{"@type":"EntryPoint","urlTemplate":"https:\/\/www.ataunturismoa.eus\/eu\/?s={search_term_string}"},"query-input":{"@type":"PropertyValueSpecification","valueRequired":true,"valueName":"search_term_string"}}],"inLanguage":"ca"}]}},"_links":{"self":[{"href":"https:\/\/www.ataunturismoa.eus\/ca\/wp-json\/wp\/v2\/pages\/5238","targetHints":{"allow":["GET"]}}],"collection":[{"href":"https:\/\/www.ataunturismoa.eus\/ca\/wp-json\/wp\/v2\/pages"}],"about":[{"href":"https:\/\/www.ataunturismoa.eus\/ca\/wp-json\/wp\/v2\/types\/page"}],"author":[{"embeddable":true,"href":"https:\/\/www.ataunturismoa.eus\/ca\/wp-json\/wp\/v2\/users\/5"}],"replies":[{"embeddable":true,"href":"https:\/\/www.ataunturismoa.eus\/ca\/wp-json\/wp\/v2\/comments?post=5238"}],"version-history":[{"count":1,"href":"https:\/\/www.ataunturismoa.eus\/ca\/wp-json\/wp\/v2\/pages\/5238\/revisions"}],"predecessor-version":[{"id":5239,"href":"https:\/\/www.ataunturismoa.eus\/ca\/wp-json\/wp\/v2\/pages\/5238\/revisions\/5239"}],"up":[{"embeddable":true,"href":"https:\/\/www.ataunturismoa.eus\/ca\/wp-json\/wp\/v2\/pages\/5236"}],"wp:featuredmedia":[{"embeddable":true,"href":"https:\/\/www.ataunturismoa.eus\/ca\/wp-json\/wp\/v2\/media\/2921"}],"wp:attachment":[{"href":"https:\/\/www.ataunturismoa.eus\/ca\/wp-json\/wp\/v2\/media?parent=5238"}],"curies":[{"name":"wp","href":"https:\/\/api.w.org\/{rel}","templated":true}]}}