{"id":5229,"date":"2024-01-05T09:22:34","date_gmt":"2024-01-05T08:22:34","guid":{"rendered":"https:\/\/www.ataunturismoa.eus\/patrimoni\/patrimoni-natural\/aigua\/"},"modified":"2024-01-05T09:22:34","modified_gmt":"2024-01-05T08:22:34","slug":"aigua","status":"publish","type":"page","link":"https:\/\/www.ataunturismoa.eus\/ca\/patrimoni\/patrimoni-natural\/aigua\/","title":{"rendered":"Aigua"},"content":{"rendered":"\n<p>El riu Agauntza, neix en Ataun i desemboca les seves aig\u00fces al riu Oria en Beasain. Aquest riu, que neix en la zona de Lizarrusti i recorre els quinze quil\u00f2metres que recorre el territori d&#8217;Ataun, recull les aig\u00fces de nombrosos rierols i ramals.<\/p>\n\n<p>Quant a l&#8217;aigua, a m\u00e9s de la import\u00e0ncia dels aq\u00fc\u00edfers del Dom d&#8217;Ataun, \u00e9s necessari esmentar els aq\u00fc\u00edfers d&#8217;altres zones d&#8217;Aralar. De fet, en Aiaiturrieta, la deu m\u00e9s important d&#8217;Ataun, afloren tant les aig\u00fces al sud del Dom com les aig\u00fces del sud de la serra d&#8217;Aralar. Cal tenir en compte que part de les aig\u00fces d&#8217;Aiaiturrieta es destinen al prove\u00efment hum\u00e0.<\/p>\n\n<p>Tamb\u00e9 destaca l&#8217;embassament de Lareo. Si b\u00e9 es troba en terrenys de la Mancomunitat d&#8217;Enirio-Aralar, tant l&#8217;acc\u00e9s al mateix com el llit dels seus cabals comuniquen directament amb Ataun.<\/p>\n\n<p>A m\u00e9s, en Ataun existeixen altres rierols de gran import\u00e0ncia. Com els ja esmentats Aitzarte i Kobatxo que travessen la vora del Dom o el rierol Lauztierreka que s&#8217;est\u00e9n a l&#8217;oest del barri de Sant Gregori.<\/p>\n","protected":false},"excerpt":{"rendered":"<p>El riu Agauntza, neix en Ataun i desemboca les seves aig\u00fces al riu Oria en Beasain. Aquest riu, que neix en la zona de Lizarrusti i recorre els quinze quil\u00f2metres que recorre el territori d&#8217;Ataun, recull les aig\u00fces de nombrosos rierols i ramals. Quant a l&#8217;aigua, a m\u00e9s de la import\u00e0ncia dels aq\u00fc\u00edfers del Dom [&hellip;]<\/p>\n","protected":false},"author":5,"featured_media":3593,"parent":2049,"menu_order":0,"comment_status":"closed","ping_status":"closed","template":"page-templates\/page-rigth.php","meta":{"footnotes":""},"class_list":["post-5229","page","type-page","status-publish","has-post-thumbnail","hentry"],"acf":[],"yoast_head":"<!-- This site is optimized with the Yoast SEO plugin v27.6 - https:\/\/yoast.com\/product\/yoast-seo-wordpress\/ -->\n<title>Aigua - Ataun Turismoa<\/title>\n<meta name=\"robots\" content=\"index, follow, max-snippet:-1, max-image-preview:large, max-video-preview:-1\" \/>\n<link rel=\"canonical\" href=\"https:\/\/www.ataunturismoa.eus\/ca\/patrimoni\/patrimoni-natural\/aigua\/\" \/>\n<meta property=\"og:locale\" content=\"ca_ES\" \/>\n<meta property=\"og:type\" content=\"article\" \/>\n<meta property=\"og:title\" content=\"Aigua - Ataun Turismoa\" \/>\n<meta property=\"og:description\" content=\"El riu Agauntza, neix en Ataun i desemboca les seves aig\u00fces al riu Oria en Beasain. Aquest riu, que neix en la zona de Lizarrusti i recorre els quinze quil\u00f2metres que recorre el territori d&#8217;Ataun, recull les aig\u00fces de nombrosos rierols i ramals. Quant a l&#8217;aigua, a m\u00e9s de la import\u00e0ncia dels aq\u00fc\u00edfers del Dom [&hellip;]\" \/>\n<meta property=\"og:url\" content=\"https:\/\/www.ataunturismoa.eus\/ca\/patrimoni\/patrimoni-natural\/aigua\/\" \/>\n<meta property=\"og:site_name\" content=\"Ataun Turismoa\" \/>\n<meta property=\"og:image\" content=\"https:\/\/www.ataunturismoa.eus\/wp-content\/uploads\/2023\/08\/ura.jpeg\" \/>\n\t<meta property=\"og:image:width\" content=\"1200\" \/>\n\t<meta property=\"og:image:height\" content=\"675\" \/>\n\t<meta property=\"og:image:type\" content=\"image\/jpeg\" \/>\n<meta name=\"twitter:card\" content=\"summary_large_image\" \/>\n<meta name=\"twitter:label1\" content=\"Temps estimat de lectura\" \/>\n\t<meta name=\"twitter:data1\" content=\"1 minut\" \/>\n<script type=\"application\/ld+json\" class=\"yoast-schema-graph\">{\"@context\":\"https:\\\/\\\/schema.org\",\"@graph\":[{\"@type\":\"WebPage\",\"@id\":\"https:\\\/\\\/www.ataunturismoa.eus\\\/ca\\\/patrimoni\\\/patrimoni-natural\\\/aigua\\\/\",\"url\":\"https:\\\/\\\/www.ataunturismoa.eus\\\/ca\\\/patrimoni\\\/patrimoni-natural\\\/aigua\\\/\",\"name\":\"Aigua - Ataun Turismoa\",\"isPartOf\":{\"@id\":\"https:\\\/\\\/www.ataunturismoa.eus\\\/eu\\\/#website\"},\"primaryImageOfPage\":{\"@id\":\"https:\\\/\\\/www.ataunturismoa.eus\\\/ca\\\/patrimoni\\\/patrimoni-natural\\\/aigua\\\/#primaryimage\"},\"image\":{\"@id\":\"https:\\\/\\\/www.ataunturismoa.eus\\\/ca\\\/patrimoni\\\/patrimoni-natural\\\/aigua\\\/#primaryimage\"},\"thumbnailUrl\":\"https:\\\/\\\/www.ataunturismoa.eus\\\/wp-content\\\/uploads\\\/2023\\\/08\\\/ura.jpeg\",\"datePublished\":\"2024-01-05T08:22:34+00:00\",\"breadcrumb\":{\"@id\":\"https:\\\/\\\/www.ataunturismoa.eus\\\/ca\\\/patrimoni\\\/patrimoni-natural\\\/aigua\\\/#breadcrumb\"},\"inLanguage\":\"ca\",\"potentialAction\":[{\"@type\":\"ReadAction\",\"target\":[\"https:\\\/\\\/www.ataunturismoa.eus\\\/ca\\\/patrimoni\\\/patrimoni-natural\\\/aigua\\\/\"]}]},{\"@type\":\"ImageObject\",\"inLanguage\":\"ca\",\"@id\":\"https:\\\/\\\/www.ataunturismoa.eus\\\/ca\\\/patrimoni\\\/patrimoni-natural\\\/aigua\\\/#primaryimage\",\"url\":\"https:\\\/\\\/www.ataunturismoa.eus\\\/wp-content\\\/uploads\\\/2023\\\/08\\\/ura.jpeg\",\"contentUrl\":\"https:\\\/\\\/www.ataunturismoa.eus\\\/wp-content\\\/uploads\\\/2023\\\/08\\\/ura.jpeg\",\"width\":1200,\"height\":675},{\"@type\":\"BreadcrumbList\",\"@id\":\"https:\\\/\\\/www.ataunturismoa.eus\\\/ca\\\/patrimoni\\\/patrimoni-natural\\\/aigua\\\/#breadcrumb\",\"itemListElement\":[{\"@type\":\"ListItem\",\"position\":1,\"name\":\"Inicio\",\"item\":\"https:\\\/\\\/www.ataunturismoa.eus\\\/ca\\\/\"},{\"@type\":\"ListItem\",\"position\":2,\"name\":\"Patrimoni hist\u00f2ric\",\"item\":\"https:\\\/\\\/www.ataunturismoa.eus\\\/ca\\\/patrimoni\\\/\"},{\"@type\":\"ListItem\",\"position\":3,\"name\":\"Patrimoni natural\",\"item\":\"https:\\\/\\\/www.ataunturismoa.eus\\\/eu\\\/ondarea\\\/ondare-naturala\\\/\"},{\"@type\":\"ListItem\",\"position\":4,\"name\":\"Aigua\"}]},{\"@type\":\"WebSite\",\"@id\":\"https:\\\/\\\/www.ataunturismoa.eus\\\/eu\\\/#website\",\"url\":\"https:\\\/\\\/www.ataunturismoa.eus\\\/eu\\\/\",\"name\":\"Ataun Turismoa\",\"description\":\"\",\"potentialAction\":[{\"@type\":\"SearchAction\",\"target\":{\"@type\":\"EntryPoint\",\"urlTemplate\":\"https:\\\/\\\/www.ataunturismoa.eus\\\/eu\\\/?s={search_term_string}\"},\"query-input\":{\"@type\":\"PropertyValueSpecification\",\"valueRequired\":true,\"valueName\":\"search_term_string\"}}],\"inLanguage\":\"ca\"}]}<\/script>\n<!-- \/ Yoast SEO plugin. -->","yoast_head_json":{"title":"Aigua - Ataun Turismoa","robots":{"index":"index","follow":"follow","max-snippet":"max-snippet:-1","max-image-preview":"max-image-preview:large","max-video-preview":"max-video-preview:-1"},"canonical":"https:\/\/www.ataunturismoa.eus\/ca\/patrimoni\/patrimoni-natural\/aigua\/","og_locale":"ca_ES","og_type":"article","og_title":"Aigua - Ataun Turismoa","og_description":"El riu Agauntza, neix en Ataun i desemboca les seves aig\u00fces al riu Oria en Beasain. Aquest riu, que neix en la zona de Lizarrusti i recorre els quinze quil\u00f2metres que recorre el territori d&#8217;Ataun, recull les aig\u00fces de nombrosos rierols i ramals. Quant a l&#8217;aigua, a m\u00e9s de la import\u00e0ncia dels aq\u00fc\u00edfers del Dom [&hellip;]","og_url":"https:\/\/www.ataunturismoa.eus\/ca\/patrimoni\/patrimoni-natural\/aigua\/","og_site_name":"Ataun Turismoa","og_image":[{"width":1200,"height":675,"url":"https:\/\/www.ataunturismoa.eus\/wp-content\/uploads\/2023\/08\/ura.jpeg","type":"image\/jpeg"}],"twitter_card":"summary_large_image","twitter_misc":{"Temps estimat de lectura":"1 minut"},"schema":{"@context":"https:\/\/schema.org","@graph":[{"@type":"WebPage","@id":"https:\/\/www.ataunturismoa.eus\/ca\/patrimoni\/patrimoni-natural\/aigua\/","url":"https:\/\/www.ataunturismoa.eus\/ca\/patrimoni\/patrimoni-natural\/aigua\/","name":"Aigua - Ataun Turismoa","isPartOf":{"@id":"https:\/\/www.ataunturismoa.eus\/eu\/#website"},"primaryImageOfPage":{"@id":"https:\/\/www.ataunturismoa.eus\/ca\/patrimoni\/patrimoni-natural\/aigua\/#primaryimage"},"image":{"@id":"https:\/\/www.ataunturismoa.eus\/ca\/patrimoni\/patrimoni-natural\/aigua\/#primaryimage"},"thumbnailUrl":"https:\/\/www.ataunturismoa.eus\/wp-content\/uploads\/2023\/08\/ura.jpeg","datePublished":"2024-01-05T08:22:34+00:00","breadcrumb":{"@id":"https:\/\/www.ataunturismoa.eus\/ca\/patrimoni\/patrimoni-natural\/aigua\/#breadcrumb"},"inLanguage":"ca","potentialAction":[{"@type":"ReadAction","target":["https:\/\/www.ataunturismoa.eus\/ca\/patrimoni\/patrimoni-natural\/aigua\/"]}]},{"@type":"ImageObject","inLanguage":"ca","@id":"https:\/\/www.ataunturismoa.eus\/ca\/patrimoni\/patrimoni-natural\/aigua\/#primaryimage","url":"https:\/\/www.ataunturismoa.eus\/wp-content\/uploads\/2023\/08\/ura.jpeg","contentUrl":"https:\/\/www.ataunturismoa.eus\/wp-content\/uploads\/2023\/08\/ura.jpeg","width":1200,"height":675},{"@type":"BreadcrumbList","@id":"https:\/\/www.ataunturismoa.eus\/ca\/patrimoni\/patrimoni-natural\/aigua\/#breadcrumb","itemListElement":[{"@type":"ListItem","position":1,"name":"Inicio","item":"https:\/\/www.ataunturismoa.eus\/ca\/"},{"@type":"ListItem","position":2,"name":"Patrimoni hist\u00f2ric","item":"https:\/\/www.ataunturismoa.eus\/ca\/patrimoni\/"},{"@type":"ListItem","position":3,"name":"Patrimoni natural","item":"https:\/\/www.ataunturismoa.eus\/eu\/ondarea\/ondare-naturala\/"},{"@type":"ListItem","position":4,"name":"Aigua"}]},{"@type":"WebSite","@id":"https:\/\/www.ataunturismoa.eus\/eu\/#website","url":"https:\/\/www.ataunturismoa.eus\/eu\/","name":"Ataun Turismoa","description":"","potentialAction":[{"@type":"SearchAction","target":{"@type":"EntryPoint","urlTemplate":"https:\/\/www.ataunturismoa.eus\/eu\/?s={search_term_string}"},"query-input":{"@type":"PropertyValueSpecification","valueRequired":true,"valueName":"search_term_string"}}],"inLanguage":"ca"}]}},"_links":{"self":[{"href":"https:\/\/www.ataunturismoa.eus\/ca\/wp-json\/wp\/v2\/pages\/5229","targetHints":{"allow":["GET"]}}],"collection":[{"href":"https:\/\/www.ataunturismoa.eus\/ca\/wp-json\/wp\/v2\/pages"}],"about":[{"href":"https:\/\/www.ataunturismoa.eus\/ca\/wp-json\/wp\/v2\/types\/page"}],"author":[{"embeddable":true,"href":"https:\/\/www.ataunturismoa.eus\/ca\/wp-json\/wp\/v2\/users\/5"}],"replies":[{"embeddable":true,"href":"https:\/\/www.ataunturismoa.eus\/ca\/wp-json\/wp\/v2\/comments?post=5229"}],"version-history":[{"count":1,"href":"https:\/\/www.ataunturismoa.eus\/ca\/wp-json\/wp\/v2\/pages\/5229\/revisions"}],"predecessor-version":[{"id":5230,"href":"https:\/\/www.ataunturismoa.eus\/ca\/wp-json\/wp\/v2\/pages\/5229\/revisions\/5230"}],"up":[{"embeddable":true,"href":"https:\/\/www.ataunturismoa.eus\/ca\/wp-json\/wp\/v2\/pages\/2049"}],"wp:featuredmedia":[{"embeddable":true,"href":"https:\/\/www.ataunturismoa.eus\/ca\/wp-json\/wp\/v2\/media\/3593"}],"wp:attachment":[{"href":"https:\/\/www.ataunturismoa.eus\/ca\/wp-json\/wp\/v2\/media?parent=5229"}],"curies":[{"name":"wp","href":"https:\/\/api.w.org\/{rel}","templated":true}]}}