{"id":5225,"date":"2024-01-05T09:20:58","date_gmt":"2024-01-05T08:20:58","guid":{"rendered":"https:\/\/www.ataunturismoa.eus\/patrimoni\/patrimoni-natural\/el-dom-dataun\/"},"modified":"2024-01-05T09:20:58","modified_gmt":"2024-01-05T08:20:58","slug":"el-dom-dataun","status":"publish","type":"page","link":"https:\/\/www.ataunturismoa.eus\/ca\/patrimoni\/patrimoni-natural\/el-dom-dataun\/","title":{"rendered":"El Dom d&#8217;Ataun"},"content":{"rendered":"\n<p>El Dom d&#8217;Ataun \u00e9s una de les estructures m\u00e9s singulars des del punt de vista geol\u00f2gic. L&#8217;acumulaci\u00f3 de diferents materials en la mar tropical de fa milions d&#8217;anys va provocar l&#8217;acumulaci\u00f3 de roques calc\u00e0ries entre roques argilenques. Quan la placa ib\u00e8rica va xocar amb l&#8217;europea, tots aquests materials van comen\u00e7ar a deformar-se i a elevar-se. En el cas del Dom d&#8217;Ataun es va produir una interfer\u00e8ncia entre dos plecs, deformant les roques en forma de c\u00fapula. A causa d&#8217;un llarg proc\u00e9s d&#8217;erosi\u00f3 que ha durat fins a l&#8217;actualitat, aquests materials han estat transformats fins a aconseguir el relleu actual. Els materials argilencs s\u00f3n m\u00e9s tous, per la qual cosa destaquen les calc\u00e0ries en el paisatge, sobretot en els cingles de la vora del Dom.<\/p>\n\n<p>L&#8217;\u00e0rea coneguda en la localitat com Aitzarte, com el seu nom indica, designa els terrenys que s&#8217;estenen dins dels cingles del Dom. Al seu voltant podem identificar els principals cims de la corona del Dom: Jentilbaratza, Aizkoate, Intzartzu, Arastortz, Agautz, Leizadi, Asundi i els Mallos de Loibe, entre altres. Tamb\u00e9 destaquen els rierols que neixen en Aitzarte i que han erosionat la vora del Dom en dos punts formant els canons d&#8217;Aitzarte i Kobatxo.<\/p>\n\n<p>L&#8217;erosi\u00f3 per dissoluci\u00f3 de l&#8217;aigua en aquestes roques calc\u00e0ries ha generat una enorme xarxa de cavitats. Per aix\u00f2, en el Dom ja s&#8217;han identificat m\u00e9s de 200 coves i avencs. Aquestes cavitats formen una enorme xarxa de galeries de milers de metres en el subsol. Els aq\u00fc\u00edfers existents tamb\u00e9 s\u00f3n de gran import\u00e0ncia a causa del prove\u00efment de nombrosos rierols i fonts del municipi.<\/p>\n","protected":false},"excerpt":{"rendered":"<p>El Dom d&#8217;Ataun \u00e9s una de les estructures m\u00e9s singulars des del punt de vista geol\u00f2gic. L&#8217;acumulaci\u00f3 de diferents materials en la mar tropical de fa milions d&#8217;anys va provocar l&#8217;acumulaci\u00f3 de roques calc\u00e0ries entre roques argilenques. Quan la placa ib\u00e8rica va xocar amb l&#8217;europea, tots aquests materials van comen\u00e7ar a deformar-se i a elevar-se. [&hellip;]<\/p>\n","protected":false},"author":5,"featured_media":3578,"parent":2049,"menu_order":0,"comment_status":"closed","ping_status":"closed","template":"page-templates\/page-rigth.php","meta":{"footnotes":""},"class_list":["post-5225","page","type-page","status-publish","has-post-thumbnail","hentry"],"acf":[],"yoast_head":"<!-- This site is optimized with the Yoast SEO plugin v27.5 - https:\/\/yoast.com\/product\/yoast-seo-wordpress\/ -->\n<title>El Dom d&#039;Ataun - Ataun Turismoa<\/title>\n<meta name=\"robots\" content=\"index, follow, max-snippet:-1, max-image-preview:large, max-video-preview:-1\" \/>\n<link rel=\"canonical\" href=\"https:\/\/www.ataunturismoa.eus\/ca\/patrimoni\/patrimoni-natural\/el-dom-dataun\/\" \/>\n<meta property=\"og:locale\" content=\"ca_ES\" \/>\n<meta property=\"og:type\" content=\"article\" \/>\n<meta property=\"og:title\" content=\"El Dom d&#039;Ataun - Ataun Turismoa\" \/>\n<meta property=\"og:description\" content=\"El Dom d&#8217;Ataun \u00e9s una de les estructures m\u00e9s singulars des del punt de vista geol\u00f2gic. L&#8217;acumulaci\u00f3 de diferents materials en la mar tropical de fa milions d&#8217;anys va provocar l&#8217;acumulaci\u00f3 de roques calc\u00e0ries entre roques argilenques. Quan la placa ib\u00e8rica va xocar amb l&#8217;europea, tots aquests materials van comen\u00e7ar a deformar-se i a elevar-se. [&hellip;]\" \/>\n<meta property=\"og:url\" content=\"https:\/\/www.ataunturismoa.eus\/ca\/patrimoni\/patrimoni-natural\/el-dom-dataun\/\" \/>\n<meta property=\"og:site_name\" content=\"Ataun Turismoa\" \/>\n<meta property=\"og:image\" content=\"https:\/\/www.ataunturismoa.eus\/wp-content\/uploads\/2023\/08\/domoa.jpeg\" \/>\n\t<meta property=\"og:image:width\" content=\"1200\" \/>\n\t<meta property=\"og:image:height\" content=\"675\" \/>\n\t<meta property=\"og:image:type\" content=\"image\/jpeg\" \/>\n<meta name=\"twitter:card\" content=\"summary_large_image\" \/>\n<meta name=\"twitter:label1\" content=\"Temps estimat de lectura\" \/>\n\t<meta name=\"twitter:data1\" content=\"1 minut\" \/>\n<script type=\"application\/ld+json\" class=\"yoast-schema-graph\">{\"@context\":\"https:\\\/\\\/schema.org\",\"@graph\":[{\"@type\":\"WebPage\",\"@id\":\"https:\\\/\\\/www.ataunturismoa.eus\\\/ca\\\/patrimoni\\\/patrimoni-natural\\\/el-dom-dataun\\\/\",\"url\":\"https:\\\/\\\/www.ataunturismoa.eus\\\/ca\\\/patrimoni\\\/patrimoni-natural\\\/el-dom-dataun\\\/\",\"name\":\"El Dom d'Ataun - Ataun Turismoa\",\"isPartOf\":{\"@id\":\"https:\\\/\\\/www.ataunturismoa.eus\\\/eu\\\/#website\"},\"primaryImageOfPage\":{\"@id\":\"https:\\\/\\\/www.ataunturismoa.eus\\\/ca\\\/patrimoni\\\/patrimoni-natural\\\/el-dom-dataun\\\/#primaryimage\"},\"image\":{\"@id\":\"https:\\\/\\\/www.ataunturismoa.eus\\\/ca\\\/patrimoni\\\/patrimoni-natural\\\/el-dom-dataun\\\/#primaryimage\"},\"thumbnailUrl\":\"https:\\\/\\\/www.ataunturismoa.eus\\\/wp-content\\\/uploads\\\/2023\\\/08\\\/domoa.jpeg\",\"datePublished\":\"2024-01-05T08:20:58+00:00\",\"breadcrumb\":{\"@id\":\"https:\\\/\\\/www.ataunturismoa.eus\\\/ca\\\/patrimoni\\\/patrimoni-natural\\\/el-dom-dataun\\\/#breadcrumb\"},\"inLanguage\":\"ca\",\"potentialAction\":[{\"@type\":\"ReadAction\",\"target\":[\"https:\\\/\\\/www.ataunturismoa.eus\\\/ca\\\/patrimoni\\\/patrimoni-natural\\\/el-dom-dataun\\\/\"]}]},{\"@type\":\"ImageObject\",\"inLanguage\":\"ca\",\"@id\":\"https:\\\/\\\/www.ataunturismoa.eus\\\/ca\\\/patrimoni\\\/patrimoni-natural\\\/el-dom-dataun\\\/#primaryimage\",\"url\":\"https:\\\/\\\/www.ataunturismoa.eus\\\/wp-content\\\/uploads\\\/2023\\\/08\\\/domoa.jpeg\",\"contentUrl\":\"https:\\\/\\\/www.ataunturismoa.eus\\\/wp-content\\\/uploads\\\/2023\\\/08\\\/domoa.jpeg\",\"width\":1200,\"height\":675},{\"@type\":\"BreadcrumbList\",\"@id\":\"https:\\\/\\\/www.ataunturismoa.eus\\\/ca\\\/patrimoni\\\/patrimoni-natural\\\/el-dom-dataun\\\/#breadcrumb\",\"itemListElement\":[{\"@type\":\"ListItem\",\"position\":1,\"name\":\"Inicio\",\"item\":\"https:\\\/\\\/www.ataunturismoa.eus\\\/ca\\\/\"},{\"@type\":\"ListItem\",\"position\":2,\"name\":\"Patrimoni hist\u00f2ric\",\"item\":\"https:\\\/\\\/www.ataunturismoa.eus\\\/ca\\\/patrimoni\\\/\"},{\"@type\":\"ListItem\",\"position\":3,\"name\":\"Patrimoni natural\",\"item\":\"https:\\\/\\\/www.ataunturismoa.eus\\\/eu\\\/ondarea\\\/ondare-naturala\\\/\"},{\"@type\":\"ListItem\",\"position\":4,\"name\":\"El Dom d&#8217;Ataun\"}]},{\"@type\":\"WebSite\",\"@id\":\"https:\\\/\\\/www.ataunturismoa.eus\\\/eu\\\/#website\",\"url\":\"https:\\\/\\\/www.ataunturismoa.eus\\\/eu\\\/\",\"name\":\"Ataun Turismoa\",\"description\":\"\",\"potentialAction\":[{\"@type\":\"SearchAction\",\"target\":{\"@type\":\"EntryPoint\",\"urlTemplate\":\"https:\\\/\\\/www.ataunturismoa.eus\\\/eu\\\/?s={search_term_string}\"},\"query-input\":{\"@type\":\"PropertyValueSpecification\",\"valueRequired\":true,\"valueName\":\"search_term_string\"}}],\"inLanguage\":\"ca\"}]}<\/script>\n<!-- \/ Yoast SEO plugin. -->","yoast_head_json":{"title":"El Dom d'Ataun - Ataun Turismoa","robots":{"index":"index","follow":"follow","max-snippet":"max-snippet:-1","max-image-preview":"max-image-preview:large","max-video-preview":"max-video-preview:-1"},"canonical":"https:\/\/www.ataunturismoa.eus\/ca\/patrimoni\/patrimoni-natural\/el-dom-dataun\/","og_locale":"ca_ES","og_type":"article","og_title":"El Dom d'Ataun - Ataun Turismoa","og_description":"El Dom d&#8217;Ataun \u00e9s una de les estructures m\u00e9s singulars des del punt de vista geol\u00f2gic. L&#8217;acumulaci\u00f3 de diferents materials en la mar tropical de fa milions d&#8217;anys va provocar l&#8217;acumulaci\u00f3 de roques calc\u00e0ries entre roques argilenques. Quan la placa ib\u00e8rica va xocar amb l&#8217;europea, tots aquests materials van comen\u00e7ar a deformar-se i a elevar-se. [&hellip;]","og_url":"https:\/\/www.ataunturismoa.eus\/ca\/patrimoni\/patrimoni-natural\/el-dom-dataun\/","og_site_name":"Ataun Turismoa","og_image":[{"width":1200,"height":675,"url":"https:\/\/www.ataunturismoa.eus\/wp-content\/uploads\/2023\/08\/domoa.jpeg","type":"image\/jpeg"}],"twitter_card":"summary_large_image","twitter_misc":{"Temps estimat de lectura":"1 minut"},"schema":{"@context":"https:\/\/schema.org","@graph":[{"@type":"WebPage","@id":"https:\/\/www.ataunturismoa.eus\/ca\/patrimoni\/patrimoni-natural\/el-dom-dataun\/","url":"https:\/\/www.ataunturismoa.eus\/ca\/patrimoni\/patrimoni-natural\/el-dom-dataun\/","name":"El Dom d'Ataun - Ataun Turismoa","isPartOf":{"@id":"https:\/\/www.ataunturismoa.eus\/eu\/#website"},"primaryImageOfPage":{"@id":"https:\/\/www.ataunturismoa.eus\/ca\/patrimoni\/patrimoni-natural\/el-dom-dataun\/#primaryimage"},"image":{"@id":"https:\/\/www.ataunturismoa.eus\/ca\/patrimoni\/patrimoni-natural\/el-dom-dataun\/#primaryimage"},"thumbnailUrl":"https:\/\/www.ataunturismoa.eus\/wp-content\/uploads\/2023\/08\/domoa.jpeg","datePublished":"2024-01-05T08:20:58+00:00","breadcrumb":{"@id":"https:\/\/www.ataunturismoa.eus\/ca\/patrimoni\/patrimoni-natural\/el-dom-dataun\/#breadcrumb"},"inLanguage":"ca","potentialAction":[{"@type":"ReadAction","target":["https:\/\/www.ataunturismoa.eus\/ca\/patrimoni\/patrimoni-natural\/el-dom-dataun\/"]}]},{"@type":"ImageObject","inLanguage":"ca","@id":"https:\/\/www.ataunturismoa.eus\/ca\/patrimoni\/patrimoni-natural\/el-dom-dataun\/#primaryimage","url":"https:\/\/www.ataunturismoa.eus\/wp-content\/uploads\/2023\/08\/domoa.jpeg","contentUrl":"https:\/\/www.ataunturismoa.eus\/wp-content\/uploads\/2023\/08\/domoa.jpeg","width":1200,"height":675},{"@type":"BreadcrumbList","@id":"https:\/\/www.ataunturismoa.eus\/ca\/patrimoni\/patrimoni-natural\/el-dom-dataun\/#breadcrumb","itemListElement":[{"@type":"ListItem","position":1,"name":"Inicio","item":"https:\/\/www.ataunturismoa.eus\/ca\/"},{"@type":"ListItem","position":2,"name":"Patrimoni hist\u00f2ric","item":"https:\/\/www.ataunturismoa.eus\/ca\/patrimoni\/"},{"@type":"ListItem","position":3,"name":"Patrimoni natural","item":"https:\/\/www.ataunturismoa.eus\/eu\/ondarea\/ondare-naturala\/"},{"@type":"ListItem","position":4,"name":"El Dom d&#8217;Ataun"}]},{"@type":"WebSite","@id":"https:\/\/www.ataunturismoa.eus\/eu\/#website","url":"https:\/\/www.ataunturismoa.eus\/eu\/","name":"Ataun Turismoa","description":"","potentialAction":[{"@type":"SearchAction","target":{"@type":"EntryPoint","urlTemplate":"https:\/\/www.ataunturismoa.eus\/eu\/?s={search_term_string}"},"query-input":{"@type":"PropertyValueSpecification","valueRequired":true,"valueName":"search_term_string"}}],"inLanguage":"ca"}]}},"_links":{"self":[{"href":"https:\/\/www.ataunturismoa.eus\/ca\/wp-json\/wp\/v2\/pages\/5225","targetHints":{"allow":["GET"]}}],"collection":[{"href":"https:\/\/www.ataunturismoa.eus\/ca\/wp-json\/wp\/v2\/pages"}],"about":[{"href":"https:\/\/www.ataunturismoa.eus\/ca\/wp-json\/wp\/v2\/types\/page"}],"author":[{"embeddable":true,"href":"https:\/\/www.ataunturismoa.eus\/ca\/wp-json\/wp\/v2\/users\/5"}],"replies":[{"embeddable":true,"href":"https:\/\/www.ataunturismoa.eus\/ca\/wp-json\/wp\/v2\/comments?post=5225"}],"version-history":[{"count":1,"href":"https:\/\/www.ataunturismoa.eus\/ca\/wp-json\/wp\/v2\/pages\/5225\/revisions"}],"predecessor-version":[{"id":5226,"href":"https:\/\/www.ataunturismoa.eus\/ca\/wp-json\/wp\/v2\/pages\/5225\/revisions\/5226"}],"up":[{"embeddable":true,"href":"https:\/\/www.ataunturismoa.eus\/ca\/wp-json\/wp\/v2\/pages\/2049"}],"wp:featuredmedia":[{"embeddable":true,"href":"https:\/\/www.ataunturismoa.eus\/ca\/wp-json\/wp\/v2\/media\/3578"}],"wp:attachment":[{"href":"https:\/\/www.ataunturismoa.eus\/ca\/wp-json\/wp\/v2\/media?parent=5225"}],"curies":[{"name":"wp","href":"https:\/\/api.w.org\/{rel}","templated":true}]}}