{"id":5181,"date":"2024-01-04T12:11:18","date_gmt":"2024-01-04T11:11:18","guid":{"rendered":"https:\/\/www.ataunturismoa.eus\/espeleologia\/"},"modified":"2024-01-04T12:11:18","modified_gmt":"2024-01-04T11:11:18","slug":"espeleologia","status":"publish","type":"page","link":"https:\/\/www.ataunturismoa.eus\/ca\/espeleologia\/","title":{"rendered":"Espeleologia"},"content":{"rendered":"\n<p>El municipi ofereix grans possibilitats per als amants de l&#8217;espeleologia, ja que en Ataun existeixen nombrosos avencs i coves catalogades. Poden ser dos tipus de sistemes c\u00e0rstics: actius o inactius. Els actius s\u00f3n els que formen part dels sistemes fluvials. \u00c9s el cas de Marumendi, Malkorburu i la major part de les coves i avencs dels voltants d&#8217;Alleku, incloent en aquest grup la cova d&#8217;Ubegi i la de Malkorburu. Els inactius, per contra, han estat originats pel proc\u00e9s de karstificaci\u00f3n i s\u00f3n sistemes que actualment solen estar replets d&#8217;estalactites i estalagmites. D&#8217;aquest \u00faltim tipus s\u00f3n la majoria de les cavitats del Dom d&#8217;Ataun.<\/p>\n\n<p>Ataun est\u00e0 replet de coves i avencs, entre les quals abunden les restes humanes de fa 5.000 anys: Usategi, Limurita (desapareguda en explotar la pedrera), Pikandita, Kobazar, Armontaitz, etc.<\/p>\n\n<figure class=\"wp-block-image size-large\"><img loading=\"lazy\" decoding=\"async\" width=\"1024\" height=\"768\" src=\"https:\/\/www.ataunturismoa.eus\/wp-content\/uploads\/2023\/08\/espe1-1024x768.jpg\" alt=\"\" class=\"wp-image-3779\" srcset=\"https:\/\/www.ataunturismoa.eus\/wp-content\/uploads\/2023\/08\/espe1-1024x768.jpg 1024w, https:\/\/www.ataunturismoa.eus\/wp-content\/uploads\/2023\/08\/espe1-300x225.jpg 300w, https:\/\/www.ataunturismoa.eus\/wp-content\/uploads\/2023\/08\/espe1-768x576.jpg 768w, https:\/\/www.ataunturismoa.eus\/wp-content\/uploads\/2023\/08\/espe1-500x375.jpg 500w, https:\/\/www.ataunturismoa.eus\/wp-content\/uploads\/2023\/08\/espe1-800x600.jpg 800w, https:\/\/www.ataunturismoa.eus\/wp-content\/uploads\/2023\/08\/espe1.jpg 1200w\" sizes=\"auto, (max-width: 1024px) 100vw, 1024px\" \/><\/figure>\n\n<p>La cova de Troskaeta \u00e9s una de les coves m\u00e9s conegudes d&#8217;Ataun. T\u00e9 una longitud d&#8217;un quil\u00f2metre i al final un bell pou d&#8217;aigua. Aquesta cova sembla haver estat el refugi d&#8217;ossos de l&#8217;esp\u00e8cie Ursus spelaeus de fa 20.000 anys. S&#8217;han trobat milers d&#8217;ossos d&#8217;aquesta esp\u00e8cie extinta.<\/p>\n\n<figure class=\"wp-block-image size-large\"><img loading=\"lazy\" decoding=\"async\" width=\"1024\" height=\"768\" src=\"https:\/\/www.ataunturismoa.eus\/wp-content\/uploads\/2023\/08\/espe2-1024x768.jpeg\" alt=\"\" class=\"wp-image-3784\" srcset=\"https:\/\/www.ataunturismoa.eus\/wp-content\/uploads\/2023\/08\/espe2-1024x768.jpeg 1024w, https:\/\/www.ataunturismoa.eus\/wp-content\/uploads\/2023\/08\/espe2-300x225.jpeg 300w, https:\/\/www.ataunturismoa.eus\/wp-content\/uploads\/2023\/08\/espe2-768x576.jpeg 768w, https:\/\/www.ataunturismoa.eus\/wp-content\/uploads\/2023\/08\/espe2-500x375.jpeg 500w, https:\/\/www.ataunturismoa.eus\/wp-content\/uploads\/2023\/08\/espe2-800x600.jpeg 800w, https:\/\/www.ataunturismoa.eus\/wp-content\/uploads\/2023\/08\/espe2.jpeg 1200w\" sizes=\"auto, (max-width: 1024px) 100vw, 1024px\" \/><\/figure>\n\n<p>Tenint en compte que la pr\u00e0ctica de l&#8217;espeleologia \u00e9s una activitat d&#8217;equip, es recomana que es realitzi en grup, amb totes les mesures de seguretat i amb el material adequat.<\/p>\n\n<figure class=\"wp-block-image size-large\"><img loading=\"lazy\" decoding=\"async\" width=\"1024\" height=\"768\" src=\"https:\/\/www.ataunturismoa.eus\/wp-content\/uploads\/2023\/08\/espe3-1024x768.jpg\" alt=\"\" class=\"wp-image-3789\" srcset=\"https:\/\/www.ataunturismoa.eus\/wp-content\/uploads\/2023\/08\/espe3-1024x768.jpg 1024w, https:\/\/www.ataunturismoa.eus\/wp-content\/uploads\/2023\/08\/espe3-300x225.jpg 300w, https:\/\/www.ataunturismoa.eus\/wp-content\/uploads\/2023\/08\/espe3-768x576.jpg 768w, https:\/\/www.ataunturismoa.eus\/wp-content\/uploads\/2023\/08\/espe3-500x375.jpg 500w, https:\/\/www.ataunturismoa.eus\/wp-content\/uploads\/2023\/08\/espe3-800x600.jpg 800w, https:\/\/www.ataunturismoa.eus\/wp-content\/uploads\/2023\/08\/espe3.jpg 1200w\" sizes=\"auto, (max-width: 1024px) 100vw, 1024px\" \/><\/figure>\n\n<p> <\/p>\n\n<h4 class=\"wp-block-heading\">NOTA: Les cavitats s\u00f3n h\u00e0bitats naturals de fauna protegida. Es demana sempre respecte i silenci i es recomana evitar les visites de les coves entre novembre i juliol.<\/h4>\n\n<p><\/p>\n","protected":false},"excerpt":{"rendered":"<p>El municipi ofereix grans possibilitats per als amants de l&#8217;espeleologia, ja que en Ataun existeixen nombrosos avencs i coves catalogades. Poden ser dos tipus de sistemes c\u00e0rstics: actius o inactius. Els actius s\u00f3n els que formen part dels sistemes fluvials. \u00c9s el cas de Marumendi, Malkorburu i la major part de les coves i avencs [&hellip;]<\/p>\n","protected":false},"author":5,"featured_media":0,"parent":0,"menu_order":0,"comment_status":"closed","ping_status":"closed","template":"page-templates\/page-rigth-aisialdia.php","meta":{"footnotes":""},"class_list":["post-5181","page","type-page","status-publish","hentry"],"acf":[],"yoast_head":"<!-- This site is optimized with the Yoast SEO plugin v27.3 - https:\/\/yoast.com\/product\/yoast-seo-wordpress\/ -->\n<title>Espeleologia - Ataun Turismoa<\/title>\n<meta name=\"robots\" content=\"index, follow, max-snippet:-1, max-image-preview:large, max-video-preview:-1\" \/>\n<link rel=\"canonical\" href=\"https:\/\/www.ataunturismoa.eus\/ca\/espeleologia\/\" \/>\n<meta property=\"og:locale\" content=\"ca_ES\" \/>\n<meta property=\"og:type\" content=\"article\" \/>\n<meta property=\"og:title\" content=\"Espeleologia - Ataun Turismoa\" \/>\n<meta property=\"og:description\" content=\"El municipi ofereix grans possibilitats per als amants de l&#8217;espeleologia, ja que en Ataun existeixen nombrosos avencs i coves catalogades. Poden ser dos tipus de sistemes c\u00e0rstics: actius o inactius. Els actius s\u00f3n els que formen part dels sistemes fluvials. \u00c9s el cas de Marumendi, Malkorburu i la major part de les coves i avencs [&hellip;]\" \/>\n<meta property=\"og:url\" content=\"https:\/\/www.ataunturismoa.eus\/ca\/espeleologia\/\" \/>\n<meta property=\"og:site_name\" content=\"Ataun Turismoa\" \/>\n<meta property=\"og:image\" content=\"https:\/\/www.ataunturismoa.eus\/wp-content\/uploads\/2023\/08\/espe1-1024x768.jpg\" \/>\n<meta name=\"twitter:card\" content=\"summary_large_image\" \/>\n<meta name=\"twitter:label1\" content=\"Temps estimat de lectura\" \/>\n\t<meta name=\"twitter:data1\" content=\"1 minut\" \/>\n<script type=\"application\/ld+json\" class=\"yoast-schema-graph\">{\"@context\":\"https:\\\/\\\/schema.org\",\"@graph\":[{\"@type\":\"WebPage\",\"@id\":\"https:\\\/\\\/www.ataunturismoa.eus\\\/ca\\\/espeleologia\\\/\",\"url\":\"https:\\\/\\\/www.ataunturismoa.eus\\\/ca\\\/espeleologia\\\/\",\"name\":\"Espeleologia - Ataun Turismoa\",\"isPartOf\":{\"@id\":\"https:\\\/\\\/www.ataunturismoa.eus\\\/eu\\\/#website\"},\"primaryImageOfPage\":{\"@id\":\"https:\\\/\\\/www.ataunturismoa.eus\\\/ca\\\/espeleologia\\\/#primaryimage\"},\"image\":{\"@id\":\"https:\\\/\\\/www.ataunturismoa.eus\\\/ca\\\/espeleologia\\\/#primaryimage\"},\"thumbnailUrl\":\"https:\\\/\\\/www.ataunturismoa.eus\\\/wp-content\\\/uploads\\\/2023\\\/08\\\/espe1-1024x768.jpg\",\"datePublished\":\"2024-01-04T11:11:18+00:00\",\"breadcrumb\":{\"@id\":\"https:\\\/\\\/www.ataunturismoa.eus\\\/ca\\\/espeleologia\\\/#breadcrumb\"},\"inLanguage\":\"ca\",\"potentialAction\":[{\"@type\":\"ReadAction\",\"target\":[\"https:\\\/\\\/www.ataunturismoa.eus\\\/ca\\\/espeleologia\\\/\"]}]},{\"@type\":\"ImageObject\",\"inLanguage\":\"ca\",\"@id\":\"https:\\\/\\\/www.ataunturismoa.eus\\\/ca\\\/espeleologia\\\/#primaryimage\",\"url\":\"https:\\\/\\\/www.ataunturismoa.eus\\\/wp-content\\\/uploads\\\/2023\\\/08\\\/espe1-1024x768.jpg\",\"contentUrl\":\"https:\\\/\\\/www.ataunturismoa.eus\\\/wp-content\\\/uploads\\\/2023\\\/08\\\/espe1-1024x768.jpg\"},{\"@type\":\"BreadcrumbList\",\"@id\":\"https:\\\/\\\/www.ataunturismoa.eus\\\/ca\\\/espeleologia\\\/#breadcrumb\",\"itemListElement\":[{\"@type\":\"ListItem\",\"position\":1,\"name\":\"Inicio\",\"item\":\"https:\\\/\\\/www.ataunturismoa.eus\\\/ca\\\/\"},{\"@type\":\"ListItem\",\"position\":2,\"name\":\"Espeleologia\"}]},{\"@type\":\"WebSite\",\"@id\":\"https:\\\/\\\/www.ataunturismoa.eus\\\/eu\\\/#website\",\"url\":\"https:\\\/\\\/www.ataunturismoa.eus\\\/eu\\\/\",\"name\":\"Ataun Turismoa\",\"description\":\"\",\"potentialAction\":[{\"@type\":\"SearchAction\",\"target\":{\"@type\":\"EntryPoint\",\"urlTemplate\":\"https:\\\/\\\/www.ataunturismoa.eus\\\/eu\\\/?s={search_term_string}\"},\"query-input\":{\"@type\":\"PropertyValueSpecification\",\"valueRequired\":true,\"valueName\":\"search_term_string\"}}],\"inLanguage\":\"ca\"}]}<\/script>\n<!-- \/ Yoast SEO plugin. -->","yoast_head_json":{"title":"Espeleologia - Ataun Turismoa","robots":{"index":"index","follow":"follow","max-snippet":"max-snippet:-1","max-image-preview":"max-image-preview:large","max-video-preview":"max-video-preview:-1"},"canonical":"https:\/\/www.ataunturismoa.eus\/ca\/espeleologia\/","og_locale":"ca_ES","og_type":"article","og_title":"Espeleologia - Ataun Turismoa","og_description":"El municipi ofereix grans possibilitats per als amants de l&#8217;espeleologia, ja que en Ataun existeixen nombrosos avencs i coves catalogades. Poden ser dos tipus de sistemes c\u00e0rstics: actius o inactius. Els actius s\u00f3n els que formen part dels sistemes fluvials. \u00c9s el cas de Marumendi, Malkorburu i la major part de les coves i avencs [&hellip;]","og_url":"https:\/\/www.ataunturismoa.eus\/ca\/espeleologia\/","og_site_name":"Ataun Turismoa","og_image":[{"url":"https:\/\/www.ataunturismoa.eus\/wp-content\/uploads\/2023\/08\/espe1-1024x768.jpg","type":"","width":"","height":""}],"twitter_card":"summary_large_image","twitter_misc":{"Temps estimat de lectura":"1 minut"},"schema":{"@context":"https:\/\/schema.org","@graph":[{"@type":"WebPage","@id":"https:\/\/www.ataunturismoa.eus\/ca\/espeleologia\/","url":"https:\/\/www.ataunturismoa.eus\/ca\/espeleologia\/","name":"Espeleologia - Ataun Turismoa","isPartOf":{"@id":"https:\/\/www.ataunturismoa.eus\/eu\/#website"},"primaryImageOfPage":{"@id":"https:\/\/www.ataunturismoa.eus\/ca\/espeleologia\/#primaryimage"},"image":{"@id":"https:\/\/www.ataunturismoa.eus\/ca\/espeleologia\/#primaryimage"},"thumbnailUrl":"https:\/\/www.ataunturismoa.eus\/wp-content\/uploads\/2023\/08\/espe1-1024x768.jpg","datePublished":"2024-01-04T11:11:18+00:00","breadcrumb":{"@id":"https:\/\/www.ataunturismoa.eus\/ca\/espeleologia\/#breadcrumb"},"inLanguage":"ca","potentialAction":[{"@type":"ReadAction","target":["https:\/\/www.ataunturismoa.eus\/ca\/espeleologia\/"]}]},{"@type":"ImageObject","inLanguage":"ca","@id":"https:\/\/www.ataunturismoa.eus\/ca\/espeleologia\/#primaryimage","url":"https:\/\/www.ataunturismoa.eus\/wp-content\/uploads\/2023\/08\/espe1-1024x768.jpg","contentUrl":"https:\/\/www.ataunturismoa.eus\/wp-content\/uploads\/2023\/08\/espe1-1024x768.jpg"},{"@type":"BreadcrumbList","@id":"https:\/\/www.ataunturismoa.eus\/ca\/espeleologia\/#breadcrumb","itemListElement":[{"@type":"ListItem","position":1,"name":"Inicio","item":"https:\/\/www.ataunturismoa.eus\/ca\/"},{"@type":"ListItem","position":2,"name":"Espeleologia"}]},{"@type":"WebSite","@id":"https:\/\/www.ataunturismoa.eus\/eu\/#website","url":"https:\/\/www.ataunturismoa.eus\/eu\/","name":"Ataun Turismoa","description":"","potentialAction":[{"@type":"SearchAction","target":{"@type":"EntryPoint","urlTemplate":"https:\/\/www.ataunturismoa.eus\/eu\/?s={search_term_string}"},"query-input":{"@type":"PropertyValueSpecification","valueRequired":true,"valueName":"search_term_string"}}],"inLanguage":"ca"}]}},"_links":{"self":[{"href":"https:\/\/www.ataunturismoa.eus\/ca\/wp-json\/wp\/v2\/pages\/5181","targetHints":{"allow":["GET"]}}],"collection":[{"href":"https:\/\/www.ataunturismoa.eus\/ca\/wp-json\/wp\/v2\/pages"}],"about":[{"href":"https:\/\/www.ataunturismoa.eus\/ca\/wp-json\/wp\/v2\/types\/page"}],"author":[{"embeddable":true,"href":"https:\/\/www.ataunturismoa.eus\/ca\/wp-json\/wp\/v2\/users\/5"}],"replies":[{"embeddable":true,"href":"https:\/\/www.ataunturismoa.eus\/ca\/wp-json\/wp\/v2\/comments?post=5181"}],"version-history":[{"count":1,"href":"https:\/\/www.ataunturismoa.eus\/ca\/wp-json\/wp\/v2\/pages\/5181\/revisions"}],"predecessor-version":[{"id":5182,"href":"https:\/\/www.ataunturismoa.eus\/ca\/wp-json\/wp\/v2\/pages\/5181\/revisions\/5182"}],"wp:attachment":[{"href":"https:\/\/www.ataunturismoa.eus\/ca\/wp-json\/wp\/v2\/media?parent=5181"}],"curies":[{"name":"wp","href":"https:\/\/api.w.org\/{rel}","templated":true}]}}