{"id":5175,"date":"2024-01-04T12:08:34","date_gmt":"2024-01-04T11:08:34","guid":{"rendered":"https:\/\/www.ataunturismoa.eus\/?page_id=5175"},"modified":"2024-01-04T12:08:35","modified_gmt":"2024-01-04T11:08:35","slug":"escalada","status":"publish","type":"page","link":"https:\/\/www.ataunturismoa.eus\/ca\/escalada\/","title":{"rendered":"Escalada"},"content":{"rendered":"\n<p>En Ataun trobar\u00e0s bones roques per a practicar aquest esport, per\u00f2 amb la finalitat de protegir la fauna i la vegetaci\u00f3 d&#8217;aquestes penyes, algunes zones d&#8217;escalada estan actualment tancades. En les parets de Sarastarri, per exemple, queda prohibida l&#8217;escalada, fins i tot en la vora del Dom d&#8217;Ataun, excepte en la zona de l&#8217;Escola d&#8217;Escalada Jentilbaratza. En aquest popular espai de gran hist\u00f2ria trobar\u00e0s parets des d&#8217;III+ fins a 8a, \u00e9s a dir, el de Jentilbaratza \u00e9s un lloc ideal tant per a principiants com per a escaladors experimentats.<\/p>\n\n\n\n<figure class=\"wp-block-image size-large\"><img loading=\"lazy\" decoding=\"async\" width=\"1024\" height=\"512\" src=\"https:\/\/www.ataunturismoa.eus\/wp-content\/uploads\/2023\/08\/Eskaladaguneak_Jentilbaratza-1024x512.jpg\" alt=\"\" class=\"wp-image-3767\" srcset=\"https:\/\/www.ataunturismoa.eus\/wp-content\/uploads\/2023\/08\/Eskaladaguneak_Jentilbaratza-1024x512.jpg 1024w, https:\/\/www.ataunturismoa.eus\/wp-content\/uploads\/2023\/08\/Eskaladaguneak_Jentilbaratza-300x150.jpg 300w, https:\/\/www.ataunturismoa.eus\/wp-content\/uploads\/2023\/08\/Eskaladaguneak_Jentilbaratza-768x384.jpg 768w, https:\/\/www.ataunturismoa.eus\/wp-content\/uploads\/2023\/08\/Eskaladaguneak_Jentilbaratza-500x250.jpg 500w, https:\/\/www.ataunturismoa.eus\/wp-content\/uploads\/2023\/08\/Eskaladaguneak_Jentilbaratza-800x400.jpg 800w, https:\/\/www.ataunturismoa.eus\/wp-content\/uploads\/2023\/08\/Eskaladaguneak_Jentilbaratza.jpg 1200w\" sizes=\"auto, (max-width: 1024px) 100vw, 1024px\" \/><\/figure>\n\n\n\n<h3 class=\"wp-block-heading\"><br>Fitxa t\u00e8cnica<\/h3>\n\n\n\n<p><strong>Tipus de roca:<\/strong> Calc\u00e0ria<br><strong>Tipus d&#8217;equipament:<\/strong> Qu\u00edmics i parabolts<br><strong>Nombre de vies: <\/strong>118<br><strong>Altura m\u00e0xima i m\u00ednima<\/strong>: 20 &#8211; 100 m<br><strong>Dificultat m\u00e0xima i m\u00ednima:<\/strong> III+ \/ 8a<br><strong>Descens: <\/strong>Despengis, r\u00e0pel i a peu.<br><strong>Orientaci\u00f3: <\/strong>Sud, Aquest<br><strong>Coordenades<\/strong> UTM 30N ETRS89 X: 567691 I: 4761306<br><strong>Observacions:<\/strong> La proximitat de la pedrera no afecta a la bellesa de la zona. Es poden escalar vies de llarg recorregut.<\/p>\n\n\n\n<p>Prop de la coneguda paret de Jentilbaratza, sobre l&#8217;antiga pedrera, es troba una petita escola anomenada \u201ckantera\u201d. En aquest lloc trobar\u00e0s els llargs m\u00e9s senzills.<\/p>\n\n\n\n<figure class=\"wp-block-image size-large\"><img loading=\"lazy\" decoding=\"async\" width=\"1024\" height=\"512\" src=\"https:\/\/www.ataunturismoa.eus\/wp-content\/uploads\/2023\/08\/Eskaladaguneak_Jentilbaratza_Kantera-1024x512.jpg\" alt=\"\" class=\"wp-image-3772\" srcset=\"https:\/\/www.ataunturismoa.eus\/wp-content\/uploads\/2023\/08\/Eskaladaguneak_Jentilbaratza_Kantera-1024x512.jpg 1024w, https:\/\/www.ataunturismoa.eus\/wp-content\/uploads\/2023\/08\/Eskaladaguneak_Jentilbaratza_Kantera-300x150.jpg 300w, https:\/\/www.ataunturismoa.eus\/wp-content\/uploads\/2023\/08\/Eskaladaguneak_Jentilbaratza_Kantera-768x384.jpg 768w, https:\/\/www.ataunturismoa.eus\/wp-content\/uploads\/2023\/08\/Eskaladaguneak_Jentilbaratza_Kantera-500x250.jpg 500w, https:\/\/www.ataunturismoa.eus\/wp-content\/uploads\/2023\/08\/Eskaladaguneak_Jentilbaratza_Kantera-800x400.jpg 800w, https:\/\/www.ataunturismoa.eus\/wp-content\/uploads\/2023\/08\/Eskaladaguneak_Jentilbaratza_Kantera.jpg 1200w\" sizes=\"auto, (max-width: 1024px) 100vw, 1024px\" \/><\/figure>\n\n\n\n<p>Una altra opci\u00f3 seria escalar l&#8217;aresta de Jentilbaratza. Aquesta \u00e9s una aresta atractiva amb una dificultat m\u00e0xima en V grau, sens dubte una de les m\u00e9s conegudes d&#8217;Euskal Herria.<\/p>\n","protected":false},"excerpt":{"rendered":"<p>En Ataun trobar\u00e0s bones roques per a practicar aquest esport, per\u00f2 amb la finalitat de protegir la fauna i la vegetaci\u00f3 d&#8217;aquestes penyes, algunes zones d&#8217;escalada estan actualment tancades. En les parets de Sarastarri, per exemple, queda prohibida l&#8217;escalada, fins i tot en la vora del Dom d&#8217;Ataun, excepte en la zona de l&#8217;Escola d&#8217;Escalada [&hellip;]<\/p>\n","protected":false},"author":5,"featured_media":0,"parent":0,"menu_order":0,"comment_status":"closed","ping_status":"closed","template":"page-templates\/page-rigth-aisialdia.php","meta":{"footnotes":""},"class_list":["post-5175","page","type-page","status-publish","hentry"],"acf":[],"yoast_head":"<!-- This site is optimized with the Yoast SEO plugin v27.5 - https:\/\/yoast.com\/product\/yoast-seo-wordpress\/ -->\n<title>Escalada - Ataun Turismoa<\/title>\n<meta name=\"robots\" content=\"index, follow, max-snippet:-1, max-image-preview:large, max-video-preview:-1\" \/>\n<link rel=\"canonical\" href=\"https:\/\/www.ataunturismoa.eus\/ca\/escalada\/\" \/>\n<meta property=\"og:locale\" content=\"ca_ES\" \/>\n<meta property=\"og:type\" content=\"article\" \/>\n<meta property=\"og:title\" content=\"Escalada - Ataun Turismoa\" \/>\n<meta property=\"og:description\" content=\"En Ataun trobar\u00e0s bones roques per a practicar aquest esport, per\u00f2 amb la finalitat de protegir la fauna i la vegetaci\u00f3 d&#8217;aquestes penyes, algunes zones d&#8217;escalada estan actualment tancades. En les parets de Sarastarri, per exemple, queda prohibida l&#8217;escalada, fins i tot en la vora del Dom d&#8217;Ataun, excepte en la zona de l&#8217;Escola d&#8217;Escalada [&hellip;]\" \/>\n<meta property=\"og:url\" content=\"https:\/\/www.ataunturismoa.eus\/ca\/escalada\/\" \/>\n<meta property=\"og:site_name\" content=\"Ataun Turismoa\" \/>\n<meta property=\"article:modified_time\" content=\"2024-01-04T11:08:35+00:00\" \/>\n<meta property=\"og:image\" content=\"https:\/\/www.ataunturismoa.eus\/wp-content\/uploads\/2023\/08\/Eskaladaguneak_Jentilbaratza-1024x512.jpg\" \/>\n<meta name=\"twitter:card\" content=\"summary_large_image\" \/>\n<meta name=\"twitter:label1\" content=\"Temps estimat de lectura\" \/>\n\t<meta name=\"twitter:data1\" content=\"2 minuts\" \/>\n<script type=\"application\/ld+json\" class=\"yoast-schema-graph\">{\"@context\":\"https:\\\/\\\/schema.org\",\"@graph\":[{\"@type\":\"WebPage\",\"@id\":\"https:\\\/\\\/www.ataunturismoa.eus\\\/ca\\\/escalada\\\/\",\"url\":\"https:\\\/\\\/www.ataunturismoa.eus\\\/ca\\\/escalada\\\/\",\"name\":\"Escalada - Ataun Turismoa\",\"isPartOf\":{\"@id\":\"https:\\\/\\\/www.ataunturismoa.eus\\\/eu\\\/#website\"},\"primaryImageOfPage\":{\"@id\":\"https:\\\/\\\/www.ataunturismoa.eus\\\/ca\\\/escalada\\\/#primaryimage\"},\"image\":{\"@id\":\"https:\\\/\\\/www.ataunturismoa.eus\\\/ca\\\/escalada\\\/#primaryimage\"},\"thumbnailUrl\":\"https:\\\/\\\/www.ataunturismoa.eus\\\/wp-content\\\/uploads\\\/2023\\\/08\\\/Eskaladaguneak_Jentilbaratza-1024x512.jpg\",\"datePublished\":\"2024-01-04T11:08:34+00:00\",\"dateModified\":\"2024-01-04T11:08:35+00:00\",\"breadcrumb\":{\"@id\":\"https:\\\/\\\/www.ataunturismoa.eus\\\/ca\\\/escalada\\\/#breadcrumb\"},\"inLanguage\":\"ca\",\"potentialAction\":[{\"@type\":\"ReadAction\",\"target\":[\"https:\\\/\\\/www.ataunturismoa.eus\\\/ca\\\/escalada\\\/\"]}]},{\"@type\":\"ImageObject\",\"inLanguage\":\"ca\",\"@id\":\"https:\\\/\\\/www.ataunturismoa.eus\\\/ca\\\/escalada\\\/#primaryimage\",\"url\":\"https:\\\/\\\/www.ataunturismoa.eus\\\/wp-content\\\/uploads\\\/2023\\\/08\\\/Eskaladaguneak_Jentilbaratza-1024x512.jpg\",\"contentUrl\":\"https:\\\/\\\/www.ataunturismoa.eus\\\/wp-content\\\/uploads\\\/2023\\\/08\\\/Eskaladaguneak_Jentilbaratza-1024x512.jpg\"},{\"@type\":\"BreadcrumbList\",\"@id\":\"https:\\\/\\\/www.ataunturismoa.eus\\\/ca\\\/escalada\\\/#breadcrumb\",\"itemListElement\":[{\"@type\":\"ListItem\",\"position\":1,\"name\":\"Inicio\",\"item\":\"https:\\\/\\\/www.ataunturismoa.eus\\\/ca\\\/\"},{\"@type\":\"ListItem\",\"position\":2,\"name\":\"Escalada\"}]},{\"@type\":\"WebSite\",\"@id\":\"https:\\\/\\\/www.ataunturismoa.eus\\\/eu\\\/#website\",\"url\":\"https:\\\/\\\/www.ataunturismoa.eus\\\/eu\\\/\",\"name\":\"Ataun Turismoa\",\"description\":\"\",\"potentialAction\":[{\"@type\":\"SearchAction\",\"target\":{\"@type\":\"EntryPoint\",\"urlTemplate\":\"https:\\\/\\\/www.ataunturismoa.eus\\\/eu\\\/?s={search_term_string}\"},\"query-input\":{\"@type\":\"PropertyValueSpecification\",\"valueRequired\":true,\"valueName\":\"search_term_string\"}}],\"inLanguage\":\"ca\"}]}<\/script>\n<!-- \/ Yoast SEO plugin. -->","yoast_head_json":{"title":"Escalada - Ataun Turismoa","robots":{"index":"index","follow":"follow","max-snippet":"max-snippet:-1","max-image-preview":"max-image-preview:large","max-video-preview":"max-video-preview:-1"},"canonical":"https:\/\/www.ataunturismoa.eus\/ca\/escalada\/","og_locale":"ca_ES","og_type":"article","og_title":"Escalada - Ataun Turismoa","og_description":"En Ataun trobar\u00e0s bones roques per a practicar aquest esport, per\u00f2 amb la finalitat de protegir la fauna i la vegetaci\u00f3 d&#8217;aquestes penyes, algunes zones d&#8217;escalada estan actualment tancades. En les parets de Sarastarri, per exemple, queda prohibida l&#8217;escalada, fins i tot en la vora del Dom d&#8217;Ataun, excepte en la zona de l&#8217;Escola d&#8217;Escalada [&hellip;]","og_url":"https:\/\/www.ataunturismoa.eus\/ca\/escalada\/","og_site_name":"Ataun Turismoa","article_modified_time":"2024-01-04T11:08:35+00:00","og_image":[{"url":"https:\/\/www.ataunturismoa.eus\/wp-content\/uploads\/2023\/08\/Eskaladaguneak_Jentilbaratza-1024x512.jpg","type":"","width":"","height":""}],"twitter_card":"summary_large_image","twitter_misc":{"Temps estimat de lectura":"2 minuts"},"schema":{"@context":"https:\/\/schema.org","@graph":[{"@type":"WebPage","@id":"https:\/\/www.ataunturismoa.eus\/ca\/escalada\/","url":"https:\/\/www.ataunturismoa.eus\/ca\/escalada\/","name":"Escalada - Ataun Turismoa","isPartOf":{"@id":"https:\/\/www.ataunturismoa.eus\/eu\/#website"},"primaryImageOfPage":{"@id":"https:\/\/www.ataunturismoa.eus\/ca\/escalada\/#primaryimage"},"image":{"@id":"https:\/\/www.ataunturismoa.eus\/ca\/escalada\/#primaryimage"},"thumbnailUrl":"https:\/\/www.ataunturismoa.eus\/wp-content\/uploads\/2023\/08\/Eskaladaguneak_Jentilbaratza-1024x512.jpg","datePublished":"2024-01-04T11:08:34+00:00","dateModified":"2024-01-04T11:08:35+00:00","breadcrumb":{"@id":"https:\/\/www.ataunturismoa.eus\/ca\/escalada\/#breadcrumb"},"inLanguage":"ca","potentialAction":[{"@type":"ReadAction","target":["https:\/\/www.ataunturismoa.eus\/ca\/escalada\/"]}]},{"@type":"ImageObject","inLanguage":"ca","@id":"https:\/\/www.ataunturismoa.eus\/ca\/escalada\/#primaryimage","url":"https:\/\/www.ataunturismoa.eus\/wp-content\/uploads\/2023\/08\/Eskaladaguneak_Jentilbaratza-1024x512.jpg","contentUrl":"https:\/\/www.ataunturismoa.eus\/wp-content\/uploads\/2023\/08\/Eskaladaguneak_Jentilbaratza-1024x512.jpg"},{"@type":"BreadcrumbList","@id":"https:\/\/www.ataunturismoa.eus\/ca\/escalada\/#breadcrumb","itemListElement":[{"@type":"ListItem","position":1,"name":"Inicio","item":"https:\/\/www.ataunturismoa.eus\/ca\/"},{"@type":"ListItem","position":2,"name":"Escalada"}]},{"@type":"WebSite","@id":"https:\/\/www.ataunturismoa.eus\/eu\/#website","url":"https:\/\/www.ataunturismoa.eus\/eu\/","name":"Ataun Turismoa","description":"","potentialAction":[{"@type":"SearchAction","target":{"@type":"EntryPoint","urlTemplate":"https:\/\/www.ataunturismoa.eus\/eu\/?s={search_term_string}"},"query-input":{"@type":"PropertyValueSpecification","valueRequired":true,"valueName":"search_term_string"}}],"inLanguage":"ca"}]}},"_links":{"self":[{"href":"https:\/\/www.ataunturismoa.eus\/ca\/wp-json\/wp\/v2\/pages\/5175","targetHints":{"allow":["GET"]}}],"collection":[{"href":"https:\/\/www.ataunturismoa.eus\/ca\/wp-json\/wp\/v2\/pages"}],"about":[{"href":"https:\/\/www.ataunturismoa.eus\/ca\/wp-json\/wp\/v2\/types\/page"}],"author":[{"embeddable":true,"href":"https:\/\/www.ataunturismoa.eus\/ca\/wp-json\/wp\/v2\/users\/5"}],"replies":[{"embeddable":true,"href":"https:\/\/www.ataunturismoa.eus\/ca\/wp-json\/wp\/v2\/comments?post=5175"}],"version-history":[{"count":1,"href":"https:\/\/www.ataunturismoa.eus\/ca\/wp-json\/wp\/v2\/pages\/5175\/revisions"}],"predecessor-version":[{"id":5180,"href":"https:\/\/www.ataunturismoa.eus\/ca\/wp-json\/wp\/v2\/pages\/5175\/revisions\/5180"}],"wp:attachment":[{"href":"https:\/\/www.ataunturismoa.eus\/ca\/wp-json\/wp\/v2\/media?parent=5175"}],"curies":[{"name":"wp","href":"https:\/\/api.w.org\/{rel}","templated":true}]}}