{"id":5165,"date":"2024-01-04T10:56:18","date_gmt":"2024-01-04T09:56:18","guid":{"rendered":"https:\/\/www.ataunturismoa.eus\/el-dom-dataun\/"},"modified":"2024-01-04T10:56:18","modified_gmt":"2024-01-04T09:56:18","slug":"el-dom-dataun","status":"publish","type":"page","link":"https:\/\/www.ataunturismoa.eus\/ca\/el-dom-dataun\/","title":{"rendered":"EL Dom d&#8217;ataun"},"content":{"rendered":"\n<p>El Dom d&#8217;Ataun t\u00e9 una gran referencialidad per als ataundarras. A m\u00e9s de la seva gran pres\u00e8ncia en la nostra vida quotidiana, el patrimoni immaterial relacionat amb el Dom continua viu al nostre pa\u00eds.<\/p>\n\n<p>Aquesta relaci\u00f3 es basa en les roques que formen el Dom. El Dom d&#8217;Ataun est\u00e0 declarat Lloc d&#8217;Inter\u00e8s Geol\u00f2gic per ser una estructura tan curiosa com valuosa. A trav\u00e9s dels diferents recursos que s&#8217;ofereixen, et convidem a con\u00e8ixer la creaci\u00f3 del Dom i el seu patrimoni.<\/p>\n\n<div class=\"wp-block-columns is-layout-flex wp-container-core-columns-is-layout-9d6595d7 wp-block-columns-is-layout-flex\">\n<div class=\"wp-block-column is-layout-flow wp-block-column-is-layout-flow\">\n<figure class=\"wp-block-image size-full\"><a href=\"https:\/\/youtu.be\/DKUYaUYoKYA\" target=\"_blank\" rel=\"noreferrer noopener\"><img loading=\"lazy\" decoding=\"async\" width=\"1000\" height=\"700\" src=\"https:\/\/www.ataunturismoa.eus\/wp-content\/uploads\/2023\/09\/AtaunDomoaPlay.jpg\" alt=\"\" class=\"wp-image-4511\" srcset=\"https:\/\/www.ataunturismoa.eus\/wp-content\/uploads\/2023\/09\/AtaunDomoaPlay.jpg 1000w, https:\/\/www.ataunturismoa.eus\/wp-content\/uploads\/2023\/09\/AtaunDomoaPlay-300x210.jpg 300w, https:\/\/www.ataunturismoa.eus\/wp-content\/uploads\/2023\/09\/AtaunDomoaPlay-768x538.jpg 768w, https:\/\/www.ataunturismoa.eus\/wp-content\/uploads\/2023\/09\/AtaunDomoaPlay-500x350.jpg 500w, https:\/\/www.ataunturismoa.eus\/wp-content\/uploads\/2023\/09\/AtaunDomoaPlay-800x560.jpg 800w\" sizes=\"auto, (max-width: 1000px) 100vw, 1000px\" \/><\/a><\/figure>\n<\/div>\n\n\n\n<div class=\"wp-block-column is-layout-flow wp-block-column-is-layout-flow\">\n<figure class=\"wp-block-image size-full\"><a href=\"https:\/\/www.ataunturismoa.eus\/\/wp-content\/uploads\/2023\/08\/ATAUN-Maqueta-Euskera-final.pdf\" target=\"_blank\" rel=\"noreferrer noopener\"><img loading=\"lazy\" decoding=\"async\" width=\"1000\" height=\"707\" src=\"https:\/\/www.ataunturismoa.eus\/wp-content\/uploads\/2023\/08\/Domo_port_EUS.jpg\" alt=\"\" class=\"wp-image-4022\" srcset=\"https:\/\/www.ataunturismoa.eus\/wp-content\/uploads\/2023\/08\/Domo_port_EUS.jpg 1000w, https:\/\/www.ataunturismoa.eus\/wp-content\/uploads\/2023\/08\/Domo_port_EUS-300x212.jpg 300w, https:\/\/www.ataunturismoa.eus\/wp-content\/uploads\/2023\/08\/Domo_port_EUS-768x543.jpg 768w, https:\/\/www.ataunturismoa.eus\/wp-content\/uploads\/2023\/08\/Domo_port_EUS-500x354.jpg 500w, https:\/\/www.ataunturismoa.eus\/wp-content\/uploads\/2023\/08\/Domo_port_EUS-800x566.jpg 800w\" sizes=\"auto, (max-width: 1000px) 100vw, 1000px\" \/><\/a><\/figure>\n<\/div>\n<\/div>\n<p>[bs-grid type=&#8221;domo-ibilaldiak&#8221; post_parent=&#8221;0&#8243;]<\/p>\n\n<figure class=\"wp-block-image size-large\"><img loading=\"lazy\" decoding=\"async\" width=\"1024\" height=\"731\" src=\"https:\/\/www.ataunturismoa.eus\/wp-content\/uploads\/2023\/09\/mapa-denak-1024x731.jpg\" alt=\"\" class=\"wp-image-4319\" srcset=\"https:\/\/www.ataunturismoa.eus\/wp-content\/uploads\/2023\/09\/mapa-denak-1024x731.jpg 1024w, https:\/\/www.ataunturismoa.eus\/wp-content\/uploads\/2023\/09\/mapa-denak-300x214.jpg 300w, https:\/\/www.ataunturismoa.eus\/wp-content\/uploads\/2023\/09\/mapa-denak-768x548.jpg 768w, https:\/\/www.ataunturismoa.eus\/wp-content\/uploads\/2023\/09\/mapa-denak-500x357.jpg 500w, https:\/\/www.ataunturismoa.eus\/wp-content\/uploads\/2023\/09\/mapa-denak-800x571.jpg 800w, https:\/\/www.ataunturismoa.eus\/wp-content\/uploads\/2023\/09\/mapa-denak.jpg 1200w\" sizes=\"auto, (max-width: 1024px) 100vw, 1024px\" \/><\/figure>\n\n<div class=\"wp-block-group\"><div class=\"wp-block-group__inner-container is-layout-constrained wp-block-group-is-layout-constrained\">\n<div class=\"wp-block-columns is-layout-flex wp-container-core-columns-is-layout-9d6595d7 wp-block-columns-is-layout-flex\">\n<div class=\"wp-block-column is-layout-flow wp-block-column-is-layout-flow\">\n<figure class=\"wp-block-image size-full\"><img loading=\"lazy\" decoding=\"async\" width=\"400\" height=\"400\" src=\"https:\/\/www.ataunturismoa.eus\/wp-content\/uploads\/2023\/09\/1-ataun.jpg\" alt=\"\" class=\"wp-image-4352\" srcset=\"https:\/\/www.ataunturismoa.eus\/wp-content\/uploads\/2023\/09\/1-ataun.jpg 400w, https:\/\/www.ataunturismoa.eus\/wp-content\/uploads\/2023\/09\/1-ataun-300x300.jpg 300w, https:\/\/www.ataunturismoa.eus\/wp-content\/uploads\/2023\/09\/1-ataun-150x150.jpg 150w\" sizes=\"auto, (max-width: 400px) 100vw, 400px\" \/><\/figure>\n<\/div>\n\n\n\n<div class=\"wp-block-column is-layout-flow wp-block-column-is-layout-flow\">\n<figure class=\"wp-block-image size-full\"><img loading=\"lazy\" decoding=\"async\" width=\"400\" height=\"400\" src=\"https:\/\/www.ataunturismoa.eus\/wp-content\/uploads\/2023\/09\/2-naturtzaindia.jpg\" alt=\"\" class=\"wp-image-4358\" srcset=\"https:\/\/www.ataunturismoa.eus\/wp-content\/uploads\/2023\/09\/2-naturtzaindia.jpg 400w, https:\/\/www.ataunturismoa.eus\/wp-content\/uploads\/2023\/09\/2-naturtzaindia-300x300.jpg 300w, https:\/\/www.ataunturismoa.eus\/wp-content\/uploads\/2023\/09\/2-naturtzaindia-150x150.jpg 150w\" sizes=\"auto, (max-width: 400px) 100vw, 400px\" \/><\/figure>\n<\/div>\n\n\n\n<div class=\"wp-block-column is-layout-flow wp-block-column-is-layout-flow\">\n<figure class=\"wp-block-image size-full\"><img loading=\"lazy\" decoding=\"async\" width=\"400\" height=\"400\" src=\"https:\/\/www.ataunturismoa.eus\/wp-content\/uploads\/2023\/09\/3-EHU.jpg\" alt=\"\" class=\"wp-image-4363\" srcset=\"https:\/\/www.ataunturismoa.eus\/wp-content\/uploads\/2023\/09\/3-EHU.jpg 400w, https:\/\/www.ataunturismoa.eus\/wp-content\/uploads\/2023\/09\/3-EHU-300x300.jpg 300w, https:\/\/www.ataunturismoa.eus\/wp-content\/uploads\/2023\/09\/3-EHU-150x150.jpg 150w\" sizes=\"auto, (max-width: 400px) 100vw, 400px\" \/><\/figure>\n<\/div>\n\n\n\n<div class=\"wp-block-column is-layout-flow wp-block-column-is-layout-flow\">\n<figure class=\"wp-block-image size-full\"><img loading=\"lazy\" decoding=\"async\" width=\"400\" height=\"400\" src=\"https:\/\/www.ataunturismoa.eus\/wp-content\/uploads\/2023\/09\/4-udalsarea.jpg\" alt=\"\" class=\"wp-image-4368\" srcset=\"https:\/\/www.ataunturismoa.eus\/wp-content\/uploads\/2023\/09\/4-udalsarea.jpg 400w, https:\/\/www.ataunturismoa.eus\/wp-content\/uploads\/2023\/09\/4-udalsarea-300x300.jpg 300w, https:\/\/www.ataunturismoa.eus\/wp-content\/uploads\/2023\/09\/4-udalsarea-150x150.jpg 150w\" sizes=\"auto, (max-width: 400px) 100vw, 400px\" \/><\/figure>\n<\/div>\n\n\n\n<div class=\"wp-block-column is-layout-flow wp-block-column-is-layout-flow\">\n<figure class=\"wp-block-image size-full\"><img loading=\"lazy\" decoding=\"async\" width=\"400\" height=\"400\" src=\"https:\/\/www.ataunturismoa.eus\/wp-content\/uploads\/2023\/09\/5-ej.jpg\" alt=\"\" class=\"wp-image-4373\" srcset=\"https:\/\/www.ataunturismoa.eus\/wp-content\/uploads\/2023\/09\/5-ej.jpg 400w, https:\/\/www.ataunturismoa.eus\/wp-content\/uploads\/2023\/09\/5-ej-300x300.jpg 300w, https:\/\/www.ataunturismoa.eus\/wp-content\/uploads\/2023\/09\/5-ej-150x150.jpg 150w\" sizes=\"auto, (max-width: 400px) 100vw, 400px\" \/><\/figure>\n<\/div>\n\n\n\n<div class=\"wp-block-column is-layout-flow wp-block-column-is-layout-flow\">\n<figure class=\"wp-block-image size-full\"><img loading=\"lazy\" decoding=\"async\" width=\"400\" height=\"400\" src=\"https:\/\/www.ataunturismoa.eus\/wp-content\/uploads\/2023\/09\/5-eu.jpg\" alt=\"\" class=\"wp-image-4378\" srcset=\"https:\/\/www.ataunturismoa.eus\/wp-content\/uploads\/2023\/09\/5-eu.jpg 400w, https:\/\/www.ataunturismoa.eus\/wp-content\/uploads\/2023\/09\/5-eu-300x300.jpg 300w, https:\/\/www.ataunturismoa.eus\/wp-content\/uploads\/2023\/09\/5-eu-150x150.jpg 150w\" sizes=\"auto, (max-width: 400px) 100vw, 400px\" \/><\/figure>\n<\/div>\n<\/div>\n<\/div><\/div>\n","protected":false},"excerpt":{"rendered":"<p>El Dom d&#8217;Ataun t\u00e9 una gran referencialidad per als ataundarras. A m\u00e9s de la seva gran pres\u00e8ncia en la nostra vida quotidiana, el patrimoni immaterial relacionat amb el Dom continua viu al nostre pa\u00eds. Aquesta relaci\u00f3 es basa en les roques que formen el Dom. El Dom d&#8217;Ataun est\u00e0 declarat Lloc d&#8217;Inter\u00e8s Geol\u00f2gic per ser [&hellip;]<\/p>\n","protected":false},"author":5,"featured_media":0,"parent":0,"menu_order":0,"comment_status":"closed","ping_status":"closed","template":"page-templates\/page-rigth-domoa.php","meta":{"footnotes":""},"class_list":["post-5165","page","type-page","status-publish","hentry"],"acf":[],"yoast_head":"<!-- This site is optimized with the Yoast SEO plugin v27.5 - https:\/\/yoast.com\/product\/yoast-seo-wordpress\/ -->\n<title>EL Dom d&#039;ataun - Ataun Turismoa<\/title>\n<meta name=\"robots\" content=\"index, follow, max-snippet:-1, max-image-preview:large, max-video-preview:-1\" \/>\n<link rel=\"canonical\" href=\"https:\/\/www.ataunturismoa.eus\/ca\/el-dom-dataun\/\" \/>\n<meta property=\"og:locale\" content=\"ca_ES\" \/>\n<meta property=\"og:type\" content=\"article\" \/>\n<meta property=\"og:title\" content=\"EL Dom d&#039;ataun - Ataun Turismoa\" \/>\n<meta property=\"og:description\" content=\"El Dom d&#8217;Ataun t\u00e9 una gran referencialidad per als ataundarras. A m\u00e9s de la seva gran pres\u00e8ncia en la nostra vida quotidiana, el patrimoni immaterial relacionat amb el Dom continua viu al nostre pa\u00eds. Aquesta relaci\u00f3 es basa en les roques que formen el Dom. El Dom d&#8217;Ataun est\u00e0 declarat Lloc d&#8217;Inter\u00e8s Geol\u00f2gic per ser [&hellip;]\" \/>\n<meta property=\"og:url\" content=\"https:\/\/www.ataunturismoa.eus\/ca\/el-dom-dataun\/\" \/>\n<meta property=\"og:site_name\" content=\"Ataun Turismoa\" \/>\n<meta property=\"og:image\" content=\"https:\/\/www.ataunturismoa.eus\/wp-content\/uploads\/2023\/09\/AtaunDomoaPlay.jpg\" \/>\n<meta name=\"twitter:card\" content=\"summary_large_image\" \/>\n<script type=\"application\/ld+json\" class=\"yoast-schema-graph\">{\"@context\":\"https:\\\/\\\/schema.org\",\"@graph\":[{\"@type\":\"WebPage\",\"@id\":\"https:\\\/\\\/www.ataunturismoa.eus\\\/ca\\\/el-dom-dataun\\\/\",\"url\":\"https:\\\/\\\/www.ataunturismoa.eus\\\/ca\\\/el-dom-dataun\\\/\",\"name\":\"EL Dom d'ataun - Ataun Turismoa\",\"isPartOf\":{\"@id\":\"https:\\\/\\\/www.ataunturismoa.eus\\\/eu\\\/#website\"},\"primaryImageOfPage\":{\"@id\":\"https:\\\/\\\/www.ataunturismoa.eus\\\/ca\\\/el-dom-dataun\\\/#primaryimage\"},\"image\":{\"@id\":\"https:\\\/\\\/www.ataunturismoa.eus\\\/ca\\\/el-dom-dataun\\\/#primaryimage\"},\"thumbnailUrl\":\"https:\\\/\\\/www.ataunturismoa.eus\\\/wp-content\\\/uploads\\\/2023\\\/09\\\/AtaunDomoaPlay.jpg\",\"datePublished\":\"2024-01-04T09:56:18+00:00\",\"breadcrumb\":{\"@id\":\"https:\\\/\\\/www.ataunturismoa.eus\\\/ca\\\/el-dom-dataun\\\/#breadcrumb\"},\"inLanguage\":\"ca\",\"potentialAction\":[{\"@type\":\"ReadAction\",\"target\":[\"https:\\\/\\\/www.ataunturismoa.eus\\\/ca\\\/el-dom-dataun\\\/\"]}]},{\"@type\":\"ImageObject\",\"inLanguage\":\"ca\",\"@id\":\"https:\\\/\\\/www.ataunturismoa.eus\\\/ca\\\/el-dom-dataun\\\/#primaryimage\",\"url\":\"https:\\\/\\\/www.ataunturismoa.eus\\\/wp-content\\\/uploads\\\/2023\\\/09\\\/AtaunDomoaPlay.jpg\",\"contentUrl\":\"https:\\\/\\\/www.ataunturismoa.eus\\\/wp-content\\\/uploads\\\/2023\\\/09\\\/AtaunDomoaPlay.jpg\"},{\"@type\":\"BreadcrumbList\",\"@id\":\"https:\\\/\\\/www.ataunturismoa.eus\\\/ca\\\/el-dom-dataun\\\/#breadcrumb\",\"itemListElement\":[{\"@type\":\"ListItem\",\"position\":1,\"name\":\"Inicio\",\"item\":\"https:\\\/\\\/www.ataunturismoa.eus\\\/ca\\\/\"},{\"@type\":\"ListItem\",\"position\":2,\"name\":\"EL Dom d&#8217;ataun\"}]},{\"@type\":\"WebSite\",\"@id\":\"https:\\\/\\\/www.ataunturismoa.eus\\\/eu\\\/#website\",\"url\":\"https:\\\/\\\/www.ataunturismoa.eus\\\/eu\\\/\",\"name\":\"Ataun Turismoa\",\"description\":\"\",\"potentialAction\":[{\"@type\":\"SearchAction\",\"target\":{\"@type\":\"EntryPoint\",\"urlTemplate\":\"https:\\\/\\\/www.ataunturismoa.eus\\\/eu\\\/?s={search_term_string}\"},\"query-input\":{\"@type\":\"PropertyValueSpecification\",\"valueRequired\":true,\"valueName\":\"search_term_string\"}}],\"inLanguage\":\"ca\"}]}<\/script>\n<!-- \/ Yoast SEO plugin. -->","yoast_head_json":{"title":"EL Dom d'ataun - Ataun Turismoa","robots":{"index":"index","follow":"follow","max-snippet":"max-snippet:-1","max-image-preview":"max-image-preview:large","max-video-preview":"max-video-preview:-1"},"canonical":"https:\/\/www.ataunturismoa.eus\/ca\/el-dom-dataun\/","og_locale":"ca_ES","og_type":"article","og_title":"EL Dom d'ataun - Ataun Turismoa","og_description":"El Dom d&#8217;Ataun t\u00e9 una gran referencialidad per als ataundarras. A m\u00e9s de la seva gran pres\u00e8ncia en la nostra vida quotidiana, el patrimoni immaterial relacionat amb el Dom continua viu al nostre pa\u00eds. Aquesta relaci\u00f3 es basa en les roques que formen el Dom. El Dom d&#8217;Ataun est\u00e0 declarat Lloc d&#8217;Inter\u00e8s Geol\u00f2gic per ser [&hellip;]","og_url":"https:\/\/www.ataunturismoa.eus\/ca\/el-dom-dataun\/","og_site_name":"Ataun Turismoa","og_image":[{"url":"https:\/\/www.ataunturismoa.eus\/wp-content\/uploads\/2023\/09\/AtaunDomoaPlay.jpg","type":"","width":"","height":""}],"twitter_card":"summary_large_image","schema":{"@context":"https:\/\/schema.org","@graph":[{"@type":"WebPage","@id":"https:\/\/www.ataunturismoa.eus\/ca\/el-dom-dataun\/","url":"https:\/\/www.ataunturismoa.eus\/ca\/el-dom-dataun\/","name":"EL Dom d'ataun - Ataun Turismoa","isPartOf":{"@id":"https:\/\/www.ataunturismoa.eus\/eu\/#website"},"primaryImageOfPage":{"@id":"https:\/\/www.ataunturismoa.eus\/ca\/el-dom-dataun\/#primaryimage"},"image":{"@id":"https:\/\/www.ataunturismoa.eus\/ca\/el-dom-dataun\/#primaryimage"},"thumbnailUrl":"https:\/\/www.ataunturismoa.eus\/wp-content\/uploads\/2023\/09\/AtaunDomoaPlay.jpg","datePublished":"2024-01-04T09:56:18+00:00","breadcrumb":{"@id":"https:\/\/www.ataunturismoa.eus\/ca\/el-dom-dataun\/#breadcrumb"},"inLanguage":"ca","potentialAction":[{"@type":"ReadAction","target":["https:\/\/www.ataunturismoa.eus\/ca\/el-dom-dataun\/"]}]},{"@type":"ImageObject","inLanguage":"ca","@id":"https:\/\/www.ataunturismoa.eus\/ca\/el-dom-dataun\/#primaryimage","url":"https:\/\/www.ataunturismoa.eus\/wp-content\/uploads\/2023\/09\/AtaunDomoaPlay.jpg","contentUrl":"https:\/\/www.ataunturismoa.eus\/wp-content\/uploads\/2023\/09\/AtaunDomoaPlay.jpg"},{"@type":"BreadcrumbList","@id":"https:\/\/www.ataunturismoa.eus\/ca\/el-dom-dataun\/#breadcrumb","itemListElement":[{"@type":"ListItem","position":1,"name":"Inicio","item":"https:\/\/www.ataunturismoa.eus\/ca\/"},{"@type":"ListItem","position":2,"name":"EL Dom d&#8217;ataun"}]},{"@type":"WebSite","@id":"https:\/\/www.ataunturismoa.eus\/eu\/#website","url":"https:\/\/www.ataunturismoa.eus\/eu\/","name":"Ataun Turismoa","description":"","potentialAction":[{"@type":"SearchAction","target":{"@type":"EntryPoint","urlTemplate":"https:\/\/www.ataunturismoa.eus\/eu\/?s={search_term_string}"},"query-input":{"@type":"PropertyValueSpecification","valueRequired":true,"valueName":"search_term_string"}}],"inLanguage":"ca"}]}},"_links":{"self":[{"href":"https:\/\/www.ataunturismoa.eus\/ca\/wp-json\/wp\/v2\/pages\/5165","targetHints":{"allow":["GET"]}}],"collection":[{"href":"https:\/\/www.ataunturismoa.eus\/ca\/wp-json\/wp\/v2\/pages"}],"about":[{"href":"https:\/\/www.ataunturismoa.eus\/ca\/wp-json\/wp\/v2\/types\/page"}],"author":[{"embeddable":true,"href":"https:\/\/www.ataunturismoa.eus\/ca\/wp-json\/wp\/v2\/users\/5"}],"replies":[{"embeddable":true,"href":"https:\/\/www.ataunturismoa.eus\/ca\/wp-json\/wp\/v2\/comments?post=5165"}],"version-history":[{"count":1,"href":"https:\/\/www.ataunturismoa.eus\/ca\/wp-json\/wp\/v2\/pages\/5165\/revisions"}],"predecessor-version":[{"id":5166,"href":"https:\/\/www.ataunturismoa.eus\/ca\/wp-json\/wp\/v2\/pages\/5165\/revisions\/5166"}],"wp:attachment":[{"href":"https:\/\/www.ataunturismoa.eus\/ca\/wp-json\/wp\/v2\/media?parent=5165"}],"curies":[{"name":"wp","href":"https:\/\/api.w.org\/{rel}","templated":true}]}}