{"id":5153,"date":"2024-01-03T10:05:58","date_gmt":"2024-01-03T09:05:58","guid":{"rendered":"https:\/\/www.ataunturismoa.eus\/inici\/"},"modified":"2024-01-06T10:38:25","modified_gmt":"2024-01-06T09:38:25","slug":"inici","status":"publish","type":"page","link":"https:\/\/www.ataunturismoa.eus\/ca\/","title":{"rendered":"inici"},"content":{"rendered":"\n<div class=\"wp-block-group container homemorea\"><div class=\"wp-block-group__inner-container is-layout-constrained wp-block-group-is-layout-constrained\">\n<div class=\"wp-block-columns ezgap is-layout-flex wp-container-core-columns-is-layout-9d6595d7 wp-block-columns-is-layout-flex\">\n<div class=\"wp-block-column borderright is-layout-flow wp-block-column-is-layout-flow\">\n<p class=\"has-text-align-center\"><a class=\"btn btn-home\" href=\"https:\/\/www.ataunturismoa.eus\/ca\/rutes\/\">Lleure en la natura<\/a><\/p>\n<\/div>\n\n\n\n<div class=\"wp-block-column borderright is-layout-flow wp-block-column-is-layout-flow\">\n<p class=\"has-text-align-center\"><a class=\"btn btn-home\" href=\"https:\/\/www.ataunturismoa.eus\/ca\/actes-principals\/\">Que veure<\/a><\/p>\n<\/div>\n\n\n\n<div class=\"wp-block-column borderright is-layout-flow wp-block-column-is-layout-flow\">\n<p class=\"has-text-align-center\"><a class=\"btn btn-home\" href=\"https:\/\/www.ataunturismoa.eus\/ca\/serveis\/menjar\/\">Menjar<\/a><\/p>\n<\/div>\n\n\n\n<div class=\"wp-block-column is-layout-flow wp-block-column-is-layout-flow\">\n<p class=\"has-text-align-center\"> <a class=\"btn btn-home\" href=\"https:\/\/www.ataunturismoa.eus\/ca\/serveis\/__trashed\/\"><i class=\"fas fa-bed\"><\/i> Dormir<\/a><\/p>\n<\/div>\n<\/div>\n<\/div><\/div>\n\n\n\n<div class=\"wp-block-group zabalaLaranja\"><div class=\"wp-block-group__inner-container is-layout-constrained wp-block-group-is-layout-constrained\">\n<h2 class=\"wp-block-heading\">SOM PASSAT, SOM PRESENT.<\/h2>\n\n\n\n<h3 class=\"wp-block-heading\">SOM PATRIMONI. CUIDEMOSLO, CUIDEMONOS.<\/h3>\n<\/div><\/div>\n\n\n\n<div class=\"wp-block-group backLaranja\"><div class=\"wp-block-group__inner-container is-layout-constrained wp-block-group-is-layout-constrained\">\n<div class=\"wp-block-group container\"><div class=\"wp-block-group__inner-container is-layout-constrained wp-block-group-is-layout-constrained\">\n<div class=\"wp-block-columns is-layout-flex wp-container-core-columns-is-layout-9d6595d7 wp-block-columns-is-layout-flex\">\n<div class=\"wp-block-column is-layout-flow wp-block-column-is-layout-flow\">\n<figure class=\"wp-block-image size-full  zabaleraOsoa\"><a href=\"https:\/\/www.ataunturismoa.eus\/eu\/ondarea\/ataungo-organoa\/ataungo-organoa-barrokoa-sarrera\/\"><img loading=\"lazy\" decoding=\"async\" width=\"315\" height=\"186\" src=\"https:\/\/www.ataunturismoa.eus\/wp-content\/uploads\/2023\/03\/g302.png\" alt=\"\" class=\"wp-image-2699\" srcset=\"https:\/\/www.ataunturismoa.eus\/wp-content\/uploads\/2023\/03\/g302.png 315w, https:\/\/www.ataunturismoa.eus\/wp-content\/uploads\/2023\/03\/g302-300x177.png 300w\" sizes=\"auto, (max-width: 315px) 100vw, 315px\" \/><\/a><\/figure>\n<\/div>\n\n\n\n<div class=\"wp-block-column is-layout-flow wp-block-column-is-layout-flow\">\n<h2 class=\"wp-block-heading\">\u00d2RGAN BARROC<\/h2>\n\n\n\n<h3 class=\"wp-block-heading\">D&#8217;ATAUN<\/h3>\n\n\n\n<p>Res m\u00e9s entrar a l&#8217;esgl\u00e9sia de Sant Mart\u00ed, la bellesa de l&#8217;\u00f2rgan \u00e9s inevitable.<\/p>\n\n\n\n<p>L&#8217;instrument, situat en el cor de l&#8217;esgl\u00e9sia, \u00e9s d&#8217;estil barroc i dins d&#8217;aquest estil, de tipus ib\u00e8ric. En tota Guip\u00fascoa existeixen set \u00f2rgans d&#8217;aquest tipus, dels quals el d&#8217;Ataun \u00e9s un dels m\u00e9s importants, un magn\u00edfic exemple del moment sonor m\u00e9s elevat de l&#8217;\u00e8poca.<\/p>\n\n\n\n<p>Des de 1761, cada diumenge (amb pauses curtes) ha omplert amb el seu so l&#8217;esgl\u00e9sia de Sant Mart\u00ed. I ja s\u00f3n m\u00e9s de 260 anys!<\/p>\n<\/div>\n<\/div>\n\n\n\n<div class=\"wp-block-buttons is-content-justification-center is-layout-flex wp-container-core-buttons-is-layout-16018d1d wp-block-buttons-is-layout-flex\">\n<div class=\"wp-block-button btnLaranja\"><a class=\"wp-block-button__link wp-element-button\" href=\"https:\/\/www.ataunturismoa.eus\/eu\/ondarea\/ataungo-organoa\/ataungo-organoa-barrokoa-sarrera\/\">+ info<\/a><\/div>\n<\/div>\n\n\n\n<div style=\"height:48px\" aria-hidden=\"true\" class=\"wp-block-spacer\"><\/div>\n<\/div><\/div>\n<\/div><\/div>\n\n\n\n<div class=\"wp-block-group zabalaBerdea\"><div class=\"wp-block-group__inner-container is-layout-constrained wp-block-group-is-layout-constrained\">\n<h2 class=\"wp-block-heading\">MEDI AMBIENT<\/h2>\n<\/div><\/div>\n\n\n\n<div class=\"wp-block-group domoahome container\"><div class=\"wp-block-group__inner-container is-layout-constrained wp-block-group-is-layout-constrained\">\n<div class=\"wp-block-columns domoColums is-layout-flex wp-container-core-columns-is-layout-9d6595d7 wp-block-columns-is-layout-flex\">\n<div class=\"wp-block-column is-layout-flow wp-block-column-is-layout-flow\" style=\"flex-basis:60%\">\n<figure class=\"wp-block-image size-large zabaleraOsoa\"><a href=\"https:\/\/www.ataunturismoa.eus\/ca\/el-dom-dataun\/\"><img loading=\"lazy\" decoding=\"async\" width=\"1024\" height=\"724\" src=\"https:\/\/www.ataunturismoa.eus\/wp-content\/uploads\/2023\/09\/Domoaren-Marrazkia-1024x724.jpg\" alt=\"\" class=\"wp-image-4503\" srcset=\"https:\/\/www.ataunturismoa.eus\/wp-content\/uploads\/2023\/09\/Domoaren-Marrazkia-1024x724.jpg 1024w, https:\/\/www.ataunturismoa.eus\/wp-content\/uploads\/2023\/09\/Domoaren-Marrazkia-300x212.jpg 300w, https:\/\/www.ataunturismoa.eus\/wp-content\/uploads\/2023\/09\/Domoaren-Marrazkia-768x543.jpg 768w, https:\/\/www.ataunturismoa.eus\/wp-content\/uploads\/2023\/09\/Domoaren-Marrazkia-500x353.jpg 500w, https:\/\/www.ataunturismoa.eus\/wp-content\/uploads\/2023\/09\/Domoaren-Marrazkia-800x565.jpg 800w, https:\/\/www.ataunturismoa.eus\/wp-content\/uploads\/2023\/09\/Domoaren-Marrazkia.jpg 1200w\" sizes=\"auto, (max-width: 1024px) 100vw, 1024px\" \/><\/a><\/figure>\n<\/div>\n\n\n\n<div class=\"wp-block-column is-layout-flow wp-block-column-is-layout-flow\" style=\"flex-basis:40%\">\n<p>El Dom d&#8217;Ataun t\u00e9 una gran referencialidad per als ataundarrak. A m\u00e9s de la seva gran pres\u00e8ncia en la nostra vida quotidiana, el patrimoni immaterial relacionat amb el Dom continua viu en la nostra localitat.<\/p>\n\n\n\n<p>Aquesta relaci\u00f3 es basa en les roques que formen el Dom. El Dom d&#8217;Ataun est\u00e0 declarat Lloc d&#8217;Inter\u00e8s Geol\u00f2gic per ser una estructura tan curiosa com valuosa. A trav\u00e9s dels diferents recursos que s&#8217;ofereixen en aquest apartat, et convidem a con\u00e8ixer la formaci\u00f3 del Dom i el seu patrimoni.<\/p>\n<\/div>\n<\/div>\n<\/div><\/div>\n\n\n\n<div class=\"wp-block-group zabalaMorea\"><div class=\"wp-block-group__inner-container is-layout-constrained wp-block-group-is-layout-constrained\">\n<h2 class=\"wp-block-heading\">ATAUN \u00c9S VIDA<span>, esdeveniments<\/span><\/h2>\n<\/div><\/div>\n\n\n\n<div class=\"wp-block-group container backmorea\"><div class=\"wp-block-group__inner-container is-layout-constrained wp-block-group-is-layout-constrained\">\n<p>S\u00f3n nombroses les activitats culturals i esportives que al llarg de l&#8217;any organitzen les associacions d&#8217;Ataun amb la col\u00b7laboraci\u00f3 de l&#8217;ajuntament. A l&#8217;agenda d&#8217;Ataun t&#8217;assabentar\u00e0s dels pr\u00f2xims esdeveniments. Aquesta \u00e9s la llista d&#8217; accions que es repeteixen cada any o cada dos anys:<\/p>\n\n\n\n<div class=\"wp-block-buttons is-content-justification-center is-layout-flex wp-container-core-buttons-is-layout-16018d1d wp-block-buttons-is-layout-flex\">\n<div class=\"wp-block-button btnMorea\"><a class=\"wp-block-button__link wp-element-button\" href=\"https:\/\/www.ataunturismoa.eus\/ca\/actes-principals\/\">+ info<\/a><\/div>\n<\/div>\n<\/div><\/div>\n\n\n\n<p><\/p>\n","protected":false},"excerpt":{"rendered":"<p>Lleure en la natura Que veure Menjar Dormir SOM PASSAT, SOM PRESENT. SOM PATRIMONI. CUIDEMOSLO, CUIDEMONOS. \u00d2RGAN BARROC D&#8217;ATAUN Res m\u00e9s entrar a l&#8217;esgl\u00e9sia de Sant Mart\u00ed, la bellesa de l&#8217;\u00f2rgan \u00e9s inevitable. L&#8217;instrument, situat en el cor de l&#8217;esgl\u00e9sia, \u00e9s d&#8217;estil barroc i dins d&#8217;aquest estil, de tipus ib\u00e8ric. En tota Guip\u00fascoa existeixen set [&hellip;]<\/p>\n","protected":false},"author":5,"featured_media":0,"parent":0,"menu_order":0,"comment_status":"closed","ping_status":"closed","template":"page-hasiera.php","meta":{"footnotes":""},"class_list":["post-5153","page","type-page","status-publish","hentry"],"acf":[],"yoast_head":"<!-- This site is optimized with the Yoast SEO plugin v27.3 - https:\/\/yoast.com\/product\/yoast-seo-wordpress\/ -->\n<title>inici - Ataun Turismoa<\/title>\n<meta name=\"robots\" content=\"index, follow, max-snippet:-1, max-image-preview:large, max-video-preview:-1\" \/>\n<link rel=\"canonical\" href=\"https:\/\/www.ataunturismoa.eus\/ca\/\" \/>\n<meta property=\"og:locale\" content=\"ca_ES\" \/>\n<meta property=\"og:type\" content=\"article\" \/>\n<meta property=\"og:title\" content=\"inici - Ataun Turismoa\" \/>\n<meta property=\"og:description\" content=\"Lleure en la natura Que veure Menjar Dormir SOM PASSAT, SOM PRESENT. SOM PATRIMONI. CUIDEMOSLO, CUIDEMONOS. \u00d2RGAN BARROC D&#8217;ATAUN Res m\u00e9s entrar a l&#8217;esgl\u00e9sia de Sant Mart\u00ed, la bellesa de l&#8217;\u00f2rgan \u00e9s inevitable. L&#8217;instrument, situat en el cor de l&#8217;esgl\u00e9sia, \u00e9s d&#8217;estil barroc i dins d&#8217;aquest estil, de tipus ib\u00e8ric. En tota Guip\u00fascoa existeixen set [&hellip;]\" \/>\n<meta property=\"og:url\" content=\"https:\/\/www.ataunturismoa.eus\/ca\/\" \/>\n<meta property=\"og:site_name\" content=\"Ataun Turismoa\" \/>\n<meta property=\"article:modified_time\" content=\"2024-01-06T09:38:25+00:00\" \/>\n<meta property=\"og:image\" content=\"https:\/\/www.ataunturismoa.eus\/wp-content\/uploads\/2023\/03\/g302.png\" \/>\n<meta name=\"twitter:card\" content=\"summary_large_image\" \/>\n<meta name=\"twitter:label1\" content=\"Temps estimat de lectura\" \/>\n\t<meta name=\"twitter:data1\" content=\"2 minuts\" \/>\n<script type=\"application\/ld+json\" class=\"yoast-schema-graph\">{\"@context\":\"https:\\\/\\\/schema.org\",\"@graph\":[{\"@type\":\"WebPage\",\"@id\":\"https:\\\/\\\/www.ataunturismoa.eus\\\/ca\\\/\",\"url\":\"https:\\\/\\\/www.ataunturismoa.eus\\\/ca\\\/\",\"name\":\"inici - Ataun Turismoa\",\"isPartOf\":{\"@id\":\"https:\\\/\\\/www.ataunturismoa.eus\\\/eu\\\/#website\"},\"primaryImageOfPage\":{\"@id\":\"https:\\\/\\\/www.ataunturismoa.eus\\\/ca\\\/#primaryimage\"},\"image\":{\"@id\":\"https:\\\/\\\/www.ataunturismoa.eus\\\/ca\\\/#primaryimage\"},\"thumbnailUrl\":\"https:\\\/\\\/www.ataunturismoa.eus\\\/wp-content\\\/uploads\\\/2023\\\/03\\\/g302.png\",\"datePublished\":\"2024-01-03T09:05:58+00:00\",\"dateModified\":\"2024-01-06T09:38:25+00:00\",\"breadcrumb\":{\"@id\":\"https:\\\/\\\/www.ataunturismoa.eus\\\/ca\\\/#breadcrumb\"},\"inLanguage\":\"ca\",\"potentialAction\":[{\"@type\":\"ReadAction\",\"target\":[\"https:\\\/\\\/www.ataunturismoa.eus\\\/ca\\\/\"]}]},{\"@type\":\"ImageObject\",\"inLanguage\":\"ca\",\"@id\":\"https:\\\/\\\/www.ataunturismoa.eus\\\/ca\\\/#primaryimage\",\"url\":\"https:\\\/\\\/www.ataunturismoa.eus\\\/wp-content\\\/uploads\\\/2023\\\/03\\\/g302.png\",\"contentUrl\":\"https:\\\/\\\/www.ataunturismoa.eus\\\/wp-content\\\/uploads\\\/2023\\\/03\\\/g302.png\"},{\"@type\":\"BreadcrumbList\",\"@id\":\"https:\\\/\\\/www.ataunturismoa.eus\\\/ca\\\/#breadcrumb\",\"itemListElement\":[{\"@type\":\"ListItem\",\"position\":1,\"name\":\"Inicio\",\"item\":\"https:\\\/\\\/www.ataunturismoa.eus\\\/ca\\\/\"},{\"@type\":\"ListItem\",\"position\":2,\"name\":\"inici\"}]},{\"@type\":\"WebSite\",\"@id\":\"https:\\\/\\\/www.ataunturismoa.eus\\\/eu\\\/#website\",\"url\":\"https:\\\/\\\/www.ataunturismoa.eus\\\/eu\\\/\",\"name\":\"Ataun Turismoa\",\"description\":\"\",\"potentialAction\":[{\"@type\":\"SearchAction\",\"target\":{\"@type\":\"EntryPoint\",\"urlTemplate\":\"https:\\\/\\\/www.ataunturismoa.eus\\\/eu\\\/?s={search_term_string}\"},\"query-input\":{\"@type\":\"PropertyValueSpecification\",\"valueRequired\":true,\"valueName\":\"search_term_string\"}}],\"inLanguage\":\"ca\"}]}<\/script>\n<!-- \/ Yoast SEO plugin. -->","yoast_head_json":{"title":"inici - Ataun Turismoa","robots":{"index":"index","follow":"follow","max-snippet":"max-snippet:-1","max-image-preview":"max-image-preview:large","max-video-preview":"max-video-preview:-1"},"canonical":"https:\/\/www.ataunturismoa.eus\/ca\/","og_locale":"ca_ES","og_type":"article","og_title":"inici - Ataun Turismoa","og_description":"Lleure en la natura Que veure Menjar Dormir SOM PASSAT, SOM PRESENT. SOM PATRIMONI. CUIDEMOSLO, CUIDEMONOS. \u00d2RGAN BARROC D&#8217;ATAUN Res m\u00e9s entrar a l&#8217;esgl\u00e9sia de Sant Mart\u00ed, la bellesa de l&#8217;\u00f2rgan \u00e9s inevitable. L&#8217;instrument, situat en el cor de l&#8217;esgl\u00e9sia, \u00e9s d&#8217;estil barroc i dins d&#8217;aquest estil, de tipus ib\u00e8ric. En tota Guip\u00fascoa existeixen set [&hellip;]","og_url":"https:\/\/www.ataunturismoa.eus\/ca\/","og_site_name":"Ataun Turismoa","article_modified_time":"2024-01-06T09:38:25+00:00","og_image":[{"url":"https:\/\/www.ataunturismoa.eus\/wp-content\/uploads\/2023\/03\/g302.png","type":"","width":"","height":""}],"twitter_card":"summary_large_image","twitter_misc":{"Temps estimat de lectura":"2 minuts"},"schema":{"@context":"https:\/\/schema.org","@graph":[{"@type":"WebPage","@id":"https:\/\/www.ataunturismoa.eus\/ca\/","url":"https:\/\/www.ataunturismoa.eus\/ca\/","name":"inici - Ataun Turismoa","isPartOf":{"@id":"https:\/\/www.ataunturismoa.eus\/eu\/#website"},"primaryImageOfPage":{"@id":"https:\/\/www.ataunturismoa.eus\/ca\/#primaryimage"},"image":{"@id":"https:\/\/www.ataunturismoa.eus\/ca\/#primaryimage"},"thumbnailUrl":"https:\/\/www.ataunturismoa.eus\/wp-content\/uploads\/2023\/03\/g302.png","datePublished":"2024-01-03T09:05:58+00:00","dateModified":"2024-01-06T09:38:25+00:00","breadcrumb":{"@id":"https:\/\/www.ataunturismoa.eus\/ca\/#breadcrumb"},"inLanguage":"ca","potentialAction":[{"@type":"ReadAction","target":["https:\/\/www.ataunturismoa.eus\/ca\/"]}]},{"@type":"ImageObject","inLanguage":"ca","@id":"https:\/\/www.ataunturismoa.eus\/ca\/#primaryimage","url":"https:\/\/www.ataunturismoa.eus\/wp-content\/uploads\/2023\/03\/g302.png","contentUrl":"https:\/\/www.ataunturismoa.eus\/wp-content\/uploads\/2023\/03\/g302.png"},{"@type":"BreadcrumbList","@id":"https:\/\/www.ataunturismoa.eus\/ca\/#breadcrumb","itemListElement":[{"@type":"ListItem","position":1,"name":"Inicio","item":"https:\/\/www.ataunturismoa.eus\/ca\/"},{"@type":"ListItem","position":2,"name":"inici"}]},{"@type":"WebSite","@id":"https:\/\/www.ataunturismoa.eus\/eu\/#website","url":"https:\/\/www.ataunturismoa.eus\/eu\/","name":"Ataun Turismoa","description":"","potentialAction":[{"@type":"SearchAction","target":{"@type":"EntryPoint","urlTemplate":"https:\/\/www.ataunturismoa.eus\/eu\/?s={search_term_string}"},"query-input":{"@type":"PropertyValueSpecification","valueRequired":true,"valueName":"search_term_string"}}],"inLanguage":"ca"}]}},"_links":{"self":[{"href":"https:\/\/www.ataunturismoa.eus\/ca\/wp-json\/wp\/v2\/pages\/5153","targetHints":{"allow":["GET"]}}],"collection":[{"href":"https:\/\/www.ataunturismoa.eus\/ca\/wp-json\/wp\/v2\/pages"}],"about":[{"href":"https:\/\/www.ataunturismoa.eus\/ca\/wp-json\/wp\/v2\/types\/page"}],"author":[{"embeddable":true,"href":"https:\/\/www.ataunturismoa.eus\/ca\/wp-json\/wp\/v2\/users\/5"}],"replies":[{"embeddable":true,"href":"https:\/\/www.ataunturismoa.eus\/ca\/wp-json\/wp\/v2\/comments?post=5153"}],"version-history":[{"count":7,"href":"https:\/\/www.ataunturismoa.eus\/ca\/wp-json\/wp\/v2\/pages\/5153\/revisions"}],"predecessor-version":[{"id":5269,"href":"https:\/\/www.ataunturismoa.eus\/ca\/wp-json\/wp\/v2\/pages\/5153\/revisions\/5269"}],"wp:attachment":[{"href":"https:\/\/www.ataunturismoa.eus\/ca\/wp-json\/wp\/v2\/media?parent=5153"}],"curies":[{"name":"wp","href":"https:\/\/api.w.org\/{rel}","templated":true}]}}