{"id":2040,"date":"2019-12-16T14:19:36","date_gmt":"2019-12-16T13:19:36","guid":{"rendered":"https:\/\/www.ataunturismoa.eus\/patrimoni\/organ-dataun-introduccio\/"},"modified":"2020-08-07T10:27:35","modified_gmt":"2020-08-07T08:27:35","slug":"organ-dataun-introduccio","status":"publish","type":"page","link":"https:\/\/www.ataunturismoa.eus\/ca\/patrimoni\/organ-dataun-introduccio\/","title":{"rendered":"\u00d2rgan d&#8217;Ataun: Introducci\u00f3"},"content":{"rendered":"<p class=\"entradilla\">El \u00f3rgano se halla emplazado en el coro de la iglesia; es de estilo barroco y m\u00e1s concretamente, del llamado &#8220;barroco ib\u00e9rico&#8221;. En Guip\u00fazcoa s\u00f3lo hay siete \u00f3rganos de similares caracter\u00edsticas y de ellos, el de Ataun es uno de los m\u00e1s importantes, un bell\u00edsimo ejemplar del apogeo sonoro de esta \u00e9poca.<\/p>\n<div class=\"foto_izda_historica foto_izda_historica_margen_negativo\">\n<p><a title=\"Fachada del \u00f3rgano\" href=\"http:\/\/www.ataunturismoa.net\/_images\/ondare-historikoa\/sarrera-organo-01.jpg\" rel=\"lightbox[organo]\"><img loading=\"lazy\" decoding=\"async\" class=\"icono_ampliar\" src=\"http:\/\/www.ataunturismoa.net\/_images\/icon_ampliar.gif\" alt=\"\" width=\"29\" height=\"25\" \/><\/a>Fachada del \u00f3rgano<\/p>\n<p><a title=\"Fachada del \u00f3rgano\" href=\"http:\/\/www.ataunturismoa.net\/_images\/ondare-historikoa\/sarrera-organo-01.jpg\" rel=\"lightbox[organo]\"><img loading=\"lazy\" decoding=\"async\" src=\"http:\/\/www.ataunturismoa.net\/_images\/ondare-historikoa\/sarrera-organo-01-p.jpg\" alt=\"Fachada del \u00f3rgano\" width=\"193\" height=\"200\" \/><\/a><\/p>\n<\/div>\n<p>En el fondo del arca de viento hay una inscripci\u00f3n manuscrita sobre papel que dice:\u00a0<em>&#8220;este \u00f3rgano trabajo Lorenzo de Arrazola el a\u00f1o 1761 Becino de la Villa de o\u00f1ate&#8221;<\/em>. Es decir, fue construido por un ilustre organero y en la \u00e9poca m\u00e1s l\u00facida del \u00f3rgano cl\u00e1sico o barroco ib\u00e9rico. El coste comprometido de la construcci\u00f3n fue de 12.000 reales.<\/p>\n<p>Los materiales utilizados para los elementos de madera fueron el nogal, casta\u00f1o y roble y, en menor medida, el pino; para otros elementos, el esta\u00f1o (ca\u00f1er\u00eda) y el hierro forjado.<\/p>\n<div class=\"foto_dcha_historica\">\n<p><a title=\"Detalle de la caja restaurada\" href=\"http:\/\/www.ataunturismoa.net\/_images\/ondare-historikoa\/sarrera-organo-02.jpg\" rel=\"lightbox[organo]\"><img loading=\"lazy\" decoding=\"async\" class=\"icono_ampliar\" src=\"http:\/\/www.ataunturismoa.net\/_images\/icon_ampliar.gif\" alt=\"\" width=\"29\" height=\"25\" \/><\/a>Detalle de la caja restaurada<\/p>\n<p><a title=\"Detalle de la caja restaurada\" href=\"http:\/\/www.ataunturismoa.net\/_images\/ondare-historikoa\/sarrera-organo-02.jpg\" rel=\"lightbox[organo]\"><img loading=\"lazy\" decoding=\"async\" src=\"http:\/\/www.ataunturismoa.net\/_images\/ondare-historikoa\/sarrera-organo-02-p.jpg\" alt=\"Detalle de la caja restaurada\" width=\"193\" height=\"200\" \/><\/a><\/p>\n<\/div>\n<p>En el a\u00f1o 1992 el maestro restaurador Jose Maria Arrizabalaga tuvo ocasi\u00f3n de verificar el estado que presentaba el \u00f3rgano. En general, pudo comprobar que se hab\u00eda conservado en buenas condiciones (siendo de destacar el buen estado de la estructura de madera) y que ello se deb\u00eda, sobre todo, a la inherente y excelente calidad del propio \u00f3rgano. Sin embargo, todo eso no fue \u00f3bice para constatar la necesidad de restaurarlo (porque el transcurso del tiempo hab\u00eda dejado su inexorable huella) y con ese prop\u00f3sito, desmontaron este grandioso instrumento pieza por pieza y lo trasladaron hasta el taller que el citado experto tiene en Catalu\u00f1a (en la iglesia s\u00f3lo dejaron la caja vac\u00eda y el asiento del organista).<\/p>\n<p>Finalizadas las tareas de restauraci\u00f3n, el 11 de noviembre de 1996, festividad de San Mart\u00edn, se celebr\u00f3 en la iglesia un concierto (dentro del programa del XVII Festival Bach) que sirvi\u00f3 para que todos los amantes de este instrumento volvieran a escuchar c\u00f3mo las notas flu\u00edan de sus entra\u00f1as y sal\u00edan el exterior trasformadas en m\u00fasica.<\/p>\n","protected":false},"excerpt":{"rendered":"<p>El \u00f3rgano se halla emplazado en el coro de la iglesia; es de estilo barroco y m\u00e1s concretamente, del llamado &#8220;barroco ib\u00e9rico&#8221;. En Guip\u00fazcoa s\u00f3lo hay siete \u00f3rganos de similares caracter\u00edsticas y de ellos, el de Ataun es uno de los m\u00e1s importantes, un bell\u00edsimo ejemplar del apogeo sonoro de esta \u00e9poca. Fachada del \u00f3rgano [&hellip;]<\/p>\n","protected":false},"author":4,"featured_media":0,"parent":2005,"menu_order":0,"comment_status":"closed","ping_status":"closed","template":"page-templates\/page-rigth.php","meta":{"footnotes":""},"class_list":["post-2040","page","type-page","status-publish","hentry"],"acf":[],"yoast_head":"<!-- This site is optimized with the Yoast SEO plugin v27.5 - https:\/\/yoast.com\/product\/yoast-seo-wordpress\/ -->\n<title>\u00d2rgan d&#039;Ataun: Introducci\u00f3 - Ataun Turismoa<\/title>\n<meta name=\"robots\" content=\"index, follow, max-snippet:-1, max-image-preview:large, max-video-preview:-1\" \/>\n<link rel=\"canonical\" href=\"https:\/\/www.ataunturismoa.eus\/ca\/patrimoni\/organ-dataun-introduccio\/\" \/>\n<meta property=\"og:locale\" content=\"ca_ES\" \/>\n<meta property=\"og:type\" content=\"article\" \/>\n<meta property=\"og:title\" content=\"\u00d2rgan d&#039;Ataun: Introducci\u00f3 - Ataun Turismoa\" \/>\n<meta property=\"og:description\" content=\"El \u00f3rgano se halla emplazado en el coro de la iglesia; es de estilo barroco y m\u00e1s concretamente, del llamado &#8220;barroco ib\u00e9rico&#8221;. En Guip\u00fazcoa s\u00f3lo hay siete \u00f3rganos de similares caracter\u00edsticas y de ellos, el de Ataun es uno de los m\u00e1s importantes, un bell\u00edsimo ejemplar del apogeo sonoro de esta \u00e9poca. Fachada del \u00f3rgano [&hellip;]\" \/>\n<meta property=\"og:url\" content=\"https:\/\/www.ataunturismoa.eus\/ca\/patrimoni\/organ-dataun-introduccio\/\" \/>\n<meta property=\"og:site_name\" content=\"Ataun Turismoa\" \/>\n<meta property=\"article:modified_time\" content=\"2020-08-07T08:27:35+00:00\" \/>\n<meta property=\"og:image\" content=\"http:\/\/www.ataunturismoa.net\/_images\/icon_ampliar.gif\" \/>\n<meta name=\"twitter:card\" content=\"summary_large_image\" \/>\n<meta name=\"twitter:label1\" content=\"Temps estimat de lectura\" \/>\n\t<meta name=\"twitter:data1\" content=\"2 minuts\" \/>\n<script type=\"application\/ld+json\" class=\"yoast-schema-graph\">{\"@context\":\"https:\\\/\\\/schema.org\",\"@graph\":[{\"@type\":\"WebPage\",\"@id\":\"https:\\\/\\\/www.ataunturismoa.eus\\\/ca\\\/patrimoni\\\/organ-dataun-introduccio\\\/\",\"url\":\"https:\\\/\\\/www.ataunturismoa.eus\\\/ca\\\/patrimoni\\\/organ-dataun-introduccio\\\/\",\"name\":\"\u00d2rgan d'Ataun: Introducci\u00f3 - Ataun Turismoa\",\"isPartOf\":{\"@id\":\"https:\\\/\\\/www.ataunturismoa.eus\\\/eu\\\/#website\"},\"primaryImageOfPage\":{\"@id\":\"https:\\\/\\\/www.ataunturismoa.eus\\\/ca\\\/patrimoni\\\/organ-dataun-introduccio\\\/#primaryimage\"},\"image\":{\"@id\":\"https:\\\/\\\/www.ataunturismoa.eus\\\/ca\\\/patrimoni\\\/organ-dataun-introduccio\\\/#primaryimage\"},\"thumbnailUrl\":\"http:\\\/\\\/www.ataunturismoa.net\\\/_images\\\/icon_ampliar.gif\",\"datePublished\":\"2019-12-16T13:19:36+00:00\",\"dateModified\":\"2020-08-07T08:27:35+00:00\",\"breadcrumb\":{\"@id\":\"https:\\\/\\\/www.ataunturismoa.eus\\\/ca\\\/patrimoni\\\/organ-dataun-introduccio\\\/#breadcrumb\"},\"inLanguage\":\"ca\",\"potentialAction\":[{\"@type\":\"ReadAction\",\"target\":[\"https:\\\/\\\/www.ataunturismoa.eus\\\/ca\\\/patrimoni\\\/organ-dataun-introduccio\\\/\"]}]},{\"@type\":\"ImageObject\",\"inLanguage\":\"ca\",\"@id\":\"https:\\\/\\\/www.ataunturismoa.eus\\\/ca\\\/patrimoni\\\/organ-dataun-introduccio\\\/#primaryimage\",\"url\":\"http:\\\/\\\/www.ataunturismoa.net\\\/_images\\\/icon_ampliar.gif\",\"contentUrl\":\"http:\\\/\\\/www.ataunturismoa.net\\\/_images\\\/icon_ampliar.gif\"},{\"@type\":\"BreadcrumbList\",\"@id\":\"https:\\\/\\\/www.ataunturismoa.eus\\\/ca\\\/patrimoni\\\/organ-dataun-introduccio\\\/#breadcrumb\",\"itemListElement\":[{\"@type\":\"ListItem\",\"position\":1,\"name\":\"Inicio\",\"item\":\"https:\\\/\\\/www.ataunturismoa.eus\\\/ca\\\/\"},{\"@type\":\"ListItem\",\"position\":2,\"name\":\"Patrimoni hist\u00f2ric\",\"item\":\"https:\\\/\\\/www.ataunturismoa.eus\\\/ca\\\/patrimoni\\\/\"},{\"@type\":\"ListItem\",\"position\":3,\"name\":\"\u00d2rgan d&#8217;Ataun: Introducci\u00f3\"}]},{\"@type\":\"WebSite\",\"@id\":\"https:\\\/\\\/www.ataunturismoa.eus\\\/eu\\\/#website\",\"url\":\"https:\\\/\\\/www.ataunturismoa.eus\\\/eu\\\/\",\"name\":\"Ataun Turismoa\",\"description\":\"\",\"potentialAction\":[{\"@type\":\"SearchAction\",\"target\":{\"@type\":\"EntryPoint\",\"urlTemplate\":\"https:\\\/\\\/www.ataunturismoa.eus\\\/eu\\\/?s={search_term_string}\"},\"query-input\":{\"@type\":\"PropertyValueSpecification\",\"valueRequired\":true,\"valueName\":\"search_term_string\"}}],\"inLanguage\":\"ca\"}]}<\/script>\n<!-- \/ Yoast SEO plugin. -->","yoast_head_json":{"title":"\u00d2rgan d'Ataun: Introducci\u00f3 - Ataun Turismoa","robots":{"index":"index","follow":"follow","max-snippet":"max-snippet:-1","max-image-preview":"max-image-preview:large","max-video-preview":"max-video-preview:-1"},"canonical":"https:\/\/www.ataunturismoa.eus\/ca\/patrimoni\/organ-dataun-introduccio\/","og_locale":"ca_ES","og_type":"article","og_title":"\u00d2rgan d'Ataun: Introducci\u00f3 - Ataun Turismoa","og_description":"El \u00f3rgano se halla emplazado en el coro de la iglesia; es de estilo barroco y m\u00e1s concretamente, del llamado &#8220;barroco ib\u00e9rico&#8221;. En Guip\u00fazcoa s\u00f3lo hay siete \u00f3rganos de similares caracter\u00edsticas y de ellos, el de Ataun es uno de los m\u00e1s importantes, un bell\u00edsimo ejemplar del apogeo sonoro de esta \u00e9poca. Fachada del \u00f3rgano [&hellip;]","og_url":"https:\/\/www.ataunturismoa.eus\/ca\/patrimoni\/organ-dataun-introduccio\/","og_site_name":"Ataun Turismoa","article_modified_time":"2020-08-07T08:27:35+00:00","og_image":[{"url":"http:\/\/www.ataunturismoa.net\/_images\/icon_ampliar.gif","type":"","width":"","height":""}],"twitter_card":"summary_large_image","twitter_misc":{"Temps estimat de lectura":"2 minuts"},"schema":{"@context":"https:\/\/schema.org","@graph":[{"@type":"WebPage","@id":"https:\/\/www.ataunturismoa.eus\/ca\/patrimoni\/organ-dataun-introduccio\/","url":"https:\/\/www.ataunturismoa.eus\/ca\/patrimoni\/organ-dataun-introduccio\/","name":"\u00d2rgan d'Ataun: Introducci\u00f3 - Ataun Turismoa","isPartOf":{"@id":"https:\/\/www.ataunturismoa.eus\/eu\/#website"},"primaryImageOfPage":{"@id":"https:\/\/www.ataunturismoa.eus\/ca\/patrimoni\/organ-dataun-introduccio\/#primaryimage"},"image":{"@id":"https:\/\/www.ataunturismoa.eus\/ca\/patrimoni\/organ-dataun-introduccio\/#primaryimage"},"thumbnailUrl":"http:\/\/www.ataunturismoa.net\/_images\/icon_ampliar.gif","datePublished":"2019-12-16T13:19:36+00:00","dateModified":"2020-08-07T08:27:35+00:00","breadcrumb":{"@id":"https:\/\/www.ataunturismoa.eus\/ca\/patrimoni\/organ-dataun-introduccio\/#breadcrumb"},"inLanguage":"ca","potentialAction":[{"@type":"ReadAction","target":["https:\/\/www.ataunturismoa.eus\/ca\/patrimoni\/organ-dataun-introduccio\/"]}]},{"@type":"ImageObject","inLanguage":"ca","@id":"https:\/\/www.ataunturismoa.eus\/ca\/patrimoni\/organ-dataun-introduccio\/#primaryimage","url":"http:\/\/www.ataunturismoa.net\/_images\/icon_ampliar.gif","contentUrl":"http:\/\/www.ataunturismoa.net\/_images\/icon_ampliar.gif"},{"@type":"BreadcrumbList","@id":"https:\/\/www.ataunturismoa.eus\/ca\/patrimoni\/organ-dataun-introduccio\/#breadcrumb","itemListElement":[{"@type":"ListItem","position":1,"name":"Inicio","item":"https:\/\/www.ataunturismoa.eus\/ca\/"},{"@type":"ListItem","position":2,"name":"Patrimoni hist\u00f2ric","item":"https:\/\/www.ataunturismoa.eus\/ca\/patrimoni\/"},{"@type":"ListItem","position":3,"name":"\u00d2rgan d&#8217;Ataun: Introducci\u00f3"}]},{"@type":"WebSite","@id":"https:\/\/www.ataunturismoa.eus\/eu\/#website","url":"https:\/\/www.ataunturismoa.eus\/eu\/","name":"Ataun Turismoa","description":"","potentialAction":[{"@type":"SearchAction","target":{"@type":"EntryPoint","urlTemplate":"https:\/\/www.ataunturismoa.eus\/eu\/?s={search_term_string}"},"query-input":{"@type":"PropertyValueSpecification","valueRequired":true,"valueName":"search_term_string"}}],"inLanguage":"ca"}]}},"_links":{"self":[{"href":"https:\/\/www.ataunturismoa.eus\/ca\/wp-json\/wp\/v2\/pages\/2040","targetHints":{"allow":["GET"]}}],"collection":[{"href":"https:\/\/www.ataunturismoa.eus\/ca\/wp-json\/wp\/v2\/pages"}],"about":[{"href":"https:\/\/www.ataunturismoa.eus\/ca\/wp-json\/wp\/v2\/types\/page"}],"author":[{"embeddable":true,"href":"https:\/\/www.ataunturismoa.eus\/ca\/wp-json\/wp\/v2\/users\/4"}],"replies":[{"embeddable":true,"href":"https:\/\/www.ataunturismoa.eus\/ca\/wp-json\/wp\/v2\/comments?post=2040"}],"version-history":[{"count":1,"href":"https:\/\/www.ataunturismoa.eus\/ca\/wp-json\/wp\/v2\/pages\/2040\/revisions"}],"predecessor-version":[{"id":2545,"href":"https:\/\/www.ataunturismoa.eus\/ca\/wp-json\/wp\/v2\/pages\/2040\/revisions\/2545"}],"up":[{"embeddable":true,"href":"https:\/\/www.ataunturismoa.eus\/ca\/wp-json\/wp\/v2\/pages\/2005"}],"wp:attachment":[{"href":"https:\/\/www.ataunturismoa.eus\/ca\/wp-json\/wp\/v2\/media?parent=2040"}],"curies":[{"name":"wp","href":"https:\/\/api.w.org\/{rel}","templated":true}]}}