{"id":2039,"date":"2019-12-16T14:18:03","date_gmt":"2019-12-16T13:18:03","guid":{"rendered":"https:\/\/www.ataunturismoa.eus\/patrimoni\/organ-dataun-descripcio\/"},"modified":"2020-08-07T10:26:17","modified_gmt":"2020-08-07T08:26:17","slug":"organ-dataun-descripcio","status":"publish","type":"page","link":"https:\/\/www.ataunturismoa.eus\/ca\/patrimoni\/organ-dataun-descripcio\/","title":{"rendered":"\u00d2rgan d&#8217;Ataun: Descripci\u00f3"},"content":{"rendered":"<p class=\"entradilla\">El \u00f3rgano ejerce un gran poder de atracci\u00f3n sobre todo aquel que entra en la iglesia y lo ejerce, adem\u00e1s, sin demora, de manera inmediata e inevitable. Y es que la\u00a0<strong>caja<\/strong>, como elemento m\u00e1s visible y perceptible, destaca por su decoraci\u00f3n y la gran elegancia de su conjunto. Es obra de los maestros Juan Antonio de Maiz y Joaqu\u00edn Antonio Barasategui, que trabajaron &#8220;conforme a la traza dispuesta por el organero&#8221;.<\/p>\n<div class=\"foto_dcha_historica\">\n<p><a title=\"Caja restaurada\" href=\"http:\/\/www.ataunturismoa.net\/_images\/ondare-historikoa\/deskribapena-organo-01.jpg\" rel=\"lightbox[organo]\"><img loading=\"lazy\" decoding=\"async\" class=\"icono_ampliar\" src=\"http:\/\/www.ataunturismoa.net\/_images\/icon_ampliar.gif\" alt=\"\" width=\"29\" height=\"25\" \/><\/a>Caja restaurada<\/p>\n<p><a title=\"Caja restaurada\" href=\"http:\/\/www.ataunturismoa.net\/_images\/ondare-historikoa\/deskribapena-organo-01.jpg\" rel=\"lightbox[organo]\"><img loading=\"lazy\" decoding=\"async\" src=\"http:\/\/www.ataunturismoa.net\/_images\/ondare-historikoa\/deskribapena-organo-01-p.jpg\" alt=\"Caja restaurada\" width=\"193\" height=\"200\" \/><\/a><\/p>\n<\/div>\n<p>La fachada est\u00e1 formada por tres alturas bien definidas:<\/p>\n<ol>\n<li>En el\u00a0<strong>basamento<\/strong>\u00a0est\u00e1 la ventana del teclado flanqueada por los tiradores de los registros. A Ambos lados se hallan las puertas de acceso al interior del \u00f3rgano que dan directamente a la fueller\u00eda. La caja del \u00f3rgano propiamente dicha es m\u00e1s reducida que la fachada y se corresponde con el espacio comprendido entre las puertas y la cornisa del front\u00f3n.<\/li>\n<li>Entre el basamento y el front\u00f3n se encuentra la\u00a0<strong>cara<\/strong>\u00a0del \u00f3rgano en la que se pueden apreciar hasta 81 tubos o ca\u00f1os (37 sonoros, 36 decorativos corp\u00f3reos y 8 decorativos simulados pintados) que se distribuyen de la siguiente manera:\n<ul>\n<li>En los cinco castillos en mitra se ubican los 37 tubos sonoros.<\/li>\n<li>A ambos extremos, sobre las puertas, pintadas sobre tabla hay 8 ca\u00f1os simulados o decorativos, con las bocas decoradas con cascarones de moros, tocados con turbantes y exhibiendo dentaduras importantes. Sobre estos tubos se han pintado, una a cada lado , dos cortinas de damasco rojo con sus cordones y borlas.<\/li>\n<li>Encima de las mitras peque\u00f1as hay cuatro huecos m\u00e1s en dos alturas, dos encima de cada mitra. Los dos inferiores son en ala y las dos superiores en M. Todos ellos est\u00e1 formados por sendos grupos de cuatro a\u00f1os decorativos corp\u00f3reos cada uno. El conjunto resulta muy geom\u00e9trico.<\/li>\n<\/ul>\n<\/li>\n<li>La fachada est\u00e1 remachada por un\u00a0<strong>front\u00f3n<\/strong>\u00a0circular, decorado con florones y volutas y con una ventana simulada de siete ca\u00f1os pintados en el t\u00edmpano.<\/li>\n<\/ol>\n<p>Consta, adem\u00e1s, de dos teclados: uno manual de 45 notas (C-c\u2019\u2019\u2019) de octava grave diat\u00f3nica (&#8220;octava corta&#8221;) y otro de Contras de 8 notas (C-H), diat\u00f3mico; de 35 medios registros, 15 para los Bajones y 20 para los Tiples, m\u00e1s un juego de Contras. Los tiradores son de madera de nogal con los bolinches de los pu\u00f1os de boj.<\/p>\n<div class=\"foto_izda_historica foto_izda_historica_margen_negativo\">\n<p><a title=\"Teclas del \u00f3rgano\" href=\"http:\/\/www.ataunturismoa.net\/_images\/ondare-historikoa\/deskribapena-organo-02.jpg\" rel=\"lightbox[organo]\"><img loading=\"lazy\" decoding=\"async\" class=\"icono_ampliar\" src=\"http:\/\/www.ataunturismoa.net\/_images\/icon_ampliar.gif\" alt=\"\" width=\"29\" height=\"25\" \/><\/a>Teclas del \u00f3rgano<\/p>\n<p><a title=\"Teclas del \u00f3rgano\" href=\"http:\/\/www.ataunturismoa.net\/_images\/ondare-historikoa\/deskribapena-organo-02.jpg\" rel=\"lightbox[organo]\"><img loading=\"lazy\" decoding=\"async\" src=\"http:\/\/www.ataunturismoa.net\/_images\/ondare-historikoa\/deskribapena-organo-02-p.jpg\" alt=\"Teclas del \u00f3rgano\" width=\"193\" height=\"200\" \/><\/a><\/p>\n<\/div>\n<p>En cuanto a la\u00a0<strong>ca\u00f1er\u00eda<\/strong>, son en total 1.450 tubos: 1.399 sonoros y 51 decorativos. Los materiales utilizados en su elaboraci\u00f3n han sido el esta\u00f1o y la madera de casta\u00f1o y de roble.<\/p>\n<p>El\u00a0<strong>secreto<\/strong>\u00a0es de madera de nogal, de una pieza. Los tubos est\u00e1n colocados sobre 11 tablones aconductados. El de las Contras es un secreto de 2 piezas.<\/p>\n<p>El sistema de alimentaci\u00f3n est\u00e1 constituido por dos fuelles cuneiformes o de abanico, de siete pliegues cada uno. De madera de roble y montados con piel bald\u00e9s, miden 1950 x 1040 mm. Un motor-ventilador silencioso encerrado en una cabina insonorizada alimenta los fuelles a trav\u00e9s de una v\u00e1lvula articulada. Por tanto, los fuelles pueden ser accionados manualmente o alimentados por el motor-ventilador el\u00e9ctrico.<\/p>\n","protected":false},"excerpt":{"rendered":"<p>El \u00f3rgano ejerce un gran poder de atracci\u00f3n sobre todo aquel que entra en la iglesia y lo ejerce, adem\u00e1s, sin demora, de manera inmediata e inevitable. Y es que la\u00a0caja, como elemento m\u00e1s visible y perceptible, destaca por su decoraci\u00f3n y la gran elegancia de su conjunto. Es obra de los maestros Juan Antonio [&hellip;]<\/p>\n","protected":false},"author":4,"featured_media":0,"parent":2005,"menu_order":0,"comment_status":"closed","ping_status":"closed","template":"page-templates\/page-rigth.php","meta":{"footnotes":""},"class_list":["post-2039","page","type-page","status-publish","hentry"],"acf":[],"yoast_head":"<!-- This site is optimized with the Yoast SEO plugin v27.5 - https:\/\/yoast.com\/product\/yoast-seo-wordpress\/ -->\n<title>\u00d2rgan d&#039;Ataun: Descripci\u00f3 - Ataun Turismoa<\/title>\n<meta name=\"robots\" content=\"index, follow, max-snippet:-1, max-image-preview:large, max-video-preview:-1\" \/>\n<link rel=\"canonical\" href=\"https:\/\/www.ataunturismoa.eus\/ca\/patrimoni\/organ-dataun-descripcio\/\" \/>\n<meta property=\"og:locale\" content=\"ca_ES\" \/>\n<meta property=\"og:type\" content=\"article\" \/>\n<meta property=\"og:title\" content=\"\u00d2rgan d&#039;Ataun: Descripci\u00f3 - Ataun Turismoa\" \/>\n<meta property=\"og:description\" content=\"El \u00f3rgano ejerce un gran poder de atracci\u00f3n sobre todo aquel que entra en la iglesia y lo ejerce, adem\u00e1s, sin demora, de manera inmediata e inevitable. Y es que la\u00a0caja, como elemento m\u00e1s visible y perceptible, destaca por su decoraci\u00f3n y la gran elegancia de su conjunto. Es obra de los maestros Juan Antonio [&hellip;]\" \/>\n<meta property=\"og:url\" content=\"https:\/\/www.ataunturismoa.eus\/ca\/patrimoni\/organ-dataun-descripcio\/\" \/>\n<meta property=\"og:site_name\" content=\"Ataun Turismoa\" \/>\n<meta property=\"article:modified_time\" content=\"2020-08-07T08:26:17+00:00\" \/>\n<meta property=\"og:image\" content=\"http:\/\/www.ataunturismoa.net\/_images\/icon_ampliar.gif\" \/>\n<meta name=\"twitter:card\" content=\"summary_large_image\" \/>\n<meta name=\"twitter:label1\" content=\"Temps estimat de lectura\" \/>\n\t<meta name=\"twitter:data1\" content=\"3 minuts\" \/>\n<script type=\"application\/ld+json\" class=\"yoast-schema-graph\">{\"@context\":\"https:\\\/\\\/schema.org\",\"@graph\":[{\"@type\":\"WebPage\",\"@id\":\"https:\\\/\\\/www.ataunturismoa.eus\\\/ca\\\/patrimoni\\\/organ-dataun-descripcio\\\/\",\"url\":\"https:\\\/\\\/www.ataunturismoa.eus\\\/ca\\\/patrimoni\\\/organ-dataun-descripcio\\\/\",\"name\":\"\u00d2rgan d'Ataun: Descripci\u00f3 - Ataun Turismoa\",\"isPartOf\":{\"@id\":\"https:\\\/\\\/www.ataunturismoa.eus\\\/eu\\\/#website\"},\"primaryImageOfPage\":{\"@id\":\"https:\\\/\\\/www.ataunturismoa.eus\\\/ca\\\/patrimoni\\\/organ-dataun-descripcio\\\/#primaryimage\"},\"image\":{\"@id\":\"https:\\\/\\\/www.ataunturismoa.eus\\\/ca\\\/patrimoni\\\/organ-dataun-descripcio\\\/#primaryimage\"},\"thumbnailUrl\":\"http:\\\/\\\/www.ataunturismoa.net\\\/_images\\\/icon_ampliar.gif\",\"datePublished\":\"2019-12-16T13:18:03+00:00\",\"dateModified\":\"2020-08-07T08:26:17+00:00\",\"breadcrumb\":{\"@id\":\"https:\\\/\\\/www.ataunturismoa.eus\\\/ca\\\/patrimoni\\\/organ-dataun-descripcio\\\/#breadcrumb\"},\"inLanguage\":\"ca\",\"potentialAction\":[{\"@type\":\"ReadAction\",\"target\":[\"https:\\\/\\\/www.ataunturismoa.eus\\\/ca\\\/patrimoni\\\/organ-dataun-descripcio\\\/\"]}]},{\"@type\":\"ImageObject\",\"inLanguage\":\"ca\",\"@id\":\"https:\\\/\\\/www.ataunturismoa.eus\\\/ca\\\/patrimoni\\\/organ-dataun-descripcio\\\/#primaryimage\",\"url\":\"http:\\\/\\\/www.ataunturismoa.net\\\/_images\\\/icon_ampliar.gif\",\"contentUrl\":\"http:\\\/\\\/www.ataunturismoa.net\\\/_images\\\/icon_ampliar.gif\"},{\"@type\":\"BreadcrumbList\",\"@id\":\"https:\\\/\\\/www.ataunturismoa.eus\\\/ca\\\/patrimoni\\\/organ-dataun-descripcio\\\/#breadcrumb\",\"itemListElement\":[{\"@type\":\"ListItem\",\"position\":1,\"name\":\"Inicio\",\"item\":\"https:\\\/\\\/www.ataunturismoa.eus\\\/ca\\\/\"},{\"@type\":\"ListItem\",\"position\":2,\"name\":\"Patrimoni hist\u00f2ric\",\"item\":\"https:\\\/\\\/www.ataunturismoa.eus\\\/ca\\\/patrimoni\\\/\"},{\"@type\":\"ListItem\",\"position\":3,\"name\":\"\u00d2rgan d&#8217;Ataun: Descripci\u00f3\"}]},{\"@type\":\"WebSite\",\"@id\":\"https:\\\/\\\/www.ataunturismoa.eus\\\/eu\\\/#website\",\"url\":\"https:\\\/\\\/www.ataunturismoa.eus\\\/eu\\\/\",\"name\":\"Ataun Turismoa\",\"description\":\"\",\"potentialAction\":[{\"@type\":\"SearchAction\",\"target\":{\"@type\":\"EntryPoint\",\"urlTemplate\":\"https:\\\/\\\/www.ataunturismoa.eus\\\/eu\\\/?s={search_term_string}\"},\"query-input\":{\"@type\":\"PropertyValueSpecification\",\"valueRequired\":true,\"valueName\":\"search_term_string\"}}],\"inLanguage\":\"ca\"}]}<\/script>\n<!-- \/ Yoast SEO plugin. -->","yoast_head_json":{"title":"\u00d2rgan d'Ataun: Descripci\u00f3 - Ataun Turismoa","robots":{"index":"index","follow":"follow","max-snippet":"max-snippet:-1","max-image-preview":"max-image-preview:large","max-video-preview":"max-video-preview:-1"},"canonical":"https:\/\/www.ataunturismoa.eus\/ca\/patrimoni\/organ-dataun-descripcio\/","og_locale":"ca_ES","og_type":"article","og_title":"\u00d2rgan d'Ataun: Descripci\u00f3 - Ataun Turismoa","og_description":"El \u00f3rgano ejerce un gran poder de atracci\u00f3n sobre todo aquel que entra en la iglesia y lo ejerce, adem\u00e1s, sin demora, de manera inmediata e inevitable. Y es que la\u00a0caja, como elemento m\u00e1s visible y perceptible, destaca por su decoraci\u00f3n y la gran elegancia de su conjunto. Es obra de los maestros Juan Antonio [&hellip;]","og_url":"https:\/\/www.ataunturismoa.eus\/ca\/patrimoni\/organ-dataun-descripcio\/","og_site_name":"Ataun Turismoa","article_modified_time":"2020-08-07T08:26:17+00:00","og_image":[{"url":"http:\/\/www.ataunturismoa.net\/_images\/icon_ampliar.gif","type":"","width":"","height":""}],"twitter_card":"summary_large_image","twitter_misc":{"Temps estimat de lectura":"3 minuts"},"schema":{"@context":"https:\/\/schema.org","@graph":[{"@type":"WebPage","@id":"https:\/\/www.ataunturismoa.eus\/ca\/patrimoni\/organ-dataun-descripcio\/","url":"https:\/\/www.ataunturismoa.eus\/ca\/patrimoni\/organ-dataun-descripcio\/","name":"\u00d2rgan d'Ataun: Descripci\u00f3 - Ataun Turismoa","isPartOf":{"@id":"https:\/\/www.ataunturismoa.eus\/eu\/#website"},"primaryImageOfPage":{"@id":"https:\/\/www.ataunturismoa.eus\/ca\/patrimoni\/organ-dataun-descripcio\/#primaryimage"},"image":{"@id":"https:\/\/www.ataunturismoa.eus\/ca\/patrimoni\/organ-dataun-descripcio\/#primaryimage"},"thumbnailUrl":"http:\/\/www.ataunturismoa.net\/_images\/icon_ampliar.gif","datePublished":"2019-12-16T13:18:03+00:00","dateModified":"2020-08-07T08:26:17+00:00","breadcrumb":{"@id":"https:\/\/www.ataunturismoa.eus\/ca\/patrimoni\/organ-dataun-descripcio\/#breadcrumb"},"inLanguage":"ca","potentialAction":[{"@type":"ReadAction","target":["https:\/\/www.ataunturismoa.eus\/ca\/patrimoni\/organ-dataun-descripcio\/"]}]},{"@type":"ImageObject","inLanguage":"ca","@id":"https:\/\/www.ataunturismoa.eus\/ca\/patrimoni\/organ-dataun-descripcio\/#primaryimage","url":"http:\/\/www.ataunturismoa.net\/_images\/icon_ampliar.gif","contentUrl":"http:\/\/www.ataunturismoa.net\/_images\/icon_ampliar.gif"},{"@type":"BreadcrumbList","@id":"https:\/\/www.ataunturismoa.eus\/ca\/patrimoni\/organ-dataun-descripcio\/#breadcrumb","itemListElement":[{"@type":"ListItem","position":1,"name":"Inicio","item":"https:\/\/www.ataunturismoa.eus\/ca\/"},{"@type":"ListItem","position":2,"name":"Patrimoni hist\u00f2ric","item":"https:\/\/www.ataunturismoa.eus\/ca\/patrimoni\/"},{"@type":"ListItem","position":3,"name":"\u00d2rgan d&#8217;Ataun: Descripci\u00f3"}]},{"@type":"WebSite","@id":"https:\/\/www.ataunturismoa.eus\/eu\/#website","url":"https:\/\/www.ataunturismoa.eus\/eu\/","name":"Ataun Turismoa","description":"","potentialAction":[{"@type":"SearchAction","target":{"@type":"EntryPoint","urlTemplate":"https:\/\/www.ataunturismoa.eus\/eu\/?s={search_term_string}"},"query-input":{"@type":"PropertyValueSpecification","valueRequired":true,"valueName":"search_term_string"}}],"inLanguage":"ca"}]}},"_links":{"self":[{"href":"https:\/\/www.ataunturismoa.eus\/ca\/wp-json\/wp\/v2\/pages\/2039","targetHints":{"allow":["GET"]}}],"collection":[{"href":"https:\/\/www.ataunturismoa.eus\/ca\/wp-json\/wp\/v2\/pages"}],"about":[{"href":"https:\/\/www.ataunturismoa.eus\/ca\/wp-json\/wp\/v2\/types\/page"}],"author":[{"embeddable":true,"href":"https:\/\/www.ataunturismoa.eus\/ca\/wp-json\/wp\/v2\/users\/4"}],"replies":[{"embeddable":true,"href":"https:\/\/www.ataunturismoa.eus\/ca\/wp-json\/wp\/v2\/comments?post=2039"}],"version-history":[{"count":1,"href":"https:\/\/www.ataunturismoa.eus\/ca\/wp-json\/wp\/v2\/pages\/2039\/revisions"}],"predecessor-version":[{"id":2541,"href":"https:\/\/www.ataunturismoa.eus\/ca\/wp-json\/wp\/v2\/pages\/2039\/revisions\/2541"}],"up":[{"embeddable":true,"href":"https:\/\/www.ataunturismoa.eus\/ca\/wp-json\/wp\/v2\/pages\/2005"}],"wp:attachment":[{"href":"https:\/\/www.ataunturismoa.eus\/ca\/wp-json\/wp\/v2\/media?parent=2039"}],"curies":[{"name":"wp","href":"https:\/\/api.w.org\/{rel}","templated":true}]}}