{"id":2037,"date":"2019-12-16T14:15:12","date_gmt":"2019-12-16T13:15:12","guid":{"rendered":"https:\/\/www.ataunturismoa.eus\/patrimoni\/organ-dataun-historia\/"},"modified":"2020-08-07T10:20:10","modified_gmt":"2020-08-07T08:20:10","slug":"organ-dataun-historia","status":"publish","type":"page","link":"https:\/\/www.ataunturismoa.eus\/ca\/patrimoni\/organ-dataun-historia\/","title":{"rendered":"\u00d2rgan d&#8217;Ataun: Hist\u00f2ria"},"content":{"rendered":"<p class=\"entradilla\">Los or\u00edgenes de este instrumento musical se remontan hasta el siglo III a.C. Geogr\u00e1ficamente, el &#8220;invento&#8221; se localiza en la ciudad de Alejandr\u00eda, que en la \u00e9poca mencionada era un importante centro de la cultura y la ciencia.<\/p>\n<div class=\"foto_dcha_historica\">\n<p><a title=\"Fuelles\" href=\"http:\/\/www.ataunturismoa.net\/_images\/ondare-historikoa\/historia-organo-01.jpg\" rel=\"lightbox[organo]\"><img loading=\"lazy\" decoding=\"async\" class=\"icono_ampliar\" src=\"http:\/\/www.ataunturismoa.net\/_images\/icon_ampliar.gif\" alt=\"\" width=\"29\" height=\"25\" \/><\/a>Fuelles<\/p>\n<p><a title=\"Fuelles\" href=\"http:\/\/www.ataunturismoa.net\/_images\/ondare-historikoa\/historia-organo-01.jpg\" rel=\"lightbox[organo]\"><img loading=\"lazy\" decoding=\"async\" src=\"http:\/\/www.ataunturismoa.net\/_images\/ondare-historikoa\/historia-organo-01-p.jpg\" alt=\"Fuelles\" width=\"193\" height=\"200\" \/><\/a><\/p>\n<\/div>\n<p>En este contexto hist\u00f3rico el griego Ctesibios cre\u00f3 el\u00a0<strong>hydraulis<\/strong>, es decir, el que se considera como el antepasado m\u00e1s lejano del \u00f3rgano. El nombre, con el que el propio autor-inventor denomin\u00f3 a su creaci\u00f3n , obedece a una caracter\u00edstica original de aquel primer \u00f3rgano: la utilizaci\u00f3n del agua como peso para comprimir el aire (hoy d\u00eda esa funci\u00f3n la desempe\u00f1an los pesos colocados sobre los tableros de los fuelles). El\u00a0<strong>hydraulis<\/strong>\u00a0pose\u00eda desde su invenci\u00f3n los elementos consustanciales a todo \u00f3rgano:<\/p>\n<ol>\n<li>Una o varias filas de tubos sonoros.<\/li>\n<li>Un secreto para almacenar el viento.<\/li>\n<li>Unos fuelles.<\/li>\n<li>Un teclado para dirigir el viento hacia uno u otro tubo.<\/li>\n<\/ol>\n<p>El invento de Ctesibios tuvo una pronta aceptaci\u00f3n y expansi\u00f3n en el mundo griego. Adem\u00e1s, en este primer momento se us\u00f3 con distintas finalidades: para amenizar los momentos de ocio, para advertir a los ciudadanos en situaciones de alerta, para transmitir mensajes&#8230;<\/p>\n<p>Roma acogi\u00f3, tambi\u00e9n con gran \u00e9xito, el invento procedente de Grecia y as\u00ed, uno de sus m\u00e1s ilustres emperadores, Ner\u00f3n, fue organista y gran admirador de este instrumento musical.<\/p>\n<p>Cuando el Imperio romano de Occidente se hunde, v\u00edctima de las invasiones b\u00e1rbaras del siglo V, arrastra en su ca\u00edda al \u00f3rgano que, en consecuencia, desaparece de la Europa Occidental; pero este instrumento musical proseguir\u00e1 su camino y se difundir\u00e1 por el Imperio de Oriente.<\/p>\n<div class=\"foto_izda_historica foto_izda_historica_margen_negativo\">\n<p><a title=\"Teclado con los tiradores\" href=\"http:\/\/www.ataunturismoa.net\/_images\/ondare-historikoa\/historia-organo-02.jpg\" rel=\"lightbox[organo]\"><img loading=\"lazy\" decoding=\"async\" class=\"icono_ampliar\" src=\"http:\/\/www.ataunturismoa.net\/_images\/icon_ampliar.gif\" alt=\"\" width=\"29\" height=\"25\" \/><\/a>Teclado con los Tiradores<\/p>\n<p><a title=\"Teclado con los tiradores\" href=\"http:\/\/www.ataunturismoa.net\/_images\/ondare-historikoa\/historia-organo-02.jpg\" rel=\"lightbox[organo]\"><img loading=\"lazy\" decoding=\"async\" src=\"http:\/\/www.ataunturismoa.net\/_images\/ondare-historikoa\/historia-organo-02-p.jpg\" alt=\"Teclado con los tiradores\" width=\"193\" height=\"200\" \/><\/a><\/p>\n<\/div>\n<p>El \u00f3rgano reaparecer\u00e1 en los reinos cristianos de Occidente hacia el siglo X de la mano de los musulmanes (en la \u00e9poca de Abd al-Rahman III, califa de C\u00f3rdoba) y tras superar el ostracismo al que hab\u00eda sido condenado por la Iglesia, su historia ir\u00e1 inevitable y naturalmente unida a la historia de \u00e9sta, a los avatares de todo tipo que determinan la historia de cada centro o lugar de culto.<\/p>\n<p>Por eso, en la actualidad, los mejores y m\u00e1s hermosos exponentes se encuentran en las iglesias, catedrales y similares. Sin embargo, tuvo que esperar aproximadamente catorce siglos antes de que fuera aceptada por la Iglesia. Hasta el siglo XI el \u00e1mbito del \u00f3rgano estaba limitado a la vida civil, ya que la Iglesia rechazaba los instrumentos musicales por el &#8220;peligroso paganismo&#8221; del que se les acusaba. A partir del siglo XI la actitud de la Iglesia con respecto al \u00f3rgano empieza a cambiar, hasta que \u00e9ste llega a convertirse en un elemento importante en el campo religioso, no s\u00f3lo como el instrumento musical preferido, sino tambi\u00e9n como un componente arquitect\u00f3nico y art\u00edstico-est\u00e9tico de la iglesia o la catedral en que se ubica.<\/p>\n<p>De este modo, se crea un nexo inherente ente \u00f3rgano-iglesia\/catedral, por lo que en muchas ocasiones, la calidad y la belleza de aqu\u00e9l sirven como par\u00e1metro de la importancia y la grandeza de \u00e9sta.<\/p>\n<p>Hoy d\u00eda el \u00f3rgano ha conseguido atraer el inter\u00e9s de los expertos y de los menos expertos o los meros aficionados. Adem\u00e1s, este inter\u00e9s trasciende el \u00e1mbito puramente religioso y se empieza a estudiarlo como una obra de arte, parte integrante del patrimonio cultural, que como tal, hay que mimarlo y cuidarlo. Desde esta perspectiva, muchos \u00f3rganos se est\u00e1n restaurando, se ahonda en su historia, se organizan conciertos&#8230; y se publican folletos como \u00e9ste para darlos a conocer.<\/p>\n","protected":false},"excerpt":{"rendered":"<p>Los or\u00edgenes de este instrumento musical se remontan hasta el siglo III a.C. Geogr\u00e1ficamente, el &#8220;invento&#8221; se localiza en la ciudad de Alejandr\u00eda, que en la \u00e9poca mencionada era un importante centro de la cultura y la ciencia. Fuelles En este contexto hist\u00f3rico el griego Ctesibios cre\u00f3 el\u00a0hydraulis, es decir, el que se considera como [&hellip;]<\/p>\n","protected":false},"author":4,"featured_media":0,"parent":2005,"menu_order":0,"comment_status":"closed","ping_status":"closed","template":"page-templates\/page-rigth.php","meta":{"footnotes":""},"class_list":["post-2037","page","type-page","status-publish","hentry"],"acf":[],"yoast_head":"<!-- This site is optimized with the Yoast SEO plugin v27.6 - https:\/\/yoast.com\/product\/yoast-seo-wordpress\/ -->\n<title>\u00d2rgan d&#039;Ataun: Hist\u00f2ria - Ataun Turismoa<\/title>\n<meta name=\"robots\" content=\"index, follow, max-snippet:-1, max-image-preview:large, max-video-preview:-1\" \/>\n<link rel=\"canonical\" href=\"https:\/\/www.ataunturismoa.eus\/ca\/patrimoni\/organ-dataun-historia\/\" \/>\n<meta property=\"og:locale\" content=\"ca_ES\" \/>\n<meta property=\"og:type\" content=\"article\" \/>\n<meta property=\"og:title\" content=\"\u00d2rgan d&#039;Ataun: Hist\u00f2ria - Ataun Turismoa\" \/>\n<meta property=\"og:description\" content=\"Los or\u00edgenes de este instrumento musical se remontan hasta el siglo III a.C. Geogr\u00e1ficamente, el &#8220;invento&#8221; se localiza en la ciudad de Alejandr\u00eda, que en la \u00e9poca mencionada era un importante centro de la cultura y la ciencia. Fuelles En este contexto hist\u00f3rico el griego Ctesibios cre\u00f3 el\u00a0hydraulis, es decir, el que se considera como [&hellip;]\" \/>\n<meta property=\"og:url\" content=\"https:\/\/www.ataunturismoa.eus\/ca\/patrimoni\/organ-dataun-historia\/\" \/>\n<meta property=\"og:site_name\" content=\"Ataun Turismoa\" \/>\n<meta property=\"article:modified_time\" content=\"2020-08-07T08:20:10+00:00\" \/>\n<meta property=\"og:image\" content=\"http:\/\/www.ataunturismoa.net\/_images\/icon_ampliar.gif\" \/>\n<meta name=\"twitter:card\" content=\"summary_large_image\" \/>\n<meta name=\"twitter:label1\" content=\"Temps estimat de lectura\" \/>\n\t<meta name=\"twitter:data1\" content=\"3 minuts\" \/>\n<script type=\"application\/ld+json\" class=\"yoast-schema-graph\">{\"@context\":\"https:\\\/\\\/schema.org\",\"@graph\":[{\"@type\":\"WebPage\",\"@id\":\"https:\\\/\\\/www.ataunturismoa.eus\\\/ca\\\/patrimoni\\\/organ-dataun-historia\\\/\",\"url\":\"https:\\\/\\\/www.ataunturismoa.eus\\\/ca\\\/patrimoni\\\/organ-dataun-historia\\\/\",\"name\":\"\u00d2rgan d'Ataun: Hist\u00f2ria - Ataun Turismoa\",\"isPartOf\":{\"@id\":\"https:\\\/\\\/www.ataunturismoa.eus\\\/eu\\\/#website\"},\"primaryImageOfPage\":{\"@id\":\"https:\\\/\\\/www.ataunturismoa.eus\\\/ca\\\/patrimoni\\\/organ-dataun-historia\\\/#primaryimage\"},\"image\":{\"@id\":\"https:\\\/\\\/www.ataunturismoa.eus\\\/ca\\\/patrimoni\\\/organ-dataun-historia\\\/#primaryimage\"},\"thumbnailUrl\":\"http:\\\/\\\/www.ataunturismoa.net\\\/_images\\\/icon_ampliar.gif\",\"datePublished\":\"2019-12-16T13:15:12+00:00\",\"dateModified\":\"2020-08-07T08:20:10+00:00\",\"breadcrumb\":{\"@id\":\"https:\\\/\\\/www.ataunturismoa.eus\\\/ca\\\/patrimoni\\\/organ-dataun-historia\\\/#breadcrumb\"},\"inLanguage\":\"ca\",\"potentialAction\":[{\"@type\":\"ReadAction\",\"target\":[\"https:\\\/\\\/www.ataunturismoa.eus\\\/ca\\\/patrimoni\\\/organ-dataun-historia\\\/\"]}]},{\"@type\":\"ImageObject\",\"inLanguage\":\"ca\",\"@id\":\"https:\\\/\\\/www.ataunturismoa.eus\\\/ca\\\/patrimoni\\\/organ-dataun-historia\\\/#primaryimage\",\"url\":\"http:\\\/\\\/www.ataunturismoa.net\\\/_images\\\/icon_ampliar.gif\",\"contentUrl\":\"http:\\\/\\\/www.ataunturismoa.net\\\/_images\\\/icon_ampliar.gif\"},{\"@type\":\"BreadcrumbList\",\"@id\":\"https:\\\/\\\/www.ataunturismoa.eus\\\/ca\\\/patrimoni\\\/organ-dataun-historia\\\/#breadcrumb\",\"itemListElement\":[{\"@type\":\"ListItem\",\"position\":1,\"name\":\"Inicio\",\"item\":\"https:\\\/\\\/www.ataunturismoa.eus\\\/ca\\\/\"},{\"@type\":\"ListItem\",\"position\":2,\"name\":\"Patrimoni hist\u00f2ric\",\"item\":\"https:\\\/\\\/www.ataunturismoa.eus\\\/ca\\\/patrimoni\\\/\"},{\"@type\":\"ListItem\",\"position\":3,\"name\":\"\u00d2rgan d&#8217;Ataun: Hist\u00f2ria\"}]},{\"@type\":\"WebSite\",\"@id\":\"https:\\\/\\\/www.ataunturismoa.eus\\\/eu\\\/#website\",\"url\":\"https:\\\/\\\/www.ataunturismoa.eus\\\/eu\\\/\",\"name\":\"Ataun Turismoa\",\"description\":\"\",\"potentialAction\":[{\"@type\":\"SearchAction\",\"target\":{\"@type\":\"EntryPoint\",\"urlTemplate\":\"https:\\\/\\\/www.ataunturismoa.eus\\\/eu\\\/?s={search_term_string}\"},\"query-input\":{\"@type\":\"PropertyValueSpecification\",\"valueRequired\":true,\"valueName\":\"search_term_string\"}}],\"inLanguage\":\"ca\"}]}<\/script>\n<!-- \/ Yoast SEO plugin. -->","yoast_head_json":{"title":"\u00d2rgan d'Ataun: Hist\u00f2ria - Ataun Turismoa","robots":{"index":"index","follow":"follow","max-snippet":"max-snippet:-1","max-image-preview":"max-image-preview:large","max-video-preview":"max-video-preview:-1"},"canonical":"https:\/\/www.ataunturismoa.eus\/ca\/patrimoni\/organ-dataun-historia\/","og_locale":"ca_ES","og_type":"article","og_title":"\u00d2rgan d'Ataun: Hist\u00f2ria - Ataun Turismoa","og_description":"Los or\u00edgenes de este instrumento musical se remontan hasta el siglo III a.C. Geogr\u00e1ficamente, el &#8220;invento&#8221; se localiza en la ciudad de Alejandr\u00eda, que en la \u00e9poca mencionada era un importante centro de la cultura y la ciencia. Fuelles En este contexto hist\u00f3rico el griego Ctesibios cre\u00f3 el\u00a0hydraulis, es decir, el que se considera como [&hellip;]","og_url":"https:\/\/www.ataunturismoa.eus\/ca\/patrimoni\/organ-dataun-historia\/","og_site_name":"Ataun Turismoa","article_modified_time":"2020-08-07T08:20:10+00:00","og_image":[{"url":"http:\/\/www.ataunturismoa.net\/_images\/icon_ampliar.gif","type":"","width":"","height":""}],"twitter_card":"summary_large_image","twitter_misc":{"Temps estimat de lectura":"3 minuts"},"schema":{"@context":"https:\/\/schema.org","@graph":[{"@type":"WebPage","@id":"https:\/\/www.ataunturismoa.eus\/ca\/patrimoni\/organ-dataun-historia\/","url":"https:\/\/www.ataunturismoa.eus\/ca\/patrimoni\/organ-dataun-historia\/","name":"\u00d2rgan d'Ataun: Hist\u00f2ria - Ataun Turismoa","isPartOf":{"@id":"https:\/\/www.ataunturismoa.eus\/eu\/#website"},"primaryImageOfPage":{"@id":"https:\/\/www.ataunturismoa.eus\/ca\/patrimoni\/organ-dataun-historia\/#primaryimage"},"image":{"@id":"https:\/\/www.ataunturismoa.eus\/ca\/patrimoni\/organ-dataun-historia\/#primaryimage"},"thumbnailUrl":"http:\/\/www.ataunturismoa.net\/_images\/icon_ampliar.gif","datePublished":"2019-12-16T13:15:12+00:00","dateModified":"2020-08-07T08:20:10+00:00","breadcrumb":{"@id":"https:\/\/www.ataunturismoa.eus\/ca\/patrimoni\/organ-dataun-historia\/#breadcrumb"},"inLanguage":"ca","potentialAction":[{"@type":"ReadAction","target":["https:\/\/www.ataunturismoa.eus\/ca\/patrimoni\/organ-dataun-historia\/"]}]},{"@type":"ImageObject","inLanguage":"ca","@id":"https:\/\/www.ataunturismoa.eus\/ca\/patrimoni\/organ-dataun-historia\/#primaryimage","url":"http:\/\/www.ataunturismoa.net\/_images\/icon_ampliar.gif","contentUrl":"http:\/\/www.ataunturismoa.net\/_images\/icon_ampliar.gif"},{"@type":"BreadcrumbList","@id":"https:\/\/www.ataunturismoa.eus\/ca\/patrimoni\/organ-dataun-historia\/#breadcrumb","itemListElement":[{"@type":"ListItem","position":1,"name":"Inicio","item":"https:\/\/www.ataunturismoa.eus\/ca\/"},{"@type":"ListItem","position":2,"name":"Patrimoni hist\u00f2ric","item":"https:\/\/www.ataunturismoa.eus\/ca\/patrimoni\/"},{"@type":"ListItem","position":3,"name":"\u00d2rgan d&#8217;Ataun: Hist\u00f2ria"}]},{"@type":"WebSite","@id":"https:\/\/www.ataunturismoa.eus\/eu\/#website","url":"https:\/\/www.ataunturismoa.eus\/eu\/","name":"Ataun Turismoa","description":"","potentialAction":[{"@type":"SearchAction","target":{"@type":"EntryPoint","urlTemplate":"https:\/\/www.ataunturismoa.eus\/eu\/?s={search_term_string}"},"query-input":{"@type":"PropertyValueSpecification","valueRequired":true,"valueName":"search_term_string"}}],"inLanguage":"ca"}]}},"_links":{"self":[{"href":"https:\/\/www.ataunturismoa.eus\/ca\/wp-json\/wp\/v2\/pages\/2037","targetHints":{"allow":["GET"]}}],"collection":[{"href":"https:\/\/www.ataunturismoa.eus\/ca\/wp-json\/wp\/v2\/pages"}],"about":[{"href":"https:\/\/www.ataunturismoa.eus\/ca\/wp-json\/wp\/v2\/types\/page"}],"author":[{"embeddable":true,"href":"https:\/\/www.ataunturismoa.eus\/ca\/wp-json\/wp\/v2\/users\/4"}],"replies":[{"embeddable":true,"href":"https:\/\/www.ataunturismoa.eus\/ca\/wp-json\/wp\/v2\/comments?post=2037"}],"version-history":[{"count":1,"href":"https:\/\/www.ataunturismoa.eus\/ca\/wp-json\/wp\/v2\/pages\/2037\/revisions"}],"predecessor-version":[{"id":2534,"href":"https:\/\/www.ataunturismoa.eus\/ca\/wp-json\/wp\/v2\/pages\/2037\/revisions\/2534"}],"up":[{"embeddable":true,"href":"https:\/\/www.ataunturismoa.eus\/ca\/wp-json\/wp\/v2\/pages\/2005"}],"wp:attachment":[{"href":"https:\/\/www.ataunturismoa.eus\/ca\/wp-json\/wp\/v2\/media?parent=2037"}],"curies":[{"name":"wp","href":"https:\/\/api.w.org\/{rel}","templated":true}]}}