{"id":2036,"date":"2019-12-16T14:13:28","date_gmt":"2019-12-16T13:13:28","guid":{"rendered":"https:\/\/www.ataunturismoa.eus\/patrimoni\/organ-dataun-concepte\/"},"modified":"2020-08-07T10:18:47","modified_gmt":"2020-08-07T08:18:47","slug":"organ-dataun-concepte","status":"publish","type":"page","link":"https:\/\/www.ataunturismoa.eus\/ca\/patrimoni\/organ-dataun-concepte\/","title":{"rendered":"\u00d2rgan d&#8217;Ataun: Concepte"},"content":{"rendered":"<p class=\"entradilla\">Cabe definirlo como un instrumento musical de viento y teclado que ha desempe\u00f1ado un importante papel en la historia de la m\u00fasica.<\/p>\n<div class=\"foto_izda_historica foto_izda_historica_margen_negativo\">\n<p><a title=\"\u00d3rgano de Ataun\" href=\"http:\/\/www.ataunturismoa.net\/_images\/ondare-historikoa\/kontzaptua-organo-01.jpg\" rel=\"lightbox[organo]\"><img loading=\"lazy\" decoding=\"async\" class=\"icono_ampliar\" src=\"http:\/\/www.ataunturismoa.net\/_images\/icon_ampliar.gif\" alt=\"\" width=\"29\" height=\"25\" \/><\/a>\u00d3rgano de Ataun<\/p>\n<p><a title=\"\u00d3rgano de Ataun\" href=\"http:\/\/www.ataunturismoa.net\/_images\/ondare-historikoa\/kontzaptua-organo-01.jpg\" rel=\"lightbox[organo]\"><img loading=\"lazy\" decoding=\"async\" src=\"http:\/\/www.ataunturismoa.net\/_images\/ondare-historikoa\/kontzaptua-organo-01-p.jpg\" alt=\"\u00d3rgano de Ataun\" width=\"193\" height=\"200\" \/><\/a><\/p>\n<\/div>\n<p>Consta de unos\u00a0<strong>tubos<\/strong>\u00a0por los que pasa el aire, que vibra, produciendo el sonido. Estos tubos se clasifican u ordenan seg\u00fan los distintos registros. Los\u00a0<strong>registros<\/strong>\u00a0son una especie de controles que sirven para seleccionar los sonidos, divididos en familias seg\u00fan su altura, timbre e intensidad.<\/p>\n<p>En la consola, junto a los registros, se encuentran las\u00a0<strong>teclas<\/strong>\u00a0y los\u00a0<strong>pedales<\/strong>, que se accionan con las manos y los pies, respectivamente. Cuando se ta\u00f1en las teclas y los pedales (teclas de los pies), el movimiento as\u00ed provocado llega hasta las\u00a0<strong>v\u00e1lvulas<\/strong>\u00a0y \u00e9stas,\u00a0 en consecuencia, se abren, permitiendo que el aire penetre en los tubos (al presionar cada tecla y pedal, el aire llegar\u00e1 a todos los tubos correspondientes a una misma nota).<\/p>\n<p>Los\u00a0<strong>fuelles<\/strong>\u00a0del \u00f3rgano proporcionan a este instrumento el flujo de aire constante y de presi\u00f3n continua que tanto necesita (ya que sin aire no puede generar sonido). Este flujo de aire, despu\u00e9s de recorrer los distintos elementos del \u00f3rgano, llega a los tubos y a trav\u00e9s de ellos al exterior, convertido en sonido.<\/p>\n","protected":false},"excerpt":{"rendered":"<p>Cabe definirlo como un instrumento musical de viento y teclado que ha desempe\u00f1ado un importante papel en la historia de la m\u00fasica. \u00d3rgano de Ataun Consta de unos\u00a0tubos\u00a0por los que pasa el aire, que vibra, produciendo el sonido. Estos tubos se clasifican u ordenan seg\u00fan los distintos registros. Los\u00a0registros\u00a0son una especie de controles que sirven [&hellip;]<\/p>\n","protected":false},"author":4,"featured_media":0,"parent":2005,"menu_order":0,"comment_status":"closed","ping_status":"closed","template":"page-templates\/page-rigth.php","meta":{"footnotes":""},"class_list":["post-2036","page","type-page","status-publish","hentry"],"acf":[],"yoast_head":"<!-- This site is optimized with the Yoast SEO plugin v27.5 - https:\/\/yoast.com\/product\/yoast-seo-wordpress\/ -->\n<title>\u00d2rgan d&#039;Ataun: Concepte - Ataun Turismoa<\/title>\n<meta name=\"robots\" content=\"index, follow, max-snippet:-1, max-image-preview:large, max-video-preview:-1\" \/>\n<link rel=\"canonical\" href=\"https:\/\/www.ataunturismoa.eus\/ca\/patrimoni\/organ-dataun-concepte\/\" \/>\n<meta property=\"og:locale\" content=\"ca_ES\" \/>\n<meta property=\"og:type\" content=\"article\" \/>\n<meta property=\"og:title\" content=\"\u00d2rgan d&#039;Ataun: Concepte - Ataun Turismoa\" \/>\n<meta property=\"og:description\" content=\"Cabe definirlo como un instrumento musical de viento y teclado que ha desempe\u00f1ado un importante papel en la historia de la m\u00fasica. \u00d3rgano de Ataun Consta de unos\u00a0tubos\u00a0por los que pasa el aire, que vibra, produciendo el sonido. Estos tubos se clasifican u ordenan seg\u00fan los distintos registros. Los\u00a0registros\u00a0son una especie de controles que sirven [&hellip;]\" \/>\n<meta property=\"og:url\" content=\"https:\/\/www.ataunturismoa.eus\/ca\/patrimoni\/organ-dataun-concepte\/\" \/>\n<meta property=\"og:site_name\" content=\"Ataun Turismoa\" \/>\n<meta property=\"article:modified_time\" content=\"2020-08-07T08:18:47+00:00\" \/>\n<meta property=\"og:image\" content=\"http:\/\/www.ataunturismoa.net\/_images\/icon_ampliar.gif\" \/>\n<meta name=\"twitter:card\" content=\"summary_large_image\" \/>\n<meta name=\"twitter:label1\" content=\"Temps estimat de lectura\" \/>\n\t<meta name=\"twitter:data1\" content=\"1 minut\" \/>\n<script type=\"application\/ld+json\" class=\"yoast-schema-graph\">{\"@context\":\"https:\\\/\\\/schema.org\",\"@graph\":[{\"@type\":\"WebPage\",\"@id\":\"https:\\\/\\\/www.ataunturismoa.eus\\\/ca\\\/patrimoni\\\/organ-dataun-concepte\\\/\",\"url\":\"https:\\\/\\\/www.ataunturismoa.eus\\\/ca\\\/patrimoni\\\/organ-dataun-concepte\\\/\",\"name\":\"\u00d2rgan d'Ataun: Concepte - Ataun Turismoa\",\"isPartOf\":{\"@id\":\"https:\\\/\\\/www.ataunturismoa.eus\\\/eu\\\/#website\"},\"primaryImageOfPage\":{\"@id\":\"https:\\\/\\\/www.ataunturismoa.eus\\\/ca\\\/patrimoni\\\/organ-dataun-concepte\\\/#primaryimage\"},\"image\":{\"@id\":\"https:\\\/\\\/www.ataunturismoa.eus\\\/ca\\\/patrimoni\\\/organ-dataun-concepte\\\/#primaryimage\"},\"thumbnailUrl\":\"http:\\\/\\\/www.ataunturismoa.net\\\/_images\\\/icon_ampliar.gif\",\"datePublished\":\"2019-12-16T13:13:28+00:00\",\"dateModified\":\"2020-08-07T08:18:47+00:00\",\"breadcrumb\":{\"@id\":\"https:\\\/\\\/www.ataunturismoa.eus\\\/ca\\\/patrimoni\\\/organ-dataun-concepte\\\/#breadcrumb\"},\"inLanguage\":\"ca\",\"potentialAction\":[{\"@type\":\"ReadAction\",\"target\":[\"https:\\\/\\\/www.ataunturismoa.eus\\\/ca\\\/patrimoni\\\/organ-dataun-concepte\\\/\"]}]},{\"@type\":\"ImageObject\",\"inLanguage\":\"ca\",\"@id\":\"https:\\\/\\\/www.ataunturismoa.eus\\\/ca\\\/patrimoni\\\/organ-dataun-concepte\\\/#primaryimage\",\"url\":\"http:\\\/\\\/www.ataunturismoa.net\\\/_images\\\/icon_ampliar.gif\",\"contentUrl\":\"http:\\\/\\\/www.ataunturismoa.net\\\/_images\\\/icon_ampliar.gif\"},{\"@type\":\"BreadcrumbList\",\"@id\":\"https:\\\/\\\/www.ataunturismoa.eus\\\/ca\\\/patrimoni\\\/organ-dataun-concepte\\\/#breadcrumb\",\"itemListElement\":[{\"@type\":\"ListItem\",\"position\":1,\"name\":\"Inicio\",\"item\":\"https:\\\/\\\/www.ataunturismoa.eus\\\/ca\\\/\"},{\"@type\":\"ListItem\",\"position\":2,\"name\":\"Patrimoni hist\u00f2ric\",\"item\":\"https:\\\/\\\/www.ataunturismoa.eus\\\/ca\\\/patrimoni\\\/\"},{\"@type\":\"ListItem\",\"position\":3,\"name\":\"\u00d2rgan d&#8217;Ataun: Concepte\"}]},{\"@type\":\"WebSite\",\"@id\":\"https:\\\/\\\/www.ataunturismoa.eus\\\/eu\\\/#website\",\"url\":\"https:\\\/\\\/www.ataunturismoa.eus\\\/eu\\\/\",\"name\":\"Ataun Turismoa\",\"description\":\"\",\"potentialAction\":[{\"@type\":\"SearchAction\",\"target\":{\"@type\":\"EntryPoint\",\"urlTemplate\":\"https:\\\/\\\/www.ataunturismoa.eus\\\/eu\\\/?s={search_term_string}\"},\"query-input\":{\"@type\":\"PropertyValueSpecification\",\"valueRequired\":true,\"valueName\":\"search_term_string\"}}],\"inLanguage\":\"ca\"}]}<\/script>\n<!-- \/ Yoast SEO plugin. -->","yoast_head_json":{"title":"\u00d2rgan d'Ataun: Concepte - Ataun Turismoa","robots":{"index":"index","follow":"follow","max-snippet":"max-snippet:-1","max-image-preview":"max-image-preview:large","max-video-preview":"max-video-preview:-1"},"canonical":"https:\/\/www.ataunturismoa.eus\/ca\/patrimoni\/organ-dataun-concepte\/","og_locale":"ca_ES","og_type":"article","og_title":"\u00d2rgan d'Ataun: Concepte - Ataun Turismoa","og_description":"Cabe definirlo como un instrumento musical de viento y teclado que ha desempe\u00f1ado un importante papel en la historia de la m\u00fasica. \u00d3rgano de Ataun Consta de unos\u00a0tubos\u00a0por los que pasa el aire, que vibra, produciendo el sonido. Estos tubos se clasifican u ordenan seg\u00fan los distintos registros. Los\u00a0registros\u00a0son una especie de controles que sirven [&hellip;]","og_url":"https:\/\/www.ataunturismoa.eus\/ca\/patrimoni\/organ-dataun-concepte\/","og_site_name":"Ataun Turismoa","article_modified_time":"2020-08-07T08:18:47+00:00","og_image":[{"url":"http:\/\/www.ataunturismoa.net\/_images\/icon_ampliar.gif","type":"","width":"","height":""}],"twitter_card":"summary_large_image","twitter_misc":{"Temps estimat de lectura":"1 minut"},"schema":{"@context":"https:\/\/schema.org","@graph":[{"@type":"WebPage","@id":"https:\/\/www.ataunturismoa.eus\/ca\/patrimoni\/organ-dataun-concepte\/","url":"https:\/\/www.ataunturismoa.eus\/ca\/patrimoni\/organ-dataun-concepte\/","name":"\u00d2rgan d'Ataun: Concepte - Ataun Turismoa","isPartOf":{"@id":"https:\/\/www.ataunturismoa.eus\/eu\/#website"},"primaryImageOfPage":{"@id":"https:\/\/www.ataunturismoa.eus\/ca\/patrimoni\/organ-dataun-concepte\/#primaryimage"},"image":{"@id":"https:\/\/www.ataunturismoa.eus\/ca\/patrimoni\/organ-dataun-concepte\/#primaryimage"},"thumbnailUrl":"http:\/\/www.ataunturismoa.net\/_images\/icon_ampliar.gif","datePublished":"2019-12-16T13:13:28+00:00","dateModified":"2020-08-07T08:18:47+00:00","breadcrumb":{"@id":"https:\/\/www.ataunturismoa.eus\/ca\/patrimoni\/organ-dataun-concepte\/#breadcrumb"},"inLanguage":"ca","potentialAction":[{"@type":"ReadAction","target":["https:\/\/www.ataunturismoa.eus\/ca\/patrimoni\/organ-dataun-concepte\/"]}]},{"@type":"ImageObject","inLanguage":"ca","@id":"https:\/\/www.ataunturismoa.eus\/ca\/patrimoni\/organ-dataun-concepte\/#primaryimage","url":"http:\/\/www.ataunturismoa.net\/_images\/icon_ampliar.gif","contentUrl":"http:\/\/www.ataunturismoa.net\/_images\/icon_ampliar.gif"},{"@type":"BreadcrumbList","@id":"https:\/\/www.ataunturismoa.eus\/ca\/patrimoni\/organ-dataun-concepte\/#breadcrumb","itemListElement":[{"@type":"ListItem","position":1,"name":"Inicio","item":"https:\/\/www.ataunturismoa.eus\/ca\/"},{"@type":"ListItem","position":2,"name":"Patrimoni hist\u00f2ric","item":"https:\/\/www.ataunturismoa.eus\/ca\/patrimoni\/"},{"@type":"ListItem","position":3,"name":"\u00d2rgan d&#8217;Ataun: Concepte"}]},{"@type":"WebSite","@id":"https:\/\/www.ataunturismoa.eus\/eu\/#website","url":"https:\/\/www.ataunturismoa.eus\/eu\/","name":"Ataun Turismoa","description":"","potentialAction":[{"@type":"SearchAction","target":{"@type":"EntryPoint","urlTemplate":"https:\/\/www.ataunturismoa.eus\/eu\/?s={search_term_string}"},"query-input":{"@type":"PropertyValueSpecification","valueRequired":true,"valueName":"search_term_string"}}],"inLanguage":"ca"}]}},"_links":{"self":[{"href":"https:\/\/www.ataunturismoa.eus\/ca\/wp-json\/wp\/v2\/pages\/2036","targetHints":{"allow":["GET"]}}],"collection":[{"href":"https:\/\/www.ataunturismoa.eus\/ca\/wp-json\/wp\/v2\/pages"}],"about":[{"href":"https:\/\/www.ataunturismoa.eus\/ca\/wp-json\/wp\/v2\/types\/page"}],"author":[{"embeddable":true,"href":"https:\/\/www.ataunturismoa.eus\/ca\/wp-json\/wp\/v2\/users\/4"}],"replies":[{"embeddable":true,"href":"https:\/\/www.ataunturismoa.eus\/ca\/wp-json\/wp\/v2\/comments?post=2036"}],"version-history":[{"count":1,"href":"https:\/\/www.ataunturismoa.eus\/ca\/wp-json\/wp\/v2\/pages\/2036\/revisions"}],"predecessor-version":[{"id":2530,"href":"https:\/\/www.ataunturismoa.eus\/ca\/wp-json\/wp\/v2\/pages\/2036\/revisions\/2530"}],"up":[{"embeddable":true,"href":"https:\/\/www.ataunturismoa.eus\/ca\/wp-json\/wp\/v2\/pages\/2005"}],"wp:attachment":[{"href":"https:\/\/www.ataunturismoa.eus\/ca\/wp-json\/wp\/v2\/media?parent=2036"}],"curies":[{"name":"wp","href":"https:\/\/api.w.org\/{rel}","templated":true}]}}